{"id":93352,"date":"2024-10-30T11:37:40","date_gmt":"2024-10-30T09:37:40","guid":{"rendered":"https:\/\/galicianparts.com\/shop\/producto\/7762302-sensor-temperatura-refrigerante-fiat-ducato-90-02-punto-lancia-delta-original\/"},"modified":"2025-06-26T14:33:41","modified_gmt":"2025-06-26T12:33:41","slug":"7762302-sensor-temperatura-refrigerante-fiat-ducato-90-02-punto-lancia-delta-original","status":"publish","type":"product","link":"https:\/\/galicianparts.com\/shop\/producto\/7762302-sensor-temperatura-refrigerante-fiat-ducato-90-02-punto-lancia-delta-original\/","title":{"rendered":"7762302 Sensor temperatura refrigerante Fiat Ducato (90-02) Punto \/Lancia Delta ORIGINAL"},"content":{"rendered":"<p>Electrov\u00e1lvula de temperatura del termostato de refrigeraci\u00f3n del motor de:<br \/>\nM\u00e9trica: 16<br \/>\nAncho de llave: 22 mm<\/p>\n<p>FIAT Croma I Hatchback (154)<br \/>\n1.9 TD i.d., A\u00f1o 11.1992 &#8211; 12.1996, 1929 ccm, 94 cv<br \/>\n1900 Turbo D i.d. (154.LL, 154.PL), A\u00f1o 08.1987 &#8211; 10.1992, 1929 ccm, 90 cv<br \/>\n2.0 16V, A\u00f1o 08.1992 &#8211; 08.1996, 1995 ccm, 137 cv<br \/>\n2.5 D, A\u00f1o 12.1985 &#8211; 12.1989, 2499 ccm, 75 cv<br \/>\n2.5 TD, A\u00f1o 12.1985 &#8211; 08.1989, 2445 ccm, 101 cv<br \/>\n2.5 TD, A\u00f1o 05.1989 &#8211; 08.1996, 2500 ccm, 115 cv<br \/>\nFIAT Ducato II Furg\u00f3n (230L)<br \/>\n1.9 D, A\u00f1o 03.1994 &#8211; 04.2002, 1929 ccm, 69 cv<br \/>\n1.9 TD, A\u00f1o 03.1994 &#8211; 04.2002, 1929 ccm, 82 cv<br \/>\n1.9 TD CAT, A\u00f1o 08.1994 &#8211; 04.2002, 1929 ccm, 80 cv<br \/>\nFIAT Punto I Hatchback (176)<br \/>\n1.1 55, A\u00f1o 09.1993 &#8211; 09.1999, 1108 ccm, 54 cv<br \/>\n1.2 60, A\u00f1o 01.1994 &#8211; 09.1999, 1242 ccm, 58 cv<br \/>\n60 1.2 (176AP, 176AR, 176AQ, 176BB), A\u00f1o 09.1993 &#8211; 09.1999, 1242 ccm, 60 cv<br \/>\n1.2 75, A\u00f1o 10.1993 &#8211; 09.1999, 1242 ccm, 73 cv<br \/>\nFIAT Ducato I (290)<br \/>\n1.9 D, A\u00f1o 07.1990 &#8211; 03.1994, 1929 ccm, 71 cv<br \/>\n1.9 TD, A\u00f1o 03.1989 &#8211; 03.1994, 1929 ccm, 82 cv<br \/>\nFIAT Ducato II (230)<br \/>\n1.9 D Combinato, A\u00f1o 06.1995 &#8211; 04.2002, 1929 ccm, 69 cv<br \/>\n1.9 TD Combinato, A\u00f1o 08.1994 &#8211; 04.2002, 1929 ccm, 80 cv<br \/>\n1.9 TD Panorama\/Combinato, A\u00f1o 03.1994 &#8211; 04.2002, 1929 ccm, 82 cv<br \/>\nFIAT Ducato I Cami\u00f3n de plataforma\/Chasis (290)<br \/>\n1.9 D, A\u00f1o 06.1990 &#8211; 05.1994, 1929 ccm, 69 cv<br \/>\n1.9 TD, A\u00f1o 03.1989 &#8211; 03.1994, 1929 ccm, 82 cv<br \/>\nFIAT Ducato I Cami\u00f3n de plataforma\/Chasis (280) (A\u00f1o 07.1982 &#8211; 08.1990)<br \/>\n1.9 TD, A\u00f1o 03.1989 &#8211; 08.1990, 1929 ccm, 82 cv<br \/>\nFIAT Talento (290)<br \/>\n1.9 D, A\u00f1o 03.1989 &#8211; 03.1994, 1929 ccm, 71 cv<\/p>\n<p>LANCIA Dedra Berlina (835)<br \/>\n1.9 TDS, A\u00f1o 04.1989 &#8211; 07.1999, 1929 ccm, 90 cv<br \/>\nLANCIA Delta I (831)<br \/>\n1.1, A\u00f1o 01.1986 &#8211; 12.1990, 1116 ccm, 64 cv<br \/>\n1.3, A\u00f1o 09.1979 &#8211; 08.1992, 1301 ccm, 75 cv<br \/>\n1.5, A\u00f1o 09.1979 &#8211; 12.1992, 1498 ccm, 86 cv<br \/>\n1.6 GT i.e., A\u00f1o 05.1987 &#8211; 08.1992, 1585 ccm, 90 cv<br \/>\n1.6 GT i.e., A\u00f1o 08.1986 &#8211; 08.1988, 1585 ccm, 109 cv<br \/>\n1.6 HF Turbo, A\u00f1o 08.1986 &#8211; 08.1988, 1585 ccm, 140 cv<br \/>\n1.6 HF Turbo, A\u00f1o 04.1987 &#8211; 03.1989, 1585 ccm, 132 cv<br \/>\n1.9 Turbo DS, A\u00f1o 10.1986 &#8211; 12.1989, 1929 ccm, 80 cv<br \/>\nLANCIA Thema Berlina (834)<br \/>\n2.5 Turbo DS, A\u00f1o 06.1988 &#8211; 05.1992, 2499 ccm, 115 cv<br \/>\nLANCIA Prisma (831)<br \/>\n1.3 (831AB), A\u00f1o 01.1983 &#8211; 12.1989, 1301 ccm, 79 cv<br \/>\n1.5 (831AB), A\u00f1o 05.1986 &#8211; 07.1989, 1498 ccm, 80 cv<br \/>\n1.6 (831AB), A\u00f1o 08.1986 &#8211; 03.1992, 1585 ccm, 99 cv<br \/>\n1.6 i.e. (831AB), A\u00f1o 05.1986 &#8211; 12.1989, 1585 ccm, 109 cv<br \/>\n1.9 Diesel (831AB), A\u00f1o 01.1983 &#8211; 03.1992, 1911 ccm, 65 cv<br \/>\n1.9 Turbo Diesel (831AB), A\u00f1o 05.1985 &#8211; 12.1989, 1928 ccm, 80 cv<br \/>\nLANCIA Y10 (156)<br \/>\n1.0 Fire, A\u00f1o 06.1985 &#8211; 06.1991, 999 ccm, 44 cv<br \/>\n1.0 Fire A las 4 ruedas (156.AD), A\u00f1o 12.1986 &#8211; 03.1989, 999 ccm, 44 cv<br \/>\n1.0 Fire Allrad, A\u00f1o 12.1987 &#8211; 03.1992, 999 ccm, 45 cv<br \/>\n1.0 Fire Catalytic-Conv (156AE), A\u00f1o 10.1987 &#8211; 03.1992, 999 ccm, 45 cv<br \/>\n1.1 Fire (156AG), A\u00f1o 01.1995 &#8211; 12.1995, 1108 ccm, 54 cv<br \/>\n1.1 Fire A las 4 ruedas (156AG), A\u00f1o 01.1995 &#8211; 12.1995, 1108 ccm, 54 cv<br \/>\n1.1 i.e Fire (156AC), A\u00f1o 08.1989 &#8211; 06.1992, 1108 ccm, 57 cv<br \/>\n1.1 i.e Fire A las 4 ruedas (156AC), A\u00f1o 08.1989 &#8211; 06.1992, 1108 ccm, 57 cv<br \/>\n1.1 i.e. Fire, A\u00f1o 07.1989 &#8211; 09.1995, 1108 ccm, 50 cv<br \/>\n1.1 i.e. Fire Allrad, A\u00f1o 09.1992 &#8211; 12.1995, 1108 ccm, 50 cv<\/p>\n<p>LA PIEZA ES NUEVA Y ORIGINAL.<\/p>\n","protected":false},"excerpt":{"rendered":"<p>Electrov\u00e1lvula de temperatura del termostato de refrigeraci\u00f3n del motor de: M\u00e9trica: 16 Ancho de llave: 22 mm FIAT Croma I Hatchback (154) 1.9 TD i.d., A\u00f1o 11.1992 &#8211; 12.1996, 1929 ccm, 94 cv 1900 Turbo D i.d. (154.LL, 154.PL), A\u00f1o 08.1987 &#8211; 10.1992, 1929 ccm, 90 cv 2.0 16V, A\u00f1o 08.1992 &#8211; 08.1996, 1995 ccm, [&hellip;]<\/p>\n","protected":false},"featured_media":93354,"template":"","meta":{"_seopress_robots_primary_cat":"","_seopress_titles_title":"","_seopress_titles_desc":"","_seopress_robots_index":""},"product_cat":[86,117,118,88,20,21,123,101,110,124,126],"product_tag":[],"class_list":{"0":"post-93352","1":"product","2":"type-product","3":"status-publish","4":"has-post-thumbnail","6":"product_cat-recambios-fiat-croma","7":"product_cat-recambios-lancia-dedra","8":"product_cat-recambios-lancia-delta","9":"product_cat-recambios-fiat-ducato","10":"product_cat-recambios-fiat","11":"product_cat-recambios-lancia","12":"product_cat-recambios-lancia-prisma","13":"product_cat-recambios-fiat-punto","14":"product_cat-recambios-fiat-talento","15":"product_cat-recambios-lancia-thema","16":"product_cat-recambios-lancia-y10","18":"first","19":"instock","20":"taxable","21":"shipping-taxable","22":"purchasable","23":"product-type-simple"},"_links":{"self":[{"href":"https:\/\/galicianparts.com\/shop\/wp-json\/wp\/v2\/product\/93352"}],"collection":[{"href":"https:\/\/galicianparts.com\/shop\/wp-json\/wp\/v2\/product"}],"about":[{"href":"https:\/\/galicianparts.com\/shop\/wp-json\/wp\/v2\/types\/product"}],"wp:featuredmedia":[{"embeddable":true,"href":"https:\/\/galicianparts.com\/shop\/wp-json\/wp\/v2\/media\/93354"}],"wp:attachment":[{"href":"https:\/\/galicianparts.com\/shop\/wp-json\/wp\/v2\/media?parent=93352"}],"wp:term":[{"taxonomy":"product_cat","embeddable":true,"href":"https:\/\/galicianparts.com\/shop\/wp-json\/wp\/v2\/product_cat?post=93352"},{"taxonomy":"product_tag","embeddable":true,"href":"https:\/\/galicianparts.com\/shop\/wp-json\/wp\/v2\/product_tag?post=93352"}],"curies":[{"name":"wp","href":"https:\/\/api.w.org\/{rel}","templated":true}]}}