{"id":93403,"date":"2024-10-30T13:41:52","date_gmt":"2024-10-30T11:41:52","guid":{"rendered":"https:\/\/galicianparts.com\/shop\/producto\/5997235-sensor-temperatura-refrigerante-fiat-panda-uno-lancia-y10-original\/"},"modified":"2025-07-07T13:05:40","modified_gmt":"2025-07-07T11:05:40","slug":"5997235-sensor-temperatura-refrigerante-fiat-panda-uno-lancia-y10-original","status":"publish","type":"product","link":"https:\/\/galicianparts.com\/shop\/producto\/5997235-sensor-temperatura-refrigerante-fiat-panda-uno-lancia-y10-original\/","title":{"rendered":"7588944  Sensor temperatura refrigerante Fiat Panda \/Uno \/Lancia Y10 ORIGINAL"},"content":{"rendered":"<p>5997235 Electrov\u00e1lvula de temperatura de la bomba de agua de refrigeraci\u00f3n del motor de:<br \/>\nM\u00e9trica: 14<br \/>\nAncho de llave: 22 mm<\/p>\n<p>FIAT &#8211; LV PANDA 4X2 RL\/86 (1985-1991) 1000 ACT \/ 1000 ACT DAV-15 \/ 1000 SPI USA&#8217;83 \/ 1100 SPI USA&#8217;83 C.A. \/ 1000 ACT USA&#8217;77 (CH) \/ 1000 ACT B.N.O. (D)<br \/>\nFIAT &#8211; LV PANDA 4X2 RL\/86 (1985-1991) 750 ACT \/ 750 ACT DAV 15<br \/>\nFIAT &#8211; 2R PANDA 4X4 R\/86 (1985-1991)<br \/>\nFIAT &#8211; MR UNO R\/89 (1989-1995) 1000 \/ 1108 \/ 1000 DAV. \/ 1000 USA&#8217;83 \/ 1108 USA&#8217;83 (51CV) \/ 1100 USA&#8217;83 (49CV) \/ 1000 CARB. (91 RON)<br \/>\nLANCIA &#8211; ZL Y10 FL.89 (1988-1992) 1000 \/ 1000 DAV. \/ 1000 SPI USA&#8217;83 \/ 1100 SPI \/ 1100 SPI USA&#8217;83<br \/>\nAUTOBIANCHI &#8211; Y10 (1988-1992)<\/p>\n<p>LA PIEZA ES NUEVA Y ORIGINAL.<\/p>\n","protected":false},"excerpt":{"rendered":"<p>5997235 Electrov\u00e1lvula de temperatura de la bomba de agua de refrigeraci\u00f3n del motor de: M\u00e9trica: 14 Ancho de llave: 22 mm FIAT &#8211; LV PANDA 4X2 RL\/86 (1985-1991) 1000 ACT \/ 1000 ACT DAV-15 \/ 1000 SPI USA&#8217;83 \/ 1100 SPI USA&#8217;83 C.A. \/ 1000 ACT USA&#8217;77 (CH) \/ 1000 ACT B.N.O. (D) FIAT &#8211; [&hellip;]<\/p>\n","protected":false},"featured_media":93405,"template":"","meta":{"_seopress_robots_primary_cat":"","_seopress_titles_title":"","_seopress_titles_desc":"","_seopress_robots_index":""},"product_cat":[25,20,21,99,114,126,64],"product_tag":[],"class_list":{"0":"post-93403","1":"product","2":"type-product","3":"status-publish","4":"has-post-thumbnail","6":"product_cat-recambios-autobianchi","7":"product_cat-recambios-fiat","8":"product_cat-recambios-lancia","9":"product_cat-recambios-fiat-panda","10":"product_cat-recambios-fiat-uno","11":"product_cat-recambios-lancia-y10","12":"product_cat-recambios-autobianchi-y10","14":"first","15":"instock","16":"taxable","17":"shipping-taxable","18":"purchasable","19":"product-type-simple"},"_links":{"self":[{"href":"https:\/\/galicianparts.com\/shop\/wp-json\/wp\/v2\/product\/93403"}],"collection":[{"href":"https:\/\/galicianparts.com\/shop\/wp-json\/wp\/v2\/product"}],"about":[{"href":"https:\/\/galicianparts.com\/shop\/wp-json\/wp\/v2\/types\/product"}],"wp:featuredmedia":[{"embeddable":true,"href":"https:\/\/galicianparts.com\/shop\/wp-json\/wp\/v2\/media\/93405"}],"wp:attachment":[{"href":"https:\/\/galicianparts.com\/shop\/wp-json\/wp\/v2\/media?parent=93403"}],"wp:term":[{"taxonomy":"product_cat","embeddable":true,"href":"https:\/\/galicianparts.com\/shop\/wp-json\/wp\/v2\/product_cat?post=93403"},{"taxonomy":"product_tag","embeddable":true,"href":"https:\/\/galicianparts.com\/shop\/wp-json\/wp\/v2\/product_tag?post=93403"}],"curies":[{"name":"wp","href":"https:\/\/api.w.org\/{rel}","templated":true}]}}