{"id":93461,"date":"2024-11-07T14:39:02","date_gmt":"2024-11-07T12:39:02","guid":{"rendered":"https:\/\/galicianparts.com\/shop\/producto\/4378932-pack-2-topes-superior-marco-puertas-fiat-regata-nuevo-original\/"},"modified":"2025-03-22T15:32:27","modified_gmt":"2025-03-22T13:32:27","slug":"4378932-pack-2-topes-superior-marco-puertas-fiat-regata-nuevo-original","status":"publish","type":"product","link":"https:\/\/galicianparts.com\/shop\/producto\/4378932-pack-2-topes-superior-marco-puertas-fiat-regata-nuevo-original\/","title":{"rendered":"4378932 Pack 2 topes superior marco puertas Fiat Regata NUEVO ORIGINAL"},"content":{"rendered":"<p>Juego, set de dos tacos de pl\u00e1stico del marco superior de las puertas de:<br \/>\nDi\u00e1metro: 14mm<br \/>\nDi\u00e1metro bul\u00f3n anclaje: 4mm<\/p>\n<p>FIAT REGATA<\/p>\n<p>LA PIEZA ES NUEVA Y ORIGINAL.<\/p>\n","protected":false},"excerpt":{"rendered":"<p>Juego, set de dos tacos de pl\u00e1stico del marco superior de las puertas de: Di\u00e1metro: 14mm Di\u00e1metro bul\u00f3n anclaje: 4mm FIAT REGATA LA PIEZA ES NUEVA Y ORIGINAL.<\/p>\n","protected":false},"featured_media":93462,"template":"","meta":{"_seopress_robots_primary_cat":"","_seopress_titles_title":"","_seopress_titles_desc":"","_seopress_robots_index":""},"product_cat":[20,102],"product_tag":[],"class_list":{"0":"post-93461","1":"product","2":"type-product","3":"status-publish","4":"has-post-thumbnail","6":"product_cat-recambios-fiat","7":"product_cat-recambios-fiat-regata","9":"first","10":"instock","11":"taxable","12":"shipping-taxable","13":"purchasable","14":"product-type-simple"},"_links":{"self":[{"href":"https:\/\/galicianparts.com\/shop\/wp-json\/wp\/v2\/product\/93461"}],"collection":[{"href":"https:\/\/galicianparts.com\/shop\/wp-json\/wp\/v2\/product"}],"about":[{"href":"https:\/\/galicianparts.com\/shop\/wp-json\/wp\/v2\/types\/product"}],"wp:featuredmedia":[{"embeddable":true,"href":"https:\/\/galicianparts.com\/shop\/wp-json\/wp\/v2\/media\/93462"}],"wp:attachment":[{"href":"https:\/\/galicianparts.com\/shop\/wp-json\/wp\/v2\/media?parent=93461"}],"wp:term":[{"taxonomy":"product_cat","embeddable":true,"href":"https:\/\/galicianparts.com\/shop\/wp-json\/wp\/v2\/product_cat?post=93461"},{"taxonomy":"product_tag","embeddable":true,"href":"https:\/\/galicianparts.com\/shop\/wp-json\/wp\/v2\/product_tag?post=93461"}],"curies":[{"name":"wp","href":"https:\/\/api.w.org\/{rel}","templated":true}]}}