{"id":9349,"date":"2020-11-27T19:29:26","date_gmt":"2020-11-27T17:29:26","guid":{"rendered":"https:\/\/galicianparts.com\/shop\/producto\/4374057-cilindro-tambor-freno-trasero-fiat-500-600-850-nuevo-original\/"},"modified":"2021-01-30T11:43:36","modified_gmt":"2021-01-30T09:43:36","slug":"4374057-cilindro-tambor-freno-trasero-fiat-500-600-850-nuevo-original","status":"publish","type":"product","link":"https:\/\/galicianparts.com\/shop\/producto\/4374057-cilindro-tambor-freno-trasero-fiat-500-600-850-nuevo-original\/","title":{"rendered":"4374057 Cilindro tambor freno trasero Fiat 500 \/ 600 \/ 850 NUEVO ORIGINAL"},"content":{"rendered":"<p>Bomb\u00edn, cilindro del tambor de freno trasero de:<br \/>\nFIAT 500 Berlina (A\u00f1o 01.1957 &#8211; 01.1976, 15 &#8211; 18 , Gasolina)<br \/>\nFIAT 500 Familiar (A\u00f1o 01.1960 &#8211; 12.1966, 15 , Gasolina)<br \/>\nFIAT 600 Berlina (A\u00f1o 03.1955 &#8211; 02.1971, 20 &#8211; 23 , Gasolina)<br \/>\nFiat 850<br \/>\nLA PIEZA ES NUEVA Y ORIGINAL.<\/p>\n","protected":false},"excerpt":{"rendered":"<p>Bomb\u00edn, cilindro del tambor de freno trasero de: FIAT 500 Berlina (A\u00f1o 01.1957 &#8211; 01.1976, 15 &#8211; 18 , Gasolina) FIAT 500 Familiar (A\u00f1o 01.1960 &#8211; 12.1966, 15 , Gasolina) FIAT 600 Berlina (A\u00f1o 03.1955 &#8211; 02.1971, 20 &#8211; 23 , Gasolina) Fiat 850 LA PIEZA ES NUEVA Y ORIGINAL.<\/p>\n","protected":false},"featured_media":9350,"template":"","meta":{"_seopress_robots_primary_cat":"","_seopress_titles_title":"","_seopress_titles_desc":"","_seopress_robots_index":""},"product_cat":[74,75,76,20],"product_tag":[],"class_list":{"0":"post-9349","1":"product","2":"type-product","3":"status-publish","4":"has-post-thumbnail","6":"product_cat-recambios-fiat-500","7":"product_cat-recambios-fiat-600","8":"product_cat-recambios-fiat-850","9":"product_cat-recambios-fiat","11":"first","12":"outofstock","13":"taxable","14":"shipping-taxable","15":"purchasable","16":"product-type-simple"},"_links":{"self":[{"href":"https:\/\/galicianparts.com\/shop\/wp-json\/wp\/v2\/product\/9349"}],"collection":[{"href":"https:\/\/galicianparts.com\/shop\/wp-json\/wp\/v2\/product"}],"about":[{"href":"https:\/\/galicianparts.com\/shop\/wp-json\/wp\/v2\/types\/product"}],"wp:featuredmedia":[{"embeddable":true,"href":"https:\/\/galicianparts.com\/shop\/wp-json\/wp\/v2\/media\/9350"}],"wp:attachment":[{"href":"https:\/\/galicianparts.com\/shop\/wp-json\/wp\/v2\/media?parent=9349"}],"wp:term":[{"taxonomy":"product_cat","embeddable":true,"href":"https:\/\/galicianparts.com\/shop\/wp-json\/wp\/v2\/product_cat?post=9349"},{"taxonomy":"product_tag","embeddable":true,"href":"https:\/\/galicianparts.com\/shop\/wp-json\/wp\/v2\/product_tag?post=9349"}],"curies":[{"name":"wp","href":"https:\/\/api.w.org\/{rel}","templated":true}]}}