{"id":93542,"date":"2024-11-08T14:12:27","date_gmt":"2024-11-08T12:12:27","guid":{"rendered":"https:\/\/galicianparts.com\/shop\/producto\/7646454-cojinete-biela-00-lancia-delta-dedra-fiat-barchetta-alfa-original\/"},"modified":"2024-11-11T11:49:44","modified_gmt":"2024-11-11T09:49:44","slug":"7646454-cojinete-biela-00-lancia-delta-dedra-fiat-barchetta-alfa-original","status":"publish","type":"product","link":"https:\/\/galicianparts.com\/shop\/producto\/7646454-cojinete-biela-00-lancia-delta-dedra-fiat-barchetta-alfa-original\/","title":{"rendered":"7646454 Cojinete biela 0,0 Lancia Delta \/Dedra \/Fiat Barchetta \/Alfa ORIGINAL"},"content":{"rendered":"<p>Casquillo de biela de color rojo del motor de:<br \/>\nSobremedida: STD<\/p>\n<p>FIAT Croma I Hatchback (154)<br \/>\n1.9 TD i.d., A\u00f1o 11.1992 &#8211; 12.1996, 1929 ccm, 94 cv<br \/>\n1900 Turbo D i.d. (154.LL, 154.PL), A\u00f1o 08.1987 &#8211; 10.1992, 1929 ccm, 90 cv<br \/>\n2.0 16V, A\u00f1o 08.1992 &#8211; 08.1996, 1995 ccm, 137 cv<br \/>\n2.0 i.e., A\u00f1o 03.1987 &#8211; 09.1992, 1995 ccm, 120 cv<br \/>\n2.0 i.e., A\u00f1o 10.1987 &#8211; 08.1996, 1995 ccm, 116 cv<br \/>\nFIAT Ducato II Furg\u00f3n (230L)<br \/>\n1.9 D, A\u00f1o 03.1994 &#8211; 04.2002, 1929 ccm, 69 cv<br \/>\n1.9 TD, A\u00f1o 03.1994 &#8211; 04.2002, 1929 ccm, 82 cv<br \/>\n1.9 TD CAT, A\u00f1o 08.1994 &#8211; 04.2002, 1929 ccm, 80 cv<br \/>\nFIAT Tempra (159)<br \/>\n1.9 TD, A\u00f1o 07.1992 &#8211; 08.1996, 1929 ccm, 80 cv<br \/>\n1.9 TD, A\u00f1o 05.1990 &#8211; 08.1996, 1929 ccm, 90 cv<br \/>\nFIAT Tipo Hatchback (160)<br \/>\n1.8 i.e.16V Sport, A\u00f1o 11.1989 &#8211; 06.1992, 1756 ccm, 136 cv<br \/>\n1.9 TD, A\u00f1o 03.1992 &#8211; 06.1993, 1929 ccm, 80 cv<br \/>\n1.9 TD, A\u00f1o 09.1990 &#8211; 04.1995, 1929 ccm, 90 cv<br \/>\n1.9 TD (160AR), A\u00f1o 04.1990 &#8211; 10.1992, 1929 ccm, 94 cv<br \/>\n2.0 16V, A\u00f1o 07.1991 &#8211; 04.1995, 1995 ccm, 146 cv<br \/>\n2.0 i.e. 16V Sport, A\u00f1o 03.1993 &#8211; 04.1995, 1995 ccm, 139 cv<br \/>\nFIAT Fiorino II Furg\u00f3n (146)<br \/>\n1.7 TD, A\u00f1o 11.1996 &#8211; 05.2000, 1697 ccm, 63 cv<br \/>\n1.7 TD, A\u00f1o 01.2004 &#8211; 08.2006, 1698 ccm, 70 cv<br \/>\n65 1.7 TD, A\u00f1o 01.1997 &#8211; 05.2001, 1698 ccm, 63 cv<br \/>\nFIAT Punto I Hatchback (176)<br \/>\n1.7 TD, A\u00f1o 01.1994 &#8211; 09.1999, 1698 ccm, 69 cv<br \/>\n1.7 TD, A\u00f1o 01.1994 &#8211; 09.1999, 1698 ccm, 71 cv<br \/>\n1.7 TD (176AT), A\u00f1o 09.1996 &#8211; 09.1999, 1698 ccm, 63 cv<br \/>\nFIAT Uno Hatchback (146)<br \/>\n1.9 D, A\u00f1o 09.1989 &#8211; 03.1994, 1929 ccm, 60 cv<br \/>\nFIAT Barchetta (183)<br \/>\n1.8 16V, A\u00f1o 04.1995 &#8211; 05.2005, 1747 ccm, 130 cv<br \/>\nFIAT Brava Hatchback (182)<br \/>\n1.8 GT 16V (182.BC), A\u00f1o 10.1995 &#8211; 08.2001, 1747 ccm, 113 cv<br \/>\n1.9 TD 100 S, A\u00f1o 03.1996 &#8211; 10.2001, 1910 ccm, 100 cv<br \/>\n1.9 TD 75 S, A\u00f1o 03.1996 &#8211; 10.2001, 1910 ccm, 75 cv<br \/>\nFIAT Bravo I Hatchback (182)<br \/>\n1.8 GT, A\u00f1o 10.1995 &#8211; 10.2001, 1747 ccm, 113 cv<br \/>\n1.9 TD 100 S, A\u00f1o 03.1996 &#8211; 10.2001, 1910 ccm, 100 cv<br \/>\n1.9 TD 75 S, A\u00f1o 03.1996 &#8211; 10.2001, 1910 ccm, 75 cv<br \/>\nFIAT Marea (185)<br \/>\n1.8 115 16V, A\u00f1o 09.1996 &#8211; 05.2002, 1747 ccm, 113 cv<br \/>\n1.9 TD 100 (185AX_), A\u00f1o 05.1996 &#8211; 12.2002, 1910 ccm, 100 cv<br \/>\n1.9 TD 75, A\u00f1o 09.1996 &#8211; 05.2002, 1910 ccm, 75 cv<br \/>\nFIAT Ducato I (290)<br \/>\n1.9 TD, A\u00f1o 03.1989 &#8211; 03.1994, 1929 ccm, 82 cv<br \/>\nFIAT Ducato II Bus (230)<br \/>\n1.9 D Combinato, A\u00f1o 06.1995 &#8211; 04.2002, 1929 ccm, 69 cv<br \/>\n1.9 TD Combinato, A\u00f1o 08.1994 &#8211; 04.2002, 1929 ccm, 80 cv<br \/>\n1.9 TD Panorama\/Combinato, A\u00f1o 03.1994 &#8211; 04.2002, 1929 ccm, 82 cv<br \/>\nFIAT Ducato I Furg\u00f3n (280)<br \/>\n1.9 TD, A\u00f1o 03.1989 &#8211; 08.1990, 1929 ccm, 82 cv<br \/>\nFIAT Palio I Hatchback (178)<br \/>\n1.7 TD, A\u00f1o 10.2002 &#8211; 01.2012, 1698 ccm, 69 cv<br \/>\n1.7 TD, A\u00f1o 02.1997 &#8211; 10.2003, 1698 ccm, 71 cv<br \/>\n1.7 TD, A\u00f1o 09.2001 &#8211; &#8230;, 1698 ccm, 72 cv<br \/>\n1.9 D (178BYU1A), A\u00f1o 01.2003 &#8211; 12.2010, 1910 ccm, 63 cv<br \/>\nFIAT Palio I Weekend (178)<br \/>\n1.7 TD, A\u00f1o 04.1996 &#8211; 03.2001, 1698 ccm, 70 cv<br \/>\n1.7 TD, A\u00f1o 07.1997 &#8211; 08.2001, 1698 ccm, 71 cv<br \/>\n1.7 TD, A\u00f1o 07.1997 &#8211; &#8230;, 1698 ccm, 72 cv<br \/>\n1.9 D, A\u00f1o 03.2001 &#8211; &#8230;, 1910 ccm, 63 cv<br \/>\n1.9 D, A\u00f1o 03.2001 &#8211; &#8230;, 1910 ccm, 65 cv<br \/>\nFIAT Coupe (175)<br \/>\n1.8 16V, A\u00f1o 03.1996 &#8211; 08.2000, 1747 ccm, 131 cv<br \/>\n2.0 16V, A\u00f1o 11.1993 &#8211; 08.1996, 1995 ccm, 139 cv<br \/>\n2.0 16V Turbo, A\u00f1o 11.1993 &#8211; 08.1996, 1995 ccm, 190 cv<br \/>\nFIAT Ducato I Cami\u00f3n de plataforma\/Chasis (290)<br \/>\n1.9 TD, A\u00f1o 03.1989 &#8211; 03.1994, 1929 ccm, 82 cv<br \/>\nFIAT Ducato II Cami\u00f3n de plataforma\/Chasis (230)<br \/>\n1.9 D, A\u00f1o 03.1994 &#8211; 04.2002, 1929 ccm, 69 cv<br \/>\n1.9 TD, A\u00f1o 03.1994 &#8211; 04.2002, 1929 ccm, 82 cv<br \/>\n1.9 TD CAT, A\u00f1o 08.1994 &#8211; 04.2002, 1929 ccm, 80 cv<br \/>\nFIAT Strada Pick-up (178)<br \/>\n1.7 TD, A\u00f1o 06.1999 &#8211; 12.2006, 1698 ccm, 69 cv<br \/>\n1.9 D, A\u00f1o 12.2000 &#8211; &#8230;, 1910 ccm, 63 cv<br \/>\nFIAT Punto II Hatchback (188)<br \/>\n1.8 130 HGT, A\u00f1o 09.1999 &#8211; 03.2012, 1747 ccm, 130 cv<br \/>\n1.9 DS 60, A\u00f1o 09.1999 &#8211; 03.2012, 1910 ccm, 60 cv<br \/>\nFIAT Fiorino II Pick-up (146)<br \/>\n1.7 TD, A\u00f1o 01.1997 &#8211; 05.2001, 1698 ccm, 63 cv<br \/>\nFIAT Siena (178, 172)<br \/>\n1.7 TD, A\u00f1o 02.2006 &#8211; 12.2009, 1698 ccm, 69 cv<br \/>\n1.9 D, A\u00f1o 01.2004 &#8211; 12.2008, 1910 ccm, 63 cv<br \/>\nFIAT Doblo I (119, 223)<br \/>\n1.9 D, A\u00f1o 03.2001 &#8211; &#8230;, 1910 ccm, 63 cv<br \/>\nFIAT Stilo (192)<br \/>\n1.8 16V, A\u00f1o 06.2002 &#8211; 12.2007, 1747 ccm, 122 cv<br \/>\n1.8 16V (192AXC1A, 192BXC1A), A\u00f1o 10.2001 &#8211; 04.2007, 1747 ccm, 133 cv<\/p>\n<p>LANCIA Kappa Berlina (838)<br \/>\n2.0 16V Turbo, A\u00f1o 02.1995 &#8211; 10.2001, 1995 ccm, 205 cv<br \/>\nLANCIA Dedra Berlina (835)<br \/>\n1.8 16V LE, A\u00f1o 03.1996 &#8211; 07.1999, 1747 ccm, 113 cv<br \/>\n1.8 GT 16V, A\u00f1o 03.1996 &#8211; 07.1999, 1747 ccm, 131 cv<br \/>\n1.9 TDS, A\u00f1o 04.1989 &#8211; 07.1999, 1929 ccm, 90 cv<br \/>\n2.0 16V, A\u00f1o 07.1994 &#8211; 07.1999, 1995 ccm, 139 cv<br \/>\n2.0 i.e., A\u00f1o 09.1989 &#8211; 07.1992, 1995 ccm, 117 cv<br \/>\n2.0 i.e. Turbo, A\u00f1o 04.1991 &#8211; 07.1999, 1995 ccm, 162 cv<br \/>\nLANCIA Delta I (831)<br \/>\n2.0 16V HF Evo I Integrale (831.AB), A\u00f1o 09.1991 &#8211; 12.1992, 1995 ccm, 209 cv<br \/>\n2.0 16V HF Evo II Integrale (831.AB), A\u00f1o 06.1993 &#8211; 01.1994, 1995 ccm, 215 cv<br \/>\n2.0 16V HF Evo Integrale (831AB.000), A\u00f1o 06.1991 &#8211; 01.1994, 1995 ccm, 205 cv<br \/>\n2.0 16V HF Evo Integrale, A\u00f1o 06.1993 &#8211; 01.1994, 1995 ccm, 211 cv<br \/>\n2.0 16V HF Integrale, A\u00f1o 03.1989 &#8211; 09.1991, 1995 ccm, 196 cv<br \/>\nLANCIA Delta II (836)<br \/>\n1.8 i.e. 16V, A\u00f1o 03.1996 &#8211; 08.1999, 1747 ccm, 113 cv<br \/>\n1.8 i.e. 16V GT, A\u00f1o 03.1996 &#8211; 08.1999, 1747 ccm, 131 cv<br \/>\n1.9 TD, A\u00f1o 10.1994 &#8211; 08.1999, 1929 ccm, 90 cv<br \/>\n2.0 16V, A\u00f1o 06.1993 &#8211; 08.1999, 1995 ccm, 139 cv<br \/>\n2.0 16V Turbo, A\u00f1o 06.1993 &#8211; 08.1999, 1995 ccm, 186 cv<br \/>\n2.0 16V Turbo, A\u00f1o 07.1996 &#8211; 08.1999, 1995 ccm, 193 cv<br \/>\nLANCIA Thema (834)<br \/>\n2000 16V (834FA), A\u00f1o 08.1992 &#8211; 12.1993, 1995 ccm, 150 cv<br \/>\n2.0 16V, A\u00f1o 08.1992 &#8211; 12.1993, 1995 ccm, 152 cv<br \/>\n2.0 16V Turbo, A\u00f1o 12.1988 &#8211; 06.1990, 1995 ccm, 181 cv<br \/>\n2.0 16V Turbo, A\u00f1o 10.1992 &#8211; 07.1994, 1995 ccm, 201 cv<br \/>\n2.0 i.e. 16V, A\u00f1o 05.1988 &#8211; 08.1992, 1995 ccm, 147 cv<br \/>\n2.0 i.e. 16V, A\u00f1o 02.1989 &#8211; 05.1992, 1995 ccm, 141 cv<br \/>\n2.0 i.e. 16V Turbo, A\u00f1o 04.1989 &#8211; 05.1992, 1995 ccm, 177 cv<br \/>\nLANCIA Kappa Familiar (838)<br \/>\n2.0 16V Turbo, A\u00f1o 07.1996 &#8211; 10.2001, 1995 ccm, 205 cv<br \/>\nLANCIA Dedra Familiar (835)<br \/>\n1.8 16V LE, A\u00f1o 03.1996 &#8211; 07.1999, 1747 ccm, 113 cv<br \/>\n1.8 GT 16V, A\u00f1o 03.1996 &#8211; 07.1999, 1747 ccm, 131 cv<br \/>\n1.9 TDS, A\u00f1o 07.1994 &#8211; 07.1999, 1929 ccm, 90 cv<br \/>\n2.0 16V, A\u00f1o 07.1994 &#8211; 07.1999, 1995 ccm, 139 cv<br \/>\n2.0 Integrale, A\u00f1o 07.1994 &#8211; 07.1999, 1995 ccm, 139 cv<br \/>\nLANCIA Lybra Berlina (839)<br \/>\n1.8 16V, A\u00f1o 07.1999 &#8211; 10.2005, 1747 ccm, 131 cv<\/p>\n<p>ALFA ROMEO 145 (930)<br \/>\n1.8 i.e. 16V (930.A1A), A\u00f1o 03.1998 &#8211; 01.2001, 1747 ccm, 144 cv<br \/>\n1.8 i.e. 16V T.S. (930.A1A), A\u00f1o 12.1996 &#8211; 12.1998, 1747 ccm, 140 cv<br \/>\n1.9 TD (930.A4), A\u00f1o 10.1994 &#8211; 02.1999, 1929 ccm, 90 cv<br \/>\n2.0 16V (930.A5), A\u00f1o 03.1998 &#8211; 01.2001, 1970 ccm, 155 cv<br \/>\n2.0 16V T.S. (930.A5), A\u00f1o 10.1995 &#8211; 01.2001, 1970 ccm, 150 cv<br \/>\nALFA ROMEO 155 (167)<br \/>\n1.7 T.S. 16V (167.A4N), A\u00f1o 05.1996 &#8211; 12.1997, 1747 ccm, 140 cv<br \/>\n1.9 TD (167.A3B, 167.A3), A\u00f1o 04.1993 &#8211; 12.1997, 1929 ccm, 90 cv<br \/>\n2.0 16V Turbo Q4, A\u00f1o 01.1992 &#8211; 12.1997, 1995 ccm, 186 cv<br \/>\n2.0 16V Turbo Q4 (167.A2B, 167.A2C, 167.A2E), A\u00f1o 03.1992 &#8211; 12.1997, 1995 ccm, 190 cv<br \/>\n2.0 T.S. 16V, A\u00f1o 03.1995 &#8211; 12.1997, 1970 ccm, 150 cv<br \/>\nALFA ROMEO 146 (930)<br \/>\n1.8 i.e. 16V T.S. (930.B1A), A\u00f1o 11.1996 &#8211; 01.2001, 1747 ccm, 140 cv<br \/>\n1.8 i.e. 16V T.S. (930.B1A), A\u00f1o 03.1998 &#8211; 01.2001, 1747 ccm, 144 cv<br \/>\n1.9 TD (930.B4A), A\u00f1o 12.1994 &#8211; 02.1999, 1929 ccm, 90 cv<br \/>\n2.0 16V (930.B5), A\u00f1o 03.1997 &#8211; 10.2001, 1970 ccm, 155 cv<br \/>\n2.0 16V T.S. (930.B5), A\u00f1o 10.1995 &#8211; 01.2001, 1970 ccm, 150 cv<br \/>\nALFA ROMEO GTV (916, 916C)<br \/>\n1.8 16V, A\u00f1o 05.1998 &#8211; 10.2005, 1747 ccm, 144 cv<br \/>\n2.0 T.SPARK 16V, A\u00f1o 06.1995 &#8211; 10.2005, 1970 ccm, 150 cv<br \/>\n2.0 T.SPARK 16V (916C2C), A\u00f1o 09.1997 &#8211; 03.2003, 1970 ccm, 155 cv<br \/>\nALFA ROMEO Spider (916, 916S)<br \/>\n1.8 16V, A\u00f1o 05.1998 &#8211; 04.2005, 1747 ccm, 144 cv<br \/>\n2.0 T.SPARK 16V, A\u00f1o 05.1998 &#8211; 08.2000, 1970 ccm, 155 cv<br \/>\n2.0 T.SPARK 16V, A\u00f1o 06.1995 &#8211; 04.2005, 1970 ccm, 150 cv<br \/>\nALFA ROMEO 156 (932)<br \/>\n1.8 16V T.SPARK (932.A3), A\u00f1o 09.1997 &#8211; 10.2000, 1747 ccm, 144 cv<br \/>\n1.8 16V T.SPARK (932.A3100), A\u00f1o 09.1997 &#8211; 09.2005, 1747 ccm, 140 cv<br \/>\n2.0 16V T.SPARK, A\u00f1o 09.1997 &#8211; 06.2002, 1970 ccm, 155 cv<br \/>\n2.0 16V T.SPARK, A\u00f1o 10.2000 &#8211; 03.2002, 1970 ccm, 150 cv<br \/>\nALFA ROMEO 166 (936)<br \/>\n2.0 T.Spark, A\u00f1o 09.1998 &#8211; 10.2000, 1970 ccm, 155 cv<br \/>\n2.0 T.Spark (936A3B00), A\u00f1o 10.2000 &#8211; 06.2007, 1970 ccm, 150 cv<br \/>\nALFA ROMEO 147 (937)<br \/>\n2.0 16V T.SPARK (937.AXA1, 937.AXC1, 937.BXC1), A\u00f1o 01.2001 &#8211; 03.2010, 1970 ccm, 150 cv<br \/>\nALFA ROMEO GT (937)<br \/>\n1.8 TS (937CXR1A), A\u00f1o 11.2003 &#8211; 09.2010, 1747 ccm, 140 cv<\/p>\n<p>LA PIEZA ES NUEVA Y ORIGINAL.<\/p>\n","protected":false},"excerpt":{"rendered":"<p>Casquillo de biela de color rojo del motor de: Sobremedida: STD FIAT Croma I Hatchback (154) 1.9 TD i.d., A\u00f1o 11.1992 &#8211; 12.1996, 1929 ccm, 94 cv 1900 Turbo D i.d. (154.LL, 154.PL), A\u00f1o 08.1987 &#8211; 10.1992, 1929 ccm, 90 cv 2.0 16V, A\u00f1o 08.1992 &#8211; 08.1996, 1995 ccm, 137 cv 2.0 i.e., A\u00f1o 03.1987 [&hellip;]<\/p>\n","protected":false},"featured_media":93545,"template":"","meta":{"_seopress_robots_primary_cat":"","_seopress_titles_title":"","_seopress_titles_desc":"","_seopress_robots_index":""},"product_cat":[45,46,44,48,49,57,16,81,85,86,117,118,87,88,20,91,50,55,119,21,120,95,98,101,107,56,108,109,111,124,112,114],"product_tag":[],"class_list":{"0":"post-93542","1":"product","2":"type-product","3":"status-publish","4":"has-post-thumbnail","6":"product_cat-recambios-alfa-romeo-145","7":"product_cat-recambios-alfa-romeo-146","8":"product_cat-recambios-alfa-romeo-147","9":"product_cat-recambios-alfa-romeo-155","10":"product_cat-recambios-alfa-romeo-156","11":"product_cat-recambios-alfa-romeo-166","12":"product_cat-recambios-alfa-romeo","13":"product_cat-recambios-fiat-brava","14":"product_cat-recambios-fiat-coupe","15":"product_cat-recambios-fiat-croma","16":"product_cat-recambios-lancia-dedra","17":"product_cat-recambios-lancia-delta","18":"product_cat-recambios-fiat-doblo","19":"product_cat-recambios-fiat-ducato","20":"product_cat-recambios-fiat","21":"product_cat-recambios-fiat-fiorino","22":"product_cat-recambios-alfa-romeo-gt","23":"product_cat-recambios-alfa-romeo-gtv","24":"product_cat-recambios-lancia-kappa","25":"product_cat-recambios-lancia","26":"product_cat-recambios-lancia-lybra","27":"product_cat-recambios-fiat-marea","28":"product_cat-recambios-fiat-palio","29":"product_cat-recambios-fiat-punto","30":"product_cat-recambios-fiat-siena","31":"product_cat-recambios-alfa-romeo-spider","32":"product_cat-recambios-fiat-stilo","33":"product_cat-recambios-fiat-strada","34":"product_cat-recambios-fiat-tempra","35":"product_cat-recambios-lancia-thema","36":"product_cat-recambios-fiat-tipo","37":"product_cat-recambios-fiat-uno","39":"first","40":"instock","41":"taxable","42":"shipping-taxable","43":"purchasable","44":"product-type-simple"},"_links":{"self":[{"href":"https:\/\/galicianparts.com\/shop\/wp-json\/wp\/v2\/product\/93542"}],"collection":[{"href":"https:\/\/galicianparts.com\/shop\/wp-json\/wp\/v2\/product"}],"about":[{"href":"https:\/\/galicianparts.com\/shop\/wp-json\/wp\/v2\/types\/product"}],"wp:featuredmedia":[{"embeddable":true,"href":"https:\/\/galicianparts.com\/shop\/wp-json\/wp\/v2\/media\/93545"}],"wp:attachment":[{"href":"https:\/\/galicianparts.com\/shop\/wp-json\/wp\/v2\/media?parent=93542"}],"wp:term":[{"taxonomy":"product_cat","embeddable":true,"href":"https:\/\/galicianparts.com\/shop\/wp-json\/wp\/v2\/product_cat?post=93542"},{"taxonomy":"product_tag","embeddable":true,"href":"https:\/\/galicianparts.com\/shop\/wp-json\/wp\/v2\/product_tag?post=93542"}],"curies":[{"name":"wp","href":"https:\/\/api.w.org\/{rel}","templated":true}]}}