{"id":93632,"date":"2024-11-19T14:42:43","date_gmt":"2024-11-19T12:42:43","guid":{"rendered":"https:\/\/galicianparts.com\/shop\/producto\/5891209-junta-colector-fiat-124-131-242-seat-ritmo-fura-ronda-original\/"},"modified":"2025-09-01T14:29:56","modified_gmt":"2025-09-01T12:29:56","slug":"5891209-junta-colector-fiat-124-131-242-seat-ritmo-fura-ronda-original","status":"publish","type":"product","link":"https:\/\/galicianparts.com\/shop\/producto\/5891209-junta-colector-fiat-124-131-242-seat-ritmo-fura-ronda-original\/","title":{"rendered":"5891209 Junta colector Fiat 124 \/131 \/242 \/Seat Ritmo \/Fura \/Ronda ORIGINAL"},"content":{"rendered":"<p>Junta de los colectores de escape o de admisi\u00f3n de:<\/p>\n<p>FIAT 131 Berlina (131)<br \/>\n1.3 Mirafiori, A\u00f1o 10.1974 &#8211; 09.1981, 1297 ccm, 54 cv<br \/>\n1.3 Mirafiori (131A), A\u00f1o 10.1974 &#8211; 12.1982, 1297 ccm, 65 cv<br \/>\n1.3 Super Mirafiori, A\u00f1o 03.1978 &#8211; 12.1980, 1297 ccm, 78 cv<br \/>\n1.6 (131A1), A\u00f1o 10.1974 &#8211; 09.1981, 1585 ccm, 75 cv<br \/>\nFIAT 131 Familiare \/ Panorama (131)<br \/>\n1.3 Mirafiori (131AF), A\u00f1o 03.1975 &#8211; 12.1978, 1297 ccm, 54 cv<br \/>\n1.3 Mirafiori, A\u00f1o 03.1975 &#8211; 03.1982, 1297 ccm, 65 cv<br \/>\n1.6 CL, A\u00f1o 03.1975 &#8211; 12.1978, 1585 ccm, 75 cv<br \/>\nFIAT 242-Serie Furg\u00f3n<br \/>\n1.6, A\u00f1o 10.1975 &#8211; 07.1982, 1585 ccm, 63 cv<br \/>\nFIAT 124 Berlina (124)<br \/>\n1200 (124A), A\u00f1o 09.1967 &#8211; 07.1975, 1197 ccm, 65 cv<br \/>\n1.2, A\u00f1o 07.1966 &#8211; 10.1973, 1197 ccm, 60 cv<br \/>\n1400 Special, A\u00f1o 12.1968 &#8211; 12.1972, 1438 ccm, 70 cv<br \/>\n1400 Special (124A), A\u00f1o 01.1971 &#8211; 07.1975, 1438 ccm, 75 cv<br \/>\nFIAT 124 Familiare (124)<br \/>\n1.2, A\u00f1o 04.1967 &#8211; 05.1973, 1197 ccm, 60 cv<br \/>\n1.2, A\u00f1o 05.1973 &#8211; 03.1975, 1197 ccm, 65 cv<br \/>\nFIAT 242 Bus (242_) (A\u00f1o 10.1975 &#8211; 07.1982)<br \/>\n1.6, A\u00f1o 10.1975 &#8211; 07.1982, 1585 ccm, 63 cv<\/p>\n<p>SEAT Ronda (022A)<br \/>\n1.2, A\u00f1o 08.1983 &#8211; 05.1985, 1197 ccm, 64 cv<br \/>\n1.4, A\u00f1o 06.1982 &#8211; 11.1988, 1438 ccm, 73 cv<br \/>\nSEAT Fura (025A)<br \/>\n1.4 Crono, A\u00f1o 01.1982 &#8211; 06.1986, 1438 ccm, 75 cv<br \/>\nSEAT 131 Sed\u00e1n<br \/>\n1.5, A\u00f1o 03.1982 &#8211; 01.1985, 1438 ccm, 75 cv<br \/>\nSEAT Ritmo (138)<br \/>\n1.4, A\u00f1o 07.1978 &#8211; 09.1983, 1438 ccm, 78 cv<br \/>\nSEAT 124 Berlina<br \/>\n1.4 1430, A\u00f1o 01.1970 &#8211; 12.1976, 1438 ccm, 75 cv<br \/>\n1.2 D, A\u00f1o 01.1968 &#8211; 12.1976, 1197 ccm, 60 cv<br \/>\n1.2 LS, A\u00f1o 01.1968 &#8211; 10.1980, 1197 ccm, 65 cv<br \/>\nSEAT 124 Familiar<br \/>\n1.2 D, A\u00f1o 01.1970 &#8211; 12.1974, 1197 ccm, 60 cv<br \/>\n1.2 LS, A\u00f1o 01.1970 &#8211; 12.1976, 1197 ccm, 65 cv<br \/>\nSEAT 128 Sed\u00e1n (128A)<br \/>\n1.2, A\u00f1o 01.1976 &#8211; 12.1980, 1197 ccm, 67 cv<br \/>\n1.4, A\u00f1o 01.1976 &#8211; 12.1980, 1438 ccm, 78 cv<\/p>\n<p>LA PIEZA ES NUEVA Y ORIGINAL.<\/p>\n","protected":false},"excerpt":{"rendered":"<p>Junta de los colectores de escape o de admisi\u00f3n de: FIAT 131 Berlina (131) 1.3 Mirafiori, A\u00f1o 10.1974 &#8211; 09.1981, 1297 ccm, 54 cv 1.3 Mirafiori (131A), A\u00f1o 10.1974 &#8211; 12.1982, 1297 ccm, 65 cv 1.3 Super Mirafiori, A\u00f1o 03.1978 &#8211; 12.1980, 1297 ccm, 78 cv 1.6 (131A1), A\u00f1o 10.1974 &#8211; 09.1981, 1585 ccm, 75 [&hellip;]<\/p>\n","protected":false},"featured_media":93633,"template":"","meta":{"_seopress_robots_primary_cat":"","_seopress_titles_title":"","_seopress_titles_desc":"","_seopress_robots_index":""},"product_cat":[159,65,234,70,199,73,20,208,198,165,26],"product_tag":[],"class_list":{"0":"post-93632","1":"product","2":"type-product","3":"status-publish","4":"has-post-thumbnail","6":"product_cat-recambios-seat-124","7":"product_cat-recambios-fiat-124","8":"product_cat-recambios-seat-128","9":"product_cat-recambios-fiat-131","10":"product_cat-recambios-seat-131","11":"product_cat-recambios-fiat-242","12":"product_cat-recambios-fiat","13":"product_cat-recambios-seat-fura","14":"product_cat-recambios-seat-ritmo","15":"product_cat-recambios-seat-ronda","16":"product_cat-recambios-seat","18":"first","19":"outofstock","20":"taxable","21":"shipping-taxable","22":"purchasable","23":"product-type-simple"},"_links":{"self":[{"href":"https:\/\/galicianparts.com\/shop\/wp-json\/wp\/v2\/product\/93632"}],"collection":[{"href":"https:\/\/galicianparts.com\/shop\/wp-json\/wp\/v2\/product"}],"about":[{"href":"https:\/\/galicianparts.com\/shop\/wp-json\/wp\/v2\/types\/product"}],"wp:featuredmedia":[{"embeddable":true,"href":"https:\/\/galicianparts.com\/shop\/wp-json\/wp\/v2\/media\/93633"}],"wp:attachment":[{"href":"https:\/\/galicianparts.com\/shop\/wp-json\/wp\/v2\/media?parent=93632"}],"wp:term":[{"taxonomy":"product_cat","embeddable":true,"href":"https:\/\/galicianparts.com\/shop\/wp-json\/wp\/v2\/product_cat?post=93632"},{"taxonomy":"product_tag","embeddable":true,"href":"https:\/\/galicianparts.com\/shop\/wp-json\/wp\/v2\/product_tag?post=93632"}],"curies":[{"name":"wp","href":"https:\/\/api.w.org\/{rel}","templated":true}]}}