{"id":93682,"date":"2024-11-21T14:15:26","date_gmt":"2024-11-21T12:15:26","guid":{"rendered":"https:\/\/galicianparts.com\/shop\/producto\/10269850-tornillo-tapon-m22x15-fiat-uno-tb-stilo-lancia-thema-delta-alfa-nuevo-original\/"},"modified":"2024-11-21T14:21:29","modified_gmt":"2024-11-21T12:21:29","slug":"10269850-tornillo-tapon-m22x15-fiat-uno-tb-stilo-lancia-thema-delta-alfa-nuevo-original","status":"publish","type":"product","link":"https:\/\/galicianparts.com\/shop\/producto\/10269850-tornillo-tapon-m22x15-fiat-uno-tb-stilo-lancia-thema-delta-alfa-nuevo-original\/","title":{"rendered":"10269850 Tornillo tap\u00f3n M22x1,5 Fiat Uno TB \/ X1\/9 \/Lancia Thema \/Delta \/Alfa NUEVO ORIGINAL"},"content":{"rendered":"<p>Tornillo de aluminio, tap\u00f3n del colector de admisi\u00f3n, bomba aceite, culata de:<br \/>\nM\u00e9trica: 22&#215;1,5<br \/>\nLargo: 11mm<\/p>\n<p>FIAT- X1\/9<br \/>\nFIAT &#8211; 2T CROMA (2005-2010) 1910\u00a0JTD\u00a0CF4\u00a016V136CV\/100KW\u00a0MENOR POTENCIA BELGICA \/ 1900 JTD 16V  150HP\/110KW<br \/>\nFIAT &#8211; 2T CROMA (2005-2010) 2400 JTD 20V  200HP\/147KW<br \/>\nFIAT &#8211; MY CROMA IE-IE TB. FL.90 (1990-1996) 2000 16V 91 RON (CINA) \/ AIRE ACONDICIONADO \/ 2000 16V USA&#8217;83 \/ (CAMBIO AUTOMATICO \/ AIRE ACONDICIONADO)<br \/>\nFIAT &#8211; 3L NUOVA BRAVO (2007-2009) 1910\u00a0JTD \/ 1400 TRB GS \/1910 JTD 150CV<br \/>\nFIAT &#8211; 3Y NUOVA BRAVO MY 2010 (2010-2014) 1910 \/ 16 V\u00c1LVULAS<br \/>\nFIAT &#8211; 2V STILO F.L.L. 2003 (2003-2007) 1.9 JTD 103KW\/140CV \/ 1.9 JTD 16V F3 126CV\/93KW COND DEPOT FRA \/ 1.9 JTD 16V F3 136CV\/100KW COND DEPOT BE<br \/>\nFIAT &#8211; 2V STILO F.L.L. 2003 (2003-2007) 1.9 JTD CF4 16V 150HP 110KW<br \/>\nFIAT &#8211; MS UNO R\/89 1.1-1370-1.5 (1989-1995) 1116 \/ 1500 SPI USA&#8217;83<br \/>\nFIAT &#8211; MT UNO TURBO R\/89 (1989-1993) 1300 USA&#8217;83<br \/>\nALFA ROMEO &#8211; W8 147 BZ\/DS (2000-2010) 1910\u00a0JTD\u00a0CF4\u00a016V\u00a0136CV\/100KW\u00a0MENOR POT.\u00a0BEL. \/ 1.9\u00a0JTD\u00a016V\u00a0CF4 \/ 1910\u00a0JTD\u00a0CF4\u00a016V\u00a0170CV\/125KW\u00a0POTENCIADO<br \/>\nALFA ROMEO &#8211; T7 156 BENZINA (1997-2002) 2500 V6 \/ 2500 V6 BRASIL \/ 2500 V6 CF3<br \/>\nALFA ROMEO &#8211; X1 156 M.Y.2002 BZ\/DS (2001-2005) 2500 V6 24V<br \/>\nALFA ROMEO &#8211; X1 156 M.Y.2002 BZ\/DS (2001-2005) 1910 JTD 16V CF3 93KW \/ 1.9\u00a0JTD\u00a016V\u00a0CF3 \/ 1910\u00a0JTD\u00a0CF3\u00a016V\u00a0150CV\/110KW\u00a04X4 \/ 1910\u00a0JTD\u00a0CF3\u00a0136CV\/100KW\u00a0MENOR POT. BELGICA<br \/>\nALFA ROMEO &#8211; X1 156 M.Y.2002 BZ\/DS (2001-2005) 2400\u00a0JTD\u00a020V\u00a0175CV\/129\u00a0KW\u00a0C.MEC. \/ 2400\u00a0JTD\u00a0CF3\u00a0163CV\/120KW\u00a0MENOR POT. BELGICA<br \/>\nALFA ROMEO &#8211; X1 156 M.Y.2002 BZ\/DS (2001-2005) 1910\u00a0JTD\u00a016V\u00a0CF4\u00a0150CV\/110KW\u00a04X2 \/ 1910JTD\u00a0CF4\u00a016V\u00a0126CV\/93KW\u00a0MENOR POT.\u00a0FRANCIA \/ 1910\u00a0JTD\u00a0CF4\u00a016V\u00a0150CV\/110KW\u00a04X4<br \/>\nALFA ROMEO &#8211; X8 159 MY11 (2010-2011) 2387\u00a0CF4<br \/>\nALFA ROMEO &#8211; W9 166 BZ-DS (1998-2007) 2400 JTD 20V 175CV\/129KW  C.MEC. \/ 2400 JTD 20V 175CV \/129KW C.AUTOM. \/ 2400 JTD CF3 20V CM 163CV\/122KW MENOR POT. BE \/ 2400 JTD CF3 20V C.A.163CV\/122W MENOR POT. BE<br \/>\nALFA ROMEO &#8211; W9 166 BZ-DS (1998-2007) 2400 JTD CF4 20V 180CV\/132KW<br \/>\nALFA ROMEO &#8211; X3 ALFA 159  (2005-2008) 1910JTD\u00a0CF4\u00a016V\u00a0136CV\/100KW\u00a0MENOR POT. BELGICA \/ 1.9 JTD 16V E4<br \/>\nALFA ROMEO &#8211; X3 ALFA 159  (2005-2008) 2.4 JTD 20V E4 \/ 2400 JTD CF4 20V 4X2 210CV 154 KW \/ 2400 JTD CF4 20V 4X4 210CV 154KW<br \/>\nALFA ROMEO &#8211; X9 ALFA 159 (2008-2010)  1858-1910\u00a0CC \/ DI\u00c9SEL \/ 16 V\u00c1LVULAS<br \/>\nALFA ROMEO &#8211; X9 ALFA 159 (2008-2010)  2387\u00a0CF4 \/ 200\u00a0CV \/ 210\u00a0CV\u00a0\u00a0\u00a02.4\u00a0JTD\u00a0CF4 \/ 2 RUEDAS MOTRICES \/ 4 RUEDAS MOTRICES<br \/>\nALFA ROMEO &#8211; X4 BRERA COUPE&#8217; (2005-2008) 2.4 JTD 20V CF4 200CV\/147 KW \/ 2400\u00a0JTD\u00a0CF4\u00a020V\u00a04X2\u00a0210CV\/\u00a0154KW<br \/>\nALFA ROMEO &#8211; 12 BRERA COUPE&#8217; M.Y. (2008-2010) 210 CV JTD \/ DA DEFIN.(2300~2399) \/ 200 CV (2.4 JTD CF4 \/ 1.8 TB CF5)<br \/>\nALFA ROMEO &#8211; U8 G T V  (1995-1998) 3000 V6 24V<br \/>\nALFA ROMEO &#8211; X2 GT (2003-2010) 1910\u00a0JTD\u00a016V\u00a0CF3\u00a0150CV\/110KW<br \/>\nALFA ROMEO &#8211; X2 GT (2003-2010) 1910 JTD 16V CF4 110 KW 150HP \/ 1910\u00a0JTD\u00a0CF4\u00a016V\u00a0170CV\/125KW\u00a0POT.<br \/>\nALFA ROMEO &#8211; X5 NUOVO SPIDER (2006-2008) 2.4\u00a0JTD\u00a020V\u00a0CF4\u00a0200CV\/147KW<br \/>\nALFA ROMEO &#8211; 13 NUOVO SPIDER M.Y. (2008-2010) 210 CV JTD \/ DA DEFIN.(2300~2399) \/ 200 CV (2.4 JTD CF4 \/ 1.8 TB CF5)<br \/>\nLANCIA &#8211; TB DELTA R.86 BZ\/DS (1986-1992) 1100 CARB \/ 1300 CARB \/ 1500 CARB<br \/>\nLANCIA &#8211; SZ THEMA BZ\/DS R.88 (1988-1992) 3000 8.32 \/ 3000 8.32 USA\/83<br \/>\nLANCIA &#8211; SE THEMA I.E. 8V FL.92 (1992-1994)<br \/>\nLANCIA &#8211; SB THEMA IE. 16V FL.92 (1992-1994) CAMBIO AUTOMATICO \/ AIRE ACONDICIONADO \/ 2000 ASPIRADO 16V<br \/>\nLANCIA &#8211; SJ THESIS (2001-2007) 2400\u00a0JTD\u00a020V\u00a0163CV\/120\u00a0KW\u00a0C.\u00a0MEC. \/ 2400\u00a0JTD\u00a020V\u00a0163CV\/120KW\u00a0C.AUTOM. \/ 2400\u00a0JTD\u00a020V\u00a0175CV\/129KW\u00a0\u00a0C.\u00a0MEC. \/ 2400\u00a0JTD\u00a020V\u00a0175CV\/129KW\u00a0C.AUTOM.<br \/>\nLANCIA &#8211; SJ THESIS (2001-2007) 2.4\u00a0JTD\u00a020V\u00a0CF4\u00a0175CV\/129KW<br \/>\nFIAT PROFESSIONAL &#8211; 2M FIORINO (1991-1993) 1500 SPI USA&#8217;83<\/p>\n<p>LA PIEZA ES NUEVA Y ORIGINAL.<\/p>\n","protected":false},"excerpt":{"rendered":"<p>Tornillo de aluminio, tap\u00f3n del colector de admisi\u00f3n, bomba aceite, culata de: M\u00e9trica: 22&#215;1,5 Largo: 11mm FIAT- X1\/9 FIAT &#8211; 2T CROMA (2005-2010) 1910\u00a0JTD\u00a0CF4\u00a016V136CV\/100KW\u00a0MENOR POTENCIA BELGICA \/ 1900 JTD 16V 150HP\/110KW FIAT &#8211; 2T CROMA (2005-2010) 2400 JTD 20V 200HP\/147KW FIAT &#8211; MY CROMA IE-IE TB. FL.90 (1990-1996) 2000 16V 91 RON (CINA) \/ AIRE [&hellip;]<\/p>\n","protected":false},"featured_media":93683,"template":"","meta":{"_seopress_robots_primary_cat":"","_seopress_titles_title":"","_seopress_titles_desc":"","_seopress_robots_index":""},"product_cat":[44,49,51,57,16,82,52,86,118,20,91,50,21,56,108,124,125,114,206],"product_tag":[],"class_list":{"0":"post-93682","1":"product","2":"type-product","3":"status-publish","4":"has-post-thumbnail","6":"product_cat-recambios-alfa-romeo-147","7":"product_cat-recambios-alfa-romeo-156","8":"product_cat-recambios-alfa-romeo-159","9":"product_cat-recambios-alfa-romeo-166","10":"product_cat-recambios-alfa-romeo","11":"product_cat-recambios-fiat-bravo","12":"product_cat-recambios-alfa-romeo-brera","13":"product_cat-recambios-fiat-croma","14":"product_cat-recambios-lancia-delta","15":"product_cat-recambios-fiat","16":"product_cat-recambios-fiat-fiorino","17":"product_cat-recambios-alfa-romeo-gt","18":"product_cat-recambios-lancia","19":"product_cat-recambios-alfa-romeo-spider","20":"product_cat-recambios-fiat-stilo","21":"product_cat-recambios-lancia-thema","22":"product_cat-recambios-lancia-thesis","23":"product_cat-recambios-fiat-uno","24":"product_cat-recambios-fiat-x1-9","26":"first","27":"instock","28":"taxable","29":"shipping-taxable","30":"purchasable","31":"product-type-simple"},"_links":{"self":[{"href":"https:\/\/galicianparts.com\/shop\/wp-json\/wp\/v2\/product\/93682"}],"collection":[{"href":"https:\/\/galicianparts.com\/shop\/wp-json\/wp\/v2\/product"}],"about":[{"href":"https:\/\/galicianparts.com\/shop\/wp-json\/wp\/v2\/types\/product"}],"wp:featuredmedia":[{"embeddable":true,"href":"https:\/\/galicianparts.com\/shop\/wp-json\/wp\/v2\/media\/93683"}],"wp:attachment":[{"href":"https:\/\/galicianparts.com\/shop\/wp-json\/wp\/v2\/media?parent=93682"}],"wp:term":[{"taxonomy":"product_cat","embeddable":true,"href":"https:\/\/galicianparts.com\/shop\/wp-json\/wp\/v2\/product_cat?post=93682"},{"taxonomy":"product_tag","embeddable":true,"href":"https:\/\/galicianparts.com\/shop\/wp-json\/wp\/v2\/product_tag?post=93682"}],"curies":[{"name":"wp","href":"https:\/\/api.w.org\/{rel}","templated":true}]}}