{"id":93699,"date":"2024-11-22T12:04:25","date_gmt":"2024-11-22T10:04:25","guid":{"rendered":"https:\/\/galicianparts.com\/shop\/producto\/2044019-rele-bujias-precalentamiento-fiat-ducato-82-94-citroen-c25-peugeot-j5-original\/"},"modified":"2024-12-03T17:00:03","modified_gmt":"2024-12-03T15:00:03","slug":"2044019-rele-bujias-precalentamiento-fiat-ducato-82-94-citroen-c25-peugeot-j5-original","status":"publish","type":"product","link":"https:\/\/galicianparts.com\/shop\/producto\/2044019-rele-bujias-precalentamiento-fiat-ducato-82-94-citroen-c25-peugeot-j5-original\/","title":{"rendered":"2044019 Rel\u00e9 buj\u00edas precalentamiento Fiat Ducato (82-94) Citroen C25 \/Peugeot J5 ORIGINAL"},"content":{"rendered":"<p>Centralita de derivaci\u00f3n, rel\u00e9 temporizador de las buj\u00edas de incandescencia de:<br \/>\nBITRON 2044019\/S<\/p>\n<p>FIAT &#8211; DUCATO 280 (1982-1990)<br \/>\nFIAT &#8211; DUCATO 290 (1990-1994)<br \/>\nCITROEN &#8211; C25<br \/>\nPEUGEOT &#8211; J5<\/p>\n<p>LA PIEZA ES NUEVA Y ORIGINAL BITRON<\/p>\n","protected":false},"excerpt":{"rendered":"<p>Centralita de derivaci\u00f3n, rel\u00e9 temporizador de las buj\u00edas de incandescencia de: BITRON 2044019\/S FIAT &#8211; DUCATO 280 (1982-1990) FIAT &#8211; DUCATO 290 (1990-1994) CITROEN &#8211; C25 PEUGEOT &#8211; J5 LA PIEZA ES NUEVA Y ORIGINAL BITRON<\/p>\n","protected":false},"featured_media":93700,"template":"","meta":{"_seopress_robots_primary_cat":"","_seopress_titles_title":"","_seopress_titles_desc":"","_seopress_robots_index":""},"product_cat":[132,23,88,20,157,24],"product_tag":[],"class_list":{"0":"post-93699","1":"product","2":"type-product","3":"status-publish","4":"has-post-thumbnail","6":"product_cat-recambios-citroen-c25","7":"product_cat-recambios-citroen","8":"product_cat-recambios-fiat-ducato","9":"product_cat-recambios-fiat","10":"product_cat-recambios-peugeot-j5","11":"product_cat-recambios-peugeot","13":"first","14":"outofstock","15":"taxable","16":"shipping-taxable","17":"purchasable","18":"product-type-simple"},"_links":{"self":[{"href":"https:\/\/galicianparts.com\/shop\/wp-json\/wp\/v2\/product\/93699"}],"collection":[{"href":"https:\/\/galicianparts.com\/shop\/wp-json\/wp\/v2\/product"}],"about":[{"href":"https:\/\/galicianparts.com\/shop\/wp-json\/wp\/v2\/types\/product"}],"wp:featuredmedia":[{"embeddable":true,"href":"https:\/\/galicianparts.com\/shop\/wp-json\/wp\/v2\/media\/93700"}],"wp:attachment":[{"href":"https:\/\/galicianparts.com\/shop\/wp-json\/wp\/v2\/media?parent=93699"}],"wp:term":[{"taxonomy":"product_cat","embeddable":true,"href":"https:\/\/galicianparts.com\/shop\/wp-json\/wp\/v2\/product_cat?post=93699"},{"taxonomy":"product_tag","embeddable":true,"href":"https:\/\/galicianparts.com\/shop\/wp-json\/wp\/v2\/product_tag?post=93699"}],"curies":[{"name":"wp","href":"https:\/\/api.w.org\/{rel}","templated":true}]}}