{"id":93728,"date":"2024-11-26T14:48:41","date_gmt":"2024-11-26T12:48:41","guid":{"rendered":"https:\/\/galicianparts.com\/shop\/producto\/7578291-elevalunas-electrico-derecho-fiat-regata-r86-super-nuevo-original\/"},"modified":"2025-02-10T14:55:37","modified_gmt":"2025-02-10T12:55:37","slug":"7578291-elevalunas-electrico-derecho-fiat-regata-r86-super-nuevo-original","status":"publish","type":"product","link":"https:\/\/galicianparts.com\/shop\/producto\/7578291-elevalunas-electrico-derecho-fiat-regata-r86-super-nuevo-original\/","title":{"rendered":"7578291 Elevalunas el\u00e9ctrico derecho Fiat Regata R86 S\u00faper NUEVO ORIGINAL"},"content":{"rendered":"<p>Alzacristales el\u00e9ctrico de la puerta delantera derecha de:<br \/>\nFIAT REGATA R86 BERLINA SUPER<br \/>\nFIAT REGATA R86 WEEKEND SUPER<\/p>\n<p>LA PIEZA ES NUEVA Y ORIGINAL.<\/p>\n","protected":false},"excerpt":{"rendered":"<p>Alzacristales el\u00e9ctrico de la puerta delantera derecha de: FIAT REGATA R86 BERLINA SUPER FIAT REGATA R86 WEEKEND SUPER LA PIEZA ES NUEVA Y ORIGINAL.<\/p>\n","protected":false},"featured_media":93729,"template":"","meta":{"_seopress_robots_primary_cat":"","_seopress_titles_title":"","_seopress_titles_desc":"","_seopress_robots_index":""},"product_cat":[20,102],"product_tag":[],"class_list":{"0":"post-93728","1":"product","2":"type-product","3":"status-publish","4":"has-post-thumbnail","6":"product_cat-recambios-fiat","7":"product_cat-recambios-fiat-regata","9":"first","10":"outofstock","11":"taxable","12":"shipping-taxable","13":"purchasable","14":"product-type-simple"},"_links":{"self":[{"href":"https:\/\/galicianparts.com\/shop\/wp-json\/wp\/v2\/product\/93728"}],"collection":[{"href":"https:\/\/galicianparts.com\/shop\/wp-json\/wp\/v2\/product"}],"about":[{"href":"https:\/\/galicianparts.com\/shop\/wp-json\/wp\/v2\/types\/product"}],"wp:featuredmedia":[{"embeddable":true,"href":"https:\/\/galicianparts.com\/shop\/wp-json\/wp\/v2\/media\/93729"}],"wp:attachment":[{"href":"https:\/\/galicianparts.com\/shop\/wp-json\/wp\/v2\/media?parent=93728"}],"wp:term":[{"taxonomy":"product_cat","embeddable":true,"href":"https:\/\/galicianparts.com\/shop\/wp-json\/wp\/v2\/product_cat?post=93728"},{"taxonomy":"product_tag","embeddable":true,"href":"https:\/\/galicianparts.com\/shop\/wp-json\/wp\/v2\/product_tag?post=93728"}],"curies":[{"name":"wp","href":"https:\/\/api.w.org\/{rel}","templated":true}]}}