{"id":93733,"date":"2024-11-27T11:35:08","date_gmt":"2024-11-27T09:35:08","guid":{"rendered":"https:\/\/galicianparts.com\/shop\/producto\/5981956-muelle-l-414mm-suspension-fiat-lancia-alfa-romeo-nuevo-original\/"},"modified":"2024-11-27T11:41:14","modified_gmt":"2024-11-27T09:41:14","slug":"5981956-muelle-l-414mm-suspension-fiat-lancia-alfa-romeo-nuevo-original","status":"publish","type":"product","link":"https:\/\/galicianparts.com\/shop\/producto\/5981956-muelle-l-414mm-suspension-fiat-lancia-alfa-romeo-nuevo-original\/","title":{"rendered":"5981956 Muelle L 414mm suspensi\u00f3n Fiat \/Lancia\/ Alfa Romeo NUEVO ORIGINAL"},"content":{"rendered":"<p>Resorte de la suspensi\u00f3n de Fiat, Lancia, Alfa Romeo cl\u00e1sico de:<br \/>\nLargo: 414mm<br \/>\nDi\u00e1metro barra: 15mm<br \/>\nDi\u00e1metro muelle: 133mm<\/p>\n<p>LA PIEZA ES NUEVA Y ORIGINAL.<\/p>\n","protected":false},"excerpt":{"rendered":"<p>Resorte de la suspensi\u00f3n de Fiat, Lancia, Alfa Romeo cl\u00e1sico de: Largo: 414mm Di\u00e1metro barra: 15mm Di\u00e1metro muelle: 133mm LA PIEZA ES NUEVA Y ORIGINAL.<\/p>\n","protected":false},"featured_media":93734,"template":"","meta":{"_seopress_robots_primary_cat":"","_seopress_titles_title":"","_seopress_titles_desc":"","_seopress_robots_index":""},"product_cat":[16,20,21],"product_tag":[],"class_list":{"0":"post-93733","1":"product","2":"type-product","3":"status-publish","4":"has-post-thumbnail","6":"product_cat-recambios-alfa-romeo","7":"product_cat-recambios-fiat","8":"product_cat-recambios-lancia","10":"first","11":"instock","12":"taxable","13":"shipping-taxable","14":"purchasable","15":"product-type-simple"},"_links":{"self":[{"href":"https:\/\/galicianparts.com\/shop\/wp-json\/wp\/v2\/product\/93733"}],"collection":[{"href":"https:\/\/galicianparts.com\/shop\/wp-json\/wp\/v2\/product"}],"about":[{"href":"https:\/\/galicianparts.com\/shop\/wp-json\/wp\/v2\/types\/product"}],"wp:featuredmedia":[{"embeddable":true,"href":"https:\/\/galicianparts.com\/shop\/wp-json\/wp\/v2\/media\/93734"}],"wp:attachment":[{"href":"https:\/\/galicianparts.com\/shop\/wp-json\/wp\/v2\/media?parent=93733"}],"wp:term":[{"taxonomy":"product_cat","embeddable":true,"href":"https:\/\/galicianparts.com\/shop\/wp-json\/wp\/v2\/product_cat?post=93733"},{"taxonomy":"product_tag","embeddable":true,"href":"https:\/\/galicianparts.com\/shop\/wp-json\/wp\/v2\/product_tag?post=93733"}],"curies":[{"name":"wp","href":"https:\/\/api.w.org\/{rel}","templated":true}]}}