{"id":93775,"date":"2024-11-28T15:04:58","date_gmt":"2024-11-28T13:04:58","guid":{"rendered":"https:\/\/galicianparts.com\/shop\/producto\/100140600-mandos-modulo-calefaccion-fiat-punto-gt-1993-1999-original\/"},"modified":"2024-11-28T15:09:23","modified_gmt":"2024-11-28T13:09:23","slug":"100140600-mandos-modulo-calefaccion-fiat-punto-gt-1993-1999-original","status":"publish","type":"product","link":"https:\/\/galicianparts.com\/shop\/producto\/100140600-mandos-modulo-calefaccion-fiat-punto-gt-1993-1999-original\/","title":{"rendered":"100140600 Mandos m\u00f3dulo calefacci\u00f3n Fiat Punto GT (1993-1999) ORIGINAL"},"content":{"rendered":"<p>1.001.406.0.0 Controles con el potenci\u00f3metro del m\u00f3dulo de la calefacci\u00f3n de:<br \/>\nFIAT &#8211; NV PUNTO 55-60-75-90 (1993-1997)<br \/>\nFIAT &#8211; 1A PUNTO BZ. GAMMA &#8217;97 (1997-1999)<br \/>\nFIAT &#8211; NX PUNTO D-TD (1993-1997)<br \/>\nFIAT &#8211; NW PUNTO GT (1993-1997)<br \/>\nFIAT &#8211; 1B PUNTO TB.DS. GAMMA&#8217;97 (1997-1999)<\/p>\n<p>LA PIEZA ES ORIGINAL.<\/p>\n","protected":false},"excerpt":{"rendered":"<p>1.001.406.0.0 Controles con el potenci\u00f3metro del m\u00f3dulo de la calefacci\u00f3n de: FIAT &#8211; NV PUNTO 55-60-75-90 (1993-1997) FIAT &#8211; 1A PUNTO BZ. GAMMA &#8217;97 (1997-1999) FIAT &#8211; NX PUNTO D-TD (1993-1997) FIAT &#8211; NW PUNTO GT (1993-1997) FIAT &#8211; 1B PUNTO TB.DS. GAMMA&#8217;97 (1997-1999) LA PIEZA ES ORIGINAL.<\/p>\n","protected":false},"featured_media":93776,"template":"","meta":{"_seopress_robots_primary_cat":"","_seopress_titles_title":"","_seopress_titles_desc":"","_seopress_robots_index":""},"product_cat":[20,101],"product_tag":[],"class_list":{"0":"post-93775","1":"product","2":"type-product","3":"status-publish","4":"has-post-thumbnail","6":"product_cat-recambios-fiat","7":"product_cat-recambios-fiat-punto","9":"first","10":"instock","11":"taxable","12":"shipping-taxable","13":"purchasable","14":"product-type-simple"},"_links":{"self":[{"href":"https:\/\/galicianparts.com\/shop\/wp-json\/wp\/v2\/product\/93775"}],"collection":[{"href":"https:\/\/galicianparts.com\/shop\/wp-json\/wp\/v2\/product"}],"about":[{"href":"https:\/\/galicianparts.com\/shop\/wp-json\/wp\/v2\/types\/product"}],"wp:featuredmedia":[{"embeddable":true,"href":"https:\/\/galicianparts.com\/shop\/wp-json\/wp\/v2\/media\/93776"}],"wp:attachment":[{"href":"https:\/\/galicianparts.com\/shop\/wp-json\/wp\/v2\/media?parent=93775"}],"wp:term":[{"taxonomy":"product_cat","embeddable":true,"href":"https:\/\/galicianparts.com\/shop\/wp-json\/wp\/v2\/product_cat?post=93775"},{"taxonomy":"product_tag","embeddable":true,"href":"https:\/\/galicianparts.com\/shop\/wp-json\/wp\/v2\/product_tag?post=93775"}],"curies":[{"name":"wp","href":"https:\/\/api.w.org\/{rel}","templated":true}]}}