{"id":9382,"date":"2020-11-28T13:08:31","date_gmt":"2020-11-28T11:08:31","guid":{"rendered":"https:\/\/galicianparts.com\/shop\/producto\/4193224-rotula-direccion-lancia-fulvia-gamma-fiat-seat-nueva-original\/"},"modified":"2020-11-28T13:15:37","modified_gmt":"2020-11-28T11:15:37","slug":"4193224-rotula-direccion-lancia-fulvia-gamma-fiat-seat-nueva-original","status":"publish","type":"product","link":"https:\/\/galicianparts.com\/shop\/producto\/4193224-rotula-direccion-lancia-fulvia-gamma-fiat-seat-nueva-original\/","title":{"rendered":"4193224 R\u00f3tula direcci\u00f3n Lancia Fulvia \/ Gamma \/ Fiat \/ Seat NUEVA ORIGINAL"},"content":{"rendered":"<p>R\u00f3tula de direcci\u00f3n de:<br \/>\nFIAT 1300-Serie Berlina (A\u00f1o 11.1961 &#8211; 03.1969, 61 &#8211; 75 CV, Gasolina)<br \/>\nFIAT 125 Berlina (125) (A\u00f1o 07.1967 &#8211; 03.1974, 90 &#8211; 100 CV, Gasolina)<br \/>\nFIAT 132 (132_) (A\u00f1o 04.1972 &#8211; 12.1982, 72 &#8211; 122 CV, Gas\u00f3leo, Gasolina)<br \/>\nFIAT 1500 Cabrio (A\u00f1o 06.1964 &#8211; 10.1967, 67 &#8211; 75 CV, Gasolina)<br \/>\nFIAT 1500-2300 Berlina (A\u00f1o 07.1962 &#8211; 12.1970, 75 &#8211; 102 CV, Gasolina)<br \/>\nFIAT Argenta (132) (A\u00f1o 06.1978 &#8211; 07.1986, 72 &#8211; 135 CV, Gas\u00f3leo, Gasolina)<br \/>\nLANCIA Fulvia Coup\u00e9 (818) (A\u00f1o 09.1968 &#8211; 07.1975, 88 &#8211; 102 CV, Gasolina)<br \/>\nLANCIA Gamma Coup\u00e9 (830) (A\u00f1o 09.1977 &#8211; 10.1986, 140 CV, Gasolina)<br \/>\nSEAT 132 Berlina (A\u00f1o 05.1973 &#8211; 12.1982, 60 &#8211; 105 CV, Gas\u00f3leo, Gasolina)<\/p>\n<p>LA PIEZA ES NUEVA Y ORIGINAL.<\/p>\n","protected":false},"excerpt":{"rendered":"<p>R\u00f3tula de direcci\u00f3n de: FIAT 1300-Serie Berlina (A\u00f1o 11.1961 &#8211; 03.1969, 61 &#8211; 75 CV, Gasolina) FIAT 125 Berlina (125) (A\u00f1o 07.1967 &#8211; 03.1974, 90 &#8211; 100 CV, Gasolina) FIAT 132 (132_) (A\u00f1o 04.1972 &#8211; 12.1982, 72 &#8211; 122 CV, Gas\u00f3leo, Gasolina) FIAT 1500 Cabrio (A\u00f1o 06.1964 &#8211; 10.1967, 67 &#8211; 75 CV, Gasolina) FIAT [&hellip;]<\/p>\n","protected":false},"featured_media":9383,"template":"","meta":{"_seopress_robots_primary_cat":"","_seopress_titles_title":"","_seopress_titles_desc":"","_seopress_robots_index":""},"product_cat":[66,77,232,71,78,79,20,230,231,21,26],"product_tag":[],"class_list":{"0":"post-9382","1":"product","2":"type-product","3":"status-publish","4":"has-post-thumbnail","6":"product_cat-recambios-fiat-125","7":"product_cat-recambios-fiat-1300","8":"product_cat-recambios-seat-132","9":"product_cat-recambios-fiat-132","10":"product_cat-recambios-fiat-1500","11":"product_cat-recambios-fiat-argenta","12":"product_cat-recambios-fiat","13":"product_cat-recambios-lancia-fulvia","14":"product_cat-recambios-lancia-gamma","15":"product_cat-recambios-lancia","16":"product_cat-recambios-seat","18":"first","19":"instock","20":"taxable","21":"shipping-taxable","22":"purchasable","23":"product-type-simple"},"_links":{"self":[{"href":"https:\/\/galicianparts.com\/shop\/wp-json\/wp\/v2\/product\/9382"}],"collection":[{"href":"https:\/\/galicianparts.com\/shop\/wp-json\/wp\/v2\/product"}],"about":[{"href":"https:\/\/galicianparts.com\/shop\/wp-json\/wp\/v2\/types\/product"}],"wp:featuredmedia":[{"embeddable":true,"href":"https:\/\/galicianparts.com\/shop\/wp-json\/wp\/v2\/media\/9383"}],"wp:attachment":[{"href":"https:\/\/galicianparts.com\/shop\/wp-json\/wp\/v2\/media?parent=9382"}],"wp:term":[{"taxonomy":"product_cat","embeddable":true,"href":"https:\/\/galicianparts.com\/shop\/wp-json\/wp\/v2\/product_cat?post=9382"},{"taxonomy":"product_tag","embeddable":true,"href":"https:\/\/galicianparts.com\/shop\/wp-json\/wp\/v2\/product_tag?post=9382"}],"curies":[{"name":"wp","href":"https:\/\/api.w.org\/{rel}","templated":true}]}}