{"id":9398,"date":"2020-11-30T17:51:00","date_gmt":"2020-11-30T15:51:00","guid":{"rendered":"https:\/\/galicianparts.com\/shop\/producto\/7630494-pinon-4a-velocidad-cambio-fiat-uno-fiorino-duna-elba-nuevo-original\/"},"modified":"2024-01-02T10:12:33","modified_gmt":"2024-01-02T08:12:33","slug":"7630494-pinon-4a-velocidad-cambio-fiat-uno-fiorino-duna-elba-nuevo-original","status":"publish","type":"product","link":"https:\/\/galicianparts.com\/shop\/producto\/7630494-pinon-4a-velocidad-cambio-fiat-uno-fiorino-duna-elba-nuevo-original\/","title":{"rendered":"7630494 Pi\u00f1\u00f3n 4\u00aa velocidad cambio Fiat Uno \/Fiorino \/Duna \/Elba NUEVO ORIGINAL"},"content":{"rendered":"<p>Engranaje de la cuarta velocidad de la caja de cambios de cinco velocidades de:<br \/>\nN\u00ba de dientes: 39<br \/>\nDi\u00e1metro interior: 40 mm<br \/>\nDi\u00e1metro exterior pi\u00f1\u00f3n: 75,5 mm<br \/>\nAltura: 28 mm<\/p>\n<p>FIAT &#8211; 2B DUNA (1986-1990) 1100 BZ \/ CAMBIO 5 MARCHAS<br \/>\nFIAT &#8211; XP ELBA CSL (1991-1996) 1300 CARB. \/ 1500 SPI USA&#8217;83 \/ 1697 DS<br \/>\nFIAT &#8211; XR MILLE (1994-1995) 1000 SPI<br \/>\nFIAT PROFESSIONAL &#8211; 2M FIORINO (1991-1993) 1500 SPI USA&#8217;83 \/ 1300 DS \/ CAMBIO 5 MARCHAS<br \/>\nFIAT PROFESSIONAL &#8211; 2N FIORINO RL (1993-2000) CONDUCCION\u00a0A DERECHA \/ 1372 SPI C.F.2<br \/>\nFIAT PROFESSIONAL &#8211; 2N FIORINO RL (1993-2000) CONDUCCION\u00a0A DERECHA \/ 1697 DS<\/p>\n<p>LA PIEZA ES NUEVA Y ORIGINAL.<\/p>\n","protected":false},"excerpt":{"rendered":"<p>Engranaje de la cuarta velocidad de la caja de cambios de cinco velocidades de: N\u00ba de dientes: 39 Di\u00e1metro interior: 40 mm Di\u00e1metro exterior pi\u00f1\u00f3n: 75,5 mm Altura: 28 mm FIAT &#8211; 2B DUNA (1986-1990) 1100 BZ \/ CAMBIO 5 MARCHAS FIAT &#8211; XP ELBA CSL (1991-1996) 1300 CARB. \/ 1500 SPI USA&#8217;83 \/ 1697 [&hellip;]<\/p>\n","protected":false},"featured_media":81857,"template":"","meta":{"_seopress_robots_primary_cat":"","_seopress_titles_title":"","_seopress_titles_desc":"","_seopress_robots_index":""},"product_cat":[89,90,20,91,114],"product_tag":[],"class_list":{"0":"post-9398","1":"product","2":"type-product","3":"status-publish","4":"has-post-thumbnail","6":"product_cat-recambios-fiat-duna","7":"product_cat-recambios-fiat-elba","8":"product_cat-recambios-fiat","9":"product_cat-recambios-fiat-fiorino","10":"product_cat-recambios-fiat-uno","12":"first","13":"instock","14":"taxable","15":"shipping-taxable","16":"purchasable","17":"product-type-simple"},"_links":{"self":[{"href":"https:\/\/galicianparts.com\/shop\/wp-json\/wp\/v2\/product\/9398"}],"collection":[{"href":"https:\/\/galicianparts.com\/shop\/wp-json\/wp\/v2\/product"}],"about":[{"href":"https:\/\/galicianparts.com\/shop\/wp-json\/wp\/v2\/types\/product"}],"wp:featuredmedia":[{"embeddable":true,"href":"https:\/\/galicianparts.com\/shop\/wp-json\/wp\/v2\/media\/81857"}],"wp:attachment":[{"href":"https:\/\/galicianparts.com\/shop\/wp-json\/wp\/v2\/media?parent=9398"}],"wp:term":[{"taxonomy":"product_cat","embeddable":true,"href":"https:\/\/galicianparts.com\/shop\/wp-json\/wp\/v2\/product_cat?post=9398"},{"taxonomy":"product_tag","embeddable":true,"href":"https:\/\/galicianparts.com\/shop\/wp-json\/wp\/v2\/product_tag?post=9398"}],"curies":[{"name":"wp","href":"https:\/\/api.w.org\/{rel}","templated":true}]}}