{"id":94028,"date":"2025-01-31T11:33:46","date_gmt":"2025-01-31T09:33:46","guid":{"rendered":"https:\/\/galicianparts.com\/shop\/producto\/7601614-abrazadera-d-14mm-elevalunas-fiat-uno-turbo-tipo-alfa-155-lancia-original\/"},"modified":"2025-08-09T17:54:34","modified_gmt":"2025-08-09T15:54:34","slug":"7601614-abrazadera-d-14mm-elevalunas-fiat-uno-turbo-tipo-alfa-155-lancia-original","status":"publish","type":"product","link":"https:\/\/galicianparts.com\/shop\/producto\/7601614-abrazadera-d-14mm-elevalunas-fiat-uno-turbo-tipo-alfa-155-lancia-original\/","title":{"rendered":"7601614 Abrazadera D 14mm elevalunas Fiat Uno Turbo \/Tipo \/Alfa 155 \/Lancia ORIGINAL"},"content":{"rendered":"<p>Soporte, anclaje, tope de sujeci\u00f3n del cableado el\u00e9ctrico del alzacristales, de los tubos del bomb\u00edn de embrague, etc. de:<br \/>\nDi\u00e1metro:  14mm<\/p>\n<p>FIAT &#8211; PT MAREA BENZINA (1996-1999) CONDUCCION A\u00a0IZQUIERDA \/ 2000 \/ 2000 BRASIL (182A1.011)<br \/>\nFIAT &#8211; PT MAREA BENZINA (1996-1999) CONDUCCION\u00a0A DERECHA \/ 2000<br \/>\nFIAT &#8211; 1Q MAREA BZ GAMMA&#8217;99 (1999-2002) 2000 20V CF2 \/ 2000 20V CF3<br \/>\nFIAT &#8211; 1Q MAREA BZ GAMMA&#8217;99 (1999-2002) CONDUCCION\u00a0A DERECHA \/ 1600 16V CF2 (182A4000) \/ 1600 16V CF3 (182B6000) \/ 1800 16V<br \/>\nFIAT &#8211; 2H PALIO 2V EXTRA EUROPA REST. 2002 (2002-2011) 1461\u00a0MPI\u00a0CF2\/CF3<br \/>\nFIAT &#8211; 2H PALIO 2V EXTRA EUROPA REST. 2002 (2002-2011)<br \/>\nFIAT &#8211; 3D PALIO 2V REST.2 (2005-2011) ESTILO SL \/ ESTILO SLE \/ ESTILO SLX<br \/>\nFIAT &#8211; 2K PALIO WE EXTRA EUROPA REST. 2002 (2002-2008) 1461 MPI CF2<br \/>\nFIAT &#8211; 3K PERLA CINA (2006-2007)<br \/>\nFIAT &#8211; 2L SIENA EXTRA EUROPA REST.(2002-2012) 1461 MPI CF2<br \/>\nFIAT &#8211; 2L SIENA EXTRA EUROPA REST.(2002-2012)<br \/>\nFIAT &#8211; MV TEMPRA 1370-1580 (1989-1993) BN.SX-SRX \/ S.W. SX-SRX \/ ELEVAL.ELEC.DELANT.<br \/>\nFIAT &#8211; MW TEMPRA 1750-2000 (1989-1993) SEDAN SX-SLX \/ S.W.SX-SLX \/ S.W. 4X4 \/ ELEVAL.ELEC.DELANT. \/ (SEDAN BASICAS \/ S.W.BASICAS)<br \/>\nFIAT &#8211; MX TEMPRA DIESEL-TURBO D.(1989-1993) ELEVAL.ELEC.DELANT.<br \/>\nFIAT &#8211; NY TEMPRA MAQ.93 1370-1580 (&#8217;93-&#8217;96) ELEVAL.ELEC.DELANT.<br \/>\nFIAT &#8211; NZ TEMPRA MAQ.93 1750-2000 (&#8217;93-&#8217;96)<br \/>\nFIAT &#8211; NJ TEMPRA MQ.93 D-TD (1993-1996) ELEVAL.ELEC.DELANT.<br \/>\nFIAT &#8211; ME TIPO 1100-1370-1580 (1987-1993) DGT \/ SUPER \/ IZDA. \/ ELEVAL.ELEC.DELANT. \/ (MEDIA \/ AGT)<br \/>\nFIAT &#8211; NG TIPO 1750-2000 (1990-1993)<br \/>\nFIAT &#8211; MF TIPO DIESEL-T.DS. (1987-1993) ELEVAL.ELEC.DELANT.<br \/>\nFIAT &#8211; NT TIPO MAQ.93 D-TD (1993-1995) ELEVAL.ELEC.DELANT. \/ 5 PUERTAS<br \/>\nFIAT &#8211; NT TIPO MAQ.93 D-TD (1993-1995) 3 PUERTAS<br \/>\nFIAT &#8211; NS TIPO MQ.93 1370-1580 (1993-1995) IZDA. \/ ELEVAL.ELEC.DELANT. \/ S \/ 5 PUERTAS<br \/>\nFIAT &#8211; NS TIPO MQ.93 1370-1580 (1993-1995) 3 PUERTAS<br \/>\nFIAT &#8211; NU TIPO MQ.93 1750-2000 (1993-1995) 5 PUERTAS<br \/>\nFIAT &#8211; MP TIPO SPORT 16V IE. (1988-1993)<br \/>\nFIAT &#8211; MU UNO DIESEL R\/89 (1989-1995) ELEVAL.ELEC.DELANT.<br \/>\nFIAT &#8211; MS UNO R\/89 1.1-1370-1.5 (1989-1995) ELEVAL.ELEC.DELANT. \/ 3 PUERTAS<br \/>\nFIAT &#8211; MS UNO R\/89 1.1-1370-1.5 (1989-1995) ELEVAL.ELEC.DELANT. \/ 5 PUERTAS<br \/>\nFIAT &#8211; MR UNO R\/89 900-1.0-1.1 (1989-1995) ELEVAL.ELEC.DELANT. \/ 3 PUERTAS<br \/>\nFIAT &#8211; MR UNO R\/89 900-1.0-1.1 (1989-1995) ELEVAL.ELEC.DELANT. \/ 5 PUERTAS<br \/>\nFIAT &#8211; MT UNO TURBO R\/89 (1989-1993) ELEVAL.ELEC.DELANT.<br \/>\nALFA ROMEO &#8211; U5 155 ASPIRATO (1992-1996) ELEVAL.ELEC.DELANT.<br \/>\nALFA ROMEO &#8211; T3 155 GAMMA 96 BZ (1996-1997)<br \/>\nALFA ROMEO &#8211; T4 155 GAMMA 96 DS (1996-1997)<br \/>\nALFA ROMEO &#8211; U6 155 TURBO BZ-DS (1992-1996) ELEVAL.ELEC.DELANT.<br \/>\nLANCIA &#8211; SG N.DELTA 2.0 -1750 132CV (&#8217;93-&#8217;99) 1750 16V 132CV<\/p>\n<p>LA PIEZA ES NUEVA Y ORIGINAL.<\/p>\n","protected":false},"excerpt":{"rendered":"<p>Soporte, anclaje, tope de sujeci\u00f3n del cableado el\u00e9ctrico del alzacristales, de los tubos del bomb\u00edn de embrague, etc. de: Di\u00e1metro: 14mm FIAT &#8211; PT MAREA BENZINA (1996-1999) CONDUCCION A\u00a0IZQUIERDA \/ 2000 \/ 2000 BRASIL (182A1.011) FIAT &#8211; PT MAREA BENZINA (1996-1999) CONDUCCION\u00a0A DERECHA \/ 2000 FIAT &#8211; 1Q MAREA BZ GAMMA&#8217;99 (1999-2002) 2000 20V CF2 [&hellip;]<\/p>\n","protected":false},"featured_media":94029,"template":"","meta":{"_seopress_robots_primary_cat":"","_seopress_titles_title":"","_seopress_titles_desc":"","_seopress_robots_index":""},"product_cat":[48,16,118,20,21,95,98,100,107,111,112,114],"product_tag":[],"class_list":{"0":"post-94028","1":"product","2":"type-product","3":"status-publish","4":"has-post-thumbnail","6":"product_cat-recambios-alfa-romeo-155","7":"product_cat-recambios-alfa-romeo","8":"product_cat-recambios-lancia-delta","9":"product_cat-recambios-fiat","10":"product_cat-recambios-lancia","11":"product_cat-recambios-fiat-marea","12":"product_cat-recambios-fiat-palio","13":"product_cat-recambios-fiat-perla","14":"product_cat-recambios-fiat-siena","15":"product_cat-recambios-fiat-tempra","16":"product_cat-recambios-fiat-tipo","17":"product_cat-recambios-fiat-uno","19":"first","20":"outofstock","21":"taxable","22":"shipping-taxable","23":"purchasable","24":"product-type-simple"},"_links":{"self":[{"href":"https:\/\/galicianparts.com\/shop\/wp-json\/wp\/v2\/product\/94028"}],"collection":[{"href":"https:\/\/galicianparts.com\/shop\/wp-json\/wp\/v2\/product"}],"about":[{"href":"https:\/\/galicianparts.com\/shop\/wp-json\/wp\/v2\/types\/product"}],"wp:featuredmedia":[{"embeddable":true,"href":"https:\/\/galicianparts.com\/shop\/wp-json\/wp\/v2\/media\/94029"}],"wp:attachment":[{"href":"https:\/\/galicianparts.com\/shop\/wp-json\/wp\/v2\/media?parent=94028"}],"wp:term":[{"taxonomy":"product_cat","embeddable":true,"href":"https:\/\/galicianparts.com\/shop\/wp-json\/wp\/v2\/product_cat?post=94028"},{"taxonomy":"product_tag","embeddable":true,"href":"https:\/\/galicianparts.com\/shop\/wp-json\/wp\/v2\/product_tag?post=94028"}],"curies":[{"name":"wp","href":"https:\/\/api.w.org\/{rel}","templated":true}]}}