{"id":94041,"date":"2025-01-31T12:38:13","date_gmt":"2025-01-31T10:38:13","guid":{"rendered":"https:\/\/galicianparts.com\/shop\/producto\/4440367-termostato-fiat-131-124-ritmo-lancia-beta-seat-131-ronda-nuevo-original\/"},"modified":"2025-03-13T11:56:47","modified_gmt":"2025-03-13T09:56:47","slug":"4440367-termostato-fiat-131-124-ritmo-lancia-beta-seat-131-ronda-nuevo-original","status":"publish","type":"product","link":"https:\/\/galicianparts.com\/shop\/producto\/4440367-termostato-fiat-131-124-ritmo-lancia-beta-seat-131-ronda-nuevo-original\/","title":{"rendered":"4440367 Termostato Fiat 131 \/124 \/Ritmo \/Lancia Beta \/Seat 131 \/Ronda NUEVO ORIGINAL"},"content":{"rendered":"<p>Termostato del refrigerante del motor de:<\/p>\n<p>FIAT Ritmo I Cabrio<br \/>\n1.6 100, A\u00f1o 10.1985 &#8211; 12.1987, 1585 ccm, 100 cv<br \/>\nFIAT Ritmo I Hatchback (138)<br \/>\n1.6, A\u00f1o 12.1985 &#8211; 12.1987, 1585 ccm, 90 cv<br \/>\n1.6, A\u00f1o 01.1983 &#8211; 12.1987, 1585 ccm, 100 cv<br \/>\n1.6, A\u00f1o 05.1981 &#8211; 12.1987, 1585 ccm, 105 cv<br \/>\nFIAT 124 Sport Spider (124)<br \/>\n1800 Rally Abarth (CSA), A\u00f1o 10.1972 &#8211; 07.1975, 1756 ccm, 128 cv<br \/>\n1.7 Sport, A\u00f1o 01.1973 &#8211; 07.1975, 1739 ccm, 112 cv<br \/>\n1800 Sport (CS1), A\u00f1o 01.1972 &#8211; 12.1977, 1756 ccm, 118 cv<br \/>\nFIAT 131 Berlina (131)<br \/>\n1.3 Mirafiori (131A), A\u00f1o 10.1974 &#8211; 12.1982, 1297 ccm, 65 cv<br \/>\n1.3 Super Mirafiori, A\u00f1o 03.1978 &#8211; 12.1980, 1297 ccm, 78 cv<br \/>\n1.4 Mirafiori, A\u00f1o 12.1980 &#8211; 01.1984, 1367 ccm, 70 cv<br \/>\n1.4 Super Mirafiori, A\u00f1o 05.1981 &#8211; 12.1983, 1367 ccm, 75 cv<br \/>\n1.6, A\u00f1o 12.1976 &#8211; 12.1984, 1585 ccm, 85 cv<br \/>\n1.6 (131A1), A\u00f1o 10.1974 &#8211; 10.1981, 1585 ccm, 75 cv<br \/>\n1.6 Super, A\u00f1o 03.1978 &#8211; 01.1984, 1585 ccm, 97 cv<br \/>\n1.6 Super Mirafiori, A\u00f1o 03.1979 &#8211; 03.1982, 1585 ccm, 98 cv<br \/>\n2.0 Abarth Rally, A\u00f1o 01.1976 &#8211; 07.1980, 1995 ccm, 140 cv<br \/>\n2.0 Racing, A\u00f1o 07.1978 &#8211; 12.1981, 1995 ccm, 115 cv<br \/>\n2.0 Super, A\u00f1o 01.1981 &#8211; 12.1984, 1995 ccm, 113 cv<br \/>\nFIAT 131 Familiare \/ Panorama (131)<br \/>\n1.3 Mirafiori, A\u00f1o 03.1975 &#8211; 03.1982, 1297 ccm, 65 cv<br \/>\n1.4 Mirafiori, A\u00f1o 12.1981 &#8211; 01.1984, 1367 ccm, 70 cv<br \/>\n1.6, A\u00f1o 12.1980 &#8211; 12.1984, 1585 ccm, 85 cv<br \/>\n1.6 CL, A\u00f1o 03.1975 &#8211; 12.1978, 1585 ccm, 75 cv<br \/>\nFIAT Argenta (132)<br \/>\n1.6, A\u00f1o 05.1981 &#8211; 12.1985, 1585 ccm, 98 cv<br \/>\n1.6 i.e, A\u00f1o 05.1981 &#8211; 12.1985, 1585 ccm, 90 cv<br \/>\n2, A\u00f1o 07.1978 &#8211; 12.1985, 1995 ccm, 113 cv<br \/>\n2.0 i.e., A\u00f1o 07.1981 &#8211; 07.1986, 1995 ccm, 122 cv<br \/>\n2.0 Volumex, A\u00f1o 07.1984 &#8211; 07.1985, 1995 ccm, 135 cv<br \/>\nFIAT 124 Berlina (124)<br \/>\n1600 Special T (124A), A\u00f1o 01.1973 &#8211; 07.1975, 1592 ccm, 95 cv<br \/>\nFIAT 124 Coup\u00e9 (124)<br \/>\n1800 Sport, A\u00f1o 01.1973 &#8211; 03.1976, 1756 ccm, 112 cv<br \/>\n1.8 Sport, A\u00f1o 01.1973 &#8211; 03.1976, 1756 ccm, 118 cv<br \/>\nFIAT 125 Berlina (125)<br \/>\n1.6, A\u00f1o 07.1967 &#8211; 03.1974, 1608 ccm, 90 cv<br \/>\n1.6 (TA), A\u00f1o 10.1968 &#8211; 10.1973, 1608 ccm, 100 cv<br \/>\nFIAT 132 (132_)<br \/>\n1.6, A\u00f1o 05.1977 &#8211; 10.1982, 1585 ccm, 88 cv<br \/>\n1.6, A\u00f1o 03.1977 &#8211; 12.1981, 1585 ccm, 90 cv<br \/>\n1.6, A\u00f1o 01.1976 &#8211; 12.1982, 1585 ccm, 98 cv<br \/>\n1.6, A\u00f1o 05.1972 &#8211; 01.1976, 1592 ccm, 98 cv<br \/>\n1.7 GLS, A\u00f1o 05.1974 &#8211; 12.1975, 1756 ccm, 107 cv<br \/>\n1.7 GLS, A\u00f1o 12.1975 &#8211; 01.1977, 1756 ccm, 112 cv<br \/>\n1.7 Special, A\u00f1o 05.1972 &#8211; 01.1974, 1756 ccm, 105 cv<br \/>\n2.0, A\u00f1o 01.1976 &#8211; 07.1981, 1995 ccm, 113 cv<br \/>\n2.0 i.e., A\u00f1o 01.1980 &#8211; 12.1982, 1995 ccm, 122 cv<br \/>\nABARTH Ritmo (138A_)<br \/>\n130 TC 2.0 (138.A_), A\u00f1o 05.1983 &#8211; 12.1987, 1995 ccm, 130 cv<\/p>\n<p>LANCIA Beta H.P.E. (828)<br \/>\n1.6, A\u00f1o 08.1980 &#8211; 10.1984, 1585 ccm, 101 cv<br \/>\n2000 (828.BF), A\u00f1o 05.1979 &#8211; 10.1984, 1995 ccm, 116 cv<br \/>\n2000 (828.BF), A\u00f1o 05.1976 &#8211; 05.1978, 1995 ccm, 120 cv<br \/>\n2000 i.e. (828BF), A\u00f1o 05.1981 &#8211; 10.1984, 1995 ccm, 122 cv<br \/>\n2000 Volumex (828.BF), A\u00f1o 07.1983 &#8211; 10.1984, 1995 ccm, 135 cv<br \/>\nLANCIA Trevi (828)<br \/>\n1.6, A\u00f1o 05.1980 &#8211; 01.1987, 1585 ccm, 100 cv<br \/>\n2000 i.e. (828DB13), A\u00f1o 05.1980 &#8211; 01.1987, 1995 ccm, 122 cv<br \/>\nLANCIA Prisma (831)<br \/>\n1.6 (831AB), A\u00f1o 08.1986 &#8211; 03.1992, 1585 ccm, 99 cv<br \/>\nLANCIA Beta Coup\u00e9 (828)<br \/>\n1.4 1300, A\u00f1o 12.1981 &#8211; 12.1984, 1367 ccm, 84 cv<br \/>\n1.6, A\u00f1o 05.1976 &#8211; 12.1984, 1585 ccm, 101 cv<br \/>\n2000 (828.BC), A\u00f1o 05.1976 &#8211; 12.1984, 1995 ccm, 120 cv<br \/>\n2000 (828BC_), A\u00f1o 01.1981 &#8211; 12.1984, 1991 ccm, 116 cv<br \/>\n2000 i.e. (828.BC), A\u00f1o 12.1981 &#8211; 12.1984, 1995 ccm, 122 cv<br \/>\n2000 VX (828.BC), A\u00f1o 07.1983 &#8211; 12.1984, 1995 ccm, 135 cv<br \/>\nLANCIA Beta Montecarlo (137)<br \/>\n2.0 (137AS_), A\u00f1o 10.1975 &#8211; 05.1981, 1995 ccm, 120 cv<br \/>\nLANCIA Beta Spider (828) (A\u00f1o 05.1976 &#8211; 10.1986)<br \/>\n1.6, A\u00f1o 05.1976 &#8211; 10.1986, 1585 ccm, 100 cv<br \/>\n2.0, A\u00f1o 05.1979 &#8211; 10.1986, 1995 ccm, 116 cv<br \/>\n2.0, A\u00f1o 05.1976 &#8211; 12.1979, 1995 ccm, 120 cv<br \/>\nLANCIA Beta Hatchback (828)<br \/>\n1.3, A\u00f1o 05.1976 &#8211; 07.1982, 1297 ccm, 83 cv<br \/>\n1.4, A\u00f1o 08.1973 &#8211; 07.1976, 1438 ccm, 90 cv<br \/>\n1.6, A\u00f1o 08.1973 &#8211; 07.1982, 1585 ccm, 101 cv<br \/>\n1.8, A\u00f1o 08.1973 &#8211; 07.1976, 1756 ccm, 110 cv<br \/>\n2.0, A\u00f1o 07.1978 &#8211; 07.1982, 1995 ccm, 115 cv<br \/>\n2.0, A\u00f1o 05.1976 &#8211; 07.1978, 1995 ccm, 120 cv<\/p>\n<p>SEAT Ronda (022A)<br \/>\n1.6, A\u00f1o 08.1983 &#8211; 10.1985, 1592 ccm, 92 cv<br \/>\nSEAT 131 Sed\u00e1n<br \/>\n2.0, A\u00f1o 07.1978 &#8211; 12.1985, 1994 ccm, 116 cv<\/p>\n<p>LA PIEZA ES NUEVA Y ORIGINAL.<\/p>\n","protected":false},"excerpt":{"rendered":"<p>Termostato del refrigerante del motor de: FIAT Ritmo I Cabrio 1.6 100, A\u00f1o 10.1985 &#8211; 12.1987, 1585 ccm, 100 cv FIAT Ritmo I Hatchback (138) 1.6, A\u00f1o 12.1985 &#8211; 12.1987, 1585 ccm, 90 cv 1.6, A\u00f1o 01.1983 &#8211; 12.1987, 1585 ccm, 100 cv 1.6, A\u00f1o 05.1981 &#8211; 12.1987, 1585 ccm, 105 cv FIAT 124 Sport [&hellip;]<\/p>\n","protected":false},"featured_media":94042,"template":"","meta":{"_seopress_robots_primary_cat":"","_seopress_titles_title":"","_seopress_titles_desc":"","_seopress_robots_index":""},"product_cat":[65,66,70,199,71,79,116,20,21,123,103,165,26,225],"product_tag":[],"class_list":{"0":"post-94041","1":"product","2":"type-product","3":"status-publish","4":"has-post-thumbnail","6":"product_cat-recambios-fiat-124","7":"product_cat-recambios-fiat-125","8":"product_cat-recambios-fiat-131","9":"product_cat-recambios-seat-131","10":"product_cat-recambios-fiat-132","11":"product_cat-recambios-fiat-argenta","12":"product_cat-recambios-lancia-beta","13":"product_cat-recambios-fiat","14":"product_cat-recambios-lancia","15":"product_cat-recambios-lancia-prisma","16":"product_cat-recambios-fiat-ritmo","17":"product_cat-recambios-seat-ronda","18":"product_cat-recambios-seat","19":"product_cat-recambios-lancia-trevi","21":"first","22":"outofstock","23":"taxable","24":"shipping-taxable","25":"purchasable","26":"product-type-simple"},"_links":{"self":[{"href":"https:\/\/galicianparts.com\/shop\/wp-json\/wp\/v2\/product\/94041"}],"collection":[{"href":"https:\/\/galicianparts.com\/shop\/wp-json\/wp\/v2\/product"}],"about":[{"href":"https:\/\/galicianparts.com\/shop\/wp-json\/wp\/v2\/types\/product"}],"wp:featuredmedia":[{"embeddable":true,"href":"https:\/\/galicianparts.com\/shop\/wp-json\/wp\/v2\/media\/94042"}],"wp:attachment":[{"href":"https:\/\/galicianparts.com\/shop\/wp-json\/wp\/v2\/media?parent=94041"}],"wp:term":[{"taxonomy":"product_cat","embeddable":true,"href":"https:\/\/galicianparts.com\/shop\/wp-json\/wp\/v2\/product_cat?post=94041"},{"taxonomy":"product_tag","embeddable":true,"href":"https:\/\/galicianparts.com\/shop\/wp-json\/wp\/v2\/product_tag?post=94041"}],"curies":[{"name":"wp","href":"https:\/\/api.w.org\/{rel}","templated":true}]}}