{"id":94083,"date":"2025-02-06T12:08:11","date_gmt":"2025-02-06T10:08:11","guid":{"rendered":"https:\/\/galicianparts.com\/shop\/producto\/10726711-tuerca-m20-alfa-romeo-33-spider-fiat-croma-nueva-original\/"},"modified":"2025-09-05T14:03:26","modified_gmt":"2025-09-05T12:03:26","slug":"10726711-tuerca-m20-alfa-romeo-33-spider-fiat-croma-nueva-original","status":"publish","type":"product","link":"https:\/\/galicianparts.com\/shop\/producto\/10726711-tuerca-m20-alfa-romeo-33-spider-fiat-croma-nueva-original\/","title":{"rendered":"10726711 Tuerca M20 Alfa Romeo 33 \/Spider \/Fiat Croma NUEVA ORIGINAL"},"content":{"rendered":"<p>M\u00e9trica: 20<br \/>\nTuerca de la polea del cig\u00fce\u00f1al de:<br \/>\nALFA ROMEO &#8211; W5 33 CARB.\/DS (1990-1994) 1.2 CARB \/ 1.3 CARB \/ 1.5 CARB<br \/>\nALFA ROMEO &#8211; W7 33 ED.88(1988-1990) 1.2 D.C.95 RON \/ 1.3 D.C.95 RON \/ 1.3 A.S. \/ 1.3 AS-95 RON \/ 1.5 AS \/ 1.5 AS-95RON \/ 1.7 AS \/ 1.7 IE<br \/>\nALFA ROMEO &#8211; W6 33 I.E. 8\/16 VALV. (1990-1994) 1.3 8V USA&#8217;83 \/ 1.5 8V \/ 1.5 8V USA&#8217;83 \/ 1.5 8V USA&#8217;83 \/ 1.7 8V \/ 1.7 8V USA&#8217;83 \/ 1.7 8V USA&#8217;83 \/ 1.4 8V USA 83<\/p>\n<p>Tuerca de la transmisi\u00f3n central de:<br \/>\nALFA ROMEO &#8211; P6 SPIDER EUROPA FL.90 (1990-1993)<br \/>\nALFA ROMEO &#8211; P8 SPIDER FL.USA MY.91-93(1990-1993)<br \/>\nALFA ROMEO &#8211; P8 SPIDER FL.USA MY.91-93(1990-1993) CAMBIO AUTOMATICO<\/p>\n<p>Tuerca del soporte del parachoques delantero de:<br \/>\nFIAT &#8211; MZ CROMA CHT FL.90 (1990-1992)<br \/>\nFIAT &#8211; MY CROMA IE-IE TB. FL.90 (1990-1996)<br \/>\nFIAT &#8211; NQ CROMA IE. 2500 V6 (1993-1996)<br \/>\nFIAT &#8211; MJ CROMA TURBO DS FL.90 (1990-1996)<\/p>\n<p>LA PIEZA ES NUEVA Y ORIGINAL.<\/p>\n","protected":false},"excerpt":{"rendered":"<p>M\u00e9trica: 20 Tuerca de la polea del cig\u00fce\u00f1al de: ALFA ROMEO &#8211; W5 33 CARB.\/DS (1990-1994) 1.2 CARB \/ 1.3 CARB \/ 1.5 CARB ALFA ROMEO &#8211; W7 33 ED.88(1988-1990) 1.2 D.C.95 RON \/ 1.3 D.C.95 RON \/ 1.3 A.S. \/ 1.3 AS-95 RON \/ 1.5 AS \/ 1.5 AS-95RON \/ 1.7 AS \/ 1.7 [&hellip;]<\/p>\n","protected":false},"featured_media":99793,"template":"","meta":{"_seopress_robots_primary_cat":"","_seopress_titles_title":"","_seopress_titles_desc":"","_seopress_robots_index":""},"product_cat":[43,16,86,20,56],"product_tag":[],"class_list":{"0":"post-94083","1":"product","2":"type-product","3":"status-publish","4":"has-post-thumbnail","6":"product_cat-recambios-alfa-romeo-33","7":"product_cat-recambios-alfa-romeo","8":"product_cat-recambios-fiat-croma","9":"product_cat-recambios-fiat","10":"product_cat-recambios-alfa-romeo-spider","12":"first","13":"instock","14":"taxable","15":"shipping-taxable","16":"purchasable","17":"product-type-simple"},"_links":{"self":[{"href":"https:\/\/galicianparts.com\/shop\/wp-json\/wp\/v2\/product\/94083"}],"collection":[{"href":"https:\/\/galicianparts.com\/shop\/wp-json\/wp\/v2\/product"}],"about":[{"href":"https:\/\/galicianparts.com\/shop\/wp-json\/wp\/v2\/types\/product"}],"wp:featuredmedia":[{"embeddable":true,"href":"https:\/\/galicianparts.com\/shop\/wp-json\/wp\/v2\/media\/99793"}],"wp:attachment":[{"href":"https:\/\/galicianparts.com\/shop\/wp-json\/wp\/v2\/media?parent=94083"}],"wp:term":[{"taxonomy":"product_cat","embeddable":true,"href":"https:\/\/galicianparts.com\/shop\/wp-json\/wp\/v2\/product_cat?post=94083"},{"taxonomy":"product_tag","embeddable":true,"href":"https:\/\/galicianparts.com\/shop\/wp-json\/wp\/v2\/product_tag?post=94083"}],"curies":[{"name":"wp","href":"https:\/\/api.w.org\/{rel}","templated":true}]}}