{"id":94177,"date":"2025-02-12T11:44:14","date_gmt":"2025-02-12T09:44:14","guid":{"rendered":"https:\/\/galicianparts.com\/shop\/producto\/5957818-barra-palier-transmision-izquierda-fiat-ritmo-regata-nueva-original\/"},"modified":"2025-02-12T11:53:01","modified_gmt":"2025-02-12T09:53:01","slug":"5957818-barra-palier-transmision-izquierda-fiat-ritmo-regata-nueva-original","status":"publish","type":"product","link":"https:\/\/galicianparts.com\/shop\/producto\/5957818-barra-palier-transmision-izquierda-fiat-ritmo-regata-nueva-original\/","title":{"rendered":"5957818 Barra palier transmisi\u00f3n izquierda Fiat Ritmo \/Regata NUEVA ORIGINAL"},"content":{"rendered":"<p>Semieje, barra del palier izquierdo de la transmisi\u00f3n de:<br \/>\nLargo: 494mm<br \/>\nDi\u00e1metro cabezas: 22mm<br \/>\nN\u00famero de dientes: 20<br \/>\nFIAT \u2013 NUOVA RITMO 1100 \/ 1300 \/ 1500<br \/>\nFIAT \u2013 NUOVA RITMO SUPER 1300 \/ 1500<br \/>\nFIAT \u2013 REGATA 1300 \/ 1500<\/p>\n<p>LA PIEZA ES NUEVA Y ORIGINAL.<\/p>\n","protected":false},"excerpt":{"rendered":"<p>Semieje, barra del palier izquierdo de la transmisi\u00f3n de: Largo: 494mm Di\u00e1metro cabezas: 22mm N\u00famero de dientes: 20 FIAT \u2013 NUOVA RITMO 1100 \/ 1300 \/ 1500 FIAT \u2013 NUOVA RITMO SUPER 1300 \/ 1500 FIAT \u2013 REGATA 1300 \/ 1500 LA PIEZA ES NUEVA Y ORIGINAL.<\/p>\n","protected":false},"featured_media":94182,"template":"","meta":{"_seopress_robots_primary_cat":"","_seopress_titles_title":"","_seopress_titles_desc":"","_seopress_robots_index":""},"product_cat":[15],"product_tag":[],"class_list":{"0":"post-94177","1":"product","2":"type-product","3":"status-publish","4":"has-post-thumbnail","6":"product_cat-sin-categorizar","8":"first","9":"instock","10":"taxable","11":"shipping-taxable","12":"purchasable","13":"product-type-simple"},"_links":{"self":[{"href":"https:\/\/galicianparts.com\/shop\/wp-json\/wp\/v2\/product\/94177"}],"collection":[{"href":"https:\/\/galicianparts.com\/shop\/wp-json\/wp\/v2\/product"}],"about":[{"href":"https:\/\/galicianparts.com\/shop\/wp-json\/wp\/v2\/types\/product"}],"wp:featuredmedia":[{"embeddable":true,"href":"https:\/\/galicianparts.com\/shop\/wp-json\/wp\/v2\/media\/94182"}],"wp:attachment":[{"href":"https:\/\/galicianparts.com\/shop\/wp-json\/wp\/v2\/media?parent=94177"}],"wp:term":[{"taxonomy":"product_cat","embeddable":true,"href":"https:\/\/galicianparts.com\/shop\/wp-json\/wp\/v2\/product_cat?post=94177"},{"taxonomy":"product_tag","embeddable":true,"href":"https:\/\/galicianparts.com\/shop\/wp-json\/wp\/v2\/product_tag?post=94177"}],"curies":[{"name":"wp","href":"https:\/\/api.w.org\/{rel}","templated":true}]}}