{"id":94184,"date":"2025-02-12T12:15:59","date_gmt":"2025-02-12T10:15:59","guid":{"rendered":"https:\/\/galicianparts.com\/shop\/producto\/46255558-pina-volante-deportivo-fiat-uno-nueva-original-lineaccessori\/"},"modified":"2026-02-04T16:40:45","modified_gmt":"2026-02-04T14:40:45","slug":"46255558-pina-volante-deportivo-fiat-uno-nueva-original-lineaccessori","status":"publish","type":"product","link":"https:\/\/galicianparts.com\/shop\/producto\/46255558-pina-volante-deportivo-fiat-uno-nueva-original-lineaccessori\/","title":{"rendered":"46255558 Pi\u00f1a volante deportivo Fiat Uno NUEVA ORIGINAL LINEACCESSORI"},"content":{"rendered":"<p>Cubo, buje de anclaje del volante deportivo de:<br \/>\nDi\u00e1metro exterior: 108 mm<br \/>\nDi\u00e1metro interior: 90 mm<br \/>\nN\u00famero de diente estriado: 37<\/p>\n<p>FIAT UNO (1989-1995)<\/p>\n<p>LA PIEZA ES NUEVA Y ORIGINAL Y FIAT LINEACCESSORI.<\/p>\n","protected":false},"excerpt":{"rendered":"<p>Cubo, buje de anclaje del volante deportivo de: Di\u00e1metro exterior: 108 mm Di\u00e1metro interior: 90 mm N\u00famero de diente estriado: 37 FIAT UNO (1989-1995) LA PIEZA ES NUEVA Y ORIGINAL Y FIAT LINEACCESSORI.<\/p>\n","protected":false},"featured_media":94186,"template":"","meta":{"_seopress_robots_primary_cat":"","_seopress_titles_title":"","_seopress_titles_desc":"","_seopress_robots_index":""},"product_cat":[20,114],"product_tag":[],"class_list":{"0":"post-94184","1":"product","2":"type-product","3":"status-publish","4":"has-post-thumbnail","6":"product_cat-recambios-fiat","7":"product_cat-recambios-fiat-uno","9":"first","10":"outofstock","11":"taxable","12":"shipping-taxable","13":"purchasable","14":"product-type-simple"},"_links":{"self":[{"href":"https:\/\/galicianparts.com\/shop\/wp-json\/wp\/v2\/product\/94184"}],"collection":[{"href":"https:\/\/galicianparts.com\/shop\/wp-json\/wp\/v2\/product"}],"about":[{"href":"https:\/\/galicianparts.com\/shop\/wp-json\/wp\/v2\/types\/product"}],"wp:featuredmedia":[{"embeddable":true,"href":"https:\/\/galicianparts.com\/shop\/wp-json\/wp\/v2\/media\/94186"}],"wp:attachment":[{"href":"https:\/\/galicianparts.com\/shop\/wp-json\/wp\/v2\/media?parent=94184"}],"wp:term":[{"taxonomy":"product_cat","embeddable":true,"href":"https:\/\/galicianparts.com\/shop\/wp-json\/wp\/v2\/product_cat?post=94184"},{"taxonomy":"product_tag","embeddable":true,"href":"https:\/\/galicianparts.com\/shop\/wp-json\/wp\/v2\/product_tag?post=94184"}],"curies":[{"name":"wp","href":"https:\/\/api.w.org\/{rel}","templated":true}]}}