{"id":94244,"date":"2025-02-14T11:16:24","date_gmt":"2025-02-14T09:16:24","guid":{"rendered":"https:\/\/galicianparts.com\/shop\/producto\/4733349-valvula-escape-m-2-0-2-5-d-fiat-131-132-ducato-82-90-argenta-nueva-original\/"},"modified":"2025-08-22T12:33:53","modified_gmt":"2025-08-22T10:33:53","slug":"4733349-valvula-escape-m-2-0-2-5-d-fiat-131-132-ducato-82-90-argenta-nueva-original","status":"publish","type":"product","link":"https:\/\/galicianparts.com\/shop\/producto\/4733349-valvula-escape-m-2-0-2-5-d-fiat-131-132-ducato-82-90-argenta-nueva-original\/","title":{"rendered":"4733349 V\u00e1lvula escape M 2.0-2.5 D Fiat 131 \/132 \/Ducato (82-90) \/Argenta NUEVA ORIGINAL"},"content":{"rendered":"<p>V\u00e1lvula de escape del motor de:<br \/>\nDi\u00e1metro plato v\u00e1lvula: 33 mm<br \/>\nDi\u00e1metro v\u00e1stago v\u00e1lvula: 8 mm<br \/>\nLongitud: 122 mm<br \/>\n\u00c1ngulo asiento v\u00e1lvula: 45\u00ba<\/p>\n<p>FIAT 131 Berlina (131)<br \/>\n2.0 D, A\u00f1o 03.1978 &#8211; 03.1987, 1995 ccm, 60 cv<br \/>\n2.5 D, A\u00f1o 06.1978 &#8211; 02.1984, 2445 ccm, 72 cv<br \/>\nFIAT 131 Familiare \/ Panorama (131)<br \/>\n2.0 D, A\u00f1o 07.1978 &#8211; 08.1984, 1995 ccm, 60 cv<br \/>\n2.5 S\u00faper di\u00e9sel, A\u00f1o 03.1979 &#8211; 12.1984, 2445 ccm, 72 cv<br \/>\nFIAT Argenta (132)<br \/>\n2.5 Di\u00e9sel, A\u00f1o 06.1981 &#8211; 11.1985, 2445 ccm, 72 cv<br \/>\nFIAT Ducato I (280)<br \/>\n2.4 D, A\u00f1o 01.1982 &#8211; 08.1990, 2428 ccm, 72 cv<br \/>\n2.5 D 4&#215;4, A\u00f1o 09.1986 &#8211; 05.1990, 2445 ccm, 75 cv<br \/>\nFIAT 132 (132_)<br \/>\n2.0 D, A\u00f1o 07.1978 &#8211; 07.1982, 1995 ccm, 60 cv<br \/>\n2.5 D, A\u00f1o 07.1978 &#8211; 07.1982, 2445 ccm, 72 cv<br \/>\nFIAT Campagnola 2.4 DIESEL<\/p>\n<p>LA PIEZA ES NUEVA Y ORIGINAL.<\/p>\n","protected":false},"excerpt":{"rendered":"<p>V\u00e1lvula de escape del motor de: Di\u00e1metro plato v\u00e1lvula: 33 mm Di\u00e1metro v\u00e1stago v\u00e1lvula: 8 mm Longitud: 122 mm \u00c1ngulo asiento v\u00e1lvula: 45\u00ba FIAT 131 Berlina (131) 2.0 D, A\u00f1o 03.1978 &#8211; 03.1987, 1995 ccm, 60 cv 2.5 D, A\u00f1o 06.1978 &#8211; 02.1984, 2445 ccm, 72 cv FIAT 131 Familiare \/ Panorama (131) 2.0 D, [&hellip;]<\/p>\n","protected":false},"featured_media":94252,"template":"","meta":{"_seopress_robots_primary_cat":"","_seopress_titles_title":"","_seopress_titles_desc":"","_seopress_robots_index":""},"product_cat":[70,71,79,83,88,20],"product_tag":[],"class_list":{"0":"post-94244","1":"product","2":"type-product","3":"status-publish","4":"has-post-thumbnail","6":"product_cat-recambios-fiat-131","7":"product_cat-recambios-fiat-132","8":"product_cat-recambios-fiat-argenta","9":"product_cat-recambios-fiat-campagnola","10":"product_cat-recambios-fiat-ducato","11":"product_cat-recambios-fiat","13":"first","14":"instock","15":"taxable","16":"shipping-taxable","17":"purchasable","18":"product-type-simple"},"_links":{"self":[{"href":"https:\/\/galicianparts.com\/shop\/wp-json\/wp\/v2\/product\/94244"}],"collection":[{"href":"https:\/\/galicianparts.com\/shop\/wp-json\/wp\/v2\/product"}],"about":[{"href":"https:\/\/galicianparts.com\/shop\/wp-json\/wp\/v2\/types\/product"}],"wp:featuredmedia":[{"embeddable":true,"href":"https:\/\/galicianparts.com\/shop\/wp-json\/wp\/v2\/media\/94252"}],"wp:attachment":[{"href":"https:\/\/galicianparts.com\/shop\/wp-json\/wp\/v2\/media?parent=94244"}],"wp:term":[{"taxonomy":"product_cat","embeddable":true,"href":"https:\/\/galicianparts.com\/shop\/wp-json\/wp\/v2\/product_cat?post=94244"},{"taxonomy":"product_tag","embeddable":true,"href":"https:\/\/galicianparts.com\/shop\/wp-json\/wp\/v2\/product_tag?post=94244"}],"curies":[{"name":"wp","href":"https:\/\/api.w.org\/{rel}","templated":true}]}}