{"id":94262,"date":"2025-02-14T12:56:24","date_gmt":"2025-02-14T10:56:24","guid":{"rendered":"https:\/\/galicianparts.com\/shop\/producto\/7765148-polea-bomba-direccion-lancia-delta-ii-1-8-16v-fiat-bravo-nueva-original\/"},"modified":"2025-02-14T13:06:47","modified_gmt":"2025-02-14T11:06:47","slug":"7765148-polea-bomba-direccion-lancia-delta-ii-1-8-16v-fiat-bravo-nueva-original","status":"publish","type":"product","link":"https:\/\/galicianparts.com\/shop\/producto\/7765148-polea-bomba-direccion-lancia-delta-ii-1-8-16v-fiat-bravo-nueva-original\/","title":{"rendered":"7765148 Polea bomba direcci\u00f3n Lancia Delta II 1.8 16V \/Fiat Bravo NUEVA ORIGINAL"},"content":{"rendered":"<p>Polea de la bomba de servodirecci\u00f3n, de la correa de instrumentos, auxiliar de:<br \/>\nDi\u00e1metro exterior: 129mm<br \/>\nDi\u00e1metro interior: 29mm<br \/>\nAncho correa: 22mm<\/p>\n<p>FIAT &#8211; 1U BRAVO (1995-1998) AIRE ACONDICIONADO \/ 1370 SPI 12V 80CV \/ 1370 SPI 12V 75CV<br \/>\nFIAT &#8211; 1U BRAVO (1995-1998) 1910 TB\/DS 100CV \/ 1910 TB\/DS 75CV<br \/>\nLANCIA &#8211; SG N.DELTA (&#8217;93-&#8217;99) 1750 16V 132CV<\/p>\n<p>LA PIEZA ES NUEVA Y ORIGINAL.<\/p>\n","protected":false},"excerpt":{"rendered":"<p>Polea de la bomba de servodirecci\u00f3n, de la correa de instrumentos, auxiliar de: Di\u00e1metro exterior: 129mm Di\u00e1metro interior: 29mm Ancho correa: 22mm FIAT &#8211; 1U BRAVO (1995-1998) AIRE ACONDICIONADO \/ 1370 SPI 12V 80CV \/ 1370 SPI 12V 75CV FIAT &#8211; 1U BRAVO (1995-1998) 1910 TB\/DS 100CV \/ 1910 TB\/DS 75CV LANCIA &#8211; SG N.DELTA [&hellip;]<\/p>\n","protected":false},"featured_media":94263,"template":"","meta":{"_seopress_robots_primary_cat":"","_seopress_titles_title":"","_seopress_titles_desc":"","_seopress_robots_index":""},"product_cat":[82,118,20,21],"product_tag":[],"class_list":{"0":"post-94262","1":"product","2":"type-product","3":"status-publish","4":"has-post-thumbnail","6":"product_cat-recambios-fiat-bravo","7":"product_cat-recambios-lancia-delta","8":"product_cat-recambios-fiat","9":"product_cat-recambios-lancia","11":"first","12":"instock","13":"taxable","14":"shipping-taxable","15":"purchasable","16":"product-type-simple"},"_links":{"self":[{"href":"https:\/\/galicianparts.com\/shop\/wp-json\/wp\/v2\/product\/94262"}],"collection":[{"href":"https:\/\/galicianparts.com\/shop\/wp-json\/wp\/v2\/product"}],"about":[{"href":"https:\/\/galicianparts.com\/shop\/wp-json\/wp\/v2\/types\/product"}],"wp:featuredmedia":[{"embeddable":true,"href":"https:\/\/galicianparts.com\/shop\/wp-json\/wp\/v2\/media\/94263"}],"wp:attachment":[{"href":"https:\/\/galicianparts.com\/shop\/wp-json\/wp\/v2\/media?parent=94262"}],"wp:term":[{"taxonomy":"product_cat","embeddable":true,"href":"https:\/\/galicianparts.com\/shop\/wp-json\/wp\/v2\/product_cat?post=94262"},{"taxonomy":"product_tag","embeddable":true,"href":"https:\/\/galicianparts.com\/shop\/wp-json\/wp\/v2\/product_tag?post=94262"}],"curies":[{"name":"wp","href":"https:\/\/api.w.org\/{rel}","templated":true}]}}