{"id":9430,"date":"2020-11-30T20:35:23","date_gmt":"2020-11-30T18:35:23","guid":{"rendered":"https:\/\/galicianparts.com\/shop\/producto\/7687459-valvula-admision-lancia-thema-2000-turbo-1992-1994-nueva-original\/"},"modified":"2023-10-18T10:50:45","modified_gmt":"2023-10-18T08:50:45","slug":"7687459-valvula-admision-lancia-thema-2000-turbo-1992-1994-nueva-original","status":"publish","type":"product","link":"https:\/\/galicianparts.com\/shop\/producto\/7687459-valvula-admision-lancia-thema-2000-turbo-1992-1994-nueva-original\/","title":{"rendered":"7687459 V\u00e1lvula admisi\u00f3n Lancia Thema 2.0 Turbo (1992-1994) NUEVA ORIGINAL"},"content":{"rendered":"<p>V\u00e1lvula de admisi\u00f3n del motor de:<br \/>\nLongitud: 128 mm<br \/>\nDi\u00e1metro plato: 27,5 mm<br \/>\nDi\u00e1metro v\u00e1stago: 7 mm<\/p>\n<p>LANCIA &#8211; SB THEMA IE. 16V FL.92 (1992-1994) 2000 TB.<\/p>\n<p>LA PIEZA ES NUEVA Y ORIGINAL.<\/p>\n","protected":false},"excerpt":{"rendered":"<p>V\u00e1lvula de admisi\u00f3n del motor de: Longitud: 128 mm Di\u00e1metro plato: 27,5 mm Di\u00e1metro v\u00e1stago: 7 mm LANCIA &#8211; SB THEMA IE. 16V FL.92 (1992-1994) 2000 TB. LA PIEZA ES NUEVA Y ORIGINAL.<\/p>\n","protected":false},"featured_media":79428,"template":"","meta":{"_seopress_robots_primary_cat":"","_seopress_titles_title":"","_seopress_titles_desc":"","_seopress_robots_index":""},"product_cat":[21,124],"product_tag":[],"class_list":{"0":"post-9430","1":"product","2":"type-product","3":"status-publish","4":"has-post-thumbnail","6":"product_cat-recambios-lancia","7":"product_cat-recambios-lancia-thema","9":"first","10":"instock","11":"taxable","12":"shipping-taxable","13":"purchasable","14":"product-type-simple"},"_links":{"self":[{"href":"https:\/\/galicianparts.com\/shop\/wp-json\/wp\/v2\/product\/9430"}],"collection":[{"href":"https:\/\/galicianparts.com\/shop\/wp-json\/wp\/v2\/product"}],"about":[{"href":"https:\/\/galicianparts.com\/shop\/wp-json\/wp\/v2\/types\/product"}],"wp:featuredmedia":[{"embeddable":true,"href":"https:\/\/galicianparts.com\/shop\/wp-json\/wp\/v2\/media\/79428"}],"wp:attachment":[{"href":"https:\/\/galicianparts.com\/shop\/wp-json\/wp\/v2\/media?parent=9430"}],"wp:term":[{"taxonomy":"product_cat","embeddable":true,"href":"https:\/\/galicianparts.com\/shop\/wp-json\/wp\/v2\/product_cat?post=9430"},{"taxonomy":"product_tag","embeddable":true,"href":"https:\/\/galicianparts.com\/shop\/wp-json\/wp\/v2\/product_tag?post=9430"}],"curies":[{"name":"wp","href":"https:\/\/api.w.org\/{rel}","templated":true}]}}