{"id":94307,"date":"2025-02-18T11:19:26","date_gmt":"2025-02-18T09:19:26","guid":{"rendered":"https:\/\/galicianparts.com\/shop\/producto\/5984093-filtro-gasolina-fiat-panda-uno-fiorino-nuevo-original\/"},"modified":"2025-10-27T12:56:08","modified_gmt":"2025-10-27T10:56:08","slug":"5984093-filtro-gasolina-fiat-panda-uno-fiorino-nuevo-original","status":"publish","type":"product","link":"https:\/\/galicianparts.com\/shop\/producto\/5984093-filtro-gasolina-fiat-panda-uno-fiorino-nuevo-original\/","title":{"rendered":"5984093 Filtro gasolina Fiat Panda \/Uno \/Fiorino NUEVO ORIGINAL"},"content":{"rendered":"<p>Filtro de combustible de:<br \/>\nLargo total: 168 mm<br \/>\nDi\u00e1metro: 58mm<br \/>\nDi\u00e1metro entrada: 8mm<br \/>\nDi\u00e1metro salida: 8mm<\/p>\n<p>FIAT &#8211; XP ELBA CSL (1991-1996) 1500 SPI USA&#8217;83<br \/>\nFIAT &#8211; LV PANDA 4X2 RL\/86(1985-1991) 1000 SPI USA&#8217;83 \/ 1100 SPI USA&#8217;83 C.A.<br \/>\nFIAT &#8211; 2R PANDA 4X4 R\/86 (1985-1991) 1000 SPI USA 83<br \/>\nFIAT &#8211; MS UNO R\/89 1370-1.5 (1989-1995) 1370 SPI \/ 1370 SPI USA&#8217;83 \/ 1500 SPI USA&#8217;83<br \/>\nFIAT PROFESSIONAL &#8211; 2M FIORINO (1991-1993) 1500 SPI USA&#8217;83<br \/>\nFIAT PROFESSIONAL &#8211; 2M FIORINO (1991-1993) APARATO ANTIEVAPORACION \/ 1500 SPI USA&#8217;83<\/p>\n<p>LA PIEZA ES NUEVA Y ORIGINAL.<\/p>\n","protected":false},"excerpt":{"rendered":"<p>Filtro de combustible de: Largo total: 168 mm Di\u00e1metro: 58mm Di\u00e1metro entrada: 8mm Di\u00e1metro salida: 8mm FIAT &#8211; XP ELBA CSL (1991-1996) 1500 SPI USA&#8217;83 FIAT &#8211; LV PANDA 4X2 RL\/86(1985-1991) 1000 SPI USA&#8217;83 \/ 1100 SPI USA&#8217;83 C.A. FIAT &#8211; 2R PANDA 4X4 R\/86 (1985-1991) 1000 SPI USA 83 FIAT &#8211; MS UNO R\/89 [&hellip;]<\/p>\n","protected":false},"featured_media":94309,"template":"","meta":{"_seopress_robots_primary_cat":"","_seopress_titles_title":"","_seopress_titles_desc":"","_seopress_robots_index":""},"product_cat":[90,20,91,99,114],"product_tag":[],"class_list":{"0":"post-94307","1":"product","2":"type-product","3":"status-publish","4":"has-post-thumbnail","6":"product_cat-recambios-fiat-elba","7":"product_cat-recambios-fiat","8":"product_cat-recambios-fiat-fiorino","9":"product_cat-recambios-fiat-panda","10":"product_cat-recambios-fiat-uno","12":"first","13":"outofstock","14":"taxable","15":"shipping-taxable","16":"purchasable","17":"product-type-simple"},"_links":{"self":[{"href":"https:\/\/galicianparts.com\/shop\/wp-json\/wp\/v2\/product\/94307"}],"collection":[{"href":"https:\/\/galicianparts.com\/shop\/wp-json\/wp\/v2\/product"}],"about":[{"href":"https:\/\/galicianparts.com\/shop\/wp-json\/wp\/v2\/types\/product"}],"wp:featuredmedia":[{"embeddable":true,"href":"https:\/\/galicianparts.com\/shop\/wp-json\/wp\/v2\/media\/94309"}],"wp:attachment":[{"href":"https:\/\/galicianparts.com\/shop\/wp-json\/wp\/v2\/media?parent=94307"}],"wp:term":[{"taxonomy":"product_cat","embeddable":true,"href":"https:\/\/galicianparts.com\/shop\/wp-json\/wp\/v2\/product_cat?post=94307"},{"taxonomy":"product_tag","embeddable":true,"href":"https:\/\/galicianparts.com\/shop\/wp-json\/wp\/v2\/product_tag?post=94307"}],"curies":[{"name":"wp","href":"https:\/\/api.w.org\/{rel}","templated":true}]}}