{"id":94313,"date":"2025-02-18T12:05:38","date_gmt":"2025-02-18T10:05:38","guid":{"rendered":"https:\/\/galicianparts.com\/shop\/producto\/7303336-tornillo-m10-tapa-carter-fiat-ducato-2-5-2-8-d-td-90-06-citroen-peugeot-original\/"},"modified":"2025-02-20T11:00:49","modified_gmt":"2025-02-20T09:00:49","slug":"7303336-tornillo-m10-tapa-carter-fiat-ducato-2-5-2-8-d-td-90-06-citroen-peugeot-original","status":"publish","type":"product","link":"https:\/\/galicianparts.com\/shop\/producto\/7303336-tornillo-m10-tapa-carter-fiat-ducato-2-5-2-8-d-td-90-06-citroen-peugeot-original\/","title":{"rendered":"7303336 Tornillo M10 tapa c\u00e1rter Fiat Ducato 2.5-2.8 D\/TD (90-06) Citro\u00ebn \/Peugeot ORIGINAL"},"content":{"rendered":"<p>Esp\u00e1rrago de la tapa lateral del c\u00e1rter del motor de:<br \/>\nM\u00e9trica: 10<br \/>\nLargo total: 53mm<\/p>\n<p>FIAT PROFESSIONAL &#8211; ND DUCATO 4X4 R.90 (1990-1994) 2500 DIESEL \/ 2500 TURBO DIESEL<br \/>\nFIAT PROFESSIONAL &#8211; 2E DUCATO RESTYL. BZ\/DS (2001-2006) 2800 JTD \/ 2800 JTD EGR \/ 2800\u00a0JTD\u00a0CGV<br \/>\nFIAT PROFESSIONAL &#8211; 2E DUCATO RESTYL. BZ\/DS (2001-2006) 2800 TD \/ 2800 TD EGR<br \/>\nFIAT PROFESSIONAL &#8211; PE DUCATO&#8217;94 DIESEL (1994-2002) 2500 DS \/ 2500 TD \/ 2500 TD EGR \/ 2500 TD ECO \/ 2800 TD \/ 2800 TD EGR \/ 2800 ASP.<br \/>\nFIAT PROFESSIONAL &#8211; PE DUCATO&#8217;94 DIESEL (1994-2002) 2800 JTD \/ 2800 JTD EGR<br \/>\nFIAT PROFESSIONAL &#8211; NA NUOVO DUCATO DS.R.90 (1990-1994) 2500 \/ 2500 TURBO<br \/>\nCITROEN C25 2.5 D \/ TD<br \/>\nCITROEN JUMPER 2.5 D \/ 2.5 TD \/ 2.8 D \/ 2.8 TD<br \/>\nPEUGEOT J5 2.5 D \/ TD<br \/>\nPEUGEOT BOXER  2.5 D \/ 2.5 TD \/ 2.8 D \/ 2.8 TD<\/p>\n<p>LA PIEZA ES NUEVA Y ORIGINAL.<\/p>\n","protected":false},"excerpt":{"rendered":"<p>Esp\u00e1rrago de la tapa lateral del c\u00e1rter del motor de: M\u00e9trica: 10 Largo total: 53mm FIAT PROFESSIONAL &#8211; ND DUCATO 4X4 R.90 (1990-1994) 2500 DIESEL \/ 2500 TURBO DIESEL FIAT PROFESSIONAL &#8211; 2E DUCATO RESTYL. BZ\/DS (2001-2006) 2800 JTD \/ 2800 JTD EGR \/ 2800\u00a0JTD\u00a0CGV FIAT PROFESSIONAL &#8211; 2E DUCATO RESTYL. BZ\/DS (2001-2006) 2800 TD [&hellip;]<\/p>\n","protected":false},"featured_media":94314,"template":"","meta":{"_seopress_robots_primary_cat":"","_seopress_titles_title":"","_seopress_titles_desc":"","_seopress_robots_index":""},"product_cat":[155,132,23,88,20,157,137,24],"product_tag":[],"class_list":{"0":"post-94313","1":"product","2":"type-product","3":"status-publish","4":"has-post-thumbnail","6":"product_cat-recambios-peugeot-boxer","7":"product_cat-recambios-citroen-c25","8":"product_cat-recambios-citroen","9":"product_cat-recambios-fiat-ducato","10":"product_cat-recambios-fiat","11":"product_cat-recambios-peugeot-j5","12":"product_cat-recambios-citroen-jumper","13":"product_cat-recambios-peugeot","15":"first","16":"instock","17":"taxable","18":"shipping-taxable","19":"purchasable","20":"product-type-simple"},"_links":{"self":[{"href":"https:\/\/galicianparts.com\/shop\/wp-json\/wp\/v2\/product\/94313"}],"collection":[{"href":"https:\/\/galicianparts.com\/shop\/wp-json\/wp\/v2\/product"}],"about":[{"href":"https:\/\/galicianparts.com\/shop\/wp-json\/wp\/v2\/types\/product"}],"wp:featuredmedia":[{"embeddable":true,"href":"https:\/\/galicianparts.com\/shop\/wp-json\/wp\/v2\/media\/94314"}],"wp:attachment":[{"href":"https:\/\/galicianparts.com\/shop\/wp-json\/wp\/v2\/media?parent=94313"}],"wp:term":[{"taxonomy":"product_cat","embeddable":true,"href":"https:\/\/galicianparts.com\/shop\/wp-json\/wp\/v2\/product_cat?post=94313"},{"taxonomy":"product_tag","embeddable":true,"href":"https:\/\/galicianparts.com\/shop\/wp-json\/wp\/v2\/product_tag?post=94313"}],"curies":[{"name":"wp","href":"https:\/\/api.w.org\/{rel}","templated":true}]}}