{"id":94319,"date":"2025-02-18T12:28:57","date_gmt":"2025-02-18T10:28:57","guid":{"rendered":"https:\/\/galicianparts.com\/shop\/producto\/7605193-polea-arbol-levas-m-1-9-td-lancia-delta-ii-dedra-fiat-tempra-nuevo-original\/"},"modified":"2025-06-16T11:07:29","modified_gmt":"2025-06-16T09:07:29","slug":"7605193-polea-arbol-levas-m-1-9-td-lancia-delta-ii-dedra-fiat-tempra-nuevo-original","status":"publish","type":"product","link":"https:\/\/galicianparts.com\/shop\/producto\/7605193-polea-arbol-levas-m-1-9-td-lancia-delta-ii-dedra-fiat-tempra-nuevo-original\/","title":{"rendered":"7605193 Polea \u00e1rbol levas M 1.9 TD Lancia Delta II \/Dedra \/Fiat Tempra NUEVO ORIGINAL"},"content":{"rendered":"<p>Pi\u00f1\u00f3n, engranaje superior de la correa de la distribuci\u00f3n de:<br \/>\nDientes: 50<br \/>\nDi\u00e1metro: 125,7mm<br \/>\nDi\u00e1metro interior: 12.5mm<br \/>\nEspesor: 30mm<\/p>\n<p>FIAT &#8211; NJ TEMPRA MQ.93 TD (1993-1996) 1930 TURBO \/ 1930 TURBO USA&#8217;87-CF2<br \/>\nLANCIA &#8211; SN DEDRA FL.94 T.DS (1994-1999)<br \/>\nLANCIA &#8211; SQ N.DELTA TB\/DS (1994-1999)<\/p>\n<p>LA PIEZA ES NUEVA Y ORIGINAL.<\/p>\n","protected":false},"excerpt":{"rendered":"<p>Pi\u00f1\u00f3n, engranaje superior de la correa de la distribuci\u00f3n de: Dientes: 50 Di\u00e1metro: 125,7mm Di\u00e1metro interior: 12.5mm Espesor: 30mm FIAT &#8211; NJ TEMPRA MQ.93 TD (1993-1996) 1930 TURBO \/ 1930 TURBO USA&#8217;87-CF2 LANCIA &#8211; SN DEDRA FL.94 T.DS (1994-1999) LANCIA &#8211; SQ N.DELTA TB\/DS (1994-1999) LA PIEZA ES NUEVA Y ORIGINAL.<\/p>\n","protected":false},"featured_media":94320,"template":"","meta":{"_seopress_robots_primary_cat":"","_seopress_titles_title":"","_seopress_titles_desc":"","_seopress_robots_index":""},"product_cat":[117,118,20,21,111],"product_tag":[],"class_list":{"0":"post-94319","1":"product","2":"type-product","3":"status-publish","4":"has-post-thumbnail","6":"product_cat-recambios-lancia-dedra","7":"product_cat-recambios-lancia-delta","8":"product_cat-recambios-fiat","9":"product_cat-recambios-lancia","10":"product_cat-recambios-fiat-tempra","12":"first","13":"outofstock","14":"taxable","15":"shipping-taxable","16":"purchasable","17":"product-type-simple"},"_links":{"self":[{"href":"https:\/\/galicianparts.com\/shop\/wp-json\/wp\/v2\/product\/94319"}],"collection":[{"href":"https:\/\/galicianparts.com\/shop\/wp-json\/wp\/v2\/product"}],"about":[{"href":"https:\/\/galicianparts.com\/shop\/wp-json\/wp\/v2\/types\/product"}],"wp:featuredmedia":[{"embeddable":true,"href":"https:\/\/galicianparts.com\/shop\/wp-json\/wp\/v2\/media\/94320"}],"wp:attachment":[{"href":"https:\/\/galicianparts.com\/shop\/wp-json\/wp\/v2\/media?parent=94319"}],"wp:term":[{"taxonomy":"product_cat","embeddable":true,"href":"https:\/\/galicianparts.com\/shop\/wp-json\/wp\/v2\/product_cat?post=94319"},{"taxonomy":"product_tag","embeddable":true,"href":"https:\/\/galicianparts.com\/shop\/wp-json\/wp\/v2\/product_tag?post=94319"}],"curies":[{"name":"wp","href":"https:\/\/api.w.org\/{rel}","templated":true}]}}