{"id":94474,"date":"2025-02-21T11:46:44","date_gmt":"2025-02-21T09:46:44","guid":{"rendered":"https:\/\/galicianparts.com\/shop\/producto\/5950583-guardapolvo-mangueta-delantera-fiat-uno-1989-1997-nuevo-original\/"},"modified":"2025-02-21T15:04:58","modified_gmt":"2025-02-21T13:04:58","slug":"5950583-guardapolvo-mangueta-delantera-fiat-uno-1989-1997-nuevo-original","status":"publish","type":"product","link":"https:\/\/galicianparts.com\/shop\/producto\/5950583-guardapolvo-mangueta-delantera-fiat-uno-1989-1997-nuevo-original\/","title":{"rendered":"5950583 Guardapolvo mangueta delantera Fiat Uno (1989-1997) NUEVO ORIGINAL"},"content":{"rendered":"<p>Ret\u00e9n de los montantes de la suspensi\u00f3n delantera de:<br \/>\nDi\u00e1metro exterior: 66mm<br \/>\nDi\u00e1metro interior: 45mm<br \/>\nAltura: 14mm<\/p>\n<p>FIAT &#8211; XS MILLE CLIP (1995-1997)<br \/>\nFIAT &#8211; MU UNO DIESEL R\/89 (1989-1995) 1300 ASPIRADO<br \/>\nFIAT &#8211; 1D UNO MONDO (1995-2010) 1000 CARB. \/ 1000 USA 83 \/ 1000 CF2 \/ 1242 SPI CF2 \/ 1100 CARB.<br \/>\nFIAT &#8211; 1D UNO MONDO (1995-2010) 1370 CARB.<br \/>\nFIAT &#8211; MS UNO R\/89 1.1-1370-1.5 (1989-1995)<br \/>\nFIAT &#8211; MR UNO R\/89 900-1.0-1.1 (1989-1995)<\/p>\n<p>LA PIEZA ES NUEVA Y ORIGINAL.<\/p>\n","protected":false},"excerpt":{"rendered":"<p>Ret\u00e9n de los montantes de la suspensi\u00f3n delantera de: Di\u00e1metro exterior: 66mm Di\u00e1metro interior: 45mm Altura: 14mm FIAT &#8211; XS MILLE CLIP (1995-1997) FIAT &#8211; MU UNO DIESEL R\/89 (1989-1995) 1300 ASPIRADO FIAT &#8211; 1D UNO MONDO (1995-2010) 1000 CARB. \/ 1000 USA 83 \/ 1000 CF2 \/ 1242 SPI CF2 \/ 1100 CARB. FIAT [&hellip;]<\/p>\n","protected":false},"featured_media":94477,"template":"","meta":{"_seopress_robots_primary_cat":"","_seopress_titles_title":"","_seopress_titles_desc":"","_seopress_robots_index":""},"product_cat":[20,114],"product_tag":[],"class_list":{"0":"post-94474","1":"product","2":"type-product","3":"status-publish","4":"has-post-thumbnail","6":"product_cat-recambios-fiat","7":"product_cat-recambios-fiat-uno","9":"first","10":"instock","11":"taxable","12":"shipping-taxable","13":"purchasable","14":"product-type-simple"},"_links":{"self":[{"href":"https:\/\/galicianparts.com\/shop\/wp-json\/wp\/v2\/product\/94474"}],"collection":[{"href":"https:\/\/galicianparts.com\/shop\/wp-json\/wp\/v2\/product"}],"about":[{"href":"https:\/\/galicianparts.com\/shop\/wp-json\/wp\/v2\/types\/product"}],"wp:featuredmedia":[{"embeddable":true,"href":"https:\/\/galicianparts.com\/shop\/wp-json\/wp\/v2\/media\/94477"}],"wp:attachment":[{"href":"https:\/\/galicianparts.com\/shop\/wp-json\/wp\/v2\/media?parent=94474"}],"wp:term":[{"taxonomy":"product_cat","embeddable":true,"href":"https:\/\/galicianparts.com\/shop\/wp-json\/wp\/v2\/product_cat?post=94474"},{"taxonomy":"product_tag","embeddable":true,"href":"https:\/\/galicianparts.com\/shop\/wp-json\/wp\/v2\/product_tag?post=94474"}],"curies":[{"name":"wp","href":"https:\/\/api.w.org\/{rel}","templated":true}]}}