{"id":94534,"date":"2025-02-24T13:55:05","date_gmt":"2025-02-24T11:55:05","guid":{"rendered":"https:\/\/galicianparts.com\/shop\/producto\/7533293-tornillo-m14-pinon-ciguenal-lancia-delta-evoluzione-thema-fiat-alfa-nuevo-original\/"},"modified":"2025-03-07T13:51:53","modified_gmt":"2025-03-07T11:51:53","slug":"7533293-tornillo-m14-pinon-ciguenal-lancia-delta-evoluzione-thema-fiat-alfa-nuevo-original","status":"publish","type":"product","link":"https:\/\/galicianparts.com\/shop\/producto\/7533293-tornillo-m14-pinon-ciguenal-lancia-delta-evoluzione-thema-fiat-alfa-nuevo-original\/","title":{"rendered":"7533293 Tornillo M14 pi\u00f1\u00f3n cig\u00fce\u00f1al Lancia Delta Evoluzione \/Thema \/Fiat \/Alfa NUEVO ORIGINAL"},"content":{"rendered":"<p>Tornillo del pi\u00f1\u00f3n inferior de la correa de distribuci\u00f3n de:<br \/>\nM\u00e9trica: 14<br \/>\nDi\u00e1metro central: 12mm<br \/>\nLargo total: 79mm<\/p>\n<p>FIAT &#8211; PC COUPE&#8217; (1994-1996) 2000 ASPIRATO \/ 2000 TURBO \/ 2000 ASP.(BRASILE)<br \/>\nFIAT &#8211; MY CROMA IE-IE TB. FL.90 (1990-1996) 2000 8V EM.04 IE WEBER \/ 2000 8V USA&#8217;83 (MOT.154C3) \/ 2000 8V TURBO EM.04 \/ 2000 8V TURBO USA&#8217;83 \/ 2000 8V USA&#8217;83 (MOT.834B) \/ 2000 8V EM.04 IE BOSCH (SA) \/ 2000 8V EM.04 IE BOSCH (CSI-DZ)<br \/>\nFIAT &#8211; MY CROMA IE FL.90 (1990-1996) 2000 16V USA&#8217;83 \/ 2000 16V 91 RON (CINA)<br \/>\nFIAT &#8211; MW TEMPRA 2000 (1989-1993) 2000 USA&#8217;83<br \/>\nFIAT &#8211; MW TEMPRA 1750 (1989-1993) 1750 USA&#8217;83<br \/>\nFIAT &#8211; NZ TEMPRA MAQ.93 (&#8217;93-&#8217;96) 2000 USA&#8217;83 \/ 2000 8V (BRASIL)<br \/>\nFIAT &#8211; NZ TEMPRA MAQ.93 (&#8217;93-&#8217;96) 1750 USA&#8217;83 77KW (159A4) \/ 1750 USA&#8217;83 77KW (835C2) \/ 1750 USA&#8217;83 66KW (835C4) \/ 1750 CEE F2 97CV (71KW)<br \/>\nFIAT &#8211; NG TIPO 1750 (1990-1993) 1750 USA&#8217;83<br \/>\nFIAT &#8211; NG TIPO 2000 (1990-1993) 2000 USA&#8217;83<br \/>\nFIAT &#8211; NU TIPO MQ.93 1750 (1993-1995) 1750 105CV (77KW) \/ 1750 USA&#8217;83 90CV (66KW) \/ 1750 CEE F2 97CV (71KW) \/ 1750 CEE F2 90CV (66KW)<br \/>\nFIAT &#8211; NU TIPO MQ.93 2000 (1993-1995) 2000 8V \/ 2000 8V (BRASIL)<br \/>\nFIAT &#8211; NU TIPO MQ.93 2000 (1993-1995) 2000 16V \/ 2000 16V (BRASIL)<br \/>\nFIAT &#8211; MP TIPO SPORT 16V IE. (1988-1993) 2000 USA&#8217;83<br \/>\nALFA ROMEO &#8211; U6 155 TURBO BZ (1992-1996) 2000 TB\/BZ 4X4<br \/>\nLANCIA &#8211; RY DEDRA BENZINA (1989-1994) 1800 \/ 1800 USA&#8217;83 105CV (77KW) \/ 2000 \/ 2000 USA&#8217;83 \/ 1800 CC.(USA 83) 90CV (66KW)<br \/>\nLANCIA &#8211; SL DEDRA FL.94 8\/16V 2000 (1994-1999) 1750 MPI \/ 2000 MPI C. AUT.<br \/>\nLANCIA &#8211; SM DEDRA FL.94 2.0 (1994-1999) 2000 16V<br \/>\nLANCIA &#8211; RJ DEDRA IE.TB.INTEGRALE (1990-1994)<br \/>\nLANCIA &#8211; RT DELTA 4WD (1986-1991) 2000 8V \/ 2000 8V COMP.MIGLIORATA \/ 2000 8V USA 83<br \/>\nLANCIA &#8211; RT DELTA 4WD INTEGRALE (1986-1991) 2000 16V<br \/>\nLANCIA &#8211; SA DELTA EVOLUZIONE (1991-1994) 2000 16V \/ 2000 16V USA83<br \/>\nLANCIA &#8211; SA DELTA EVOLUZIONE (1991-1994) 2000 8V USA83<br \/>\nLANCIA &#8211; SV KAPPA  COUPE&#8217; (1997-2001) 2000 IE. TB 16V<br \/>\nLANCIA &#8211; SF N.DELTA (1993-1999) 1750 105CV (77KW) \/ 1750 90CV (66KW) \/ 1750 CEE F2 97CV (71KW) \/ 1750 CEE F2 90CV (66KW)<br \/>\nLANCIA &#8211; SZ THEMA BZ R.88 (1988-1992) 2000 16V EM.04 \/ 2000 16V USA\/83 \/ 2000 TB 16V EM.04 \/ 2000 TB 16V USA\/83<br \/>\nLANCIA &#8211; SZ THEMA BZ R.88 (1988-1992) 2000 8V EM.04 \/ 2000 8V USA\/83 \/ 2000 TB 8V USA\/83<br \/>\nLANCIA &#8211; SE THEMA I.E. 8V FL.92 (1992-1994)<br \/>\nLANCIA &#8211; SB THEMA IE. 16V FL.92 (1992-1994)<\/p>\n<p>LA PIEZA ES NUEVA Y ORIGINAL.<\/p>\n","protected":false},"excerpt":{"rendered":"<p>Tornillo del pi\u00f1\u00f3n inferior de la correa de distribuci\u00f3n de: M\u00e9trica: 14 Di\u00e1metro central: 12mm Largo total: 79mm FIAT &#8211; PC COUPE&#8217; (1994-1996) 2000 ASPIRATO \/ 2000 TURBO \/ 2000 ASP.(BRASILE) FIAT &#8211; MY CROMA IE-IE TB. FL.90 (1990-1996) 2000 8V EM.04 IE WEBER \/ 2000 8V USA&#8217;83 (MOT.154C3) \/ 2000 8V TURBO EM.04 \/ [&hellip;]<\/p>\n","protected":false},"featured_media":94537,"template":"","meta":{"_seopress_robots_primary_cat":"","_seopress_titles_title":"","_seopress_titles_desc":"","_seopress_robots_index":""},"product_cat":[48,16,85,86,117,118,20,119,21,111,124,112],"product_tag":[],"class_list":{"0":"post-94534","1":"product","2":"type-product","3":"status-publish","4":"has-post-thumbnail","6":"product_cat-recambios-alfa-romeo-155","7":"product_cat-recambios-alfa-romeo","8":"product_cat-recambios-fiat-coupe","9":"product_cat-recambios-fiat-croma","10":"product_cat-recambios-lancia-dedra","11":"product_cat-recambios-lancia-delta","12":"product_cat-recambios-fiat","13":"product_cat-recambios-lancia-kappa","14":"product_cat-recambios-lancia","15":"product_cat-recambios-fiat-tempra","16":"product_cat-recambios-lancia-thema","17":"product_cat-recambios-fiat-tipo","19":"first","20":"outofstock","21":"taxable","22":"shipping-taxable","23":"purchasable","24":"product-type-simple"},"_links":{"self":[{"href":"https:\/\/galicianparts.com\/shop\/wp-json\/wp\/v2\/product\/94534"}],"collection":[{"href":"https:\/\/galicianparts.com\/shop\/wp-json\/wp\/v2\/product"}],"about":[{"href":"https:\/\/galicianparts.com\/shop\/wp-json\/wp\/v2\/types\/product"}],"wp:featuredmedia":[{"embeddable":true,"href":"https:\/\/galicianparts.com\/shop\/wp-json\/wp\/v2\/media\/94537"}],"wp:attachment":[{"href":"https:\/\/galicianparts.com\/shop\/wp-json\/wp\/v2\/media?parent=94534"}],"wp:term":[{"taxonomy":"product_cat","embeddable":true,"href":"https:\/\/galicianparts.com\/shop\/wp-json\/wp\/v2\/product_cat?post=94534"},{"taxonomy":"product_tag","embeddable":true,"href":"https:\/\/galicianparts.com\/shop\/wp-json\/wp\/v2\/product_tag?post=94534"}],"curies":[{"name":"wp","href":"https:\/\/api.w.org\/{rel}","templated":true}]}}