{"id":94593,"date":"2025-02-25T14:40:21","date_gmt":"2025-02-25T12:40:21","guid":{"rendered":"https:\/\/galicianparts.com\/shop\/producto\/5988270-pack-2-apoyos-buje-lancia-delta-integrale-fiat-rirmo-uno-128-original\/"},"modified":"2025-02-25T14:46:36","modified_gmt":"2025-02-25T12:46:36","slug":"5988270-pack-2-apoyos-buje-lancia-delta-integrale-fiat-rirmo-uno-128-original","status":"publish","type":"product","link":"https:\/\/galicianparts.com\/shop\/producto\/5988270-pack-2-apoyos-buje-lancia-delta-integrale-fiat-rirmo-uno-128-original\/","title":{"rendered":"5988270 Pack 2 apoyos buje Lancia Delta Integrale \/Fiat Rirmo \/Uno \/128 ORIGINAL"},"content":{"rendered":"<p>Juego, set de 2 arandelas de protecci\u00f3n del ret\u00e9n de los bujes de:<br \/>\nDi\u00e1metro exterior: 68mm<br \/>\nDi\u00e1metro interior: 49.5mm<br \/>\nAltura: 8mm<\/p>\n<p>FIAT Regata Berlina (138)<br \/>\n1.6 Super 100, A\u00f1o 10.1983 &#8211; 07.1989, 1585 ccm, 95 cv<br \/>\n1.6 Super 100, A\u00f1o 10.1983 &#8211; 12.1990, 1585 ccm, 101 cv<br \/>\n1.3 70, A\u00f1o 09.1983 &#8211; 07.1989, 1301 ccm, 65 cv<br \/>\n1.3 70, A\u00f1o 09.1983 &#8211; 07.1986, 1301 ccm, 68 cv<br \/>\n1.5 75, A\u00f1o 12.1983 &#8211; 07.1989, 1498 ccm, 75 cv<br \/>\n1.5 85, A\u00f1o 05.1985 &#8211; 12.1987, 1498 ccm, 79 cv<br \/>\n1.6 85, A\u00f1o 10.1983 &#8211; 06.1990, 1585 ccm, 82 cv<br \/>\n1.5 Super 85, A\u00f1o 09.1983 &#8211; 04.1985, 1498 ccm, 82 cv<br \/>\n1.6 i.e. 90, A\u00f1o 01.1987 &#8211; 07.1989, 1595 ccm, 90 cv<br \/>\nFIAT Regata Weekend (A\u00f1o 06.1983 &#8211; 08.1995)<br \/>\n100 1.6 (RF), A\u00f1o 09.1984 &#8211; 12.1990, 1585 ccm, 101 cv<br \/>\n1.7 Di\u00e9sel 60, A\u00f1o 01.1984 &#8211; 12.1989, 1698 ccm, 60 cv<br \/>\n1.9 Di\u00e9sel 65, A\u00f1o 04.1984 &#8211; 07.1989, 1929 ccm, 65 cv<br \/>\n1.3 70, A\u00f1o 01.1984 &#8211; 07.1989, 1301 ccm, 68 cv<br \/>\n75 1.5(138 B3.048, 138 C2.048, 138 C3.048, 149 C1.000), A\u00f1o 09.1984 &#8211; 07.1989, 1498 ccm, 75 cv<br \/>\n80 Turbo Diesel 1.9 (831 D1.000), A\u00f1o 05.1986 &#8211; 07.1989, 1929 ccm, 80 cv<br \/>\n85 1.5, A\u00f1o 01.1984 &#8211; 04.1989, 1498 ccm, 82 cv<br \/>\n1.6 i.e. 90, A\u00f1o 01.1987 &#8211; 07.1989, 1595 ccm, 90 cv<br \/>\nFIAT X 1\/9 (128) (A\u00f1o 11.1972 &#8211; 12.1989)<br \/>\n1.5, A\u00f1o 06.1985 &#8211; 12.1989, 1499 ccm, 76 cv<br \/>\n1.5 (128AS1_), A\u00f1o 11.1978 &#8211; 12.1989, 1498 ccm, 85 cv<br \/>\nFIAT Ritmo I Cabrio<br \/>\n1.3, A\u00f1o 10.1979 &#8211; 09.1983, 1301 ccm, 65 cv<br \/>\n1.6 100, A\u00f1o 10.1985 &#8211; 12.1987, 1585 ccm, 100 cv<br \/>\n1.6 100, A\u00f1o 10.1985 &#8211; 12.1987, 1585 ccm, 105 cv<br \/>\n50 1.3, A\u00f1o 10.1985 &#8211; 12.1987, 1302 ccm, 68 cv<br \/>\n1.5 80, A\u00f1o 03.1983 &#8211; 12.1986, 1498 ccm, 82 cv<br \/>\n1.5 80, A\u00f1o 01.1980 &#8211; 07.1989, 1498 ccm, 86 cv<br \/>\nFIAT Ritmo I Hatchback (138)<br \/>\n1.0, A\u00f1o 09.1978 &#8211; 09.1982, 1049 ccm, 60 cv<br \/>\n1.1, A\u00f1o 10.1982 &#8211; 12.1987, 1116 ccm, 55 cv<br \/>\n1.1, A\u00f1o 04.1985 &#8211; 12.1987, 1116 ccm, 58 cv<br \/>\n1.1, A\u00f1o 08.1980 &#8211; 08.1988, 1116 ccm, 60 cv<br \/>\n1.3, A\u00f1o 01.1978 &#8211; 08.1985, 1301 ccm, 65 cv<br \/>\n1.3, A\u00f1o 01.1983 &#8211; 04.1985, 1301 ccm, 68 cv<br \/>\n1.3, A\u00f1o 01.1981 &#8211; 09.1982, 1301 ccm, 75 cv<br \/>\n1.5, A\u00f1o 01.1978 &#8211; 12.1988, 1498 ccm, 75 cv<br \/>\n1.5, A\u00f1o 08.1985 &#8211; 05.1987, 1498 ccm, 79 cv<br \/>\n1.5, A\u00f1o 01.1983 &#8211; 12.1987, 1498 ccm, 82 cv<br \/>\n1.5, A\u00f1o 01.1981 &#8211; 05.1987, 1498 ccm, 85 cv<br \/>\n1.6, A\u00f1o 12.1985 &#8211; 12.1987, 1585 ccm, 90 cv<br \/>\n1.6, A\u00f1o 01.1983 &#8211; 12.1987, 1585 ccm, 100 cv<br \/>\n1.6, A\u00f1o 05.1981 &#8211; 12.1987, 1585 ccm, 105 cv<br \/>\n1.7 Diesel, A\u00f1o 10.1979 &#8211; 09.1982, 1714 ccm, 55 cv<br \/>\n1.7 Diesel, A\u00f1o 05.1985 &#8211; 12.1987, 1698 ccm, 60 cv<br \/>\n1.9 TD, A\u00f1o 12.1985 &#8211; 12.1987, 1929 ccm, 80 cv<br \/>\nABARTH Ritmo (138A_)<br \/>\n125 TC 2.0 (138.A_), A\u00f1o 11.1981 &#8211; 12.1987, 1995 ccm, 125 cv<br \/>\n130 TC 2.0 (138.A_), A\u00f1o 04.1983 &#8211; 12.1987, 1995 ccm, 130 cv<br \/>\nFIAT 128 Berlina (128)<br \/>\n1.1, A\u00f1o 02.1975 &#8211; 09.1981, 1116 ccm, 45 cv<br \/>\n1.1 (128A), A\u00f1o 03.1969 &#8211; 12.1984, 1116 ccm, 55 cv<br \/>\n1.3 (128A), A\u00f1o 08.1974 &#8211; 12.1984, 1290 ccm, 60 cv<br \/>\nFIAT Fiorino Furg\u00f3n (127) (A\u00f1o 10.1977 &#8211; 12.1987)<br \/>\n1.0, A\u00f1o 01.1980 &#8211; 12.1987, 1049 ccm, 50 cv<br \/>\nFIAT Fiorino I Furg\u00f3n (147)<br \/>\n1.0, A\u00f1o 12.1986 &#8211; 04.1988, 1049 ccm, 56 cv<br \/>\n1.1 60, A\u00f1o 11.1986 &#8211; 04.1988, 1116 ccm, 55 cv<br \/>\n1.3, A\u00f1o 12.1987 &#8211; 08.1993, 1301 ccm, 67 cv<br \/>\n1.3 D, A\u00f1o 03.1982 &#8211; 01.1988, 1288 ccm, 45 cv<br \/>\nFIAT Uno Hatchback (146)<br \/>\n1.3 Turbo i.e., A\u00f1o 01.1987 &#8211; 12.1987, 1301 ccm, 99 cv<br \/>\n1.3 Turbo i.e., A\u00f1o 04.1985 &#8211; 08.1989, 1301 ccm, 105 cv<br \/>\n1.7 Di\u00e9sel 60, A\u00f1o 07.1986 &#8211; 08.1989, 1698 ccm, 60 cv<br \/>\nFIAT 128 Familiare (128)<br \/>\n1.1, A\u00f1o 02.1975 &#8211; 02.1981, 1116 ccm, 45 cv<br \/>\n1.1, A\u00f1o 10.1969 &#8211; 10.1982, 1116 ccm, 55 cv<br \/>\n1.3, A\u00f1o 12.1974 &#8211; 10.1982, 1290 ccm, 60 cv<br \/>\nFIAT Duna Berlina (146)<br \/>\n1.7 DS, A\u00f1o 01.1987 &#8211; 12.1991, 1698 ccm, 60 cv<br \/>\n60 1.1, A\u00f1o 01.1987 &#8211; 12.1991, 1116 ccm, 58 cv<br \/>\n70 1.3, A\u00f1o 01.1987 &#8211; 12.1991, 1301 ccm, 67 cv<br \/>\nFIAT Duna Weekend (146)<br \/>\n1.7 DS, A\u00f1o 01.1987 &#8211; 12.1991, 1698 ccm, 60 cv<br \/>\n60 1.1, A\u00f1o 01.1987 &#8211; 12.1991, 1116 ccm, 58 cv<br \/>\n70 1.3, A\u00f1o 01.1987 &#8211; 12.1991, 1301 ccm, 67 cv<br \/>\nFIAT Fiorino Pick-up (147)<br \/>\n1.0, A\u00f1o 06.1982 &#8211; 10.1987, 1049 ccm, 50 cv<br \/>\n1.0, A\u00f1o 12.1986 &#8211; 10.1989, 1049 ccm, 56 cv<br \/>\n1.3 D, A\u00f1o 05.1984 &#8211; 12.1988, 1302 ccm, 45 cv<\/p>\n<p>LANCIA Delta I (831)<br \/>\n1.3 (831.AB), A\u00f1o 09.1983 &#8211; 08.1992, 1301 ccm, 79 cv<br \/>\n1.3, A\u00f1o 09.1979 &#8211; 08.1992, 1301 ccm, 75 cv<br \/>\n1.5, A\u00f1o 09.1979 &#8211; 12.1992, 1498 ccm, 86 cv<br \/>\n1.6 GT (831AB.06), A\u00f1o 11.1982 &#8211; 04.1986, 1585 ccm, 105 cv<br \/>\n1.6 GT i.e., A\u00f1o 05.1987 &#8211; 08.1992, 1585 ccm, 90 cv<br \/>\n1.6 GT i.e., A\u00f1o 08.1986 &#8211; 08.1988, 1585 ccm, 109 cv<br \/>\n1.6 HF Turbo, A\u00f1o 08.1986 &#8211; 05.1993, 1585 ccm, 166 cv<br \/>\n1.6 HF Turbo (831AB.0), A\u00f1o 10.1983 &#8211; 12.1986, 1585 ccm, 131 cv<br \/>\n1.6 HF Turbo, A\u00f1o 08.1986 &#8211; 08.1988, 1585 ccm, 140 cv<br \/>\n1.6 HF Turbo, A\u00f1o 04.1987 &#8211; 03.1989, 1585 ccm, 132 cv<br \/>\n1.9 Turbo DS, A\u00f1o 10.1986 &#8211; 12.1989, 1929 ccm, 80 cv<br \/>\n2.0 HF Integrale, A\u00f1o 11.1986 &#8211; 08.1988, 1995 ccm, 166 cv<br \/>\n2.0 HF Integrale, A\u00f1o 10.1987 &#8211; 12.1991, 1995 ccm, 181 cv<br \/>\n2.0 HF Integrale, A\u00f1o 12.1986 &#8211; 12.1992, 1995 ccm, 177 cv<br \/>\nLANCIA Prisma (831)<br \/>\n1.3 (831AB), A\u00f1o 01.1983 &#8211; 12.1989, 1301 ccm, 79 cv<br \/>\n1.5 (831AB), A\u00f1o 09.1985 &#8211; 02.1992, 1498 ccm, 75 cv<br \/>\n1.5 (831AB), A\u00f1o 05.1986 &#8211; 07.1989, 1498 ccm, 80 cv<br \/>\n1.5 (831AB), A\u00f1o 01.1983 &#8211; 04.1986, 1498 ccm, 86 cv<br \/>\n1.6 (831AB), A\u00f1o 08.1986 &#8211; 02.1992, 1585 ccm, 99 cv<br \/>\n1.6 (831AB), A\u00f1o 01.1983 &#8211; 04.1986, 1585 ccm, 105 cv<br \/>\n1.6 i.e. (831AB), A\u00f1o 05.1986 &#8211; 12.1989, 1585 ccm, 109 cv<br \/>\n1.6 i.e. Super (831AB), A\u00f1o 05.1987 &#8211; 12.1989, 1585 ccm, 90 cv<br \/>\n1.9 Diesel (831AB), A\u00f1o 01.1983 &#8211; 02.1992, 1911 ccm, 65 cv<br \/>\n1.9 Turbo Diesel (831AB), A\u00f1o 05.1985 &#8211; 12.1989, 1928 ccm, 80 cv<br \/>\n2.0 i.e. A las 4 ruedas (831AB), A\u00f1o 04.1986 &#8211; 12.1989, 1995 ccm, 115 cv<\/p>\n<p>LA PIEZA ES NUEVA Y ORIGINAL.<\/p>\n","protected":false},"excerpt":{"rendered":"<p>Juego, set de 2 arandelas de protecci\u00f3n del ret\u00e9n de los bujes de: Di\u00e1metro exterior: 68mm Di\u00e1metro interior: 49.5mm Altura: 8mm FIAT Regata Berlina (138) 1.6 Super 100, A\u00f1o 10.1983 &#8211; 07.1989, 1585 ccm, 95 cv 1.6 Super 100, A\u00f1o 10.1983 &#8211; 12.1990, 1585 ccm, 101 cv 1.3 70, A\u00f1o 09.1983 &#8211; 07.1989, 1301 ccm, [&hellip;]<\/p>\n","protected":false},"featured_media":94594,"template":"","meta":{"_seopress_robots_primary_cat":"","_seopress_titles_title":"","_seopress_titles_desc":"","_seopress_robots_index":""},"product_cat":[69,118,89,20,91,21,123,102,103,114],"product_tag":[],"class_list":{"0":"post-94593","1":"product","2":"type-product","3":"status-publish","4":"has-post-thumbnail","6":"product_cat-recambios-fiat-128","7":"product_cat-recambios-lancia-delta","8":"product_cat-recambios-fiat-duna","9":"product_cat-recambios-fiat","10":"product_cat-recambios-fiat-fiorino","11":"product_cat-recambios-lancia","12":"product_cat-recambios-lancia-prisma","13":"product_cat-recambios-fiat-regata","14":"product_cat-recambios-fiat-ritmo","15":"product_cat-recambios-fiat-uno","17":"first","18":"instock","19":"taxable","20":"shipping-taxable","21":"purchasable","22":"product-type-simple"},"_links":{"self":[{"href":"https:\/\/galicianparts.com\/shop\/wp-json\/wp\/v2\/product\/94593"}],"collection":[{"href":"https:\/\/galicianparts.com\/shop\/wp-json\/wp\/v2\/product"}],"about":[{"href":"https:\/\/galicianparts.com\/shop\/wp-json\/wp\/v2\/types\/product"}],"wp:featuredmedia":[{"embeddable":true,"href":"https:\/\/galicianparts.com\/shop\/wp-json\/wp\/v2\/media\/94594"}],"wp:attachment":[{"href":"https:\/\/galicianparts.com\/shop\/wp-json\/wp\/v2\/media?parent=94593"}],"wp:term":[{"taxonomy":"product_cat","embeddable":true,"href":"https:\/\/galicianparts.com\/shop\/wp-json\/wp\/v2\/product_cat?post=94593"},{"taxonomy":"product_tag","embeddable":true,"href":"https:\/\/galicianparts.com\/shop\/wp-json\/wp\/v2\/product_tag?post=94593"}],"curies":[{"name":"wp","href":"https:\/\/api.w.org\/{rel}","templated":true}]}}