{"id":94607,"date":"2025-02-26T11:21:51","date_gmt":"2025-02-26T09:21:51","guid":{"rendered":"https:\/\/galicianparts.com\/shop\/producto\/7078623-termostato-calefaccion-fiat-palio-strada-siena-nuevo-original\/"},"modified":"2025-02-26T11:35:09","modified_gmt":"2025-02-26T09:35:09","slug":"7078623-termostato-calefaccion-fiat-palio-strada-siena-nuevo-original","status":"publish","type":"product","link":"https:\/\/galicianparts.com\/shop\/producto\/7078623-termostato-calefaccion-fiat-palio-strada-siena-nuevo-original\/","title":{"rendered":"7078623 Termostato calefacci\u00f3n Fiat Palio \/Strada \/Siena NUEVO ORIGINAL"},"content":{"rendered":"<p>Rel\u00e9, sensor de temperatura del m\u00f3dulo de la calefacci\u00f3n de:<br \/>\nFIAT &#8211; 1X PALIO 2V EXTRA EUROPA (1997-2002)<br \/>\nFIAT &#8211; 1Y PALIO WE EXTRA EUROPA (1997-2002)<br \/>\nFIAT &#8211; PY PALIO\/WEEKEND EUROPA (1997-2002)<br \/>\nFIAT &#8211; 2A SIENA EXTRA EUROPA (1997-2002)<br \/>\nFIAT PROFESSIONAL &#8211; 1G STRADA (1999-2005)<\/p>\n<p>LA PIEZA ES NUEVA Y ORIGINAL.<\/p>\n","protected":false},"excerpt":{"rendered":"<p>Rel\u00e9, sensor de temperatura del m\u00f3dulo de la calefacci\u00f3n de: FIAT &#8211; 1X PALIO 2V EXTRA EUROPA (1997-2002) FIAT &#8211; 1Y PALIO WE EXTRA EUROPA (1997-2002) FIAT &#8211; PY PALIO\/WEEKEND EUROPA (1997-2002) FIAT &#8211; 2A SIENA EXTRA EUROPA (1997-2002) FIAT PROFESSIONAL &#8211; 1G STRADA (1999-2005) LA PIEZA ES NUEVA Y ORIGINAL.<\/p>\n","protected":false},"featured_media":94611,"template":"","meta":{"_seopress_robots_primary_cat":"","_seopress_titles_title":"","_seopress_titles_desc":"","_seopress_robots_index":""},"product_cat":[20,98,107,109],"product_tag":[],"class_list":{"0":"post-94607","1":"product","2":"type-product","3":"status-publish","4":"has-post-thumbnail","6":"product_cat-recambios-fiat","7":"product_cat-recambios-fiat-palio","8":"product_cat-recambios-fiat-siena","9":"product_cat-recambios-fiat-strada","11":"first","12":"instock","13":"taxable","14":"shipping-taxable","15":"purchasable","16":"product-type-simple"},"_links":{"self":[{"href":"https:\/\/galicianparts.com\/shop\/wp-json\/wp\/v2\/product\/94607"}],"collection":[{"href":"https:\/\/galicianparts.com\/shop\/wp-json\/wp\/v2\/product"}],"about":[{"href":"https:\/\/galicianparts.com\/shop\/wp-json\/wp\/v2\/types\/product"}],"wp:featuredmedia":[{"embeddable":true,"href":"https:\/\/galicianparts.com\/shop\/wp-json\/wp\/v2\/media\/94611"}],"wp:attachment":[{"href":"https:\/\/galicianparts.com\/shop\/wp-json\/wp\/v2\/media?parent=94607"}],"wp:term":[{"taxonomy":"product_cat","embeddable":true,"href":"https:\/\/galicianparts.com\/shop\/wp-json\/wp\/v2\/product_cat?post=94607"},{"taxonomy":"product_tag","embeddable":true,"href":"https:\/\/galicianparts.com\/shop\/wp-json\/wp\/v2\/product_tag?post=94607"}],"curies":[{"name":"wp","href":"https:\/\/api.w.org\/{rel}","templated":true}]}}