{"id":94658,"date":"2025-02-27T11:10:53","date_gmt":"2025-02-27T09:10:53","guid":{"rendered":"https:\/\/galicianparts.com\/shop\/producto\/7537167-silentblock-superior-amortiguador-trasero-fiat-uno-tb-ritmo-seat-ronda-original\/"},"modified":"2026-01-28T13:15:17","modified_gmt":"2026-01-28T11:15:17","slug":"7537167-silentblock-superior-amortiguador-trasero-fiat-uno-tb-ritmo-seat-ronda-original","status":"publish","type":"product","link":"https:\/\/galicianparts.com\/shop\/producto\/7537167-silentblock-superior-amortiguador-trasero-fiat-uno-tb-ritmo-seat-ronda-original\/","title":{"rendered":"7537167 Silentblock superior amortiguador trasero Fiat Uno TB \/Ritmo \/Seat Ronda ORIGINAL"},"content":{"rendered":"<p>Copela, soporte superior de los amortiguadores de la suspensi\u00f3n trasera de:<br \/>\nDi\u00e1metro interior: 14mm<br \/>\nAltura: 34mm<\/p>\n<p>FIAT Regata Berlina (138)<br \/>\n1.6 Super 100, A\u00f1o 10.1983 &#8211; 07.1989, 1585 ccm, 95 cv<br \/>\n1.6 Super 100, A\u00f1o 10.1983 &#8211; 12.1990, 1585 ccm, 101 cv<br \/>\n1.7 Di\u00e9sel 60, A\u00f1o 09.1983 &#8211; 12.1986, 1714 ccm, 58 cv<br \/>\n1.7 Di\u00e9sel 60, A\u00f1o 05.1985 &#8211; 03.1989, 1698 ccm, 60 cv<br \/>\n1.9 Di\u00e9sel 65, A\u00f1o 04.1984 &#8211; 07.1989, 1929 ccm, 65 cv<br \/>\n1.3 70, A\u00f1o 09.1983 &#8211; 07.1989, 1301 ccm, 65 cv<br \/>\n1.3 70, A\u00f1o 09.1983 &#8211; 07.1986, 1301 ccm, 68 cv<br \/>\n1.5 75, A\u00f1o 12.1983 &#8211; 07.1989, 1498 ccm, 75 cv<br \/>\n1.9 Turbodi\u00e9sel 80, A\u00f1o 05.1986 &#8211; 07.1989, 1929 ccm, 80 cv<br \/>\n1.5 85, A\u00f1o 05.1985 &#8211; 12.1987, 1498 ccm, 79 cv<br \/>\n1.6 85, A\u00f1o 10.1983 &#8211; 06.1990, 1585 ccm, 82 cv<br \/>\n1.5 Super 85, A\u00f1o 09.1983 &#8211; 04.1985, 1498 ccm, 82 cv<br \/>\n1.6 i.e. 90, A\u00f1o 01.1987 &#8211; 07.1989, 1595 ccm, 90 cv<br \/>\nFIAT Regata Weekend<br \/>\n100 1.6 (RF), A\u00f1o 09.1984 &#8211; 12.1990, 1585 ccm, 101 cv<br \/>\n1.7 Di\u00e9sel 60, A\u00f1o 01.1984 &#8211; 12.1989, 1698 ccm, 60 cv<br \/>\n1.9 Di\u00e9sel 65, A\u00f1o 04.1984 &#8211; 07.1989, 1929 ccm, 65 cv<br \/>\n1.3 70, A\u00f1o 01.1984 &#8211; 07.1989, 1301 ccm, 68 cv<br \/>\n75 1.5(138 B3.048, 138 C2.048, 138 C3.048, 149 C1.000), A\u00f1o 09.1984 &#8211; 07.1989, 1498 ccm, 75 cv<br \/>\n80 Turbo Diesel 1.9 (831 D1.000), A\u00f1o 05.1986 &#8211; 07.1989, 1929 ccm, 80 cv<br \/>\n85 1.5, A\u00f1o 01.1984 &#8211; 04.1989, 1498 ccm, 82 cv<br \/>\n1.6 i.e. 90, A\u00f1o 01.1987 &#8211; 07.1989, 1595 ccm, 90 cv<br \/>\nFIAT Ritmo I Cabrio<br \/>\n50 1.3, A\u00f1o 10.1985 &#8211; 12.1987, 1302 ccm, 68 cv<br \/>\n1.5 80, A\u00f1o 03.1983 &#8211; 12.1986, 1498 ccm, 82 cv<br \/>\nFIAT Ritmo I Hatchback (138)<br \/>\n1.0, A\u00f1o 09.1978 &#8211; 09.1982, 1049 ccm, 60 cv<br \/>\n1.1, A\u00f1o 10.1982 &#8211; 12.1987, 1116 ccm, 55 cv<br \/>\n1.1, A\u00f1o 04.1985 &#8211; 12.1987, 1116 ccm, 58 cv<br \/>\n1.3, A\u00f1o 01.1978 &#8211; 08.1985, 1301 ccm, 65 cv<br \/>\n1.3, A\u00f1o 01.1983 &#8211; 04.1985, 1301 ccm, 68 cv<br \/>\n1.3, A\u00f1o 01.1981 &#8211; 09.1982, 1301 ccm, 75 cv<br \/>\n1.5, A\u00f1o 01.1978 &#8211; 12.1988, 1498 ccm, 75 cv<br \/>\n1.5, A\u00f1o 08.1985 &#8211; 05.1987, 1498 ccm, 79 cv<br \/>\n1.5, A\u00f1o 01.1983 &#8211; 12.1987, 1498 ccm, 82 cv<br \/>\n1.5, A\u00f1o 01.1981 &#8211; 05.1987, 1498 ccm, 85 cv<br \/>\n1.7 Diesel, A\u00f1o 05.1985 &#8211; 12.1987, 1698 ccm, 60 cv<br \/>\n1.9 TD, A\u00f1o 12.1985 &#8211; 12.1987, 1929 ccm, 80 cv<br \/>\nFIAT Uno Hatchback (146)<br \/>\n1.3 Super di\u00e9sel, A\u00f1o 06.1983 &#8211; 03.1992, 1302 ccm, 45 cv<br \/>\n1.3 Turbo i.e., A\u00f1o 09.1989 &#8211; 03.1991, 1301 ccm, 101 cv<br \/>\n1.4 Turbo i.e., A\u00f1o 09.1989 &#8211; 09.1993, 1372 ccm, 112 cv<br \/>\n1.4 Turbo i.e., A\u00f1o 12.1989 &#8211; 12.1996, 1372 ccm, 118 cv<br \/>\n1.9 D, A\u00f1o 09.1989 &#8211; 03.1994, 1929 ccm, 60 cv<br \/>\n45 0.9, A\u00f1o 03.1983 &#8211; 09.1992, 903 ccm, 45 cv<br \/>\n1.0 45, A\u00f1o 06.1986 &#8211; 12.1993, 999 ccm, 44 cv<br \/>\n45 i.e. 1.0 (146E, 146A), A\u00f1o 10.1984 &#8211; 10.1995, 999 ccm, 45 cv<br \/>\n1.1 50, A\u00f1o 01.1986 &#8211; 12.1989, 1116 ccm, 50 cv<br \/>\n1.1 50, A\u00f1o 01.1990 &#8211; 12.1993, 1108 ccm, 50 cv<br \/>\n1.1 55, A\u00f1o 01.1983 &#8211; 08.1989, 1116 ccm, 54 cv<br \/>\n1.1 60, A\u00f1o 04.1989 &#8211; 12.1992, 1108 ccm, 57 cv<br \/>\n1.1 60, A\u00f1o 05.1985 &#8211; 08.1989, 1116 ccm, 58 cv<br \/>\n1.7 Di\u00e9sel 60, A\u00f1o 07.1986 &#8211; 08.1989, 1698 ccm, 60 cv<br \/>\n60 Diesel 1.7 (146E), A\u00f1o 09.1989 &#8211; 12.1993, 1698 ccm, 57 cv<br \/>\n1.4 i.e. 70, A\u00f1o 09.1989 &#8211; 07.1996, 1372 ccm, 70 cv<br \/>\n1.4 S 70, A\u00f1o 10.1988 &#8211; 06.2006, 1372 ccm, 71 cv<br \/>\n1.4 TD 70, A\u00f1o 10.1986 &#8211; 10.1990, 1367 ccm, 71 cv<br \/>\n75 i.e. 1.5, A\u00f1o 10.1985 &#8211; 12.1993, 1498 ccm, 75 cv<br \/>\nFIAT Duna Berlina (146)<br \/>\n1.7 DS, A\u00f1o 01.1987 &#8211; 12.1991, 1698 ccm, 60 cv<br \/>\n60 1.1, A\u00f1o 01.1987 &#8211; 12.1991, 1116 ccm, 58 cv<br \/>\n70 1.3, A\u00f1o 01.1987 &#8211; 12.1991, 1301 ccm, 67 cv<br \/>\nFIAT Duna Weekend (146)<br \/>\n1.7 DS, A\u00f1o 01.1987 &#8211; 12.1991, 1698 ccm, 60 cv<br \/>\n60 1.1, A\u00f1o 01.1987 &#8211; 12.1991, 1116 ccm, 58 cv<br \/>\n70 1.3, A\u00f1o 01.1987 &#8211; 12.1991, 1301 ccm, 67 cv<\/p>\n<p>SEAT Ronda (022A)<br \/>\n1.2, A\u00f1o 10.1984 &#8211; 12.1986, 1193 ccm, 60 cv<br \/>\n1.2, A\u00f1o 08.1983 &#8211; 05.1985, 1197 ccm, 64 cv<br \/>\n1.4, A\u00f1o 06.1982 &#8211; 11.1988, 1438 ccm, 73 cv<br \/>\n1.5, A\u00f1o 09.1984 &#8211; 12.1986, 1461 ccm, 85 cv<br \/>\n1.6, A\u00f1o 08.1983 &#8211; 09.1985, 1592 ccm, 92 cv<br \/>\n1.7 Di\u00e9sel, A\u00f1o 06.1982 &#8211; 12.1986, 1714 ccm, 54 cv<br \/>\n1.7 Di\u00e9sel, A\u00f1o 06.1982 &#8211; 12.1986, 1714 ccm, 56 cv<br \/>\nSEAT Malaga (023A)<br \/>\n1.2, A\u00f1o 05.1985 &#8211; 12.1993, 1193 ccm, 60 cv<br \/>\n1.2, A\u00f1o 11.1984 &#8211; 12.1993, 1193 ccm, 64 cv<br \/>\n1.2 i, A\u00f1o 12.1989 &#8211; 12.1993, 1193 ccm, 71 cv<br \/>\n1.5, A\u00f1o 05.1985 &#8211; 12.1993, 1461 ccm, 85 cv<br \/>\n1.5 i, A\u00f1o 01.1987 &#8211; 12.1993, 1461 ccm, 100 cv<br \/>\n1.5 i Cat, A\u00f1o 10.1986 &#8211; 12.1993, 1461 ccm, 90 cv<br \/>\n1.7 D, A\u00f1o 05.1985 &#8211; 12.1993, 1714 ccm, 54 cv<br \/>\n1.7 D, A\u00f1o 05.1990 &#8211; 12.1993, 1714 ccm, 57 cv<br \/>\nSEAT Ibiza I Hatchback (021A)<br \/>\n0.9, A\u00f1o 08.1990 &#8211; 05.1993, 903 ccm, 40 cv<br \/>\n0.9, A\u00f1o 08.1986 &#8211; 05.1993, 903 ccm, 44 cv<br \/>\n1.2, A\u00f1o 11.1984 &#8211; 12.1993, 1193 ccm, 60 cv<br \/>\n1.2, A\u00f1o 11.1984 &#8211; 12.1993, 1193 ccm, 63 cv<br \/>\n1.2 i, A\u00f1o 01.1989 &#8211; 05.1993, 1193 ccm, 71 cv<br \/>\n1.5, A\u00f1o 11.1984 &#8211; 05.1993, 1461 ccm, 85 cv<br \/>\n1.5 i, A\u00f1o 10.1986 &#8211; 05.1993, 1461 ccm, 89 cv<br \/>\n1.5 i, A\u00f1o 10.1986 &#8211; 05.1993, 1461 ccm, 100 cv<br \/>\n1.5 i Cat, A\u00f1o 10.1986 &#8211; 05.1993, 1461 ccm, 90 cv<br \/>\n1.7, A\u00f1o 01.1991 &#8211; 05.1993, 1675 ccm, 98 cv<br \/>\n1.7 D, A\u00f1o 06.1984 &#8211; 05.1993, 1714 ccm, 54 cv<br \/>\n1.7 D, A\u00f1o 08.1990 &#8211; 05.1993, 1714 ccm, 57 cv<\/p>\n<p>LA PIEZA ES NUEVA Y ORIGINAL.<\/p>\n","protected":false},"excerpt":{"rendered":"<p>Copela, soporte superior de los amortiguadores de la suspensi\u00f3n trasera de: Di\u00e1metro interior: 14mm Altura: 34mm FIAT Regata Berlina (138) 1.6 Super 100, A\u00f1o 10.1983 &#8211; 07.1989, 1585 ccm, 95 cv 1.6 Super 100, A\u00f1o 10.1983 &#8211; 12.1990, 1585 ccm, 101 cv 1.7 Di\u00e9sel 60, A\u00f1o 09.1983 &#8211; 12.1986, 1714 ccm, 58 cv 1.7 Di\u00e9sel [&hellip;]<\/p>\n","protected":false},"featured_media":94659,"template":"","meta":{"_seopress_robots_primary_cat":"","_seopress_titles_title":"","_seopress_titles_desc":"","_seopress_robots_index":""},"product_cat":[89,20,162,164,102,103,165,26,114],"product_tag":[],"class_list":{"0":"post-94658","1":"product","2":"type-product","3":"status-publish","4":"has-post-thumbnail","6":"product_cat-recambios-fiat-duna","7":"product_cat-recambios-fiat","8":"product_cat-recambios-seat-ibiza","9":"product_cat-recambios-seat-malaga","10":"product_cat-recambios-fiat-regata","11":"product_cat-recambios-fiat-ritmo","12":"product_cat-recambios-seat-ronda","13":"product_cat-recambios-seat","14":"product_cat-recambios-fiat-uno","16":"first","17":"instock","18":"taxable","19":"shipping-taxable","20":"purchasable","21":"product-type-simple"},"_links":{"self":[{"href":"https:\/\/galicianparts.com\/shop\/wp-json\/wp\/v2\/product\/94658"}],"collection":[{"href":"https:\/\/galicianparts.com\/shop\/wp-json\/wp\/v2\/product"}],"about":[{"href":"https:\/\/galicianparts.com\/shop\/wp-json\/wp\/v2\/types\/product"}],"wp:featuredmedia":[{"embeddable":true,"href":"https:\/\/galicianparts.com\/shop\/wp-json\/wp\/v2\/media\/94659"}],"wp:attachment":[{"href":"https:\/\/galicianparts.com\/shop\/wp-json\/wp\/v2\/media?parent=94658"}],"wp:term":[{"taxonomy":"product_cat","embeddable":true,"href":"https:\/\/galicianparts.com\/shop\/wp-json\/wp\/v2\/product_cat?post=94658"},{"taxonomy":"product_tag","embeddable":true,"href":"https:\/\/galicianparts.com\/shop\/wp-json\/wp\/v2\/product_tag?post=94658"}],"curies":[{"name":"wp","href":"https:\/\/api.w.org\/{rel}","templated":true}]}}