{"id":94723,"date":"2025-03-03T12:51:36","date_gmt":"2025-03-03T10:51:36","guid":{"rendered":"https:\/\/galicianparts.com\/shop\/producto\/5950720-planetario-diferencial-fiat-uno-d-td-1989-1995-nuevo-original\/"},"modified":"2025-03-03T13:00:20","modified_gmt":"2025-03-03T11:00:20","slug":"5950720-planetario-diferencial-fiat-uno-d-td-1989-1995-nuevo-original","status":"publish","type":"product","link":"https:\/\/galicianparts.com\/shop\/producto\/5950720-planetario-diferencial-fiat-uno-d-td-1989-1995-nuevo-original\/","title":{"rendered":"5950720 Planetario diferencial Fiat Uno D-TD (1989-1995) NUEVO ORIGINAL"},"content":{"rendered":"<p>Pi\u00f1\u00f3n, engranaje planetario del diferencial del cambio de:<br \/>\nDientes: 20<br \/>\nDi\u00e1metro: 70mm<br \/>\nAltura: 55mm<\/p>\n<p>FIAT &#8211; MU UNO DIESEL R\/89 (1989-1995) 1367 TURBO \/ 1697 ASPIRADO \/ 1930 ASPIRADO<\/p>\n<p>LA PIEZA ES NUEVA Y ORIGINAL.<\/p>\n","protected":false},"excerpt":{"rendered":"<p>Pi\u00f1\u00f3n, engranaje planetario del diferencial del cambio de: Dientes: 20 Di\u00e1metro: 70mm Altura: 55mm FIAT &#8211; MU UNO DIESEL R\/89 (1989-1995) 1367 TURBO \/ 1697 ASPIRADO \/ 1930 ASPIRADO LA PIEZA ES NUEVA Y ORIGINAL.<\/p>\n","protected":false},"featured_media":94724,"template":"","meta":{"_seopress_robots_primary_cat":"","_seopress_titles_title":"","_seopress_titles_desc":"","_seopress_robots_index":""},"product_cat":[20,114],"product_tag":[],"class_list":{"0":"post-94723","1":"product","2":"type-product","3":"status-publish","4":"has-post-thumbnail","6":"product_cat-recambios-fiat","7":"product_cat-recambios-fiat-uno","9":"first","10":"instock","11":"taxable","12":"shipping-taxable","13":"purchasable","14":"product-type-simple"},"_links":{"self":[{"href":"https:\/\/galicianparts.com\/shop\/wp-json\/wp\/v2\/product\/94723"}],"collection":[{"href":"https:\/\/galicianparts.com\/shop\/wp-json\/wp\/v2\/product"}],"about":[{"href":"https:\/\/galicianparts.com\/shop\/wp-json\/wp\/v2\/types\/product"}],"wp:featuredmedia":[{"embeddable":true,"href":"https:\/\/galicianparts.com\/shop\/wp-json\/wp\/v2\/media\/94724"}],"wp:attachment":[{"href":"https:\/\/galicianparts.com\/shop\/wp-json\/wp\/v2\/media?parent=94723"}],"wp:term":[{"taxonomy":"product_cat","embeddable":true,"href":"https:\/\/galicianparts.com\/shop\/wp-json\/wp\/v2\/product_cat?post=94723"},{"taxonomy":"product_tag","embeddable":true,"href":"https:\/\/galicianparts.com\/shop\/wp-json\/wp\/v2\/product_tag?post=94723"}],"curies":[{"name":"wp","href":"https:\/\/api.w.org\/{rel}","templated":true}]}}