{"id":94763,"date":"2025-03-06T12:27:14","date_gmt":"2025-03-06T10:27:14","guid":{"rendered":"https:\/\/galicianparts.com\/shop\/producto\/7607060-emblema-porton-trasero-fiat-uno-60-d-1983-1989-nuevo-original\/"},"modified":"2025-03-06T12:31:52","modified_gmt":"2025-03-06T10:31:52","slug":"7607060-emblema-porton-trasero-fiat-uno-60-d-1983-1989-nuevo-original","status":"publish","type":"product","link":"https:\/\/galicianparts.com\/shop\/producto\/7607060-emblema-porton-trasero-fiat-uno-60-d-1983-1989-nuevo-original\/","title":{"rendered":"7607060 Emblema port\u00f3n trasero Fiat Uno 60 D (1983-1989) NUEVO ORIGINAL"},"content":{"rendered":"<p>Insignia de pl\u00e1stico del port\u00f3n del maletero de:<br \/>\nLargo: 156 mm<br \/>\nAncho: 34 mm<\/p>\n<p>FIAT UNO 60 D PRIMERA SERIE<\/p>\n<p>LA PIEZA ES NUEVA Y ORIGINAL.<\/p>\n","protected":false},"excerpt":{"rendered":"<p>Insignia de pl\u00e1stico del port\u00f3n del maletero de: Largo: 156 mm Ancho: 34 mm FIAT UNO 60 D PRIMERA SERIE LA PIEZA ES NUEVA Y ORIGINAL.<\/p>\n","protected":false},"featured_media":94764,"template":"","meta":{"_seopress_robots_primary_cat":"","_seopress_titles_title":"","_seopress_titles_desc":"","_seopress_robots_index":""},"product_cat":[20,114],"product_tag":[],"class_list":{"0":"post-94763","1":"product","2":"type-product","3":"status-publish","4":"has-post-thumbnail","6":"product_cat-recambios-fiat","7":"product_cat-recambios-fiat-uno","9":"first","10":"instock","11":"taxable","12":"shipping-taxable","13":"purchasable","14":"product-type-simple"},"_links":{"self":[{"href":"https:\/\/galicianparts.com\/shop\/wp-json\/wp\/v2\/product\/94763"}],"collection":[{"href":"https:\/\/galicianparts.com\/shop\/wp-json\/wp\/v2\/product"}],"about":[{"href":"https:\/\/galicianparts.com\/shop\/wp-json\/wp\/v2\/types\/product"}],"wp:featuredmedia":[{"embeddable":true,"href":"https:\/\/galicianparts.com\/shop\/wp-json\/wp\/v2\/media\/94764"}],"wp:attachment":[{"href":"https:\/\/galicianparts.com\/shop\/wp-json\/wp\/v2\/media?parent=94763"}],"wp:term":[{"taxonomy":"product_cat","embeddable":true,"href":"https:\/\/galicianparts.com\/shop\/wp-json\/wp\/v2\/product_cat?post=94763"},{"taxonomy":"product_tag","embeddable":true,"href":"https:\/\/galicianparts.com\/shop\/wp-json\/wp\/v2\/product_tag?post=94763"}],"curies":[{"name":"wp","href":"https:\/\/api.w.org\/{rel}","templated":true}]}}