{"id":9485,"date":"2020-12-01T12:28:12","date_gmt":"2020-12-01T10:28:12","guid":{"rendered":"https:\/\/galicianparts.com\/shop\/producto\/46440356-soporte-cables-alternador-lancia-delta-lybra-fiat-bravo-marea-palio-strada\/"},"modified":"2020-12-01T12:30:46","modified_gmt":"2020-12-01T10:30:46","slug":"46440356-soporte-cables-alternador-lancia-delta-lybra-fiat-bravo-marea-palio-strada","status":"publish","type":"product","link":"https:\/\/galicianparts.com\/shop\/producto\/46440356-soporte-cables-alternador-lancia-delta-lybra-fiat-bravo-marea-palio-strada\/","title":{"rendered":"46440356 Soporte cables alternador Lancia Delta \/ Lybra \/ Fiat Bravo \/ Marea \/ Palio \/ Strada"},"content":{"rendered":"<p>Soporte de instalaci\u00f3n el\u00e9ctrica de la bater\u00eda a alternador de:<br \/>\nFIAT &#8211; 1V BRAVA BZ\/DS (1995-1998)<br \/>\nFIAT &#8211; 1M BRAVA G.98 BZ\/DS (1998-2001)<br \/>\nFIAT &#8211; 1U BRAVO BZ\/DS (1995-1998)<br \/>\nFIAT &#8211; 1L BRAVO G.98 BZ\/DS (1998-2001)<br \/>\nFIAT &#8211; PT MAREA BENZINA (1996-1999)<br \/>\nFIAT &#8211; 1Q MAREA BZ GAMMA&#8217;99 (1999-2002)<br \/>\nFIAT &#8211; 1F MULTIPLA (1998-2010)<br \/>\nFIAT &#8211; 1X PALIO 2V EXTRA EUROPA (1997-2002)<br \/>\nFIAT &#8211; 2H PALIO 2V EXTRA EUROPA REST. 2002 (2002-2011)<br \/>\nFIAT &#8211; 3D PALIO 2V REST.2 (2005-2011)<br \/>\nFIAT &#8211; 1Y PALIO WE EXTRA EUROPA (1997-2002)<br \/>\nFIAT &#8211; 2K PALIO WE EXTRA EUROPA REST. 2002 (2002-2008)<br \/>\nFIAT &#8211; 2A SIENA EXTRA EUROPA (1997-2002)<br \/>\nFIAT &#8211; 2L SIENA EXTRA EUROPA REST.(2002-2012)<br \/>\nLANCIA &#8211; SX LYBRA BZ (1999-2005)<br \/>\nLANCIA &#8211; SF N.DELTA 1400-1600-1800(1993-1999)<br \/>\nFIAT PROFESSIONAL &#8211; 3G STRADA REST. 2 (2005-2011)<\/p>\n<p>LA PIEZA ES NUEVA Y ORIGINAL.<\/p>\n","protected":false},"excerpt":{"rendered":"<p>Soporte de instalaci\u00f3n el\u00e9ctrica de la bater\u00eda a alternador de: FIAT &#8211; 1V BRAVA BZ\/DS (1995-1998) FIAT &#8211; 1M BRAVA G.98 BZ\/DS (1998-2001) FIAT &#8211; 1U BRAVO BZ\/DS (1995-1998) FIAT &#8211; 1L BRAVO G.98 BZ\/DS (1998-2001) FIAT &#8211; PT MAREA BENZINA (1996-1999) FIAT &#8211; 1Q MAREA BZ GAMMA&#8217;99 (1999-2002) FIAT &#8211; 1F MULTIPLA (1998-2010) FIAT [&hellip;]<\/p>\n","protected":false},"featured_media":9486,"template":"","meta":{"_seopress_robots_primary_cat":"","_seopress_titles_title":"","_seopress_titles_desc":"","_seopress_robots_index":""},"product_cat":[81,82,118,20,21,120,95,96,98,107,109],"product_tag":[],"class_list":{"0":"post-9485","1":"product","2":"type-product","3":"status-publish","4":"has-post-thumbnail","6":"product_cat-recambios-fiat-brava","7":"product_cat-recambios-fiat-bravo","8":"product_cat-recambios-lancia-delta","9":"product_cat-recambios-fiat","10":"product_cat-recambios-lancia","11":"product_cat-recambios-lancia-lybra","12":"product_cat-recambios-fiat-marea","13":"product_cat-recambios-fiat-multipla","14":"product_cat-recambios-fiat-palio","15":"product_cat-recambios-fiat-siena","16":"product_cat-recambios-fiat-strada","18":"first","19":"instock","20":"taxable","21":"shipping-taxable","22":"purchasable","23":"product-type-simple"},"_links":{"self":[{"href":"https:\/\/galicianparts.com\/shop\/wp-json\/wp\/v2\/product\/9485"}],"collection":[{"href":"https:\/\/galicianparts.com\/shop\/wp-json\/wp\/v2\/product"}],"about":[{"href":"https:\/\/galicianparts.com\/shop\/wp-json\/wp\/v2\/types\/product"}],"wp:featuredmedia":[{"embeddable":true,"href":"https:\/\/galicianparts.com\/shop\/wp-json\/wp\/v2\/media\/9486"}],"wp:attachment":[{"href":"https:\/\/galicianparts.com\/shop\/wp-json\/wp\/v2\/media?parent=9485"}],"wp:term":[{"taxonomy":"product_cat","embeddable":true,"href":"https:\/\/galicianparts.com\/shop\/wp-json\/wp\/v2\/product_cat?post=9485"},{"taxonomy":"product_tag","embeddable":true,"href":"https:\/\/galicianparts.com\/shop\/wp-json\/wp\/v2\/product_tag?post=9485"}],"curies":[{"name":"wp","href":"https:\/\/api.w.org\/{rel}","templated":true}]}}