{"id":94919,"date":"2025-03-11T12:05:42","date_gmt":"2025-03-11T10:05:42","guid":{"rendered":"https:\/\/galicianparts.com\/shop\/producto\/60887296-embellecedor-d-59mm-central-llanta-fiat-clasico-nuevo-original\/"},"modified":"2025-03-11T12:11:09","modified_gmt":"2025-03-11T10:11:09","slug":"60887296-embellecedor-d-59mm-central-llanta-fiat-clasico-nuevo-original","status":"publish","type":"product","link":"https:\/\/galicianparts.com\/shop\/producto\/60887296-embellecedor-d-59mm-central-llanta-fiat-clasico-nuevo-original\/","title":{"rendered":"60887296 Embellecedor D 59mm central llanta Fiat Cl\u00e1sico NUEVO ORIGINAL"},"content":{"rendered":"<p>Tapacubo, tapa central de la llanta de aleaci\u00f3n de Fiat Cl\u00e1sico.<br \/>\nDi\u00e1metro: 59mm<br \/>\nDi\u00e1metro anclaje: 55mm<\/p>\n<p>LA PIEZA ES NUEVA Y ORIGINAL.<\/p>\n","protected":false},"excerpt":{"rendered":"<p>Tapacubo, tapa central de la llanta de aleaci\u00f3n de Fiat Cl\u00e1sico. Di\u00e1metro: 59mm Di\u00e1metro anclaje: 55mm LA PIEZA ES NUEVA Y ORIGINAL.<\/p>\n","protected":false},"featured_media":94920,"template":"","meta":{"_seopress_robots_primary_cat":"","_seopress_titles_title":"","_seopress_titles_desc":"","_seopress_robots_index":""},"product_cat":[20],"product_tag":[],"class_list":{"0":"post-94919","1":"product","2":"type-product","3":"status-publish","4":"has-post-thumbnail","6":"product_cat-recambios-fiat","8":"first","9":"instock","10":"taxable","11":"shipping-taxable","12":"purchasable","13":"product-type-simple"},"_links":{"self":[{"href":"https:\/\/galicianparts.com\/shop\/wp-json\/wp\/v2\/product\/94919"}],"collection":[{"href":"https:\/\/galicianparts.com\/shop\/wp-json\/wp\/v2\/product"}],"about":[{"href":"https:\/\/galicianparts.com\/shop\/wp-json\/wp\/v2\/types\/product"}],"wp:featuredmedia":[{"embeddable":true,"href":"https:\/\/galicianparts.com\/shop\/wp-json\/wp\/v2\/media\/94920"}],"wp:attachment":[{"href":"https:\/\/galicianparts.com\/shop\/wp-json\/wp\/v2\/media?parent=94919"}],"wp:term":[{"taxonomy":"product_cat","embeddable":true,"href":"https:\/\/galicianparts.com\/shop\/wp-json\/wp\/v2\/product_cat?post=94919"},{"taxonomy":"product_tag","embeddable":true,"href":"https:\/\/galicianparts.com\/shop\/wp-json\/wp\/v2\/product_tag?post=94919"}],"curies":[{"name":"wp","href":"https:\/\/api.w.org\/{rel}","templated":true}]}}