{"id":95103,"date":"2025-03-14T13:00:17","date_gmt":"2025-03-14T11:00:17","guid":{"rendered":"https:\/\/galicianparts.com\/shop\/producto\/7562093-capuchon-amortiguador-suspension-fiat-ducato-90-94-citroen-c25-peugeot-j5-nuevo-original\/"},"modified":"2025-05-09T14:09:17","modified_gmt":"2025-05-09T12:09:17","slug":"7562093-capuchon-amortiguador-suspension-fiat-ducato-90-94-citroen-c25-peugeot-j5-nuevo-original","status":"publish","type":"product","link":"https:\/\/galicianparts.com\/shop\/producto\/7562093-capuchon-amortiguador-suspension-fiat-ducato-90-94-citroen-c25-peugeot-j5-nuevo-original\/","title":{"rendered":"7562093 Capuch\u00f3n amortiguador suspensi\u00f3n Fiat Ducato (90-94) CItroen C25 \/Peugeot J5 NUEVO ORIGINAL"},"content":{"rendered":"<p>Protector, guardapolvo de los amortiguadores de la suspensi\u00f3n delantera de:<br \/>\nDi\u00e1metro interior: 36mm<br \/>\nLargo: 185mm<\/p>\n<p>FIAT Ducato I Furg\u00f3n (290)<br \/>\n1.9 D, A\u00f1o 07.1990 &#8211; 03.1994, 1929 ccm, 71 cv<br \/>\n1.9 TD, A\u00f1o 03.1989 &#8211; 03.1994, 1929 ccm, 82 cv<br \/>\n2.5 D, A\u00f1o 06.1990 &#8211; 05.1994, 2499 ccm, 75 cv<br \/>\n2.5 D 4&#215;4, A\u00f1o 07.1990 &#8211; 03.1994, 2500 ccm, 75 cv<br \/>\n2.5 TD, A\u00f1o 07.1990 &#8211; 03.1994, 2500 ccm, 95 cv<br \/>\n2.5 TD 4&#215;4, A\u00f1o 07.1990 &#8211; 03.1994, 2500 ccm, 95 cv<br \/>\nFIAT Ducato I Panorama (290)<br \/>\n1.9 D, A\u00f1o 07.1990 &#8211; 03.1994, 1929 ccm, 71 cv<br \/>\n1.9 TD, A\u00f1o 07.1990 &#8211; 03.1994, 1929 ccm, 82 cv<br \/>\n2.0, A\u00f1o 07.1990 &#8211; 03.1994, 1971 ccm, 84 cv<br \/>\n2.5 D, A\u00f1o 07.1990 &#8211; 03.1994, 2500 ccm, 75 cv<br \/>\n2.5 D 4&#215;4, A\u00f1o 07.1990 &#8211; 03.1994, 2500 ccm, 75 cv<br \/>\n2.5 TD, A\u00f1o 06.1990 &#8211; 05.1994, 2499 ccm, 95 cv<br \/>\n2.5 TD 4&#215;4, A\u00f1o 01.1991 &#8211; 03.1994, 2500 ccm, 95 cv<br \/>\nFIAT Ducato I Furg\u00f3n (280)<br \/>\n1.9 D, A\u00f1o 01.1988 &#8211; 08.1990, 1929 ccm, 71 cv<br \/>\n1.9 TD, A\u00f1o 03.1989 &#8211; 08.1990, 1929 ccm, 82 cv<br \/>\n2.0, A\u00f1o 07.1985 &#8211; 08.1990, 1971 ccm, 75 cv<br \/>\n2.0, A\u00f1o 03.1989 &#8211; 08.1990, 1971 ccm, 84 cv<br \/>\n2.4 D, A\u00f1o 01.1982 &#8211; 08.1990, 2428 ccm, 72 cv<br \/>\n2.5 D, A\u00f1o 01.1982 &#8211; 08.1990, 2500 ccm, 75 cv<br \/>\n2.5 D 4&#215;4, A\u00f1o 03.1989 &#8211; 08.1990, 2500 ccm, 75 cv<br \/>\nFIAT Ducato I Cami\u00f3n de plataforma\/Chasis (290)<br \/>\n1.9 TD, A\u00f1o 03.1989 &#8211; 03.1994, 1929 ccm, 82 cv<br \/>\n2.0, A\u00f1o 07.1990 &#8211; 03.1994, 1971 ccm, 84 cv<br \/>\n2.5 D, A\u00f1o 03.1989 &#8211; 03.1994, 2500 ccm, 75 cv<br \/>\n2.5 D 4&#215;4, A\u00f1o 07.1990 &#8211; 03.1994, 2500 ccm, 75 cv<br \/>\n2.5 TD, A\u00f1o 07.1990 &#8211; 03.1994, 2500 ccm, 95 cv<br \/>\n2.5 TD 4&#215;4, A\u00f1o 07.1990 &#8211; 03.1994, 2500 ccm, 95 cv<br \/>\nFIAT Ducato I Panorama (280)<br \/>\n1.9 D, A\u00f1o 02.1987 &#8211; 08.1990, 1929 ccm, 71 cv<br \/>\n1.9 TD, A\u00f1o 03.1989 &#8211; 08.1990, 1929 ccm, 82 cv<br \/>\n2.0, A\u00f1o 01.1986 &#8211; 08.1990, 1971 ccm, 75 cv<br \/>\n2.0, A\u00f1o 09.1988 &#8211; 08.1990, 1971 ccm, 84 cv<br \/>\n2.4 D, A\u00f1o 07.1982 &#8211; 12.1985, 2428 ccm, 72 cv<br \/>\n2.5 D, A\u00f1o 01.1986 &#8211; 08.1990, 2500 ccm, 75 cv<br \/>\n2.5 D 4&#215;4, A\u00f1o 01.1987 &#8211; 08.1990, 2500 ccm, 75 cv<br \/>\n2.5 TD, A\u00f1o 01.1987 &#8211; 08.1990, 2445 ccm, 92 cv<br \/>\nFIAT Ducato I Cami\u00f3n de plataforma\/Chasis (280)<br \/>\n2.0, A\u00f1o 07.1985 &#8211; 08.1990, 1971 ccm, 75 cv<br \/>\n2.0, A\u00f1o 08.1988 &#8211; 08.1990, 1971 ccm, 84 cv<br \/>\n2.5 D 4&#215;4, A\u00f1o 03.1989 &#8211; 08.1990, 2500 ccm, 75 cv<br \/>\n2.5 TD (8144.21), A\u00f1o 01.1986 &#8211; 08.1990, 2445 ccm, 92 cv<br \/>\nFIAT Talento Furg\u00f3n (290)<br \/>\n1.9 D, A\u00f1o 03.1989 &#8211; 03.1994, 1929 ccm, 71 cv<br \/>\n2.0, A\u00f1o 03.1989 &#8211; 03.1994, 1971 ccm, 75 cv<br \/>\nFIAT Talento Cami\u00f3n de plataforma\/Chasis (290)<br \/>\n1.9 D, A\u00f1o 03.1989 &#8211; 03.1994, 1929 ccm, 71 cv<br \/>\n2.0, A\u00f1o 03.1989 &#8211; 03.1994, 1971 ccm, 75 cv<br \/>\nFIAT Talento Bus (290)<br \/>\n1.9 D, A\u00f1o 03.1989 &#8211; 03.1994, 1929 ccm, 71 cv<br \/>\n2.0, A\u00f1o 03.1989 &#8211; 03.1994, 1971 ccm, 75 cv<\/p>\n<p>CITRO\u00cbN C25 Bus<br \/>\n1.8 E, A\u00f1o 07.1987 &#8211; 02.1994, 1796 ccm, 69 cv<br \/>\n1.9 D, A\u00f1o 07.1987 &#8211; 02.1994, 1905 ccm, 69 cv<br \/>\n1.9 TD, A\u00f1o 04.1992 &#8211; 02.1994, 1930 ccm, 82 cv<br \/>\n2.0, A\u00f1o 02.1991 &#8211; 02.1994, 1971 ccm, 84 cv<br \/>\n2.0 E, A\u00f1o 09.1981 &#8211; 02.1994, 1971 ccm, 79 cv<br \/>\n2.5 D, A\u00f1o 10.1985 &#8211; 02.1994, 2498 ccm, 73 cv<br \/>\n2.5 D 4&#215;4, A\u00f1o 01.1987 &#8211; 02.1994, 2498 ccm, 73 cv<br \/>\n2.5 D Turbo, A\u00f1o 08.1987 &#8211; 02.1994, 2500 ccm, 95 cv<br \/>\n2.5 D Turbo 4&#215;4, A\u00f1o 08.1987 &#8211; 02.1994, 2500 ccm, 95 cv<br \/>\nCITRO\u00cbN C25 Furg\u00f3n<br \/>\n2.0, A\u00f1o 02.1991 &#8211; 03.1994, 1971 ccm, 84 cv<br \/>\n2.0 E, A\u00f1o 09.1981 &#8211; 03.1994, 1971 ccm, 79 cv<br \/>\nCITRO\u00cbN C25 Cami\u00f3n de plataforma\/Chasis<br \/>\n2.0, A\u00f1o 01.1987 &#8211; 03.1994, 1971 ccm, 84 cv<br \/>\nCITRO\u00cbN C35 Bus<br \/>\n2.0, A\u00f1o 11.1973 &#8211; 01.1994, 1985 ccm, 88 cv<br \/>\n2.5 D, A\u00f1o 02.1980 &#8211; 01.1994, 2498 ccm, 69 cv<br \/>\nCITRO\u00cbN C35 Van<br \/>\n2.0, A\u00f1o 11.1973 &#8211; 01.1994, 1985 ccm, 88 cv<br \/>\n2.2 D, A\u00f1o 11.1973 &#8211; 01.1980, 2175 ccm, 61 cv<br \/>\n2.5 D, A\u00f1o 02.1980 &#8211; 01.1994, 2498 ccm, 69 cv<br \/>\nCITRO\u00cbN C35 Pick-up<br \/>\n2.0, A\u00f1o 11.1973 &#8211; 01.1994, 1985 ccm, 88 cv<br \/>\n2.2 D, A\u00f1o 11.1973 &#8211; 01.1980, 2175 ccm, 61 cv<\/p>\n<p>PEUGEOT J5 Cami\u00f3n de plataforma\/Chasis (290)<br \/>\n1.9 D, A\u00f1o 10.1990 &#8211; 02.1994, 1905 ccm, 70 cv<br \/>\n2.0, A\u00f1o 10.1990 &#8211; 02.1994, 1971 ccm, 84 cv<br \/>\n2.5 D, A\u00f1o 10.1990 &#8211; 02.1994, 2500 ccm, 73 cv<br \/>\n2.5 D 4&#215;4, A\u00f1o 10.1990 &#8211; 02.1994, 2500 ccm, 73 cv<br \/>\n2.5 TD, A\u00f1o 10.1990 &#8211; 02.1994, 2500 ccm, 95 cv<br \/>\n2.5 TD 4&#215;4, A\u00f1o 10.1990 &#8211; 02.1994, 2500 ccm, 95 cv<br \/>\nPEUGEOT J5 Bus (290)<br \/>\n1.9 D, A\u00f1o 10.1990 &#8211; 02.1994, 1905 ccm, 70 cv<br \/>\n2.0, A\u00f1o 10.1990 &#8211; 02.1994, 1971 ccm, 84 cv<br \/>\n2.5 D, A\u00f1o 10.1990 &#8211; 02.1994, 2500 ccm, 73 cv<br \/>\n2.5 D 4&#215;4, A\u00f1o 10.1990 &#8211; 02.1994, 2500 ccm, 73 cv<br \/>\n2.5 TD, A\u00f1o 10.1990 &#8211; 02.1994, 2498 ccm, 95 cv<br \/>\n2.5 TD 4&#215;4, A\u00f1o 10.1990 &#8211; 02.1994, 2500 ccm, 95 cv<br \/>\nPEUGEOT J5 Furg\u00f3n (290)<br \/>\n1.9 D, A\u00f1o 10.1990 &#8211; 03.1994, 1905 ccm, 70 cv<br \/>\n2.5 D, A\u00f1o 09.1990 &#8211; 01.1994, 2498 ccm, 73 cv<br \/>\n2.5 D 4&#215;4, A\u00f1o 10.1990 &#8211; 03.1994, 2500 ccm, 73 cv<br \/>\n2.5 DT, A\u00f1o 09.1990 &#8211; 01.1994, 2498 ccm, 95 cv<br \/>\n2.5 TD 4&#215;4, A\u00f1o 10.1990 &#8211; 03.1994, 2500 ccm, 95 cv<br \/>\nPEUGEOT Boxer Bus (244)<br \/>\n2.0, A\u00f1o 12.2001 &#8211; 06.2006, 1998 ccm, 110 cv<br \/>\n2.0 HDi, A\u00f1o 12.2001 &#8211; 06.2006, 1997 ccm, 84 cv<br \/>\n2.2 HDi, A\u00f1o 12.2001 &#8211; 06.2006, 2179 ccm, 101 cv<br \/>\nPEUGEOT Boxer Furg\u00f3n (244)<br \/>\n2.0, A\u00f1o 12.2001 &#8211; 06.2006, 1998 ccm, 110 cv<br \/>\n2.0 HDi, A\u00f1o 04.2002 &#8211; &#8230;, 1997 ccm, 84 cv<br \/>\n2.2 HDi, A\u00f1o 12.2001 &#8211; 06.2006, 2179 ccm, 101 cv<br \/>\nPEUGEOT Boxer Cami\u00f3n de plataforma\/Chasis (244)<br \/>\n2.0 HDi, A\u00f1o 12.2001 &#8211; 06.2006, 1997 ccm, 84 cv<br \/>\n2.2 HDi, A\u00f1o 12.2001 &#8211; 06.2006, 2179 ccm, 101 cv<\/p>\n<p>LA PIEZA ES NUEVA Y ORIGINAL AGES.<\/p>\n","protected":false},"excerpt":{"rendered":"<p>Protector, guardapolvo de los amortiguadores de la suspensi\u00f3n delantera de: Di\u00e1metro interior: 36mm Largo: 185mm FIAT Ducato I Furg\u00f3n (290) 1.9 D, A\u00f1o 07.1990 &#8211; 03.1994, 1929 ccm, 71 cv 1.9 TD, A\u00f1o 03.1989 &#8211; 03.1994, 1929 ccm, 82 cv 2.5 D, A\u00f1o 06.1990 &#8211; 05.1994, 2499 ccm, 75 cv 2.5 D 4&#215;4, A\u00f1o 07.1990 [&hellip;]<\/p>\n","protected":false},"featured_media":95105,"template":"","meta":{"_seopress_robots_primary_cat":"","_seopress_titles_title":"","_seopress_titles_desc":"","_seopress_robots_index":""},"product_cat":[155,132,133,23,88,20,157,24,110],"product_tag":[],"class_list":{"0":"post-95103","1":"product","2":"type-product","3":"status-publish","4":"has-post-thumbnail","6":"product_cat-recambios-peugeot-boxer","7":"product_cat-recambios-citroen-c25","8":"product_cat-recambios-citroen-c35","9":"product_cat-recambios-citroen","10":"product_cat-recambios-fiat-ducato","11":"product_cat-recambios-fiat","12":"product_cat-recambios-peugeot-j5","13":"product_cat-recambios-peugeot","14":"product_cat-recambios-fiat-talento","16":"first","17":"instock","18":"taxable","19":"shipping-taxable","20":"purchasable","21":"product-type-simple"},"_links":{"self":[{"href":"https:\/\/galicianparts.com\/shop\/wp-json\/wp\/v2\/product\/95103"}],"collection":[{"href":"https:\/\/galicianparts.com\/shop\/wp-json\/wp\/v2\/product"}],"about":[{"href":"https:\/\/galicianparts.com\/shop\/wp-json\/wp\/v2\/types\/product"}],"wp:featuredmedia":[{"embeddable":true,"href":"https:\/\/galicianparts.com\/shop\/wp-json\/wp\/v2\/media\/95105"}],"wp:attachment":[{"href":"https:\/\/galicianparts.com\/shop\/wp-json\/wp\/v2\/media?parent=95103"}],"wp:term":[{"taxonomy":"product_cat","embeddable":true,"href":"https:\/\/galicianparts.com\/shop\/wp-json\/wp\/v2\/product_cat?post=95103"},{"taxonomy":"product_tag","embeddable":true,"href":"https:\/\/galicianparts.com\/shop\/wp-json\/wp\/v2\/product_tag?post=95103"}],"curies":[{"name":"wp","href":"https:\/\/api.w.org\/{rel}","templated":true}]}}