{"id":95123,"date":"2025-03-14T14:47:32","date_gmt":"2025-03-14T12:47:32","guid":{"rendered":"https:\/\/galicianparts.com\/shop\/producto\/46523087-filtro-gasolina-fiat-lancia-alfa-romeo-citroen-peugeot-seat-nuevo-original\/"},"modified":"2025-08-28T12:19:28","modified_gmt":"2025-08-28T10:19:28","slug":"46523087-filtro-gasolina-fiat-lancia-alfa-romeo-citroen-peugeot-seat-nuevo-original","status":"publish","type":"product","link":"https:\/\/galicianparts.com\/shop\/producto\/46523087-filtro-gasolina-fiat-lancia-alfa-romeo-citroen-peugeot-seat-nuevo-original\/","title":{"rendered":"46523087 Filtro gasolina Fiat \/Lancia \/Alfa Romeo \/Citro\u00ebn \/Peugeot \/Seat NUEVO ORIGINAL"},"content":{"rendered":"<p>Filtro de combustible de:<br \/>\nAltura: 163 mm<br \/>\nDi\u00e1metro: 59 mm<br \/>\nDi\u00e1metro entrada: 8 mm<br \/>\nDi\u00e1metro salida: 8 mm<\/p>\n<p>FIAT Ducato II Furg\u00f3n (230L)<br \/>\n2.0, A\u00f1o 03.1994 &#8211; 04.2002, 1998 ccm, 109 cv<br \/>\n2.0 4&#215;4, A\u00f1o 11.1994 &#8211; 04.2002, 1998 ccm, 109 cv<br \/>\nFIAT Punto I Hatchback (176)<br \/>\n1.2 16V, A\u00f1o 04.1997 &#8211; 09.1999, 1242 ccm, 86 cv<br \/>\n1.4 GT Turbo (176AD_), A\u00f1o 10.1993 &#8211; 03.1997, 1372 ccm, 133 cv<br \/>\n1.4 GT Turbo (176AS_), A\u00f1o 09.1996 &#8211; 07.1999, 1372 ccm, 131 cv<br \/>\n1.6, A\u00f1o 01.1994 &#8211; 04.1997, 1581 ccm, 88 cv<br \/>\n1.1 55, A\u00f1o 09.1993 &#8211; 09.1999, 1108 ccm, 54 cv<br \/>\n1.2 60, A\u00f1o 01.1994 &#8211; 09.1999, 1242 ccm, 58 cv<br \/>\n60 1.2 (176AP, 176AR, 176AQ, 176BB), A\u00f1o 09.1993 &#8211; 09.1999, 1242 ccm, 60 cv<br \/>\n1.2 75, A\u00f1o 10.1993 &#8211; 09.1999, 1242 ccm, 73 cv<br \/>\nFIAT Punto I Cabrio (176)<br \/>\n1.2 60, A\u00f1o 04.1994 &#8211; 06.2000, 1242 ccm, 58 cv<br \/>\n60 1.2 (176AR_, 176BR_), A\u00f1o 05.1995 &#8211; 06.2000, 1242 ccm, 60 cv<br \/>\n1.2 16V 85, A\u00f1o 04.1997 &#8211; 06.2000, 1242 ccm, 86 cv<br \/>\n1.6 90, A\u00f1o 04.1994 &#8211; 04.1997, 1581 ccm, 88 cv<br \/>\nFIAT Barchetta (183)<br \/>\n1.8 16V, A\u00f1o 04.1995 &#8211; 05.2005, 1747 ccm, 130 cv<br \/>\nFIAT Brava Hatchback (182)<br \/>\n1.2 16V 80, A\u00f1o 12.1998 &#8211; 12.2002, 1242 ccm, 82 cv<br \/>\n1.4, A\u00f1o 10.1995 &#8211; 10.2001, 1370 ccm, 75 cv<br \/>\n1.4 12 V, A\u00f1o 10.1995 &#8211; 08.1998, 1370 ccm, 80 cv<br \/>\n1.6 16V, A\u00f1o 02.1996 &#8211; 10.2001, 1581 ccm, 103 cv<br \/>\n1.6 16V, A\u00f1o 10.1995 &#8211; 10.2001, 1581 ccm, 90 cv<br \/>\n1.6 16V, A\u00f1o 01.1999 &#8211; 12.2002, 1596 ccm, 103 cv<br \/>\n1.8 GT 16V (182.BC), A\u00f1o 10.1995 &#8211; 08.2001, 1747 ccm, 113 cv<br \/>\nFIAT Bravo I Hatchback (182)<br \/>\n1.2 16V 80, A\u00f1o 12.1998 &#8211; 10.2000, 1242 ccm, 82 cv<br \/>\n1.4, A\u00f1o 10.1995 &#8211; 10.2001, 1370 ccm, 80 cv<br \/>\n1.4, A\u00f1o 10.1995 &#8211; 10.2001, 1370 ccm, 75 cv<br \/>\n1.6, A\u00f1o 09.2000 &#8211; 10.2001, 1596 ccm, 103 cv<br \/>\n1.6 16V, A\u00f1o 03.1996 &#8211; 10.2001, 1581 ccm, 103 cv<br \/>\n1.6 16V, A\u00f1o 10.1995 &#8211; 10.2001, 1581 ccm, 90 cv<br \/>\n1.8 GT, A\u00f1o 10.1995 &#8211; 10.2001, 1747 ccm, 113 cv<br \/>\n2.0 HGT 20V, A\u00f1o 10.1995 &#8211; 07.1998, 1998 ccm, 147 cv<br \/>\nFIAT Marea (185)<br \/>\n1.4 80 12V, A\u00f1o 09.1996 &#8211; 05.2002, 1370 ccm, 80 cv<br \/>\n1.6, A\u00f1o 09.2000 &#8211; 08.2002, 1596 ccm, 103 cv<br \/>\n1.6 100 16V, A\u00f1o 09.1996 &#8211; 05.2002, 1581 ccm, 103 cv<br \/>\n1.6 100 16V Bipower, A\u00f1o 04.1999 &#8211; 05.2002, 1581 ccm, 103 cv<br \/>\n1.6 16V, A\u00f1o 04.1997 &#8211; 02.1999, 1581 ccm, 102 cv<br \/>\n1.8 115 16V, A\u00f1o 09.1996 &#8211; 05.2002, 1747 ccm, 113 cv<br \/>\n2.0 150 20V, A\u00f1o 09.1996 &#8211; 04.1999, 1998 ccm, 147 cv<br \/>\n2.0 150 20V, A\u00f1o 01.2001 &#8211; 05.2002, 1998 ccm, 150 cv<br \/>\nFIAT Ducato II Bus (230) (A\u00f1o 03.1994 &#8211; 04.2002)<br \/>\n2.0 4&#215;4, A\u00f1o 11.1994 &#8211; 11.2001, 1998 ccm, 109 cv<br \/>\n2.0 Panorama\/Combinato, A\u00f1o 03.1994 &#8211; 04.2002, 1998 ccm, 109 cv<br \/>\nFIAT Coupe (175)<br \/>\n1.8 16V, A\u00f1o 03.1996 &#8211; 08.2000, 1747 ccm, 131 cv<br \/>\n2.0 16V, A\u00f1o 11.1993 &#8211; 08.1996, 1995 ccm, 139 cv<br \/>\n2.0 20V, A\u00f1o 04.1998 &#8211; 08.2000, 1998 ccm, 154 cv<br \/>\n2.0 20V (175AXC1A), A\u00f1o 08.1996 &#8211; 09.1998, 1998 ccm, 147 cv<br \/>\n2.0 20V Turbo, A\u00f1o 08.1996 &#8211; 08.2000, 1998 ccm, 220 cv<br \/>\nFIAT Ducato II Cami\u00f3n de plataforma\/Chasis (230)<br \/>\n2.0, A\u00f1o 03.1994 &#8211; 04.2002, 1998 ccm, 109 cv<br \/>\n2.0 4&#215;4, A\u00f1o 11.1994 &#8211; 09.2001, 1998 ccm, 109 cv<\/p>\n<p>LANCIA Dedra (835)<br \/>\n1.6 16V, A\u00f1o 01.1996 &#8211; 07.1999, 1581 ccm, 103 cv<br \/>\n1.6 i.e., A\u00f1o 08.1989 &#8211; 06.1994, 1581 ccm, 90 cv<br \/>\n1.6 LE Cat (835EB), A\u00f1o 07.1994 &#8211; 07.1999, 1581 ccm, 90 cv<br \/>\n1.8 16V LE, A\u00f1o 03.1996 &#8211; 07.1999, 1747 ccm, 113 cv<br \/>\n1.8 GT 16V, A\u00f1o 03.1996 &#8211; 07.1999, 1747 ccm, 131 cv<br \/>\nLANCIA Delta II (836)<br \/>\n1.6 i.e., A\u00f1o 03.1996 &#8211; 08.1999, 1581 ccm, 90 cv<br \/>\n1.6 i.e. 16V, A\u00f1o 01.1996 &#8211; 08.1999, 1581 ccm, 103 cv<br \/>\n1.8 i.e. 16V, A\u00f1o 03.1996 &#8211; 08.1999, 1747 ccm, 113 cv<br \/>\n1.8 i.e. 16V GT, A\u00f1o 03.1996 &#8211; 08.1999, 1747 ccm, 131 cv<br \/>\nLANCIA YPSILON (840)<br \/>\n1.1, A\u00f1o 11.1995 &#8211; 09.2003, 1108 ccm, 54 cv<br \/>\n1.2, A\u00f1o 03.1996 &#8211; 09.2003, 1242 ccm, 60 cv<br \/>\n1.2 16V, A\u00f1o 04.1997 &#8211; 09.2003, 1242 ccm, 86 cv<br \/>\n1.4 12V, A\u00f1o 10.1996 &#8211; 09.2003, 1370 ccm, 80 cv<br \/>\n1.4 12V, A\u00f1o 03.1996 &#8211; 09.2003, 1370 ccm, 75 cv<\/p>\n<p>ALFA ROMEO 145 (930)<br \/>\n1.4 i.e. (930.A3), A\u00f1o 07.1994 &#8211; 12.1996, 1351 ccm, 90 cv<br \/>\n1.4 i.e. 16V T.S. (930.A3A), A\u00f1o 12.1996 &#8211; 01.2001, 1370 ccm, 103 cv<br \/>\n1.6 16V T.S. (930.A2C), A\u00f1o 09.1997 &#8211; 12.2000, 1598 ccm, 112 cv<br \/>\n1.6 i.e. (930.A2), A\u00f1o 10.1994 &#8211; 12.1996, 1596 ccm, 103 cv<br \/>\n1.6 i.e. 16V T.S. (930.A2), A\u00f1o 12.1996 &#8211; 01.2001, 1598 ccm, 120 cv<br \/>\n1.7 i.e. 16V (930.A1), A\u00f1o 10.1994 &#8211; 12.1996, 1712 ccm, 129 cv<br \/>\n1.8 i.e. 16V (930.A1A), A\u00f1o 03.1998 &#8211; 01.2001, 1747 ccm, 144 cv<br \/>\n1.8 i.e. 16V T.S. (930.A1A), A\u00f1o 12.1996 &#8211; 12.1998, 1747 ccm, 140 cv<br \/>\n2.0 16V (930.A5), A\u00f1o 03.1998 &#8211; 01.2001, 1970 ccm, 155 cv<br \/>\n2.0 16V T.S. (930.A5), A\u00f1o 10.1995 &#8211; 01.2001, 1970 ccm, 150 cv<br \/>\nALFA ROMEO 155 (167)<br \/>\n1.6 16V T.S. (167.A6A), A\u00f1o 05.1996 &#8211; 12.1997, 1598 ccm, 120 cv<br \/>\n1.7 T.S. 16V (167.A4N), A\u00f1o 05.1996 &#8211; 12.1997, 1747 ccm, 140 cv<br \/>\nALFA ROMEO 146 (930)<br \/>\n1.4 i.e. (930.B3), A\u00f1o 12.1994 &#8211; 12.1996, 1351 ccm, 90 cv<br \/>\n1.4 i.e. 16V T.S. (930.B3A), A\u00f1o 11.1996 &#8211; 01.2001, 1370 ccm, 103 cv<br \/>\n1.6 16V T.S. (930.B2C), A\u00f1o 09.1997 &#8211; 12.2000, 1598 ccm, 112 cv<br \/>\n1.6 i.e. (930.B2), A\u00f1o 12.1994 &#8211; 12.1996, 1596 ccm, 103 cv<br \/>\n1.6 i.e. 16V T.S. (930.B2B, 930.B2C), A\u00f1o 11.1996 &#8211; 10.2001, 1598 ccm, 120 cv<br \/>\n1.7 i.e. 16V (930.B1), A\u00f1o 12.1994 &#8211; 12.1996, 1712 ccm, 129 cv<br \/>\n1.8 i.e. 16V T.S. (930.B1A), A\u00f1o 11.1996 &#8211; 01.2001, 1747 ccm, 140 cv<br \/>\n1.8 i.e. 16V T.S. (930.B1A), A\u00f1o 03.1998 &#8211; 01.2001, 1747 ccm, 144 cv<br \/>\n2.0 16V (930.B5), A\u00f1o 03.1997 &#8211; 10.2001, 1970 ccm, 155 cv<br \/>\n2.0 16V T.S. (930.B5), A\u00f1o 10.1995 &#8211; 01.2001, 1970 ccm, 150 cv<br \/>\nALFA ROMEO 156 Berlina (932)<br \/>\n1.6 16V T.SPARK (932A4), A\u00f1o 09.1997 &#8211; 09.2005, 1598 ccm, 112 cv<br \/>\nALFA ROMEO 156 Sportwagon (932) (A\u00f1o 01.2000 &#8211; 05.2006)<br \/>\n1.6 16V T.SPARK (932A4), A\u00f1o 01.2000 &#8211; 09.2005, 1598 ccm, 112 cv<\/p>\n<p>CITRO\u00cbN Jumper I (230)<br \/>\n2.0, A\u00f1o 02.1994 &#8211; 04.2002, 1998 ccm, 109 cv<br \/>\n2.0 4&#215;4, A\u00f1o 08.1996 &#8211; 04.2002, 1998 ccm, 109 cv<br \/>\nCITRO\u00cbN CX I<br \/>\n2400 GTi, A\u00f1o 06.1977 &#8211; 06.1982, 2347 ccm, 128 cv<br \/>\n2400 GTi, A\u00f1o 06.1977 &#8211; 06.1982, 2347 ccm, 131 cv<br \/>\nCITRO\u00cbN CX II<br \/>\n25 GTi, A\u00f1o 05.1986 &#8211; 12.1992, 2499 ccm, 121 cv<br \/>\n25 GTi Turbo 2, A\u00f1o 09.1986 &#8211; 12.1992, 2499 ccm, 156 cv<br \/>\n2.5 GTi Turbo 2, A\u00f1o 08.1985 &#8211; 12.1992, 2500 ccm, 166 cv<br \/>\n2.5 TRi, A\u00f1o 08.1985 &#8211; 12.1992, 2500 ccm, 136 cv<br \/>\nCITRO\u00cbN AX<br \/>\n1.0, A\u00f1o 09.1986 &#8211; 06.1992, 954 ccm, 44 cv<br \/>\n1.0, A\u00f1o 07.1986 &#8211; 12.1998, 954 ccm, 45 cv<\/p>\n<p>PEUGEOT Boxer Bus (230)<br \/>\n2.0 i, A\u00f1o 03.1994 &#8211; 04.2002, 1998 ccm, 109 cv<br \/>\n2.0 i 4&#215;4, A\u00f1o 08.1996 &#8211; 04.2002, 1998 ccm, 109 cv<\/p>\n<p>SEAT C\u00f3rdoba I (6K1, 6K2)<br \/>\n1.0, A\u00f1o 06.2001 &#8211; 08.2002, 999 ccm, 69 cv<br \/>\n1.0 i, A\u00f1o 09.1996 &#8211; 10.2002, 999 ccm, 50 cv<br \/>\n1.4, A\u00f1o 12.1997 &#8211; 04.1999, 1390 ccm, 54 cv<br \/>\n1.4 16V, A\u00f1o 05.2000 &#8211; 10.2002, 1390 ccm, 75 cv<br \/>\n1.4 i, A\u00f1o 06.1994 &#8211; 10.2002, 1389 ccm, 60 cv<br \/>\n1.4 i 16V, A\u00f1o 09.1996 &#8211; 10.2002, 1390 ccm, 101 cv<br \/>\n1.6 i, A\u00f1o 02.1993 &#8211; 10.2002, 1598 ccm, 75 cv<br \/>\n1.6 i, A\u00f1o 05.1994 &#8211; 06.1999, 1595 ccm, 75 cv<br \/>\n1.6 i, A\u00f1o 07.1996 &#8211; 10.2002, 1595 ccm, 101 cv<br \/>\n1.8 T 20V Cupra, A\u00f1o 07.2000 &#8211; 10.2002, 1781 ccm, 156 cv<br \/>\nSEAT Ibiza II (6K1)<br \/>\n1.0 16V, A\u00f1o 10.1999 &#8211; 02.2002, 999 ccm, 69 cv<br \/>\n1.0 i, A\u00f1o 09.1996 &#8211; 02.2002, 999 ccm, 50 cv<br \/>\n1.3 i, A\u00f1o 03.1993 &#8211; 08.1999, 1272 ccm, 54 cv<br \/>\n1.4 16V, A\u00f1o 05.2000 &#8211; 02.2002, 1390 ccm, 75 cv<br \/>\n1.4 i, A\u00f1o 09.1993 &#8211; 02.2002, 1389 ccm, 60 cv<br \/>\n1.4 i 16V, A\u00f1o 06.1997 &#8211; 02.2002, 1390 ccm, 101 cv<br \/>\n1.6 i, A\u00f1o 09.1994 &#8211; 06.1999, 1595 ccm, 75 cv<br \/>\n1.6 i, A\u00f1o 03.1993 &#8211; 02.2002, 1598 ccm, 75 cv<br \/>\n1.6 i, A\u00f1o 04.1996 &#8211; 02.2002, 1595 ccm, 101 cv<br \/>\n1.8 i, A\u00f1o 03.1993 &#8211; 08.1999, 1781 ccm, 90 cv<br \/>\n1.8 T 20V Cupra, A\u00f1o 07.2000 &#8211; 02.2002, 1781 ccm, 156 cv<br \/>\n1.8 T 20V Cupra R, A\u00f1o 07.2000 &#8211; 02.2002, 1781 ccm, 180 cv<br \/>\n2.0 i 16V, A\u00f1o 08.1996 &#8211; 08.1999, 1984 ccm, 150 cv<br \/>\nSEAT Arosa (6H)<br \/>\n1.0, A\u00f1o 05.1997 &#8211; 06.2004, 999 ccm, 50 cv<br \/>\n1.0, A\u00f1o 10.1998 &#8211; 01.2001, 997 ccm, 50 cv<br \/>\n1.4, A\u00f1o 05.1997 &#8211; 06.2004, 1389 ccm, 60 cv<br \/>\n1.4 16V, A\u00f1o 01.2000 &#8211; 06.2004, 1390 ccm, 100 cv<br \/>\nSEAT Ibiza III Hatchback (6L)<br \/>\n1.2, A\u00f1o 06.2007 &#8211; 05.2008, 1198 ccm, 60 cv<br \/>\n1.2, A\u00f1o 02.2002 &#8211; 06.2006, 1198 ccm, 64 cv<br \/>\n1.2 12V, A\u00f1o 05.2006 &#8211; 11.2009, 1198 ccm, 70 cv<br \/>\n1.4 16V, A\u00f1o 02.2002 &#8211; 12.2007, 1390 ccm, 75 cv<br \/>\n1.4 16V, A\u00f1o 05.2006 &#8211; 11.2009, 1390 ccm, 86 cv<br \/>\n1.4 16V, A\u00f1o 02.2002 &#8211; 11.2009, 1390 ccm, 100 cv<br \/>\n1.6, A\u00f1o 02.2003 &#8211; 11.2009, 1598 ccm, 101 cv<br \/>\n1.6 16V, A\u00f1o 11.2006 &#8211; 11.2009, 1598 ccm, 105 cv<br \/>\n1.8 T Cupra R, A\u00f1o 01.2004 &#8211; 02.2008, 1781 ccm, 180 cv<br \/>\n1.8 T FR, A\u00f1o 12.2003 &#8211; 05.2008, 1781 ccm, 150 cv<br \/>\n2.0, A\u00f1o 04.2002 &#8211; 11.2009, 1984 ccm, 116 cv<br \/>\n LA PIEZA ES NUEVA Y ORIGINAL.<\/p>\n","protected":false},"excerpt":{"rendered":"<p>Filtro de combustible de: Altura: 163 mm Di\u00e1metro: 59 mm Di\u00e1metro entrada: 8 mm Di\u00e1metro salida: 8 mm FIAT Ducato II Furg\u00f3n (230L) 2.0, A\u00f1o 03.1994 &#8211; 04.2002, 1998 ccm, 109 cv 2.0 4&#215;4, A\u00f1o 11.1994 &#8211; 04.2002, 1998 ccm, 109 cv FIAT Punto I Hatchback (176) 1.2 16V, A\u00f1o 04.1997 &#8211; 09.1999, 1242 ccm, [&hellip;]<\/p>\n","protected":false},"featured_media":95127,"template":"","meta":{"_seopress_robots_primary_cat":"","_seopress_titles_title":"","_seopress_titles_desc":"","_seopress_robots_index":""},"product_cat":[45,46,48,49,16,357,311,80,155,81,82,23,210,85,136,117,118,88,20,162,137,21,95,24,101,26,127],"product_tag":[],"class_list":{"0":"post-95123","1":"product","2":"type-product","3":"status-publish","4":"has-post-thumbnail","6":"product_cat-recambios-alfa-romeo-145","7":"product_cat-recambios-alfa-romeo-146","8":"product_cat-recambios-alfa-romeo-155","9":"product_cat-recambios-alfa-romeo-156","10":"product_cat-recambios-alfa-romeo","11":"product_cat-recambios-seat-arosa","12":"product_cat-recambios-citroen-ax","13":"product_cat-recambios-fiat-barchetta","14":"product_cat-recambios-peugeot-boxer","15":"product_cat-recambios-fiat-brava","16":"product_cat-recambios-fiat-bravo","17":"product_cat-recambios-citroen","18":"product_cat-recambios-seat-cordoba","19":"product_cat-recambios-fiat-coupe","20":"product_cat-recambios-citroen-cx","21":"product_cat-recambios-lancia-dedra","22":"product_cat-recambios-lancia-delta","23":"product_cat-recambios-fiat-ducato","24":"product_cat-recambios-fiat","25":"product_cat-recambios-seat-ibiza","26":"product_cat-recambios-citroen-jumper","27":"product_cat-recambios-lancia","28":"product_cat-recambios-fiat-marea","29":"product_cat-recambios-peugeot","30":"product_cat-recambios-fiat-punto","31":"product_cat-recambios-seat","32":"product_cat-recambios-lancia-ypsilon","34":"first","35":"instock","36":"taxable","37":"shipping-taxable","38":"purchasable","39":"product-type-simple"},"_links":{"self":[{"href":"https:\/\/galicianparts.com\/shop\/wp-json\/wp\/v2\/product\/95123"}],"collection":[{"href":"https:\/\/galicianparts.com\/shop\/wp-json\/wp\/v2\/product"}],"about":[{"href":"https:\/\/galicianparts.com\/shop\/wp-json\/wp\/v2\/types\/product"}],"wp:featuredmedia":[{"embeddable":true,"href":"https:\/\/galicianparts.com\/shop\/wp-json\/wp\/v2\/media\/95127"}],"wp:attachment":[{"href":"https:\/\/galicianparts.com\/shop\/wp-json\/wp\/v2\/media?parent=95123"}],"wp:term":[{"taxonomy":"product_cat","embeddable":true,"href":"https:\/\/galicianparts.com\/shop\/wp-json\/wp\/v2\/product_cat?post=95123"},{"taxonomy":"product_tag","embeddable":true,"href":"https:\/\/galicianparts.com\/shop\/wp-json\/wp\/v2\/product_tag?post=95123"}],"curies":[{"name":"wp","href":"https:\/\/api.w.org\/{rel}","templated":true}]}}