{"id":9513,"date":"2020-12-01T15:18:26","date_gmt":"2020-12-01T13:18:26","guid":{"rendered":"https:\/\/galicianparts.com\/shop\/producto\/4387012-correa-distribucion-fiat-132-131-argenta-seat-132-original\/"},"modified":"2023-11-02T12:26:22","modified_gmt":"2023-11-02T10:26:22","slug":"4387012-correa-distribucion-fiat-132-131-argenta-seat-132-original","status":"publish","type":"product","link":"https:\/\/galicianparts.com\/shop\/producto\/4387012-correa-distribucion-fiat-132-131-argenta-seat-132-original\/","title":{"rendered":"4387012 Correa bomba direcci\u00f3n Fiat 131 \/132 \/Argenta \/Seat 132 ORIGINAL"},"content":{"rendered":"<p>Correa dentada de la servodirecci\u00f3n de:<br \/>\nFIAT 131 Berlina (131)<br \/>\n1.4 Mirafiori, A\u00f1o 11.1980 &#8211; 01.1984, 1367 , 70<br \/>\n2.0 Super, A\u00f1o 01.1981 &#8211; 12.1984, 1995 , 113<br \/>\nFIAT 131 Familiare \/ Panorama (131)<br \/>\n1.4 Mirafiori, A\u00f1o 11.1981 &#8211; 01.1984, 1367 , 70<br \/>\n2.0 Mirafiori (131AF2), A\u00f1o 11.1980 &#8211; 12.1984, 1995 , 114<br \/>\n2.0 Super, A\u00f1o 01.1981 &#8211; 12.1984, 1995 , 113<br \/>\nFIAT Argenta (132)<br \/>\n1.6, A\u00f1o 04.1981 &#8211; 12.1985, 1585 , 98<br \/>\n1.6 i.e, A\u00f1o 04.1981 &#8211; 12.1985, 1585 , 90<br \/>\n2, A\u00f1o 06.1978 &#8211; 12.1985, 1995 , 113<br \/>\n2.0 i.e., A\u00f1o 06.1981 &#8211; 07.1986, 1995 , 122<br \/>\n2.0 Volumex, A\u00f1o 06.1984 &#8211; 07.1985, 1995 , 135<br \/>\nFIAT 132 (132_)<br \/>\n1.6, A\u00f1o 05.1977 &#8211; 09.1982, 1585 , 88<br \/>\n1.6, A\u00f1o 03.1977 &#8211; 12.1981, 1585 , 90<br \/>\n1.6, A\u00f1o 01.1976 &#8211; 12.1982, 1585 , 98<br \/>\n1.6, A\u00f1o 04.1972 &#8211; 01.1976, 1592 , 98<br \/>\n1.7 GLS, A\u00f1o 04.1974 &#8211; 12.1975, 1756 , 107<br \/>\n1.7 GLS, A\u00f1o 11.1975 &#8211; 01.1977, 1756 , 112<br \/>\n2.0, A\u00f1o 01.1976 &#8211; 06.1981, 1995 , 112<br \/>\n2.0 i.e., A\u00f1o 01.1980 &#8211; 12.1982, 1995 , 122<\/p>\n<p>SEAT 131<br \/>\n2.0, A\u00f1o 06.1978 &#8211; 12.1985, 1994 , 116<br \/>\nSEAT 132 Berlina<br \/>\n1.6, A\u00f1o 05.1973 &#8211; 12.1980, 1592 , 98<br \/>\n1.8, A\u00f1o 05.1973 &#8211; 12.1980, 1756 , 105<\/p>\n<p>LA PIEZA ES NUEVA Y ORIGINAL.<\/p>\n","protected":false},"excerpt":{"rendered":"<p>Correa dentada de la servodirecci\u00f3n de: FIAT 131 Berlina (131) 1.4 Mirafiori, A\u00f1o 11.1980 &#8211; 01.1984, 1367 , 70 2.0 Super, A\u00f1o 01.1981 &#8211; 12.1984, 1995 , 113 FIAT 131 Familiare \/ Panorama (131) 1.4 Mirafiori, A\u00f1o 11.1981 &#8211; 01.1984, 1367 , 70 2.0 Mirafiori (131AF2), A\u00f1o 11.1980 &#8211; 12.1984, 1995 , 114 2.0 Super, [&hellip;]<\/p>\n","protected":false},"featured_media":54205,"template":"","meta":{"_seopress_robots_primary_cat":"","_seopress_titles_title":"","_seopress_titles_desc":"","_seopress_robots_index":""},"product_cat":[70,232,71,79,20,26],"product_tag":[],"class_list":{"0":"post-9513","1":"product","2":"type-product","3":"status-publish","4":"has-post-thumbnail","6":"product_cat-recambios-fiat-131","7":"product_cat-recambios-seat-132","8":"product_cat-recambios-fiat-132","9":"product_cat-recambios-fiat-argenta","10":"product_cat-recambios-fiat","11":"product_cat-recambios-seat","13":"first","14":"outofstock","15":"taxable","16":"shipping-taxable","17":"purchasable","18":"product-type-simple"},"_links":{"self":[{"href":"https:\/\/galicianparts.com\/shop\/wp-json\/wp\/v2\/product\/9513"}],"collection":[{"href":"https:\/\/galicianparts.com\/shop\/wp-json\/wp\/v2\/product"}],"about":[{"href":"https:\/\/galicianparts.com\/shop\/wp-json\/wp\/v2\/types\/product"}],"wp:featuredmedia":[{"embeddable":true,"href":"https:\/\/galicianparts.com\/shop\/wp-json\/wp\/v2\/media\/54205"}],"wp:attachment":[{"href":"https:\/\/galicianparts.com\/shop\/wp-json\/wp\/v2\/media?parent=9513"}],"wp:term":[{"taxonomy":"product_cat","embeddable":true,"href":"https:\/\/galicianparts.com\/shop\/wp-json\/wp\/v2\/product_cat?post=9513"},{"taxonomy":"product_tag","embeddable":true,"href":"https:\/\/galicianparts.com\/shop\/wp-json\/wp\/v2\/product_tag?post=9513"}],"curies":[{"name":"wp","href":"https:\/\/api.w.org\/{rel}","templated":true}]}}