{"id":95160,"date":"2025-03-17T12:20:02","date_gmt":"2025-03-17T10:20:02","guid":{"rendered":"https:\/\/galicianparts.com\/shop\/producto\/9945836-rotula-axial-direccion-fiat-ducato-94-02-citroen-jumper-peugeot-boxer-original\/"},"modified":"2025-03-17T12:28:32","modified_gmt":"2025-03-17T10:28:32","slug":"9945836-rotula-axial-direccion-fiat-ducato-94-02-citroen-jumper-peugeot-boxer-original","status":"publish","type":"product","link":"https:\/\/galicianparts.com\/shop\/producto\/9945836-rotula-axial-direccion-fiat-ducato-94-02-citroen-jumper-peugeot-boxer-original\/","title":{"rendered":"9945836 R\u00f3tula axial direcci\u00f3n Fiat Ducato (94-02) Citroen Jumper \/Peugeot Boxer ORIGINAL"},"content":{"rendered":"<p>Tirante de la cremallera de direcci\u00f3n de:<br \/>\nLargo total: 332mm<br \/>\nM\u00e9trica roscas: 16\u00d71,5<\/p>\n<p>FIAT Ducato II Furg\u00f3n (230L)<br \/>\n1.9 D, A\u00f1o 04.1998 &#8211; 04.2002, 1905 ccm, 68 cv<br \/>\n1.9 D, A\u00f1o 03.1994 &#8211; 04.2002, 1929 ccm, 69 cv<br \/>\n1.9 TD, A\u00f1o 05.1998 &#8211; 11.2001, 1905 ccm, 80 cv<br \/>\n1.9 TD, A\u00f1o 03.1994 &#8211; 04.2002, 1929 ccm, 82 cv<br \/>\n1.9 TD, A\u00f1o 04.1998 &#8211; 04.2002, 1905 ccm, 90 cv<br \/>\n1.9 TD CAT, A\u00f1o 08.1994 &#8211; 04.2002, 1929 ccm, 80 cv<br \/>\n2.0, A\u00f1o 03.1994 &#8211; 04.2002, 1998 ccm, 109 cv<br \/>\n2.0 4&#215;4, A\u00f1o 11.1994 &#8211; 04.2002, 1998 ccm, 109 cv<br \/>\n2.0 JTD, A\u00f1o 10.2001 &#8211; 04.2002, 1997 ccm, 84 cv<br \/>\n2.5 D, A\u00f1o 03.1994 &#8211; 04.2002, 2500 ccm, 84 cv<br \/>\n2.5 D 4&#215;4, A\u00f1o 03.1994 &#8211; 04.2002, 2500 ccm, 84 cv<br \/>\n2.5 TD, A\u00f1o 06.1994 &#8211; 08.1998, 2499 ccm, 109 cv<br \/>\n2.5 TD 4&#215;4, A\u00f1o 11.1994 &#8211; 04.1998, 2499 ccm, 109 cv<br \/>\n2.5 TD 4&#215;4, A\u00f1o 11.1994 &#8211; 04.1998, 2499 ccm, 116 cv<br \/>\n2.5 TDI, A\u00f1o 03.1994 &#8211; 04.2002, 2500 ccm, 109 cv<br \/>\n2.5 TDI, A\u00f1o 03.1994 &#8211; 04.2002, 2500 ccm, 116 cv<br \/>\n2.5 TDI 4&#215;4, A\u00f1o 05.1998 &#8211; 04.2002, 2500 ccm, 116 cv<br \/>\n2.8 D, A\u00f1o 05.1998 &#8211; 04.2002, 2800 ccm, 87 cv<br \/>\n2.8 D 4&#215;4, A\u00f1o 08.1998 &#8211; 04.2002, 2800 ccm, 87 cv<br \/>\n2.8 JTD, A\u00f1o 11.2000 &#8211; 04.2002, 2798 ccm, 128 cv<br \/>\n2.8 JTD, A\u00f1o 10.1999 &#8211; 05.2005, 2798 ccm, 140 cv<br \/>\n2.8 JTD 4&#215;4, A\u00f1o 11.2000 &#8211; 04.2002, 2798 ccm, 128 cv<br \/>\n2.8 TD 4&#215;4, A\u00f1o 05.1998 &#8211; 09.2001, 2799 ccm, 122 cv<br \/>\n2.8 TDI, A\u00f1o 10.1997 &#8211; 04.2002, 2800 ccm, 122 cv<br \/>\n2.8 TDI 4&#215;4, A\u00f1o 06.1999 &#8211; 04.2002, 2800 ccm, 122 cv<br \/>\nFIAT Ducato II Bus (230)<br \/>\n1.9 D, A\u00f1o 04.1998 &#8211; 04.2002, 1905 ccm, 68 cv<br \/>\n1.9 D, A\u00f1o 05.1998 &#8211; 11.2001, 1905 ccm, 80 cv<br \/>\n1.9 D Combinato, A\u00f1o 06.1995 &#8211; 04.2002, 1929 ccm, 69 cv<br \/>\n1.9 TD, A\u00f1o 04.1998 &#8211; 04.2002, 1905 ccm, 90 cv<br \/>\n1.9 TD Combinato, A\u00f1o 08.1994 &#8211; 04.2002, 1929 ccm, 80 cv<br \/>\n1.9 TD Panorama\/Combinato, A\u00f1o 03.1994 &#8211; 04.2002, 1929 ccm, 82 cv<br \/>\n2.0 4&#215;4, A\u00f1o 11.1994 &#8211; 11.2001, 1998 ccm, 109 cv<br \/>\n2.0 JTD, A\u00f1o 10.2001 &#8211; 04.2002, 1997 ccm, 84 cv<br \/>\n2.0 Panorama\/Combinato, A\u00f1o 03.1994 &#8211; 04.2002, 1998 ccm, 109 cv<br \/>\n2.5 D, A\u00f1o 03.1994 &#8211; 04.2002, 2499 ccm, 75 cv<br \/>\n2.5 D Combinato, A\u00f1o 08.1994 &#8211; 04.2002, 2500 ccm, 84 cv<br \/>\n2.5 TD, A\u00f1o 06.1994 &#8211; 08.1998, 2499 ccm, 109 cv<br \/>\n2.5 TD 4&#215;4, A\u00f1o 11.1994 &#8211; 04.1998, 2499 ccm, 109 cv<br \/>\n2.5 TD 4&#215;4, A\u00f1o 06.1994 &#8211; 09.2001, 2499 ccm, 116 cv<br \/>\n2.5 TDI 4&#215;4, A\u00f1o 04.1997 &#8211; 04.2002, 2500 ccm, 116 cv<br \/>\n2.5 TDI Panorama\/Combinato, A\u00f1o 07.1994 &#8211; 04.2002, 2500 ccm, 109 cv<br \/>\n2.5 TDI Panorama\/Combinato, A\u00f1o 03.1994 &#8211; 04.2002, 2499 ccm, 116 cv<br \/>\n2.8 D, A\u00f1o 02.1998 &#8211; 04.2002, 2800 ccm, 87 cv<br \/>\n2.8 JTD, A\u00f1o 11.2000 &#8211; 04.2002, 2798 ccm, 128 cv<br \/>\n2.8 JTD 4&#215;4, A\u00f1o 11.2000 &#8211; 04.2002, 2798 ccm, 128 cv<br \/>\n2.8 TDI, A\u00f1o 10.1997 &#8211; 04.2002, 2800 ccm, 122 cv<br \/>\n2.8 TDI 4&#215;4, A\u00f1o 07.1999 &#8211; 04.2002, 2800 ccm, 122 cv<br \/>\nFIAT Ducato II Cami\u00f3n de plataforma\/Chasis (230)<br \/>\n1.9 D, A\u00f1o 04.1998 &#8211; 04.2002, 1905 ccm, 68 cv<br \/>\n1.9 D, A\u00f1o 03.1994 &#8211; 04.2002, 1929 ccm, 69 cv<br \/>\n1.9 TD, A\u00f1o 05.1998 &#8211; 11.2001, 1905 ccm, 80 cv<br \/>\n1.9 TD, A\u00f1o 03.1994 &#8211; 04.2002, 1929 ccm, 82 cv<br \/>\n1.9 TD, A\u00f1o 04.1998 &#8211; 04.2002, 1905 ccm, 90 cv<br \/>\n1.9 TD CAT, A\u00f1o 08.1994 &#8211; 04.2002, 1929 ccm, 80 cv<br \/>\n2.0, A\u00f1o 03.1994 &#8211; 04.2002, 1998 ccm, 109 cv<br \/>\n2.0 4&#215;4, A\u00f1o 11.1994 &#8211; 09.2001, 1998 ccm, 109 cv<br \/>\n2.0 JTD, A\u00f1o 07.2001 &#8211; 04.2002, 1997 ccm, 84 cv<br \/>\n2.5 D, A\u00f1o 03.1994 &#8211; 04.2002, 2500 ccm, 84 cv<br \/>\n2.5 D 4&#215;4, A\u00f1o 03.1994 &#8211; 04.2002, 2500 ccm, 84 cv<br \/>\n2.5 TD, A\u00f1o 06.1994 &#8211; 08.1998, 2499 ccm, 109 cv<br \/>\n2.5 TD, A\u00f1o 06.1994 &#8211; 04.1998, 2499 ccm, 116 cv<br \/>\n2.5 TD 4&#215;4, A\u00f1o 11.1994 &#8211; 04.1998, 2499 ccm, 109 cv<br \/>\n2.5 TD 4&#215;4, A\u00f1o 11.1994 &#8211; 04.1998, 2499 ccm, 116 cv<br \/>\n2.5 TDI, A\u00f1o 03.1994 &#8211; 04.2002, 2500 ccm, 109 cv<br \/>\n2.5 TDI 4&#215;4, A\u00f1o 06.1998 &#8211; 04.2002, 2500 ccm, 116 cv<br \/>\n2.8 D, A\u00f1o 02.1998 &#8211; 04.2002, 2800 ccm, 87 cv<br \/>\n2.8 iDTD 4&#215;4, A\u00f1o 05.1998 &#8211; 09.2001, 2799 ccm, 122 cv<br \/>\n2.8 JTD, A\u00f1o 11.2000 &#8211; 04.2002, 2798 ccm, 128 cv<br \/>\n2.8 JTD, A\u00f1o 03.2001 &#8211; 04.2002, 2798 ccm, 128 cv<br \/>\n2.8 JTD 4&#215;4, A\u00f1o 10.2001 &#8211; 04.2002, 2798 ccm, 128 cv<br \/>\n2.8 TD 4&#215;4, A\u00f1o 05.1998 &#8211; 11.2001, 2799 ccm, 87 cv<br \/>\n2.8 TDI, A\u00f1o 12.1998 &#8211; 04.2002, 2800 ccm, 122 cv<br \/>\nFIAT Ducato II Bus (244)<br \/>\n2.0, A\u00f1o 12.2001 &#8211; 07.2006, 1998 ccm, 110 cv<br \/>\n2.0 4&#215;4, A\u00f1o 05.2002 &#8211; 07.2006, 1998 ccm, 110 cv<br \/>\n2.0 Bipower, A\u00f1o 11.2002 &#8211; &#8230;, 1998 ccm, 110 cv<br \/>\n2.0 JTD, A\u00f1o 12.2001 &#8211; 07.2006, 1997 ccm, 84 cv<br \/>\n2.0 LPG, A\u00f1o 11.2002 &#8211; 07.2006, 1998 ccm, 97 cv<br \/>\n2.3 JTD, A\u00f1o 12.2001 &#8211; 07.2006, 2286 ccm, 110 cv<br \/>\n2.3 JTD, A\u00f1o 12.2009 &#8211; &#8230;, 2287 ccm, 126 cv<br \/>\n2.8 JTD, A\u00f1o 12.2001 &#8211; &#8230;, 2798 ccm, 128 cv<br \/>\n2.8 JTD, A\u00f1o 04.2004 &#8211; 07.2006, 2800 ccm, 145 cv<br \/>\n2.8 JTD 4&#215;4, A\u00f1o 12.2001 &#8211; 07.2006, 2798 ccm, 128 cv<br \/>\n2.8 TD, A\u00f1o 11.2003 &#8211; 07.2006, 2799 ccm, 122 cv<br \/>\n2.8 TD 4&#215;4, A\u00f1o 11.2003 &#8211; 07.2006, 2799 ccm, 122 cv<br \/>\n2.8 TDS, A\u00f1o 04.2005 &#8211; &#8230;, 2800 ccm, 103 cv<br \/>\nFIAT Ducato II Furg\u00f3n (244)<br \/>\n2.0, A\u00f1o 12.2001 &#8211; 07.2006, 1998 ccm, 110 cv<br \/>\n2.0 4&#215;4, A\u00f1o 05.2002 &#8211; 07.2006, 1998 ccm, 110 cv<br \/>\n2.0 Bipower, A\u00f1o 11.2002 &#8211; &#8230;, 1998 ccm, 110 cv<br \/>\n2.0 JTD, A\u00f1o 12.2001 &#8211; 07.2006, 1997 ccm, 84 cv<br \/>\n2.0 LPG, A\u00f1o 11.2002 &#8211; 07.2006, 1998 ccm, 97 cv<br \/>\n2.3 JTD, A\u00f1o 12.2001 &#8211; 07.2006, 2286 ccm, 110 cv<br \/>\n2.3 JTD, A\u00f1o 09.2009 &#8211; 12.2018, 2287 ccm, 126 cv<br \/>\n2.8 JTD, A\u00f1o 06.2005 &#8211; 11.2010, 2798 ccm, 127 cv<br \/>\n2.8 JTD, A\u00f1o 12.2001 &#8211; 12.2011, 2798 ccm, 128 cv<br \/>\n2.8 JTD 4&#215;4, A\u00f1o 12.2001 &#8211; 07.2006, 2798 ccm, 128 cv<br \/>\n2.8 JTD Power, A\u00f1o 04.2004 &#8211; 07.2006, 2800 ccm, 146 cv<br \/>\n2.8 TD, A\u00f1o 12.2001 &#8211; 07.2006, 2799 ccm, 122 cv<br \/>\n2.8 TD 4&#215;4, A\u00f1o 11.2003 &#8211; 07.2006, 2799 ccm, 122 cv<br \/>\nFIAT Ducato II Cami\u00f3n de plataforma\/Chasis (244)<br \/>\n2.0, A\u00f1o 04.2002 &#8211; 07.2006, 1998 ccm, 110 cv<br \/>\n2.0 JTD, A\u00f1o 12.2001 &#8211; 07.2006, 1997 ccm, 84 cv<br \/>\n2.3 JTD, A\u00f1o 12.2001 &#8211; 07.2006, 2286 ccm, 110 cv<br \/>\n2.3 JTD, A\u00f1o 12.2009 &#8211; &#8230;, 2287 ccm, 126 cv<br \/>\n2.8 JTD, A\u00f1o 11.2003 &#8211; 07.2006, 2799 ccm, 122 cv<br \/>\n2.8 JTD, A\u00f1o 12.2001 &#8211; 07.2006, 2798 ccm, 128 cv<br \/>\n2.8 JTD 4&#215;4, A\u00f1o 11.2003 &#8211; 07.2006, 2799 ccm, 122 cv<br \/>\n2.8 JTD 4&#215;4, A\u00f1o 12.2001 &#8211; 07.2006, 2798 ccm, 128 cv<br \/>\n2.8 JTD Power, A\u00f1o 04.2004 &#8211; 07.2006, 2800 ccm, 146 cv<br \/>\n2.8 TDS, A\u00f1o 04.2005 &#8211; 07.2006, 2800 ccm, 103 cv<\/p>\n<p>CITRO\u00cbN Jumper I Bus (230)<br \/>\n1.9 D, A\u00f1o 01.1999 &#8211; 04.2002, 1905 ccm, 69 cv<br \/>\n1.9 TD, A\u00f1o 08.1994 &#8211; 04.2002, 1905 ccm, 90 cv<br \/>\n1.9 TD, A\u00f1o 02.1994 &#8211; 04.2002, 1905 ccm, 92 cv<br \/>\n1.9 TD 4&#215;4, A\u00f1o 08.1996 &#8211; 04.2002, 1905 ccm, 92 cv<br \/>\n2.0, A\u00f1o 02.1994 &#8211; 04.2002, 1998 ccm, 109 cv<br \/>\n2.0 4&#215;4, A\u00f1o 08.1996 &#8211; 04.2002, 1998 ccm, 109 cv<br \/>\n2.5 D, A\u00f1o 08.1994 &#8211; 04.2002, 2446 ccm, 86 cv<br \/>\n2.5 D 4&#215;4, A\u00f1o 08.1996 &#8211; 04.2002, 2446 ccm, 86 cv<br \/>\n2.5 TD, A\u00f1o 08.1994 &#8211; 04.2002, 2446 ccm, 103 cv<br \/>\n2.5 TD 4&#215;4, A\u00f1o 08.1996 &#8211; 04.2002, 2446 ccm, 103 cv<br \/>\n2.5 TDi, A\u00f1o 12.1996 &#8211; 11.2000, 2446 ccm, 107 cv<br \/>\n2.5 TDI 4&#215;4, A\u00f1o 12.1996 &#8211; 11.2000, 2446 ccm, 107 cv<br \/>\n2.8 D, A\u00f1o 01.1999 &#8211; 02.2002, 2798 ccm, 87 cv<br \/>\n2.8 HDi, A\u00f1o 09.2000 &#8211; 04.2002, 2798 ccm, 128 cv<br \/>\n2.8 HDi 4&#215;4, A\u00f1o 09.2000 &#8211; 04.2002, 2798 ccm, 128 cv<br \/>\nCITRO\u00cbN Jumper I Furgoneta (230)<br \/>\n1.9 D, A\u00f1o 07.1999 &#8211; 04.2002, 1905 ccm, 68 cv<br \/>\n1.9 D, A\u00f1o 02.1994 &#8211; 04.2002, 1905 ccm, 69 cv<br \/>\n1.9 TD, A\u00f1o 03.1994 &#8211; 04.2002, 1905 ccm, 90 cv<br \/>\n1.9 TD, A\u00f1o 03.1994 &#8211; 04.2002, 1905 ccm, 92 cv<br \/>\n2.0, A\u00f1o 03.1994 &#8211; 04.2002, 1998 ccm, 109 cv<br \/>\n2.0 4&#215;4, A\u00f1o 10.1996 &#8211; 01.2002, 1998 ccm, 109 cv<br \/>\n2.0 HDI, A\u00f1o 11.2001 &#8211; 04.2002, 1997 ccm, 84 cv<br \/>\n2.5 D, A\u00f1o 03.1994 &#8211; 04.2002, 2446 ccm, 86 cv<br \/>\n2.5 D 4&#215;4, A\u00f1o 03.2000 &#8211; 04.2002, 2446 ccm, 86 cv<br \/>\n2.5 DT 4&#215;4, A\u00f1o 10.1996 &#8211; 08.1997, 2446 ccm, 103 cv<br \/>\n2.5 TD, A\u00f1o 03.1994 &#8211; 04.2002, 2446 ccm, 103 cv<br \/>\n2.5 TDi, A\u00f1o 12.1996 &#8211; 11.2000, 2446 ccm, 107 cv<br \/>\n2.5 TDi 4&#215;4, A\u00f1o 03.2000 &#8211; 11.2000, 2446 ccm, 107 cv<br \/>\n2.8 D, A\u00f1o 01.1999 &#8211; 02.2002, 2798 ccm, 87 cv<br \/>\n2.8 HDi, A\u00f1o 09.2000 &#8211; 04.2002, 2798 ccm, 128 cv<br \/>\n2.8 HDi 4&#215;4, A\u00f1o 09.2000 &#8211; 04.2002, 2798 ccm, 128 cv<br \/>\nCITRO\u00cbN Jumper I Caja \/ Chasis (230)<br \/>\n1.9 TD, A\u00f1o 03.1994 &#8211; 04.2002, 1905 ccm, 90 cv<br \/>\n1.9 TD, A\u00f1o 03.1994 &#8211; 04.2002, 1905 ccm, 92 cv<br \/>\n2.0, A\u00f1o 03.1994 &#8211; 04.2002, 1998 ccm, 109 cv<br \/>\n2.5 D, A\u00f1o 03.1994 &#8211; 04.2002, 2446 ccm, 86 cv<br \/>\n2.5 D 4&#215;4, A\u00f1o 03.2000 &#8211; 04.2002, 2446 ccm, 86 cv<br \/>\n2.5 TD, A\u00f1o 03.1994 &#8211; 04.2002, 2446 ccm, 103 cv<br \/>\n2.5 TDi, A\u00f1o 12.1996 &#8211; 04.2002, 2446 ccm, 107 cv<br \/>\n2.5 TDi 4&#215;4, A\u00f1o 03.2000 &#8211; 04.2002, 2446 ccm, 107 cv<br \/>\n2.8 D, A\u00f1o 01.1999 &#8211; 02.2002, 2798 ccm, 87 cv<br \/>\n2.8 HDi, A\u00f1o 09.2000 &#8211; 04.2002, 2798 ccm, 128 cv<br \/>\nCITRO\u00cbN Jumper I Bus (244)<br \/>\n2.0, A\u00f1o 04.2002 &#8211; &#8230;, 1998 ccm, 110 cv<br \/>\n2.0 bivalent, A\u00f1o 02.2003 &#8211; &#8230;, 1998 ccm, 110 cv<br \/>\n2.0 HDi, A\u00f1o 04.2002 &#8211; &#8230;, 1997 ccm, 84 cv<br \/>\n2.2 HDi, A\u00f1o 04.2002 &#8211; &#8230;, 2179 ccm, 101 cv<br \/>\n2.3 HDi, A\u00f1o 08.2008 &#8211; &#8230;, 2287 ccm, 126 cv<br \/>\n2.8 HDi, A\u00f1o 06.2003 &#8211; 06.2006, 2798 ccm, 105 cv<br \/>\n2.8 HDi, A\u00f1o 04.2002 &#8211; &#8230;, 2798 ccm, 128 cv<br \/>\n2.8 HDi A las 4 ruedas, A\u00f1o 04.2002 &#8211; &#8230;, 2798 ccm, 128 cv<br \/>\nCITRO\u00cbN Jumper I Furgoneta (244)<br \/>\n2.0, A\u00f1o 04.2002 &#8211; &#8230;, 1998 ccm, 110 cv<br \/>\n2.0 bivalent, A\u00f1o 02.2003 &#8211; &#8230;, 1998 ccm, 110 cv<br \/>\n2.0 HDi, A\u00f1o 04.2002 &#8211; &#8230;, 1997 ccm, 84 cv<br \/>\n2.2 HDi, A\u00f1o 04.2002 &#8211; &#8230;, 2179 ccm, 101 cv<br \/>\n2.8 HDi, A\u00f1o 06.2003 &#8211; 06.2006, 2798 ccm, 105 cv<br \/>\n2.8 HDi, A\u00f1o 04.2002 &#8211; &#8230;, 2798 ccm, 128 cv<br \/>\n2.8 HDi, A\u00f1o 04.2004 &#8211; 06.2006, 2798 ccm, 146 cv<br \/>\n2.8 HDi 4&#215;4, A\u00f1o 04.2002 &#8211; &#8230;, 2798 ccm, 128 cv<br \/>\nCITRO\u00cbN Jumper I Caja \/ Chasis (244)<br \/>\n2.0 HDi, A\u00f1o 04.2002 &#8211; &#8230;, 1997 ccm, 84 cv<br \/>\n2.2 HDi, A\u00f1o 04.2002 &#8211; &#8230;, 2179 ccm, 101 cv<br \/>\n2.2 HDi, A\u00f1o 02.2002 &#8211; 06.2006, 2179 ccm, 101 cv<br \/>\n2.8 HDi, A\u00f1o 04.2002 &#8211; &#8230;, 2798 ccm, 128 cv<br \/>\n2.8 HDi, A\u00f1o 05.2004 &#8211; 06.2006, 2798 ccm, 146 cv<br \/>\n2.8 HDi 4&#215;4, A\u00f1o 02.2002 &#8211; 06.2006, 2798 ccm, 128 cv<\/p>\n<p>PEUGEOT Boxer Bus (230)<br \/>\n1.9 D, A\u00f1o 03.1994 &#8211; 04.2002, 1905 ccm, 69 cv<br \/>\n1.9 TD, A\u00f1o 08.1994 &#8211; 04.2002, 1905 ccm, 90 cv<br \/>\n1.9 TD, A\u00f1o 03.1994 &#8211; 04.2002, 1905 ccm, 92 cv<br \/>\n1.9 TD 4&#215;4, A\u00f1o 07.1996 &#8211; 04.2002, 1905 ccm, 92 cv<br \/>\n2.0 i, A\u00f1o 03.1994 &#8211; 04.2002, 1998 ccm, 109 cv<br \/>\n2.0 i 4&#215;4, A\u00f1o 08.1996 &#8211; 04.2002, 1998 ccm, 109 cv<br \/>\n2.5 D, A\u00f1o 08.1994 &#8211; 04.2002, 2446 ccm, 86 cv<br \/>\n2.5 D 4&#215;4, A\u00f1o 07.1996 &#8211; 04.2002, 2446 ccm, 86 cv<br \/>\n2.5 DT, A\u00f1o 10.1997 &#8211; 11.2001, 2499 ccm, 84 cv<br \/>\n2.5 TD, A\u00f1o 07.1994 &#8211; 12.1997, 2446 ccm, 103 cv<br \/>\n2.5 TD 4&#215;4, A\u00f1o 07.1996 &#8211; 04.2002, 2446 ccm, 103 cv<br \/>\n2.5 TDI, A\u00f1o 01.1997 &#8211; 04.2002, 2446 ccm, 107 cv<br \/>\n2.5 TDI 4&#215;4, A\u00f1o 01.1997 &#8211; 04.2002, 2446 ccm, 107 cv<br \/>\n2.8 D, A\u00f1o 01.1999 &#8211; 02.2002, 2798 ccm, 87 cv<br \/>\n2.8 DTiC, A\u00f1o 10.1997 &#8211; 09.2000, 2798 ccm, 122 cv<br \/>\n2.8 HDi, A\u00f1o 10.2000 &#8211; 11.2001, 2798 ccm, 126 cv<br \/>\n2.8 HDI, A\u00f1o 11.2000 &#8211; 04.2002, 2798 ccm, 128 cv<br \/>\n2.8 HDi 4&#215;4, A\u00f1o 10.2000 &#8211; 04.2002, 2798 ccm, 128 cv<br \/>\n2.8 HDi A las 4 ruedas, A\u00f1o 10.2000 &#8211; 11.2001, 2798 ccm, 126 cv<br \/>\nPEUGEOT Boxer Furg\u00f3n (230)<br \/>\n1.9 D, A\u00f1o 07.1999 &#8211; 04.2002, 1905 ccm, 68 cv<br \/>\n1.9 D, A\u00f1o 03.1994 &#8211; 04.2002, 1905 ccm, 69 cv<br \/>\n1.9 DT 4&#215;4, A\u00f1o 03.1996 &#8211; 09.1998, 1905 ccm, 90 cv<br \/>\n1.9 TD, A\u00f1o 07.1999 &#8211; 04.2002, 1905 ccm, 90 cv<br \/>\n1.9 TD, A\u00f1o 03.1994 &#8211; 04.2002, 1905 ccm, 92 cv<br \/>\n2.0 4&#215;4, A\u00f1o 03.1996 &#8211; 09.1998, 1998 ccm, 109 cv<br \/>\n2.0 HDI, A\u00f1o 08.2001 &#8211; 04.2002, 1997 ccm, 84 cv<br \/>\n2.0 i, A\u00f1o 06.1994 &#8211; 04.2002, 1998 ccm, 109 cv<br \/>\n2.5 D, A\u00f1o 03.1994 &#8211; 04.2002, 2446 ccm, 86 cv<br \/>\n2.5 D 4&#215;4, A\u00f1o 07.1999 &#8211; 04.2002, 2446 ccm, 86 cv<br \/>\n2.5 DT, A\u00f1o 10.1997 &#8211; 11.2001, 2499 ccm, 84 cv<br \/>\n2.5 TD, A\u00f1o 03.1994 &#8211; 12.1997, 2446 ccm, 103 cv<br \/>\n2.5 TDI, A\u00f1o 01.1997 &#8211; 04.2002, 2446 ccm, 107 cv<br \/>\n2.5 TDI 4&#215;4, A\u00f1o 07.1999 &#8211; 04.2002, 2446 ccm, 107 cv<br \/>\n2.8 D, A\u00f1o 01.1999 &#8211; 02.2002, 2798 ccm, 87 cv<br \/>\n2.8 DTiC, A\u00f1o 10.1997 &#8211; 09.2000, 2798 ccm, 122 cv<br \/>\n2.8 HDi, A\u00f1o 10.2000 &#8211; 11.2001, 2798 ccm, 126 cv<br \/>\n2.8 HDI, A\u00f1o 11.2000 &#8211; 04.2002, 2798 ccm, 128 cv<br \/>\n2.8 HDi 4&#215;4, A\u00f1o 10.2000 &#8211; 11.2001, 2798 ccm, 126 cv<br \/>\n2.8 HDi 4&#215;4, A\u00f1o 10.2000 &#8211; 04.2002, 2798 ccm, 128 cv<br \/>\nPEUGEOT Boxer Cami\u00f3n de plataforma\/Chasis (230)<br \/>\n1.9 D, A\u00f1o 03.1994 &#8211; 04.2002, 1905 ccm, 69 cv<br \/>\n1.9 TD, A\u00f1o 06.1994 &#8211; 04.2002, 1905 ccm, 90 cv<br \/>\n1.9 TD, A\u00f1o 07.1994 &#8211; 04.2002, 1905 ccm, 92 cv<br \/>\n2.0, A\u00f1o 12.2001 &#8211; 04.2002, 1998 ccm, 110 cv<br \/>\n2.0 i, A\u00f1o 06.1994 &#8211; 04.2002, 1998 ccm, 109 cv<br \/>\n2.5 D, A\u00f1o 03.1994 &#8211; 04.2002, 2446 ccm, 86 cv<br \/>\n2.5 D 4&#215;4, A\u00f1o 07.1999 &#8211; 04.2002, 2446 ccm, 86 cv<br \/>\n2.5 TD, A\u00f1o 03.1994 &#8211; 12.1997, 2446 ccm, 103 cv<br \/>\n2.5 TDI, A\u00f1o 01.1997 &#8211; 04.2002, 2446 ccm, 107 cv<br \/>\n2.5 TDI 4&#215;4, A\u00f1o 07.1999 &#8211; 04.2002, 2446 ccm, 107 cv<br \/>\n2.8 D, A\u00f1o 01.1999 &#8211; 02.2002, 2798 ccm, 87 cv<br \/>\n2.8 HDi, A\u00f1o 10.2000 &#8211; 11.2001, 2798 ccm, 126 cv<br \/>\n2.8 HDI, A\u00f1o 11.2000 &#8211; 04.2002, 2798 ccm, 128 cv<br \/>\n2.8 HDi A las 4 ruedas, A\u00f1o 10.2000 &#8211; 11.2001, 2798 ccm, 126 cv<br \/>\nPEUGEOT Boxer Bus (244)<br \/>\n2.0, A\u00f1o 12.2001 &#8211; 06.2006, 1998 ccm, 110 cv<br \/>\n2.0 BiFuel, A\u00f1o 12.2001 &#8211; 06.2006, 1998 ccm, 110 cv<br \/>\n2.0 HDi, A\u00f1o 12.2001 &#8211; 06.2006, 1997 ccm, 84 cv<br \/>\n2.2 HDi, A\u00f1o 12.2001 &#8211; 06.2006, 2179 ccm, 101 cv<br \/>\n2.8 HDi, A\u00f1o 03.2002 &#8211; 08.2005, 2798 ccm, 122 cv<br \/>\n2.8 HDi, A\u00f1o 12.2001 &#8211; 06.2006, 2798 ccm, 128 cv<br \/>\n2.8 HDi, A\u00f1o 04.2004 &#8211; &#8230;, 2798 ccm, 145 cv<br \/>\n2.8 HDi 4&#215;4, A\u00f1o 12.2001 &#8211; 06.2006, 2798 ccm, 128 cv<br \/>\nPEUGEOT Boxer Furg\u00f3n (244)<br \/>\n2.0, A\u00f1o 12.2001 &#8211; 06.2006, 1998 ccm, 110 cv<br \/>\n2.0 BiFuel, A\u00f1o 12.2001 &#8211; 06.2006, 1998 ccm, 110 cv<br \/>\n2.0 HDi, A\u00f1o 04.2002 &#8211; &#8230;, 1997 ccm, 84 cv<br \/>\n2.2 HDi, A\u00f1o 12.2001 &#8211; 06.2006, 2179 ccm, 101 cv<br \/>\n2.8 HDi, A\u00f1o 09.2005 &#8211; 09.2009, 2798 ccm, 126 cv<br \/>\n2.8 HDi, A\u00f1o 12.2001 &#8211; 06.2006, 2798 ccm, 128 cv<br \/>\n2.8 HDi, A\u00f1o 04.2004 &#8211; &#8230;, 2798 ccm, 146 cv<br \/>\n2.8 HDi 4&#215;4, A\u00f1o 12.2001 &#8211; 06.2006, 2798 ccm, 128 cv<br \/>\nPEUGEOT Boxer Cami\u00f3n de plataforma\/Chasis (244)<br \/>\n2.0 BiFuel, A\u00f1o 12.2001 &#8211; 06.2006, 1998 ccm, 110 cv<br \/>\n2.0 HDi, A\u00f1o 12.2001 &#8211; 06.2006, 1997 ccm, 84 cv<br \/>\n2.2 HDi, A\u00f1o 12.2001 &#8211; 06.2006, 2179 ccm, 101 cv<br \/>\n2.8 HDi, A\u00f1o 12.2001 &#8211; 06.2006, 2798 ccm, 128 cv<br \/>\n2.8 HDi, A\u00f1o 04.2004 &#8211; &#8230;, 2798 ccm, 146 cv<br \/>\n2.8 HDi 4&#215;4, A\u00f1o 12.2001 &#8211; 06.2006, 2798 ccm, 128 cv<br \/>\n2.8 TD, A\u00f1o 12.2001 &#8211; 03.2005, 2798 ccm, 122 cv<\/p>\n<p>LA PIEZA ES NUEVA Y ORIGINAL.<\/p>\n","protected":false},"excerpt":{"rendered":"<p>Tirante de la cremallera de direcci\u00f3n de: Largo total: 332mm M\u00e9trica roscas: 16\u00d71,5 FIAT Ducato II Furg\u00f3n (230L) 1.9 D, A\u00f1o 04.1998 &#8211; 04.2002, 1905 ccm, 68 cv 1.9 D, A\u00f1o 03.1994 &#8211; 04.2002, 1929 ccm, 69 cv 1.9 TD, A\u00f1o 05.1998 &#8211; 11.2001, 1905 ccm, 80 cv 1.9 TD, A\u00f1o 03.1994 &#8211; 04.2002, 1929 [&hellip;]<\/p>\n","protected":false},"featured_media":95162,"template":"","meta":{"_seopress_robots_primary_cat":"","_seopress_titles_title":"","_seopress_titles_desc":"","_seopress_robots_index":""},"product_cat":[155,23,88,20,137,24],"product_tag":[],"class_list":{"0":"post-95160","1":"product","2":"type-product","3":"status-publish","4":"has-post-thumbnail","6":"product_cat-recambios-peugeot-boxer","7":"product_cat-recambios-citroen","8":"product_cat-recambios-fiat-ducato","9":"product_cat-recambios-fiat","10":"product_cat-recambios-citroen-jumper","11":"product_cat-recambios-peugeot","13":"first","14":"instock","15":"taxable","16":"shipping-taxable","17":"purchasable","18":"product-type-simple"},"_links":{"self":[{"href":"https:\/\/galicianparts.com\/shop\/wp-json\/wp\/v2\/product\/95160"}],"collection":[{"href":"https:\/\/galicianparts.com\/shop\/wp-json\/wp\/v2\/product"}],"about":[{"href":"https:\/\/galicianparts.com\/shop\/wp-json\/wp\/v2\/types\/product"}],"wp:featuredmedia":[{"embeddable":true,"href":"https:\/\/galicianparts.com\/shop\/wp-json\/wp\/v2\/media\/95162"}],"wp:attachment":[{"href":"https:\/\/galicianparts.com\/shop\/wp-json\/wp\/v2\/media?parent=95160"}],"wp:term":[{"taxonomy":"product_cat","embeddable":true,"href":"https:\/\/galicianparts.com\/shop\/wp-json\/wp\/v2\/product_cat?post=95160"},{"taxonomy":"product_tag","embeddable":true,"href":"https:\/\/galicianparts.com\/shop\/wp-json\/wp\/v2\/product_tag?post=95160"}],"curies":[{"name":"wp","href":"https:\/\/api.w.org\/{rel}","templated":true}]}}