{"id":95166,"date":"2025-03-17T12:42:00","date_gmt":"2025-03-17T10:42:00","guid":{"rendered":"https:\/\/galicianparts.com\/shop\/producto\/5946475-cruceta-palier-fiat-panda-uno-127-nuevo-original\/"},"modified":"2025-12-30T20:45:40","modified_gmt":"2025-12-30T18:45:40","slug":"5946475-cruceta-palier-fiat-panda-uno-127-nuevo-original","status":"publish","type":"product","link":"https:\/\/galicianparts.com\/shop\/producto\/5946475-cruceta-palier-fiat-panda-uno-127-nuevo-original\/","title":{"rendered":"5946475 Cruceta palier Fiat Panda \/Uno \/127 NUEVO ORIGINAL"},"content":{"rendered":"<p>Tr\u00edpode de los ejes de transmisi\u00f3n de:<br \/>\nN\u00famero de dientes: 20<br \/>\nDi\u00e1metro de rodillo: 29mm<\/p>\n<p>FIAT 127 Hatchback (127)<br \/>\n0.9, A\u00f1o 06.1971 &#8211; 05.1983, 903 ccm, 40 cv<br \/>\n0.9 (127A), A\u00f1o 09.1971 &#8211; 12.1984, 903 ccm, 45 cv<br \/>\n1.0, A\u00f1o 04.1977 &#8211; 12.1986, 1049 ccm, 50 cv<br \/>\n1.3 Di\u00e9sel, A\u00f1o 04.1981 &#8211; 12.1986, 1301 ccm, 45 cv<br \/>\nFIAT Panda I Hatchback (141)<br \/>\n800, A\u00f1o 02.1981 &#8211; 12.1985, 843 ccm, 34 cv<br \/>\n0.9, A\u00f1o 10.1980 &#8211; 06.1994, 903 ccm, 45 cv<br \/>\n1.0, A\u00f1o 09.1982 &#8211; 08.1983, 965 ccm, 48 cv<br \/>\n1.0 4&#215;4, A\u00f1o 09.1983 &#8211; 12.1986, 965 ccm, 48 cv<br \/>\nFIAT Fiorino Furg\u00f3n (127)<br \/>\n0.9, A\u00f1o 10.1977 &#8211; 10.1986, 903 ccm, 45 cv<br \/>\nFIAT Uno Hatchback (146)<br \/>\n1.3 Super di\u00e9sel, A\u00f1o 06.1983 &#8211; 03.1992, 1302 ccm, 45 cv<br \/>\n45 0.9, A\u00f1o 03.1983 &#8211; 09.1992, 903 ccm, 45 cv<br \/>\n1.1 55, A\u00f1o 01.1983 &#8211; 08.1989, 1116 ccm, 54 cv<br \/>\n1.3 70, A\u00f1o 01.1983 &#8211; 04.1985, 1302 ccm, 68 cv<br \/>\nFIAT 127 Panorama (127)<br \/>\n1.0, A\u00f1o 01.1977 &#8211; 12.1986, 1049 ccm, 50 cv<br \/>\n1.3 D, A\u00f1o 06.1981 &#8211; 12.1986, 1301 ccm, 45 cv<\/p>\n<p>LA PIEZA ES NUEVA Y ORIGINAL.<\/p>\n","protected":false},"excerpt":{"rendered":"<p>Tr\u00edpode de los ejes de transmisi\u00f3n de: N\u00famero de dientes: 20 Di\u00e1metro de rodillo: 29mm FIAT 127 Hatchback (127) 0.9, A\u00f1o 06.1971 &#8211; 05.1983, 903 ccm, 40 cv 0.9 (127A), A\u00f1o 09.1971 &#8211; 12.1984, 903 ccm, 45 cv 1.0, A\u00f1o 04.1977 &#8211; 12.1986, 1049 ccm, 50 cv 1.3 Di\u00e9sel, A\u00f1o 04.1981 &#8211; 12.1986, 1301 ccm, [&hellip;]<\/p>\n","protected":false},"featured_media":95169,"template":"","meta":{"_seopress_robots_primary_cat":"","_seopress_titles_title":"","_seopress_titles_desc":"","_seopress_robots_index":""},"product_cat":[68,20,91,99,114],"product_tag":[],"class_list":{"0":"post-95166","1":"product","2":"type-product","3":"status-publish","4":"has-post-thumbnail","6":"product_cat-recambios-fiat-127","7":"product_cat-recambios-fiat","8":"product_cat-recambios-fiat-fiorino","9":"product_cat-recambios-fiat-panda","10":"product_cat-recambios-fiat-uno","12":"first","13":"outofstock","14":"taxable","15":"shipping-taxable","16":"purchasable","17":"product-type-simple"},"_links":{"self":[{"href":"https:\/\/galicianparts.com\/shop\/wp-json\/wp\/v2\/product\/95166"}],"collection":[{"href":"https:\/\/galicianparts.com\/shop\/wp-json\/wp\/v2\/product"}],"about":[{"href":"https:\/\/galicianparts.com\/shop\/wp-json\/wp\/v2\/types\/product"}],"wp:featuredmedia":[{"embeddable":true,"href":"https:\/\/galicianparts.com\/shop\/wp-json\/wp\/v2\/media\/95169"}],"wp:attachment":[{"href":"https:\/\/galicianparts.com\/shop\/wp-json\/wp\/v2\/media?parent=95166"}],"wp:term":[{"taxonomy":"product_cat","embeddable":true,"href":"https:\/\/galicianparts.com\/shop\/wp-json\/wp\/v2\/product_cat?post=95166"},{"taxonomy":"product_tag","embeddable":true,"href":"https:\/\/galicianparts.com\/shop\/wp-json\/wp\/v2\/product_tag?post=95166"}],"curies":[{"name":"wp","href":"https:\/\/api.w.org\/{rel}","templated":true}]}}