{"id":95172,"date":"2025-03-17T13:19:22","date_gmt":"2025-03-17T11:19:22","guid":{"rendered":"https:\/\/galicianparts.com\/shop\/producto\/82355891-embellecedor-central-llanta-lancia-delta-evo-thema-y10-nuevo-original\/"},"modified":"2025-08-15T08:59:58","modified_gmt":"2025-08-15T06:59:58","slug":"82355891-embellecedor-central-llanta-lancia-delta-evo-thema-y10-nuevo-original","status":"publish","type":"product","link":"https:\/\/galicianparts.com\/shop\/producto\/82355891-embellecedor-central-llanta-lancia-delta-evo-thema-y10-nuevo-original\/","title":{"rendered":"82355891 Embellecedor central llanta Lancia Delta Evo \/Thema \/Y10 NUEVO ORIGINAL"},"content":{"rendered":"<p>Tapacubo, tapa central de la llanta de aleaci\u00f3n de:<br \/>\nDi\u00e1metro: 55mm<br \/>\nDi\u00e1metro anclaje: 44mm<\/p>\n<p>LANCIA &#8211; SL DEDRA FL.94 1580-1750 8\/16V 2000 (1994-1999) RUEDAS\u00a0DE\u00a0ALEACI\u00d3N\u00a0LIGERA<br \/>\nLANCIA &#8211; SM DEDRA FL.94 1750-2.0 (1994-1999) SEDAN LX 4X2 \/ S.W. LS 4X2 \/ S.W. LX 4X2 \/ RUEDAS\u00a0DE\u00a0ALEACI\u00d3N\u00a0LIGERA<br \/>\nLANCIA &#8211; SN DEDRA FL.94 T.DS (1994-1999) BN. LS \/ S.W. LS \/ RUEDAS\u00a0DE\u00a0ALEACI\u00d3N\u00a0LIGERA<br \/>\nLANCIA &#8211; RJ DEDRA IE.TB.INTEGRALE (1990-1994)  2000 4WD \/ 2000 4WD USA&#8217;83<br \/>\nLANCIA &#8211; RT DELTA 4WD (1986-1991)<br \/>\nLANCIA &#8211; SA DELTA EVOLUZIONE (1991-1994)<br \/>\nLANCIA &#8211; TB DELTA R.86 BZ\/DS (1986-1992) RUEDAS\u00a0DE\u00a0ALEACI\u00d3N\u00a0LIGERA \/ CARGA\u00a0BASE \/ LX (1.3-1.5) \/ S.S.1300<br \/>\nLANCIA &#8211; TB DELTA R.86 BZ\/DS (1986-1992) 1500 CARB \/ RUEDAS\u00a0DE\u00a0ALEACI\u00d3N\u00a0LIGERA \/ CARGA\u00a0BASE \/ LX (1.3-1.5) \/ S.S.1300<br \/>\nLANCIA &#8211; TB DELTA R.86 HF TURBO (1986-1992) RUEDAS\u00a0DE\u00a0ALEACI\u00d3N\u00a0LIGERA \/ 1600 TB\/BZ<br \/>\nLANCIA &#8211; TB DELTA R.86 BZ\/DS (1986-1992) RUEDAS\u00a0DE\u00a0ALEACI\u00d3N\u00a0LIGERA 1930 TB\/DS<br \/>\nLANCIA &#8211; SS KAPPA  3.0 V6 (1994-2001) BN.\u00bbLS\u00bb CARGA AUM.3 NIV \/ BN.\u00bbLS\u00bb CARGA AUM.5 NIV \/ BN.CARGA AUM.4 NIV<br \/>\nLANCIA &#8211; SP KAPPA BZ 2000-2400 (1994-2001) RUEDAS\u00a0DE\u00a0ALEACI\u00d3N\u00a0LIGERA \/ (BN LE \/ BN LS)<br \/>\nLANCIA &#8211; SP KAPPA BZ 2000-2400 (1994-2001) BN.CARGA AUM.3 NIV<br \/>\nLANCIA &#8211; SR KAPPA DIESEL (1994-2001) RUEDAS\u00a0DE\u00a0ALEACI\u00d3N\u00a0LIGERA \/ 2400 T.DS(838A3.000) \/ 2400 T.DS(838A7.000)<br \/>\nLANCIA &#8211; SF N.DELTA 1400-1600-1800(1993-1999) LE \/ RUEDAS\u00a0DE\u00a0ALEACI\u00d3N\u00a0LIGERA<br \/>\nLANCIA &#8211; SG N.DELTA 2.0 -1750 132CV (&#8217;93-&#8217;99) LS \/ GT \/ HPE<br \/>\nLANCIA &#8211; SG N.DELTA 2.0 -1750 132CV (&#8217;93-&#8217;99) HF \/ HF LS \/ HPE &#8211; HF \/ HPE-HF (GAMA 96)<br \/>\nLANCIA &#8211; SQ N.DELTA TB\/DS (1994-1999) LE<br \/>\nLANCIA &#8211; SD THEMA 3.0 V6 FL.92 (1992-1994) SEDAN LS \/ STATION WAGON LS<br \/>\nLANCIA &#8211; SZ THEMA BZ\/DS R.88 (1988-1992) RUEDAS\u00a0DE\u00a0ALEACI\u00d3N\u00a0LIGERA \/ (BN 8V \/ BN 16V \/ SW 16V)<br \/>\nLANCIA &#8211; SZ THEMA BZ\/DS R.88 (1988-1992) RUEDAS\u00a0DE\u00a0ALEACI\u00d3N\u00a0LIGERA \/ (BN TB\/DS \/ SW TB\/DS \/ BN 6V)<br \/>\nLANCIA &#8211; SZ THEMA FERRARI R.88 (1988-1992) BN 8.32<br \/>\nLANCIA &#8211; SE THEMA I.E. 8V FL.92 (1992-1994) RUEDAS\u00a0DE\u00a0ALEACI\u00d3N\u00a0LIGERA<br \/>\nLANCIA &#8211; SB THEMA IE. 16V FL.92 (1992-1994) 2000 TB. \/ 2000 ASPIRADO 16V \/ RUEDAS\u00a0DE\u00a0ALEACI\u00d3N\u00a0LIGERA<br \/>\nLANCIA &#8211; SC THEMA TURBO DS FL.92 (1992-1994) RUEDAS\u00a0DE\u00a0ALEACI\u00d3N\u00a0LIGERA<br \/>\nLANCIA &#8211; SJ THESIS (2001-2007) RUEDAS DE ALEACI\u00d3N EXTRASERIE 11<br \/>\nLANCIA &#8211; ZL Y10 FL.89 (1988-1992) 4WD \/ RUEDAS\u00a0DE\u00a0ALEACI\u00d3N\u00a0LIGERA<br \/>\nLANCIA &#8211; ZM Y10 R.92 (1992-1995) RUEDAS\u00a0DE\u00a0ALEACI\u00d3N\u00a0LIGERA<\/p>\n<p>LA PIEZA ES NUEVA Y ORIGINAL.<\/p>\n","protected":false},"excerpt":{"rendered":"<p>Tapacubo, tapa central de la llanta de aleaci\u00f3n de: Di\u00e1metro: 55mm Di\u00e1metro anclaje: 44mm LANCIA &#8211; SL DEDRA FL.94 1580-1750 8\/16V 2000 (1994-1999) RUEDAS\u00a0DE\u00a0ALEACI\u00d3N\u00a0LIGERA LANCIA &#8211; SM DEDRA FL.94 1750-2.0 (1994-1999) SEDAN LX 4X2 \/ S.W. LS 4X2 \/ S.W. LX 4X2 \/ RUEDAS\u00a0DE\u00a0ALEACI\u00d3N\u00a0LIGERA LANCIA &#8211; SN DEDRA FL.94 T.DS (1994-1999) BN. LS \/ S.W. [&hellip;]<\/p>\n","protected":false},"featured_media":95174,"template":"","meta":{"_seopress_robots_primary_cat":"","_seopress_titles_title":"","_seopress_titles_desc":"","_seopress_robots_index":""},"product_cat":[25,117,118,119,21,124,125,64,126],"product_tag":[],"class_list":{"0":"post-95172","1":"product","2":"type-product","3":"status-publish","4":"has-post-thumbnail","6":"product_cat-recambios-autobianchi","7":"product_cat-recambios-lancia-dedra","8":"product_cat-recambios-lancia-delta","9":"product_cat-recambios-lancia-kappa","10":"product_cat-recambios-lancia","11":"product_cat-recambios-lancia-thema","12":"product_cat-recambios-lancia-thesis","13":"product_cat-recambios-autobianchi-y10","14":"product_cat-recambios-lancia-y10","16":"first","17":"outofstock","18":"taxable","19":"shipping-taxable","20":"purchasable","21":"product-type-simple"},"_links":{"self":[{"href":"https:\/\/galicianparts.com\/shop\/wp-json\/wp\/v2\/product\/95172"}],"collection":[{"href":"https:\/\/galicianparts.com\/shop\/wp-json\/wp\/v2\/product"}],"about":[{"href":"https:\/\/galicianparts.com\/shop\/wp-json\/wp\/v2\/types\/product"}],"wp:featuredmedia":[{"embeddable":true,"href":"https:\/\/galicianparts.com\/shop\/wp-json\/wp\/v2\/media\/95174"}],"wp:attachment":[{"href":"https:\/\/galicianparts.com\/shop\/wp-json\/wp\/v2\/media?parent=95172"}],"wp:term":[{"taxonomy":"product_cat","embeddable":true,"href":"https:\/\/galicianparts.com\/shop\/wp-json\/wp\/v2\/product_cat?post=95172"},{"taxonomy":"product_tag","embeddable":true,"href":"https:\/\/galicianparts.com\/shop\/wp-json\/wp\/v2\/product_tag?post=95172"}],"curies":[{"name":"wp","href":"https:\/\/api.w.org\/{rel}","templated":true}]}}