{"id":95197,"date":"2025-03-17T14:16:49","date_gmt":"2025-03-17T12:16:49","guid":{"rendered":"https:\/\/galicianparts.com\/shop\/producto\/46723035-trampilla-motor-calefaccion-lancia-lybra-1999-2005-nueva-original\/"},"modified":"2025-03-17T14:23:49","modified_gmt":"2025-03-17T12:23:49","slug":"46723035-trampilla-motor-calefaccion-lancia-lybra-1999-2005-nueva-original","status":"publish","type":"product","link":"https:\/\/galicianparts.com\/shop\/producto\/46723035-trampilla-motor-calefaccion-lancia-lybra-1999-2005-nueva-original\/","title":{"rendered":"46723035 Trampilla motor calefacci\u00f3n Lancia Lybra (1999-2005) NUEVA ORIGINAL"},"content":{"rendered":"<p>Compuerta exterior del m\u00f3dulo de la calefacci\u00f3n de:<br \/>\nLANCIA &#8211; SX LYBRA BZ (1999-2005)<br \/>\nLANCIA &#8211; SY LYBRA DS (1999-2005)<\/p>\n<p>LA PIEZA ES NUEVA Y ORIGINAL.<\/p>\n","protected":false},"excerpt":{"rendered":"<p>Compuerta exterior del m\u00f3dulo de la calefacci\u00f3n de: LANCIA &#8211; SX LYBRA BZ (1999-2005) LANCIA &#8211; SY LYBRA DS (1999-2005) LA PIEZA ES NUEVA Y ORIGINAL.<\/p>\n","protected":false},"featured_media":95199,"template":"","meta":{"_seopress_robots_primary_cat":"","_seopress_titles_title":"","_seopress_titles_desc":"","_seopress_robots_index":""},"product_cat":[21,120],"product_tag":[],"class_list":{"0":"post-95197","1":"product","2":"type-product","3":"status-publish","4":"has-post-thumbnail","6":"product_cat-recambios-lancia","7":"product_cat-recambios-lancia-lybra","9":"first","10":"instock","11":"taxable","12":"shipping-taxable","13":"purchasable","14":"product-type-simple"},"_links":{"self":[{"href":"https:\/\/galicianparts.com\/shop\/wp-json\/wp\/v2\/product\/95197"}],"collection":[{"href":"https:\/\/galicianparts.com\/shop\/wp-json\/wp\/v2\/product"}],"about":[{"href":"https:\/\/galicianparts.com\/shop\/wp-json\/wp\/v2\/types\/product"}],"wp:featuredmedia":[{"embeddable":true,"href":"https:\/\/galicianparts.com\/shop\/wp-json\/wp\/v2\/media\/95199"}],"wp:attachment":[{"href":"https:\/\/galicianparts.com\/shop\/wp-json\/wp\/v2\/media?parent=95197"}],"wp:term":[{"taxonomy":"product_cat","embeddable":true,"href":"https:\/\/galicianparts.com\/shop\/wp-json\/wp\/v2\/product_cat?post=95197"},{"taxonomy":"product_tag","embeddable":true,"href":"https:\/\/galicianparts.com\/shop\/wp-json\/wp\/v2\/product_tag?post=95197"}],"curies":[{"name":"wp","href":"https:\/\/api.w.org\/{rel}","templated":true}]}}