{"id":95204,"date":"2025-03-17T14:34:51","date_gmt":"2025-03-17T12:34:51","guid":{"rendered":"https:\/\/galicianparts.com\/shop\/producto\/4446157-junta-eje-mariposa-admision-fiat-croma-cht-1990-1992-nueva-original\/"},"modified":"2025-05-08T20:47:15","modified_gmt":"2025-05-08T18:47:15","slug":"4446157-junta-eje-mariposa-admision-fiat-croma-cht-1990-1992-nueva-original","status":"publish","type":"product","link":"https:\/\/galicianparts.com\/shop\/producto\/4446157-junta-eje-mariposa-admision-fiat-croma-cht-1990-1992-nueva-original\/","title":{"rendered":"4446157 Junta eje mariposa admisi\u00f3n Fiat Croma CHT (1990-1992) NUEVA ORIGINAL"},"content":{"rendered":"<p>Junta del eje de las mariposas del colector de admisi\u00f3n de:<br \/>\nDi\u00e1metro: 11.7mm.<br \/>\nDi\u00e1metro interior: 8mm<\/p>\n<p>FIAT &#8211; MZ CROMA CHT FL.90 (1990-1992)<\/p>\n<p>LA PIEZA ES NUEVA Y ORIGINAL.<\/p>\n","protected":false},"excerpt":{"rendered":"<p>Junta del eje de las mariposas del colector de admisi\u00f3n de: Di\u00e1metro: 11.7mm. Di\u00e1metro interior: 8mm FIAT &#8211; MZ CROMA CHT FL.90 (1990-1992) LA PIEZA ES NUEVA Y ORIGINAL.<\/p>\n","protected":false},"featured_media":95208,"template":"","meta":{"_seopress_robots_primary_cat":"","_seopress_titles_title":"","_seopress_titles_desc":"","_seopress_robots_index":""},"product_cat":[86,20],"product_tag":[],"class_list":{"0":"post-95204","1":"product","2":"type-product","3":"status-publish","4":"has-post-thumbnail","6":"product_cat-recambios-fiat-croma","7":"product_cat-recambios-fiat","9":"first","10":"instock","11":"taxable","12":"shipping-taxable","13":"purchasable","14":"product-type-simple"},"_links":{"self":[{"href":"https:\/\/galicianparts.com\/shop\/wp-json\/wp\/v2\/product\/95204"}],"collection":[{"href":"https:\/\/galicianparts.com\/shop\/wp-json\/wp\/v2\/product"}],"about":[{"href":"https:\/\/galicianparts.com\/shop\/wp-json\/wp\/v2\/types\/product"}],"wp:featuredmedia":[{"embeddable":true,"href":"https:\/\/galicianparts.com\/shop\/wp-json\/wp\/v2\/media\/95208"}],"wp:attachment":[{"href":"https:\/\/galicianparts.com\/shop\/wp-json\/wp\/v2\/media?parent=95204"}],"wp:term":[{"taxonomy":"product_cat","embeddable":true,"href":"https:\/\/galicianparts.com\/shop\/wp-json\/wp\/v2\/product_cat?post=95204"},{"taxonomy":"product_tag","embeddable":true,"href":"https:\/\/galicianparts.com\/shop\/wp-json\/wp\/v2\/product_tag?post=95204"}],"curies":[{"name":"wp","href":"https:\/\/api.w.org\/{rel}","templated":true}]}}