{"id":95227,"date":"2025-03-18T12:23:17","date_gmt":"2025-03-18T10:23:17","guid":{"rendered":"https:\/\/galicianparts.com\/shop\/producto\/46722080-engranaje-leva-trampilla-calefaccion-fiat-coupe-bravo-alfa-145-146-original\/"},"modified":"2025-03-18T12:31:08","modified_gmt":"2025-03-18T10:31:08","slug":"46722080-engranaje-leva-trampilla-calefaccion-fiat-coupe-bravo-alfa-145-146-original","status":"publish","type":"product","link":"https:\/\/galicianparts.com\/shop\/producto\/46722080-engranaje-leva-trampilla-calefaccion-fiat-coupe-bravo-alfa-145-146-original\/","title":{"rendered":"46722080 Engranaje leva trampilla calefacci\u00f3n Fiat Coupe \/Bravo \/Alfa 145 \/146 ORIGINAL"},"content":{"rendered":"<p>Pi\u00f1\u00f3n de la palanca de la compuerta del m\u00f3dulo de la calefacci\u00f3n de:<br \/>\nN\u00famero de dientes: 30<br \/>\nDi\u00e1metro exterior: 106mm<\/p>\n<p>FIAT &#8211; 1V BRAVA BZ\/DS (1995-1998)<br \/>\nFIAT &#8211; 1M BRAVA G.98 BZ\/DS (1998-2001)<br \/>\nFIAT &#8211; 1U BRAVO BZ\/DS (1995-1998)<br \/>\nFIAT &#8211; 1L BRAVO G.98 BZ\/DS (1998-2001)<br \/>\nFIAT &#8211; PX COUPE&#8217; GAMMA&#8217;96 (1996-2000)<br \/>\nFIAT &#8211; PT MAREA BENZINA (1996-1999)<br \/>\nFIAT &#8211; 1Q MAREA BZ GAMMA&#8217;99 (1999-2002)<br \/>\nFIAT &#8211; PU MAREA DIESEL (1996-1999)<br \/>\nFIAT &#8211; 1R MAREA DS GAMMA&#8217;99 (1999-2002)<br \/>\nALFA ROMEO &#8211; T5 145 GAMMA 97 (1997-1999)<br \/>\nALFA ROMEO &#8211; T6 146 GAMMA 97 (1997-1999)<\/p>\n<p>LA PIEZA ES NUEVA Y ORIGINAL.<\/p>\n","protected":false},"excerpt":{"rendered":"<p>Pi\u00f1\u00f3n de la palanca de la compuerta del m\u00f3dulo de la calefacci\u00f3n de: N\u00famero de dientes: 30 Di\u00e1metro exterior: 106mm FIAT &#8211; 1V BRAVA BZ\/DS (1995-1998) FIAT &#8211; 1M BRAVA G.98 BZ\/DS (1998-2001) FIAT &#8211; 1U BRAVO BZ\/DS (1995-1998) FIAT &#8211; 1L BRAVO G.98 BZ\/DS (1998-2001) FIAT &#8211; PX COUPE&#8217; GAMMA&#8217;96 (1996-2000) FIAT &#8211; PT [&hellip;]<\/p>\n","protected":false},"featured_media":95229,"template":"","meta":{"_seopress_robots_primary_cat":"","_seopress_titles_title":"","_seopress_titles_desc":"","_seopress_robots_index":""},"product_cat":[45,46,16,81,82,85,20,95],"product_tag":[],"class_list":{"0":"post-95227","1":"product","2":"type-product","3":"status-publish","4":"has-post-thumbnail","6":"product_cat-recambios-alfa-romeo-145","7":"product_cat-recambios-alfa-romeo-146","8":"product_cat-recambios-alfa-romeo","9":"product_cat-recambios-fiat-brava","10":"product_cat-recambios-fiat-bravo","11":"product_cat-recambios-fiat-coupe","12":"product_cat-recambios-fiat","13":"product_cat-recambios-fiat-marea","15":"first","16":"instock","17":"taxable","18":"shipping-taxable","19":"purchasable","20":"product-type-simple"},"_links":{"self":[{"href":"https:\/\/galicianparts.com\/shop\/wp-json\/wp\/v2\/product\/95227"}],"collection":[{"href":"https:\/\/galicianparts.com\/shop\/wp-json\/wp\/v2\/product"}],"about":[{"href":"https:\/\/galicianparts.com\/shop\/wp-json\/wp\/v2\/types\/product"}],"wp:featuredmedia":[{"embeddable":true,"href":"https:\/\/galicianparts.com\/shop\/wp-json\/wp\/v2\/media\/95229"}],"wp:attachment":[{"href":"https:\/\/galicianparts.com\/shop\/wp-json\/wp\/v2\/media?parent=95227"}],"wp:term":[{"taxonomy":"product_cat","embeddable":true,"href":"https:\/\/galicianparts.com\/shop\/wp-json\/wp\/v2\/product_cat?post=95227"},{"taxonomy":"product_tag","embeddable":true,"href":"https:\/\/galicianparts.com\/shop\/wp-json\/wp\/v2\/product_tag?post=95227"}],"curies":[{"name":"wp","href":"https:\/\/api.w.org\/{rel}","templated":true}]}}