{"id":95245,"date":"2025-03-18T13:40:50","date_gmt":"2025-03-18T11:40:50","guid":{"rendered":"https:\/\/galicianparts.com\/shop\/producto\/46554621-sensor-temperatura-refrigerante-fiat-lancia-alfa-nuevo-original\/"},"modified":"2025-08-25T11:26:41","modified_gmt":"2025-08-25T09:26:41","slug":"46554621-sensor-temperatura-refrigerante-fiat-lancia-alfa-nuevo-original","status":"publish","type":"product","link":"https:\/\/galicianparts.com\/shop\/producto\/46554621-sensor-temperatura-refrigerante-fiat-lancia-alfa-nuevo-original\/","title":{"rendered":"46554621 Sensor temperatura refrigerante Fiat \/Lancia \/Alfa NUEVO ORIGINAL"},"content":{"rendered":"<p>55188058 Electrov\u00e1lvula de temperatura de la bomba de agua de refrigeraci\u00f3n del motor de:<br \/>\nM\u00e9trica: 12&#215;1.5<\/p>\n<p>FIAT &#8211; 2T CROMA (2005-2010) 1910\u00a0JTD\u00a0CF4\u00a08V\u00a0115CV\/85KW\u00a0MENOR POTENCIA BELGICA \/ 1900 JTD 8V 120 HP\/88KW<br \/>\nFIAT &#8211; 2T CROMA (2005-2010) 1910\u00a0JTD\u00a0CF4\u00a016V136CV\/100KW\u00a0MENOR POTENCIA BELGICA \/ 1900 JTD 16V  150HP\/110KW<br \/>\nFIAT &#8211; 2T CROMA (2005-2010) 2400 JTD 20V  200HP\/147KW<br \/>\nFIAT &#8211; 2Y GRANDE PUNTO (2005-2008) 1910\u00a0JTD\u00a0CF4\u00a08V\u00a0115CV\/85KW\u00a0MENOR POTENCIA BELGICA \/ 1.9\u00a0JTD\u00a08V\u00a0CF4\u00a0120CV\/88KW \/ 1.9\u00a0JTD\u00a08V\u00a0CF4\u00a0130CV\/95KW<br \/>\nFIAT &#8211; 4C GRANDE PUNTO (2008-2009) 1910 \/ DI\u00c9SEL \/ 8 V\u00c1LVULAS<br \/>\nFIAT &#8211; 2S IDEA (2003-2008)  1200\u00a016V\u00a0MPI\u00a0CF4\u00a080CV\/59KW<br \/>\nFIAT &#8211; 2S IDEA (2003-2008)  1400 16V MPI CF4 95CV\/80KW \/ 1400\u00a016V\u00a0MPI\u00a0CF4\u00a090CV\/66KW<br \/>\nFIAT &#8211; 2S IDEA (2003-2008)  1910\u00a08V\u00a0JTD\u00a0100CV\/74KW<br \/>\nFIAT &#8211; 4D IDEA (2008-2012) 1100-1199 CC \/ GASOLINA<br \/>\nFIAT &#8211; 4D IDEA (2008-2012) 1800-1899CC<br \/>\nFIAT &#8211; 3L NUOVA BRAVO (2007-2009)<br \/>\nFIAT &#8211; 3Y NUOVA BRAVO MY 2010 (2010-2014) 1910 \/ 16 V\u00c1LVULAS<br \/>\nFIAT &#8211; 3Y NUOVA BRAVO MY 2010 (2010-2014) 1910 \/ 8 V\u00c1LVULAS<br \/>\nFIAT &#8211; 2H PALIO 2V EXTRA EUROPA REST. 2002 (2002-2011) 1242\u00a016V\u00a0CF3<br \/>\nFIAT &#8211; 2H PALIO 2V EXTRA EUROPA REST. 2002 (2002-2011) 1242\u00a016V\u00a0USA83<br \/>\nFIAT &#8211; 2H PALIO 2V EXTRA EUROPA REST. 2002 (2002-2011) 1596 TQ CF3<br \/>\nFIAT &#8211; 2H PALIO 2V EXTRA EUROPA REST. 2002 (2002-2011) 1461\u00a0MPI\u00a0CF2\/CF3<br \/>\nFIAT &#8211; 3D PALIO 2V REST.2 (2005-2011) 1242\u00a016V\u00a0CF3<br \/>\nFIAT &#8211; 2G PALIO WE EUROPA REST. (2002-2004) 1596 16V CF3<br \/>\nFIAT &#8211; 2G PALIO WE EUROPA REST. (2002-2004) 1242\u00a016V\u00a0CF3<br \/>\nFIAT &#8211; 2G PALIO WE EUROPA REST. (2002-2004) 1910 DS CF3<br \/>\nFIAT &#8211; 2G PALIO WE EUROPA REST. (2002-2004) 1910 JTD CF3<br \/>\nFIAT &#8211; 2K PALIO WE EXTRA EUROPA REST. 2002 (2002-2008) 1596 16V CF3 (IND) \/ 1596 16V CF3<br \/>\nFIAT &#8211; 2K PALIO WE EXTRA EUROPA REST. 2002 (2002-2008) 1242\u00a016V\u00a0CF3<br \/>\nFIAT &#8211; 2K PALIO WE EXTRA EUROPA REST. 2002 (2002-2008) 1461 MPI CF2<br \/>\nFIAT &#8211; 2K PALIO WE EXTRA EUROPA REST. 2002 (2002-2008) 1910 JTD CF3<br \/>\nFIAT &#8211; 3K PERLA CINA (2006-2007) 1675\u00a0MPI\u00a0CF3<br \/>\nFIAT &#8211; 1N PUNTO BZ (1999-2003) 1.2 16V CF2 \/ 1.2 16V CF3<br \/>\nFIAT &#8211; 1N PUNTO BZ (1999-2003) VOLUNTARIADO (L\u00cdMITES EMISIONES) \/ 1.2 16V CF2 \/ 1.2 16V CF3<br \/>\nFIAT &#8211; 1P PUNTO DS (1999-2003) 1.9 JTD 80 CV<br \/>\nFIAT &#8211; 1P PUNTO DS (1999-2003) 1.9 DS<br \/>\nFIAT &#8211; 1P PUNTO DS (1999-2003) 1.9 JTD 80 CV \/ 1.9 JTD 85 CV<br \/>\nFIAT &#8211; 2U PUNTO FL.&#8217;03 (2003-2010) 1242\u00a016V\u00a0CF3<br \/>\nFIAT &#8211; 2U PUNTO FL.&#8217;03 (2003-2010) 1242\u00a016V\u00a0CF3 \/ VOLUNTARIADO (L\u00cdMITES EMISIONES)<br \/>\nFIAT &#8211; 2U PUNTO FL.&#8217;03 (2003-2010) 1400\u00a016V\u00a0CF4<br \/>\nFIAT &#8211; 2U PUNTO FL.&#8217;03 (2003-2010) 1910 JTD 85CV\/63 KW<br \/>\nFIAT &#8211; 2U PUNTO FL.&#8217;03 (2003-2010) 1910 JTD 74 KW\/100CV<br \/>\nFIAT &#8211; 3B SEDICI (2006-2011) 1910 JTD CF4 8V 120HP 88KW<br \/>\nFIAT &#8211; 1E SEICENTO (1998-2010) 1108 MPI<br \/>\nFIAT &#8211; 2L SIENA EXTRA EUROPA REST.(2002-2012) 1242\u00a016V\u00a0USA83<br \/>\nFIAT &#8211; 2L SIENA EXTRA EUROPA REST.(2002-2012) 1596 16V CF3<br \/>\nFIAT &#8211; 2L SIENA EXTRA EUROPA REST.(2002-2012) 1242\u00a016V\u00a0CF3<br \/>\nFIAT &#8211; 2L SIENA EXTRA EUROPA REST.(2002-2012) 1461 MPI CF2<br \/>\nFIAT &#8211; 3E SIENA REST.2 (2005-2011) 1242\u00a016V\u00a0CF3<br \/>\nFIAT &#8211; 2C STILO BZ\/DS (2001-2003) 1.6 16V<br \/>\nFIAT &#8211; 2C STILO BZ\/DS (2001-2003) 1.2 16V<br \/>\nFIAT &#8211; 2C STILO BZ\/DS (2001-2003) 1.9 JTD 58KW\/80CV \/ 1.9 JTD 85KW\/115CV<br \/>\nFIAT &#8211; 2V STILO F.L.L. 2003 (2003-2007) 1.6 16V PETROL\/METHANE \/ 1.6 16V<br \/>\nFIAT &#8211; 2V STILO F.L.L. 2003 (2003-2007) 1.4 16V CF4 95CV\/70KW<br \/>\nFIAT &#8211; 2V STILO F.L.L. 2003 (2003-2007) 1.9 JTD 58KW\/80CV \/ 1.9\u00a0JTD\u00a08V\u00a0100\u00a0CV\/74KW \/ 1.9 JTD 85KW\/115CV<br \/>\nFIAT &#8211; 2V STILO F.L.L. 2003 (2003-2007) 1.9 JTD 103KW\/140CV \/ 1.9 JTD 16V F3 126CV\/93KW COND DEPOT FRA \/ 1.9 JTD 16V F3 136CV\/100KW COND DEPOT BE<br \/>\nFIAT &#8211; 2V STILO F.L.L. 2003 (2003-2007) 1.9\u00a0JTD\u00a08V\u00a0CF4\u00a090CV\/66KW\u00a0MENOR POT. AUSTRIA \/ 1910\u00a0JTD\u00a0CF4\u00a08V\u00a0115CV\/85KW\u00a0MENOR POTENCIA BELGICA \/ 1.9 JTD CF4 8V 120HP 88KW<br \/>\nFIAT &#8211; 2V STILO F.L.L. 2003 (2003-2007) 1.9 JTD CF4 16V 150HP 110KW<br \/>\nALFA ROMEO &#8211; W8 147 BZ\/DS (2000-2010) 1600 TS 16V 76 KW<br \/>\nALFA ROMEO &#8211; W8 147 BZ\/DS (2000-2010) 1910\u00a0JTD\u00a0CF3\u00a08V\u00a0100CV\/74\u00a0KW \/ 1910\u00a0JTD\u00a0CF3\u00a08V\u00a0115CV\/85\u00a0KW<br \/>\nALFA ROMEO &#8211; W8 147 BZ\/DS (2000-2010) 1910\u00a0JTD\u00a0CF3\u00a016V\u00a0120CV\/93\u00a0KW \/ 1910\u00a0JTD\u00a016V\u00a0CF3\u00a0140CV\/103\u00a0KW \/ 1.9\u00a0JTD\u00a016V\u00a0CF3\u00a0136CV\/100KW\u00a0MENOR POT.\u00a0BEL. \/ 1.9\u00a0JTD\u00a016V\u00a0CF3\u00a0150CV\/110KW<br \/>\nALFA ROMEO &#8211; W8 147 BZ\/DS (2000-2010) 1910\u00a0JTD\u00a0CF4\u00a08V\u00a0115CV\/85KW\u00a0MENOR POT\u00a0BEL. \/ 1.9\u00a0JTD\u00a08V\u00a0CF4<br \/>\nALFA ROMEO &#8211; W8 147 BZ\/DS (2000-2010) 1910\u00a0JTD\u00a0CF4\u00a016V\u00a0136CV\/100KW\u00a0MENOR POT.\u00a0BEL. \/ 1.9\u00a0JTD\u00a016V\u00a0CF4 \/ 1910\u00a0JTD\u00a0CF4\u00a016V\u00a0170CV\/125KW\u00a0POTENCIADO<br \/>\nALFA ROMEO &#8211; X1 156 M.Y.2002 BZ\/DS (2001-2005) 1910\u00a0JTD\u00a08V\u00a0115CV\/85KW \/ 1910 JTD 16V CF3 93KW \/ 1.9\u00a0JTD\u00a016V\u00a0CF3 \/ 1910\u00a0JTD\u00a0CF3\u00a016V\u00a0150CV\/110KW\u00a04X4 \/ 1910\u00a0JTD\u00a0CF3\u00a0136CV\/100KW\u00a0MENOR POT. BELGICA \/ 1910\u00a0JTD\u00a016V\u00a0CF4\u00a0150CV\/110KW\u00a04X2 \/ 1910JTD\u00a0CF4\u00a016V\u00a0126CV\/93KW\u00a0MENOR POT.\u00a0FRANCIA<br \/>\nALFA ROMEO &#8211; X1 156 M.Y.2002 BZ\/DS (2001-2005) 2400\u00a0JTD\u00a010V\u00a0150CV\/110\u00a0KW \/ 2400\u00a0JTD\u00a020V\u00a0175CV\/129\u00a0KW\u00a0C.MEC. \/ 2400\u00a0JTD\u00a0CF3\u00a0163CV\/120KW\u00a0MENOR POT. BELGICA<br \/>\nALFA ROMEO &#8211; X1 156 M.Y.2002 BZ\/DS (2001-2005) 1910\u00a0JTD\u00a0CF4\u00a016V\u00a0150CV\/110KW\u00a04X4<br \/>\nALFA ROMEO &#8211; X8 159 MY11 (2010-2011) 1858-1910\u00a0CC<br \/>\nALFA ROMEO &#8211; X8 159 MY11 (2010-2011) 2387\u00a0CF4<br \/>\nALFA ROMEO &#8211; X3 ALFA 159  (2005-2008) 1910\u00a0JTD\u00a0CF4\u00a08V\u00a0115CV\/85KW\u00a0MENOR POTENCIA BELGICA \/ 1.9 JTD 8V E4<br \/>\nALFA ROMEO &#8211; X3 ALFA 159  (2005-2008) 1910JTD\u00a0CF4\u00a016V\u00a0136CV\/100KW\u00a0MENOR POT. BELGICA \/ 1.9 JTD 16V E4<br \/>\nALFA ROMEO &#8211; X3 ALFA 159  (2005-2008) 2.4 JTD 20V E4 \/ 2400 JTD CF4 20V 4X2 210CV 154 KW \/ 2400 JTD CF4 20V 4X4 210CV 154KW<br \/>\nALFA ROMEO &#8211; X9 ALFA 159 (2008-2010)  8 V\u00c1LVULAS<br \/>\nALFA ROMEO &#8211; X9 ALFA 159 (2008-2010)  1858-1910\u00a0CC \/ DI\u00c9SEL \/ 16 V\u00c1LVULAS<br \/>\nALFA ROMEO &#8211; X9 ALFA 159 (2008-2010)  2387\u00a0CF4 \/ 200\u00a0CV \/ 210\u00a0CV\u00a0\u00a0\u00a02.4\u00a0JTD\u00a0CF4 \/ 2 RUEDAS MOTRICES \/ 4 RUEDAS MOTRICES<br \/>\nALFA ROMEO &#8211; X4 BRERA COUPE&#8217; (2005-2008) 2.4 JTD 20V CF4 200CV\/147 KW \/ 2400\u00a0JTD\u00a0CF4\u00a020V\u00a04X2\u00a0210CV\/\u00a0154KW<br \/>\nALFA ROMEO &#8211; 12 BRERA COUPE&#8217; M.Y. (2008-2010) 210 CV JTD \/ DA DEFIN.(2300~2399) \/ 200 CV (2.4 JTD CF4 \/ 1.8 TB CF5)<br \/>\nALFA ROMEO &#8211; X2 GT (2003-2010) 1910\u00a0JTD\u00a016V\u00a0CF3\u00a0150CV\/110KW<br \/>\nALFA ROMEO &#8211; X2 GT (2003-2010) 1910 JTD 16V CF4 110 KW 150HP \/ 1910\u00a0JTD\u00a0CF4\u00a016V\u00a0170CV\/125KW\u00a0POT.<br \/>\nALFA ROMEO &#8211; X5 NUOVO SPIDER (2006-2008) 2.4\u00a0JTD\u00a020V\u00a0CF4\u00a0200CV\/147KW<br \/>\nALFA ROMEO &#8211; 13 NUOVO SPIDER M.Y. (2008-2010) 210 CV JTD \/ DA DEFIN.(2300~2399) \/ 200 CV (2.4 JTD CF4 \/ 1.8 TB CF5)<br \/>\nLANCIA &#8211; TG MUSA (2004-2007) 1400 16V MPI CF4 95CV\/80KW \/ 1400\u00a016V\u00a0MPI\u00a0CF4\u00a090CV\/66KW<br \/>\nLANCIA &#8211; TG MUSA (2004-2007) 1910\u00a08V\u00a0JTD\u00a0CF4\u00a0100CV\/74KW<br \/>\nLANCIA &#8211; TJ MUSA (2007-2011) (1300-1399 CC) \/ 16 V\u00c1LVULAS<br \/>\nLANCIA &#8211; TJ MUSA (2007-2011) (1800-1899 CC)<br \/>\nLANCIA &#8211; SJ THESIS (2001-2007) 2400\u00a0JTD\u00a010V\u00a0150CV\/110\u00a0KW<br \/>\nLANCIA &#8211; SJ THESIS (2001-2007) 2400\u00a0JTD\u00a020V\u00a0163CV\/120\u00a0KW\u00a0C.\u00a0MEC. \/ 2400\u00a0JTD\u00a020V\u00a0163CV\/120KW\u00a0C.AUTOM. \/ 2400\u00a0JTD\u00a020V\u00a0175CV\/129KW\u00a0\u00a0C.\u00a0MEC. \/ 2400\u00a0JTD\u00a020V\u00a0175CV\/129KW\u00a0C.AUTOM.<br \/>\nLANCIA &#8211; SJ THESIS (2001-2007) 2.4\u00a0JTD\u00a020V\u00a0CF4\u00a0175CV\/129KW<br \/>\nLANCIA &#8211; TE YPSILON (2003-2009) 1200\u00a016V\u00a0MPI\u00a0CF4\u00a080CV\/59KW<br \/>\nLANCIA &#8211; TE YPSILON (2003-2009) 1400 16V MPI CF4 95CV\/80KW<br \/>\nLANCIA &#8211; TE YPSILON (2003-2009) 1300\u00a016V\u00a0MJTD\u00a0CF4\u00a070CV\/51KW<br \/>\nFIAT PROFESSIONAL &#8211; 1W DOBLO (2000-2004) 1596 16V CF3<br \/>\nFIAT PROFESSIONAL &#8211; 1W DOBLO (2000-2004) 1596 16V GASOLINA\/METANO<br \/>\nFIAT PROFESSIONAL &#8211; 1W DOBLO (2000-2004) 1596 16V CF3 \/ 1596 16V GASOLINA\/METANO \/ 1596 GASOLINA\/METANO<br \/>\nFIAT PROFESSIONAL &#8211; 1W DOBLO (2000-2004) 1.9 DS CF3<br \/>\nFIAT PROFESSIONAL &#8211; 1W DOBLO (2000-2004) 1910 JTD CF3 \/ 1910 JTD CF3 105 CV<br \/>\nFIAT PROFESSIONAL &#8211; 2W DOBLO MY. 2004 (2004-2005) 1.6\u00a016V\u00a0CF3\u00a0GS<br \/>\nFIAT PROFESSIONAL &#8211; 2W DOBLO MY. 2004 (2004-2005) 1.6\u00a016V\u00a0CF3\u00a0BIPOWER<br \/>\nFIAT PROFESSIONAL &#8211; 2W DOBLO MY. 2004 (2004-2005) 1.6\u00a016V\u00a0CF3\u00a0GS \/ 1.6\u00a016V\u00a0CF3\u00a0BIPOWER<br \/>\nFIAT PROFESSIONAL &#8211; 2W DOBLO MY. 2004 (2004-2005) 1.9\u00a0DS\u00a0ASP\u00a0CF3<br \/>\nFIAT PROFESSIONAL &#8211; 2W DOBLO MY. 2004 (2004-2005) 1.9 JTD CF3 105HP<br \/>\nFIAT PROFESSIONAL &#8211; 3C DOBLO REST. 2005 (2005-&#8230;.) 1.6\u00a0MPI\u00a016V\u00a0BIPOWER<br \/>\nFIAT PROFESSIONAL &#8211; 3C DOBLO REST. 2005 (2005-&#8230;.) 1910\u00a0JTD\u00a08V\u00a0CF4\u00a0105CV\/77KW \/ 1910\u00a0JTD\u00a08V\u00a0CF4\u00a0100CV\/74KW \/ 1910\u00a0JTD\u00a08V\u00a0CF4\u00a0120CV\/88KW<br \/>\nFIAT PROFESSIONAL &#8211; 3N NUOVO FIORINO-QUBO (2007-&#8230;.) DI\u00c9SEL (FIAT) \/ DI\u00c9SEL \/ LIM.CEE FASE 4 \/  \/ 75CV<br \/>\nFIAT PROFESSIONAL &#8211; 1G STRADA (1999-2005) 1910 JTD CF3<\/p>\n<p>LA PIEZA ES NUEVA Y ORIGINAL.<\/p>\n","protected":false},"excerpt":{"rendered":"<p>55188058 Electrov\u00e1lvula de temperatura de la bomba de agua de refrigeraci\u00f3n del motor de: M\u00e9trica: 12&#215;1.5 FIAT &#8211; 2T CROMA (2005-2010) 1910\u00a0JTD\u00a0CF4\u00a08V\u00a0115CV\/85KW\u00a0MENOR POTENCIA BELGICA \/ 1900 JTD 8V 120 HP\/88KW FIAT &#8211; 2T CROMA (2005-2010) 1910\u00a0JTD\u00a0CF4\u00a016V136CV\/100KW\u00a0MENOR POTENCIA BELGICA \/ 1900 JTD 16V 150HP\/110KW FIAT &#8211; 2T CROMA (2005-2010) 2400 JTD 20V 200HP\/147KW FIAT &#8211; 2Y [&hellip;]<\/p>\n","protected":false},"featured_media":95248,"template":"","meta":{"_seopress_robots_primary_cat":"","_seopress_titles_title":"","_seopress_titles_desc":"","_seopress_robots_index":""},"product_cat":[44,49,51,16,82,52,86,87,20,91,92,50,93,21,121,98,100,101,105,106,107,56,108,109,125,127],"product_tag":[],"class_list":{"0":"post-95245","1":"product","2":"type-product","3":"status-publish","4":"has-post-thumbnail","6":"product_cat-recambios-alfa-romeo-147","7":"product_cat-recambios-alfa-romeo-156","8":"product_cat-recambios-alfa-romeo-159","9":"product_cat-recambios-alfa-romeo","10":"product_cat-recambios-fiat-bravo","11":"product_cat-recambios-alfa-romeo-brera","12":"product_cat-recambios-fiat-croma","13":"product_cat-recambios-fiat-doblo","14":"product_cat-recambios-fiat","15":"product_cat-recambios-fiat-fiorino","16":"product_cat-recambios-fiat-grande-punto","17":"product_cat-recambios-alfa-romeo-gt","18":"product_cat-recambios-fiat-idea","19":"product_cat-recambios-lancia","20":"product_cat-recambios-lancia-musa","21":"product_cat-recambios-fiat-palio","22":"product_cat-recambios-fiat-perla","23":"product_cat-recambios-fiat-punto","24":"product_cat-recambios-fiat-sedici","25":"product_cat-recambios-fiat-seicento","26":"product_cat-recambios-fiat-siena","27":"product_cat-recambios-alfa-romeo-spider","28":"product_cat-recambios-fiat-stilo","29":"product_cat-recambios-fiat-strada","30":"product_cat-recambios-lancia-thesis","31":"product_cat-recambios-lancia-ypsilon","33":"first","34":"instock","35":"taxable","36":"shipping-taxable","37":"purchasable","38":"product-type-simple"},"_links":{"self":[{"href":"https:\/\/galicianparts.com\/shop\/wp-json\/wp\/v2\/product\/95245"}],"collection":[{"href":"https:\/\/galicianparts.com\/shop\/wp-json\/wp\/v2\/product"}],"about":[{"href":"https:\/\/galicianparts.com\/shop\/wp-json\/wp\/v2\/types\/product"}],"wp:featuredmedia":[{"embeddable":true,"href":"https:\/\/galicianparts.com\/shop\/wp-json\/wp\/v2\/media\/95248"}],"wp:attachment":[{"href":"https:\/\/galicianparts.com\/shop\/wp-json\/wp\/v2\/media?parent=95245"}],"wp:term":[{"taxonomy":"product_cat","embeddable":true,"href":"https:\/\/galicianparts.com\/shop\/wp-json\/wp\/v2\/product_cat?post=95245"},{"taxonomy":"product_tag","embeddable":true,"href":"https:\/\/galicianparts.com\/shop\/wp-json\/wp\/v2\/product_tag?post=95245"}],"curies":[{"name":"wp","href":"https:\/\/api.w.org\/{rel}","templated":true}]}}