{"id":95253,"date":"2025-03-18T14:28:17","date_gmt":"2025-03-18T12:28:17","guid":{"rendered":"https:\/\/galicianparts.com\/shop\/producto\/21608-amortiguador-trasero-fiat-uno-1983-2006-nuevo-monroe\/"},"modified":"2025-04-30T15:54:16","modified_gmt":"2025-04-30T13:54:16","slug":"21608-amortiguador-trasero-fiat-uno-1983-2006-nuevo-monroe","status":"publish","type":"product","link":"https:\/\/galicianparts.com\/shop\/producto\/21608-amortiguador-trasero-fiat-uno-1983-2006-nuevo-monroe\/","title":{"rendered":"21608 Amortiguador trasero Fiat Uno (1983-2006) NUEVO MONROE"},"content":{"rendered":"<p>Amortiguador MONROE de presi\u00f3n de gas de la suspensi\u00f3n trasera de:<br \/>\nFIAT Uno Hatchback (146) (A\u00f1o 01.1983 &#8211; 06.2006)<br \/>\n0.9, A\u00f1o 02.1984 &#8211; 08.1989, 903 ccm, 41 cv<br \/>\n1.0, A\u00f1o 08.1990 &#8211; 06.2001, 994 ccm, 48 cv<br \/>\n1.0 (146E), A\u00f1o 06.1989 &#8211; 02.1992, 999 ccm, 42 cv<br \/>\n1.0 iE, A\u00f1o 05.1998 &#8211; 08.2000, 999 ccm, 46 cv<br \/>\n1.1, A\u00f1o 04.1986 &#8211; 06.2006, 1108 ccm, 56 cv<br \/>\n1.3 Super di\u00e9sel, A\u00f1o 06.1983 &#8211; 03.1992, 1302 ccm, 45 cv<br \/>\n1.3 Turbo i.e., A\u00f1o 01.1987 &#8211; 12.1987, 1301 ccm, 99 cv<br \/>\n1.3 Turbo i.e., A\u00f1o 09.1989 &#8211; 03.1991, 1301 ccm, 101 cv<br \/>\n1.3 Turbo i.e., A\u00f1o 04.1985 &#8211; 08.1989, 1301 ccm, 105 cv<br \/>\n1.4, A\u00f1o 01.1989 &#8211; 12.1991, 1372 ccm, 101 cv<br \/>\n1.4 Turbo i.e., A\u00f1o 09.1989 &#8211; 09.1993, 1372 ccm, 112 cv<br \/>\n1.4 Turbo i.e., A\u00f1o 12.1989 &#8211; 12.1996, 1372 ccm, 118 cv<br \/>\n1.6, A\u00f1o 12.1989 &#8211; 04.1993, 1581 ccm, 88 cv<br \/>\n1.6 R, A\u00f1o 05.1993 &#8211; 12.1995, 1581 ccm, 90 cv<br \/>\n1.7 D, A\u00f1o 11.1994 &#8211; 08.2000, 1697 ccm, 58 cv<br \/>\n1.9 D, A\u00f1o 09.1989 &#8211; 03.1994, 1929 ccm, 60 cv<br \/>\n45 0.9, A\u00f1o 03.1983 &#8211; 09.1992, 903 ccm, 45 cv<br \/>\n0.9 45, A\u00f1o 02.1984 &#8211; 12.1988, 903 ccm, 46 cv<br \/>\n1.0 45, A\u00f1o 06.1986 &#8211; 12.1993, 999 ccm, 44 cv<br \/>\n45 i.e. 1.0 (146E, 146A), A\u00f1o 10.1984 &#8211; 10.1995, 999 ccm, 45 cv<br \/>\n1.1 50, A\u00f1o 01.1990 &#8211; 12.1993, 1108 ccm, 50 cv<br \/>\n1.1 50, A\u00f1o 01.1986 &#8211; 12.1989, 1116 ccm, 50 cv<br \/>\n1.1 i.e. 50, A\u00f1o 06.1992 &#8211; 12.1993, 1116 ccm, 49 cv<br \/>\n1.1 55, A\u00f1o 01.1983 &#8211; 08.1989, 1116 ccm, 54 cv<br \/>\n1.1 60, A\u00f1o 04.1989 &#8211; 12.1992, 1108 ccm, 57 cv<br \/>\n1.1 60, A\u00f1o 05.1985 &#8211; 08.1989, 1116 ccm, 58 cv<br \/>\n1.7 Di\u00e9sel 60, A\u00f1o 07.1986 &#8211; 08.1989, 1698 ccm, 60 cv<br \/>\n60 Diesel 1.7 (146E), A\u00f1o 09.1989 &#8211; 12.1993, 1698 ccm, 57 cv<br \/>\n1.3 70, A\u00f1o 05.1985 &#8211; 08.1989, 1302 ccm, 65 cv<br \/>\n1.3 70, A\u00f1o 01.1983 &#8211; 04.1985, 1302 ccm, 68 cv<br \/>\n1.4 i.e. 70, A\u00f1o 09.1989 &#8211; 07.1996, 1372 ccm, 70 cv<br \/>\n1.4 i.e. 70, A\u00f1o 09.1989 &#8211; 12.1993, 1372 ccm, 72 cv<br \/>\n1.4 S 70, A\u00f1o 10.1988 &#8211; 06.2006, 1372 ccm, 71 cv<br \/>\n1.4 TD 70, A\u00f1o 10.1986 &#8211; 10.1990, 1367 ccm, 71 cv<br \/>\n75 i.e. 1.5, A\u00f1o 10.1985 &#8211; 12.1993, 1498 ccm, 75 cv<\/p>\n<p> LA PIEZA ES NUEVA MONROE.<\/p>\n","protected":false},"excerpt":{"rendered":"<p>Amortiguador MONROE de presi\u00f3n de gas de la suspensi\u00f3n trasera de: FIAT Uno Hatchback (146) (A\u00f1o 01.1983 &#8211; 06.2006) 0.9, A\u00f1o 02.1984 &#8211; 08.1989, 903 ccm, 41 cv 1.0, A\u00f1o 08.1990 &#8211; 06.2001, 994 ccm, 48 cv 1.0 (146E), A\u00f1o 06.1989 &#8211; 02.1992, 999 ccm, 42 cv 1.0 iE, A\u00f1o 05.1998 &#8211; 08.2000, 999 ccm, [&hellip;]<\/p>\n","protected":false},"featured_media":95257,"template":"","meta":{"_seopress_robots_primary_cat":"","_seopress_titles_title":"","_seopress_titles_desc":"","_seopress_robots_index":""},"product_cat":[15],"product_tag":[],"class_list":{"0":"post-95253","1":"product","2":"type-product","3":"status-publish","4":"has-post-thumbnail","6":"product_cat-sin-categorizar","8":"first","9":"outofstock","10":"taxable","11":"shipping-taxable","12":"purchasable","13":"product-type-simple"},"_links":{"self":[{"href":"https:\/\/galicianparts.com\/shop\/wp-json\/wp\/v2\/product\/95253"}],"collection":[{"href":"https:\/\/galicianparts.com\/shop\/wp-json\/wp\/v2\/product"}],"about":[{"href":"https:\/\/galicianparts.com\/shop\/wp-json\/wp\/v2\/types\/product"}],"wp:featuredmedia":[{"embeddable":true,"href":"https:\/\/galicianparts.com\/shop\/wp-json\/wp\/v2\/media\/95257"}],"wp:attachment":[{"href":"https:\/\/galicianparts.com\/shop\/wp-json\/wp\/v2\/media?parent=95253"}],"wp:term":[{"taxonomy":"product_cat","embeddable":true,"href":"https:\/\/galicianparts.com\/shop\/wp-json\/wp\/v2\/product_cat?post=95253"},{"taxonomy":"product_tag","embeddable":true,"href":"https:\/\/galicianparts.com\/shop\/wp-json\/wp\/v2\/product_tag?post=95253"}],"curies":[{"name":"wp","href":"https:\/\/api.w.org\/{rel}","templated":true}]}}