{"id":95260,"date":"2025-03-19T10:57:46","date_gmt":"2025-03-19T08:57:46","guid":{"rendered":"https:\/\/galicianparts.com\/shop\/producto\/43065-amortiguador-trasero-peugeot-405-citroen-c2-xsara-picasso-c3-nuevo-monroe\/"},"modified":"2026-03-17T14:51:45","modified_gmt":"2026-03-17T12:51:45","slug":"43065-amortiguador-trasero-peugeot-405-citroen-c2-xsara-picasso-c3-nuevo-monroe","status":"publish","type":"product","link":"https:\/\/galicianparts.com\/shop\/producto\/43065-amortiguador-trasero-peugeot-405-citroen-c2-xsara-picasso-c3-nuevo-monroe\/","title":{"rendered":"43065 Amortiguador trasero Peugeot 405 NUEVO MONROE"},"content":{"rendered":"<p>Amortiguador MONROE de presi\u00f3n de gas de la suspensi\u00f3n trasera de:<br \/>\nLargo: 372mm<\/p>\n<p>PEUGEOT 405 I Berlina (15B)<br \/>\n1.4, A\u00f1o 01.1987 &#8211; 07.1992, 1360 ccm, 64 cv<br \/>\n1.4, A\u00f1o 06.1987 &#8211; 07.1992, 1360 ccm, 68 cv<br \/>\n1.6, A\u00f1o 07.1987 &#8211; 12.1992, 1580 ccm, 72 cv<br \/>\n1.6, A\u00f1o 07.1987 &#8211; 06.1988, 1580 ccm, 75 cv<br \/>\n1.6, A\u00f1o 07.1987 &#8211; 12.1992, 1580 ccm, 88 cv<br \/>\n1.6, A\u00f1o 10.1989 &#8211; 12.1992, 1580 ccm, 90 cv<br \/>\n1.6, A\u00f1o 01.1987 &#8211; 12.1992, 1580 ccm, 94 cv<br \/>\n1.8 Turbodi\u00e9sel, A\u00f1o 03.1988 &#8211; 12.1992, 1769 ccm, 90 cv<br \/>\n1.9, A\u00f1o 07.1987 &#8211; 12.1992, 1905 ccm, 95 cv<br \/>\n1.9, A\u00f1o 06.1987 &#8211; 07.1992, 1905 ccm, 98 cv<br \/>\n1.9, A\u00f1o 06.1987 &#8211; 07.1992, 1905 ccm, 109 cv<br \/>\n1.9, A\u00f1o 06.1987 &#8211; 07.1992, 1905 ccm, 120 cv<br \/>\n1.9, A\u00f1o 01.1989 &#8211; 12.1992, 1905 ccm, 122 cv<br \/>\n1.9, A\u00f1o 07.1987 &#8211; 12.1993, 1905 ccm, 126 cv<br \/>\n1.9 Di\u00e9sel, A\u00f1o 07.1988 &#8211; 09.1992, 1905 ccm, 64 cv<br \/>\n1.9 Di\u00e9sel, A\u00f1o 03.1988 &#8211; 12.1992, 1905 ccm, 69 cv<br \/>\n1.9 Injection, A\u00f1o 07.1987 &#8211; 12.1992, 1905 ccm, 105 cv<br \/>\n1.9 Sport MI-16, A\u00f1o 06.1987 &#8211; 07.1992, 1905 ccm, 147 cv<br \/>\n1.9 Sport MI-16, A\u00f1o 07.1987 &#8211; 11.1992, 1905 ccm, 158 cv<br \/>\nPEUGEOT 405 II Berlina (4B)<br \/>\n1.4, A\u00f1o 08.1992 &#8211; 10.1995, 1360 ccm, 75 cv<br \/>\n1.4, A\u00f1o 08.1992 &#8211; 06.1994, 1360 ccm, 79 cv<br \/>\n1.6, A\u00f1o 08.1992 &#8211; 10.1995, 1580 ccm, 88 cv<br \/>\n1.6, A\u00f1o 08.1992 &#8211; 05.1997, 1580 ccm, 90 cv<br \/>\n1.6, A\u00f1o 08.1992 &#8211; 08.1994, 1580 ccm, 92 cv<br \/>\n1.6, A\u00f1o 08.1992 &#8211; 05.1997, 1587 ccm, 109 cv<br \/>\n1.8, A\u00f1o 08.1992 &#8211; 10.1995, 1761 ccm, 101 cv<br \/>\n1.8, A\u00f1o 08.1996 &#8211; 11.1999, 1761 ccm, 103 cv<br \/>\n1.9 D, A\u00f1o 08.1992 &#8211; 10.1995, 1905 ccm, 64 cv<br \/>\n1.9 D, A\u00f1o 06.1994 &#8211; 10.1995, 1905 ccm, 68 cv<br \/>\n1.9 D, A\u00f1o 08.1992 &#8211; 08.1994, 1905 ccm, 69 cv<br \/>\n1.9 D, A\u00f1o 08.1997 &#8211; 11.1999, 1905 ccm, 71 cv<br \/>\n1.9 TD, A\u00f1o 08.1992 &#8211; 10.1995, 1905 ccm, 90 cv<br \/>\n1.9 TD, A\u00f1o 08.1992 &#8211; 05.1997, 1905 ccm, 94 cv<br \/>\n2.0, A\u00f1o 08.1992 &#8211; 10.1995, 1998 ccm, 121 cv<br \/>\n2.0 16V, A\u00f1o 06.1994 &#8211; 10.1995, 1998 ccm, 150 cv<br \/>\n2.0 MI-16, A\u00f1o 08.1992 &#8211; 10.1995, 1998 ccm, 152 cv<\/p>\n<p>LA PIEZA ES NUEVA Y ORIGINAL MONROE.<\/p>\n","protected":false},"excerpt":{"rendered":"<p>Amortiguador MONROE de presi\u00f3n de gas de la suspensi\u00f3n trasera de: Largo: 372mm PEUGEOT 405 I Berlina (15B) 1.4, A\u00f1o 01.1987 &#8211; 07.1992, 1360 ccm, 64 cv 1.4, A\u00f1o 06.1987 &#8211; 07.1992, 1360 ccm, 68 cv 1.6, A\u00f1o 07.1987 &#8211; 12.1992, 1580 ccm, 72 cv 1.6, A\u00f1o 07.1987 &#8211; 06.1988, 1580 ccm, 75 cv 1.6, [&hellip;]<\/p>\n","protected":false},"featured_media":95263,"template":"","meta":{"_seopress_robots_primary_cat":"","_seopress_titles_title":"","_seopress_titles_desc":"","_seopress_robots_index":""},"product_cat":[150,24],"product_tag":[],"class_list":{"0":"post-95260","1":"product","2":"type-product","3":"status-publish","4":"has-post-thumbnail","6":"product_cat-recambios-peugeot-405","7":"product_cat-recambios-peugeot","9":"first","10":"instock","11":"taxable","12":"shipping-taxable","13":"purchasable","14":"product-type-simple"},"_links":{"self":[{"href":"https:\/\/galicianparts.com\/shop\/wp-json\/wp\/v2\/product\/95260"}],"collection":[{"href":"https:\/\/galicianparts.com\/shop\/wp-json\/wp\/v2\/product"}],"about":[{"href":"https:\/\/galicianparts.com\/shop\/wp-json\/wp\/v2\/types\/product"}],"wp:featuredmedia":[{"embeddable":true,"href":"https:\/\/galicianparts.com\/shop\/wp-json\/wp\/v2\/media\/95263"}],"wp:attachment":[{"href":"https:\/\/galicianparts.com\/shop\/wp-json\/wp\/v2\/media?parent=95260"}],"wp:term":[{"taxonomy":"product_cat","embeddable":true,"href":"https:\/\/galicianparts.com\/shop\/wp-json\/wp\/v2\/product_cat?post=95260"},{"taxonomy":"product_tag","embeddable":true,"href":"https:\/\/galicianparts.com\/shop\/wp-json\/wp\/v2\/product_tag?post=95260"}],"curies":[{"name":"wp","href":"https:\/\/api.w.org\/{rel}","templated":true}]}}