{"id":95325,"date":"2025-03-20T12:04:45","date_gmt":"2025-03-20T10:04:45","guid":{"rendered":"https:\/\/galicianparts.com\/shop\/producto\/43063-amortiguador-trasero-peugeot-405-citroen-c2-xsara-picasso-c3-nuevo-monroe\/"},"modified":"2025-03-20T12:13:16","modified_gmt":"2025-03-20T10:13:16","slug":"43063-amortiguador-trasero-peugeot-405-citroen-c2-xsara-picasso-c3-nuevo-monroe","status":"publish","type":"product","link":"https:\/\/galicianparts.com\/shop\/producto\/43063-amortiguador-trasero-peugeot-405-citroen-c2-xsara-picasso-c3-nuevo-monroe\/","title":{"rendered":"43063 Amortiguador trasero Peugeot 405 \/Citroen C2 \/Xsara Picasso \/C3 NUEVO MONROE"},"content":{"rendered":"<p>Amortiguador MONROE de presi\u00f3n de gas de la suspensi\u00f3n trasera de:<br \/>\nLargo: 377mm<\/p>\n<p>PEUGEOT 405 I Familiar (15E)<br \/>\n1.4, A\u00f1o 05.1988 \u2013 07.1992, 1360 ccm, 64 cv<br \/>\n1.6, A\u00f1o 10.1988 \u2013 08.1992, 1580 ccm, 72 cv<br \/>\n1.6, A\u00f1o 10.1988 \u2013 08.1992, 1580 ccm, 75 cv<br \/>\n1.6, A\u00f1o 10.1988 \u2013 08.1992, 1580 ccm, 88 cv<br \/>\n1.6, A\u00f1o 10.1988 \u2013 08.1992, 1580 ccm, 90 cv<br \/>\n1.6, A\u00f1o 05.1988 \u2013 07.1992, 1580 ccm, 92 cv<br \/>\n1.6, A\u00f1o 10.1988 \u2013 08.1992, 1580 ccm, 94 cv<br \/>\n1.8 D, A\u00f1o 04.1990 \u2013 07.1992, 1769 ccm, 60 cv<br \/>\n1.8 GLD, A\u00f1o 04.1990 \u2013 07.1992, 1769 ccm, 60 cv<br \/>\n1.8 TD, A\u00f1o 10.1988 \u2013 08.1992, 1769 ccm, 90 cv<br \/>\n1.9, A\u00f1o 10.1988 \u2013 08.1992, 1905 ccm, 95 cv<br \/>\n1.9, A\u00f1o 05.1988 \u2013 07.1992, 1905 ccm, 98 cv<br \/>\n1.9, A\u00f1o 10.1988 \u2013 08.1992, 1905 ccm, 105 cv<br \/>\n1.9, A\u00f1o 10.1988 \u2013 08.1992, 1905 ccm, 109 cv<br \/>\n1.9, A\u00f1o 10.1988 \u2013 08.1992, 1905 ccm, 120 cv<br \/>\n1.9 D, A\u00f1o 10.1988 \u2013 08.1992, 1905 ccm, 64 cv<br \/>\n1.9 D, A\u00f1o 10.1988 \u2013 08.1992, 1905 ccm, 69 cv<br \/>\nPEUGEOT 405 II Familiar (4E)<br \/>\n1.4, A\u00f1o 08.1992 \u2013 10.1996, 1360 ccm, 75 cv<br \/>\n1.4, A\u00f1o 07.1993 \u2013 06.1994, 1360 ccm, 79 cv<br \/>\n1.6, A\u00f1o 08.1992 \u2013 10.1996, 1580 ccm, 88 cv<br \/>\n1.6, A\u00f1o 08.1992 \u2013 08.1994, 1580 ccm, 92 cv<br \/>\n1.6, A\u00f1o 08.1992 \u2013 10.1996, 1587 ccm, 109 cv<br \/>\n1.8, A\u00f1o 08.1992 \u2013 10.1996, 1761 ccm, 101 cv<br \/>\n1.9 D, A\u00f1o 08.1992 \u2013 10.1996, 1905 ccm, 64 cv<br \/>\n1.9 D, A\u00f1o 06.1994 \u2013 10.1996, 1905 ccm, 68 cv<br \/>\n1.9 D, A\u00f1o 09.1993 \u2013 12.1995, 1905 ccm, 69 cv<br \/>\n1.9 TD, A\u00f1o 08.1992 \u2013 10.1996, 1905 ccm, 90 cv<br \/>\n1.9 TD, A\u00f1o 08.1992 \u2013 10.1996, 1905 ccm, 93 cv<br \/>\n2.0, A\u00f1o 08.1992 \u2013 10.1996, 1998 ccm, 121 cv<br \/>\nPEUGEOT 405 I Berlina (15B)<br \/>\n1.4, A\u00f1o 01.1987 \u2013 07.1992, 1360 ccm, 64 cv<br \/>\n1.6, A\u00f1o 07.1987 \u2013 12.1992, 1580 ccm, 72 cv<br \/>\n1.6, A\u00f1o 07.1987 \u2013 06.1988, 1580 ccm, 75 cv<br \/>\n1.6, A\u00f1o 07.1987 \u2013 12.1992, 1580 ccm, 88 cv<br \/>\n1.6, A\u00f1o 10.1989 \u2013 12.1992, 1580 ccm, 90 cv<br \/>\n1.6, A\u00f1o 01.1987 \u2013 12.1992, 1580 ccm, 94 cv<br \/>\n1.8 Turbodi\u00e9sel, A\u00f1o 03.1988 \u2013 12.1992, 1769 ccm, 90 cv<br \/>\n1.9, A\u00f1o 07.1987 \u2013 12.1992, 1905 ccm, 95 cv<br \/>\n1.9, A\u00f1o 06.1987 \u2013 07.1992, 1905 ccm, 109 cv<br \/>\n1.9, A\u00f1o 06.1987 \u2013 07.1992, 1905 ccm, 120 cv<br \/>\n1.9, A\u00f1o 01.1989 \u2013 12.1992, 1905 ccm, 122 cv<br \/>\n1.9, A\u00f1o 07.1987 \u2013 12.1993, 1905 ccm, 126 cv<br \/>\n1.9 Di\u00e9sel, A\u00f1o 07.1988 \u2013 09.1992, 1905 ccm, 64 cv<br \/>\n1.9 Di\u00e9sel, A\u00f1o 03.1988 \u2013 12.1992, 1905 ccm, 69 cv<br \/>\n1.9 Injection, A\u00f1o 07.1987 \u2013 12.1992, 1905 ccm, 105 cv<br \/>\n1.9 Sport MI-16, A\u00f1o 06.1987 \u2013 07.1992, 1905 ccm, 147 cv<br \/>\n1.9 Sport MI-16, A\u00f1o 07.1987 \u2013 11.1992, 1905 ccm, 158 cv<br \/>\nPEUGEOT 405 II Berlina (4B)<br \/>\n1.4, A\u00f1o 08.1992 \u2013 10.1995, 1360 ccm, 75 cv<br \/>\n1.6, A\u00f1o 08.1992 \u2013 10.1995, 1580 ccm, 88 cv<br \/>\n1.8, A\u00f1o 08.1992 \u2013 10.1995, 1761 ccm, 101 cv<br \/>\n1.9 D, A\u00f1o 08.1992 \u2013 10.1995, 1905 ccm, 64 cv<br \/>\n1.9 D, A\u00f1o 06.1994 \u2013 10.1995, 1905 ccm, 68 cv<br \/>\n1.9 TD, A\u00f1o 08.1992 \u2013 10.1995, 1905 ccm, 90 cv<br \/>\n2.0, A\u00f1o 08.1992 \u2013 10.1995, 1998 ccm, 121 cv<br \/>\n2.0 16V, A\u00f1o 06.1994 \u2013 10.1995, 1998 ccm, 150 cv<br \/>\n2.0 MI-16, A\u00f1o 08.1992 \u2013 10.1995, 1998 ccm, 152 cv<\/p>\n<p>CITRO\u00cbN Xsara Picasso (N68)<br \/>\n1.6, A\u00f1o 12.1999 \u2013 09.2001, 1587 ccm, 88 cv<br \/>\n1.6, A\u00f1o 06.2002 \u2013 08.2005, 1587 ccm, 91 cv<br \/>\n1.6, A\u00f1o 12.1999 \u2013 12.2010, 1587 ccm, 95 cv<br \/>\n1.6 16V, A\u00f1o 09.2005 \u2013 12.2011, 1587 ccm, 109 cv<br \/>\n1.6 16V, A\u00f1o 06.2005 \u2013 09.2006, 1587 ccm, 110 cv<br \/>\n1.6 Chrono, A\u00f1o 04.2001 \u2013 10.2004, 1587 ccm, 101 cv<br \/>\n1.6 HDi, A\u00f1o 09.2005 \u2013 12.2011, 1560 ccm, 90 cv<br \/>\n1.6 HDi, A\u00f1o 05.2004 \u2013 12.2011, 1560 ccm, 109 cv<br \/>\n1.8 16V, A\u00f1o 02.2000 \u2013 08.2005, 1749 ccm, 115 cv<br \/>\n2.0 16V, A\u00f1o 01.2003 \u2013 06.2012, 1997 ccm, 136 cv<br \/>\n2.0 HDi, A\u00f1o 12.1999 \u2013 12.2011, 1997 ccm, 90 cv<br \/>\nCITRO\u00cbN C3 I Hatchback (FC, FN)<br \/>\n1.1 i, A\u00f1o 02.2002 \u2013 \u2026, 1124 ccm, 60 cv<br \/>\n1.1 LPG, A\u00f1o 06.2006 \u2013 12.2009, 1124 ccm, 60 cv<br \/>\n1.4 16V, A\u00f1o 12.2003 \u2013 \u2026, 1360 ccm, 88 cv<br \/>\n1.4 16V HDi, A\u00f1o 02.2002 \u2013 \u2026, 1398 ccm, 90 cv<br \/>\n1.4 BiFuel, A\u00f1o 09.2008 \u2013 12.2009, 1360 ccm, 73 cv<br \/>\n1.4 HDi, A\u00f1o 02.2002 \u2013 \u2026, 1398 ccm, 68 cv<br \/>\n1.4 HDi, A\u00f1o 05.2005 \u2013 \u2026, 1398 ccm, 75 cv<br \/>\n1.4 i, A\u00f1o 02.2002 \u2013 11.2010, 1360 ccm, 73 cv<br \/>\n1.4 i Bivalent, A\u00f1o 02.2002 \u2013 \u2026, 1360 ccm, 73 cv<br \/>\n1.6 16V, A\u00f1o 02.2002 \u2013 08.2010, 1587 ccm, 109 cv<br \/>\n1.6 16V, A\u00f1o 05.2003 \u2013 09.2005, 1587 ccm, 110 cv<br \/>\n1.6 16V HDi, A\u00f1o 10.2005 \u2013 \u2026, 1560 ccm, 90 cv<br \/>\n1.6 16V HDi, A\u00f1o 09.2005 \u2013 \u2026, 1560 ccm, 109 cv<br \/>\nCITRO\u00cbN C2 Hatchback (JM)<br \/>\n1.1, A\u00f1o 09.2003 \u2013 09.2012, 1124 ccm, 60 cv<br \/>\n1.4, A\u00f1o 09.2003 \u2013 12.2009, 1360 ccm, 73 cv<br \/>\n1.4, A\u00f1o 10.2006 \u2013 12.2009, 1360 ccm, 75 cv<br \/>\n1.4 16V, A\u00f1o 04.2005 \u2013 12.2009, 1360 ccm, 90 cv<br \/>\n1.4 HDi, A\u00f1o 07.2003 \u2013 12.2009, 1398 ccm, 68 cv<br \/>\n1.4 HDi, A\u00f1o 09.2003 \u2013 04.2005, 1398 ccm, 69 cv<br \/>\n1.6, A\u00f1o 07.2003 \u2013 10.2010, 1587 ccm, 109 cv<br \/>\n1.6 HDi, A\u00f1o 09.2005 \u2013 12.2009, 1560 ccm, 109 cv<br \/>\nCITRO\u00cbN C2 Enterprise (JG)<br \/>\n1.1, A\u00f1o 11.2003 \u2013 12.2009, 1124 ccm, 60 cv<br \/>\n1.4 HDi, A\u00f1o 09.2006 \u2013 12.2009, 1398 ccm, 68 cv<br \/>\n1.4 HDi, A\u00f1o 11.2003 \u2013 04.2005, 1398 ccm, 69 cv<\/p>\n<p>LA PIEZA ES NUEVA Y ORIGINAL.<\/p>\n","protected":false},"excerpt":{"rendered":"<p>Amortiguador MONROE de presi\u00f3n de gas de la suspensi\u00f3n trasera de: Largo: 377mm PEUGEOT 405 I Familiar (15E) 1.4, A\u00f1o 05.1988 \u2013 07.1992, 1360 ccm, 64 cv 1.6, A\u00f1o 10.1988 \u2013 08.1992, 1580 ccm, 72 cv 1.6, A\u00f1o 10.1988 \u2013 08.1992, 1580 ccm, 75 cv 1.6, A\u00f1o 10.1988 \u2013 08.1992, 1580 ccm, 88 cv 1.6, [&hellip;]<\/p>\n","protected":false},"featured_media":95326,"template":"","meta":{"_seopress_robots_primary_cat":"","_seopress_titles_title":"","_seopress_titles_desc":"","_seopress_robots_index":""},"product_cat":[150,174,175,23,24,252],"product_tag":[],"class_list":{"0":"post-95325","1":"product","2":"type-product","3":"status-publish","4":"has-post-thumbnail","6":"product_cat-recambios-peugeot-405","7":"product_cat-recambios-citroen-c2","8":"product_cat-recambios-citroen-c3","9":"product_cat-recambios-citroen","10":"product_cat-recambios-peugeot","11":"product_cat-recambios-citroen-picasso","13":"first","14":"instock","15":"taxable","16":"shipping-taxable","17":"purchasable","18":"product-type-simple"},"_links":{"self":[{"href":"https:\/\/galicianparts.com\/shop\/wp-json\/wp\/v2\/product\/95325"}],"collection":[{"href":"https:\/\/galicianparts.com\/shop\/wp-json\/wp\/v2\/product"}],"about":[{"href":"https:\/\/galicianparts.com\/shop\/wp-json\/wp\/v2\/types\/product"}],"wp:featuredmedia":[{"embeddable":true,"href":"https:\/\/galicianparts.com\/shop\/wp-json\/wp\/v2\/media\/95326"}],"wp:attachment":[{"href":"https:\/\/galicianparts.com\/shop\/wp-json\/wp\/v2\/media?parent=95325"}],"wp:term":[{"taxonomy":"product_cat","embeddable":true,"href":"https:\/\/galicianparts.com\/shop\/wp-json\/wp\/v2\/product_cat?post=95325"},{"taxonomy":"product_tag","embeddable":true,"href":"https:\/\/galicianparts.com\/shop\/wp-json\/wp\/v2\/product_tag?post=95325"}],"curies":[{"name":"wp","href":"https:\/\/api.w.org\/{rel}","templated":true}]}}