{"id":95533,"date":"2025-04-01T12:17:42","date_gmt":"2025-04-01T10:17:42","guid":{"rendered":"https:\/\/galicianparts.com\/shop\/producto\/1461613080-tapa-termostato-m-1-9-d-td-fiat-ducato-94-02-scudo-citroen-peugeot-original\/"},"modified":"2025-04-01T12:21:30","modified_gmt":"2025-04-01T10:21:30","slug":"1461613080-tapa-termostato-m-1-9-d-td-fiat-ducato-94-02-scudo-citroen-peugeot-original","status":"publish","type":"product","link":"https:\/\/galicianparts.com\/shop\/producto\/1461613080-tapa-termostato-m-1-9-d-td-fiat-ducato-94-02-scudo-citroen-peugeot-original\/","title":{"rendered":"1461613080 Tapa termostato M 1.9 D-TD Fiat Ducato (94-02) Scudo \/Citroen \/Peugeot ORIGINAL"},"content":{"rendered":"<p>Tapa del termostato del refrigerante del motor de:<br \/>\nFIAT Ducato II Furg\u00f3n (230L)<br \/>\n1.9 D, A\u00f1o 04.1998 &#8211; 04.2002, 1905 ccm, 68 cv<br \/>\n1.9 TD, A\u00f1o 04.1998 &#8211; 04.2002, 1905 ccm, 90 cv<br \/>\nFIAT Ulysse I (220)<br \/>\n1.9 TD, A\u00f1o 02.1995 &#8211; 08.2002, 1905 ccm, 90 cv<br \/>\nFIAT Scudo I Familiar (220)<br \/>\n1.9 TD, A\u00f1o 02.1996 &#8211; 12.2006, 1905 ccm, 92 cv<br \/>\nFIAT Scudo I Furg\u00f3n (220)<br \/>\n1.9 D, A\u00f1o 02.1996 &#8211; 12.2006, 1905 ccm, 69 cv<br \/>\n1.9 TD, A\u00f1o 02.1996 &#8211; 12.2006, 1905 ccm, 90 cv<br \/>\n1.9 TD, A\u00f1o 02.1998 &#8211; 12.2006, 1905 ccm, 92 cv<br \/>\nCITRO\u00cbN Jumper I Bus (230)<br \/>\n1.9 D, A\u00f1o 01.1999 &#8211; 04.2002, 1905 ccm, 69 cv<br \/>\n1.9 TD, A\u00f1o 08.1994 &#8211; 04.2002, 1905 ccm, 90 cv<br \/>\n1.9 TD, A\u00f1o 02.1994 &#8211; 04.2002, 1905 ccm, 92 cv<br \/>\n1.9 TD 4&#215;4, A\u00f1o 08.1996 &#8211; 04.2002, 1905 ccm, 92 cv<br \/>\nCITRO\u00cbN Evasion Monovolumen (22, U6)<br \/>\n1.9 TD, A\u00f1o 11.1994 &#8211; 07.2002, 1905 ccm, 90 cv<br \/>\n1.9 TD, A\u00f1o 10.1995 &#8211; 12.1998, 1905 ccm, 92 cv<br \/>\nCITRO\u00cbN Jumpy I MPV<br \/>\n1.9 D, A\u00f1o 10.1995 &#8211; 08.1998, 1905 ccm, 69 cv<br \/>\n1.9 D 70, A\u00f1o 04.1998 &#8211; 11.2003, 1868 ccm, 69 cv<br \/>\n1.9 TD, A\u00f1o 10.1995 &#8211; 08.2000, 1905 ccm, 90 cv<br \/>\n1.9 TD, A\u00f1o 04.1996 &#8211; 11.2003, 1905 ccm, 92 cv<br \/>\nCITRO\u00cbN Jumper I Furgoneta (230)<br \/>\n1.9 D, A\u00f1o 07.1999 &#8211; 04.2002, 1905 ccm, 68 cv<br \/>\n1.9 D, A\u00f1o 02.1994 &#8211; 04.2002, 1905 ccm, 69 cv<br \/>\n1.9 TD, A\u00f1o 03.1994 &#8211; 04.2002, 1905 ccm, 90 cv<br \/>\n1.9 TD, A\u00f1o 03.1994 &#8211; 04.2002, 1905 ccm, 92 cv<br \/>\nCITRO\u00cbN Jumper I Caja \/ Chasis (230)<br \/>\n1.9 TD, A\u00f1o 03.1994 &#8211; 04.2002, 1905 ccm, 90 cv<br \/>\n1.9 TD, A\u00f1o 03.1994 &#8211; 04.2002, 1905 ccm, 92 cv<br \/>\nPEUGEOT 806 MPV<br \/>\n1.9 TD, A\u00f1o 07.1995 &#8211; 08.2002, 1905 ccm, 90 cv<br \/>\n1.9 TD, A\u00f1o 05.1997 &#8211; 08.2002, 1905 ccm, 92 cv<br \/>\nPEUGEOT Boxer Bus (230)<br \/>\n1.9 D, A\u00f1o 03.1994 &#8211; 04.2002, 1905 ccm, 69 cv<br \/>\n1.9 TD, A\u00f1o 08.1994 &#8211; 04.2002, 1905 ccm, 90 cv<br \/>\n1.9 TD, A\u00f1o 03.1994 &#8211; 04.2002, 1905 ccm, 92 cv<br \/>\n1.9 TD 4&#215;4, A\u00f1o 07.1996 &#8211; 04.2002, 1905 ccm, 92 cv<br \/>\nPEUGEOT Expert I (224)<br \/>\n1.9 D, A\u00f1o 02.1996 &#8211; 12.1998, 1905 ccm, 70 cv<br \/>\n1.9 D, A\u00f1o 12.2003 &#8211; 12.2006, 1868 ccm, 69 cv<br \/>\n1.9 TD, A\u00f1o 02.1996 &#8211; 09.2000, 1905 ccm, 90 cv<br \/>\n1.9 TD, A\u00f1o 02.1996 &#8211; 05.1998, 1905 ccm, 92 cv<br \/>\nPEUGEOT Boxer Furg\u00f3n (230)<br \/>\n1.9 D, A\u00f1o 07.1999 &#8211; 04.2002, 1905 ccm, 68 cv<br \/>\n1.9 D, A\u00f1o 03.1994 &#8211; 04.2002, 1905 ccm, 69 cv<br \/>\n1.9 DT 4&#215;4, A\u00f1o 03.1996 &#8211; 09.1998, 1905 ccm, 90 cv<br \/>\n1.9 TD, A\u00f1o 07.1999 &#8211; 04.2002, 1905 ccm, 90 cv<br \/>\n1.9 TD, A\u00f1o 03.1994 &#8211; 04.2002, 1905 ccm, 92 cv<br \/>\nPEUGEOT Expert I Furg\u00f3n<br \/>\n1.9 D, A\u00f1o 02.1996 &#8211; 12.1998, 1905 ccm, 70 cv<br \/>\n1.9 TD, A\u00f1o 02.1996 &#8211; 09.2000, 1905 ccm, 90 cv<br \/>\n1.9 TD, A\u00f1o 02.1996 &#8211; 05.1998, 1905 ccm, 92 cv<br \/>\nPEUGEOT Expert I Cami\u00f3n de plataforma\/Chasis<br \/>\n1.9 D, A\u00f1o 02.1996 &#8211; 12.1998, 1905 ccm, 70 cv<br \/>\n1.9 TD, A\u00f1o 02.1996 &#8211; 09.2000, 1905 ccm, 90 cv<br \/>\n1.9 TD, A\u00f1o 02.1996 &#8211; 05.1998, 1905 ccm, 92 cv<br \/>\nPEUGEOT Boxer Cami\u00f3n de plataforma\/Chasis (230)<br \/>\n1.9 TD, A\u00f1o 06.1994 &#8211; 04.2002, 1905 ccm, 90 cv<br \/>\n1.9 TD, A\u00f1o 07.1994 &#8211; 04.2002, 1905 ccm, 92 cv<\/p>\n<p>LA PIEZA ES NUEVA Y ORIGINAL.<\/p>\n","protected":false},"excerpt":{"rendered":"<p>Tapa del termostato del refrigerante del motor de: FIAT Ducato II Furg\u00f3n (230L) 1.9 D, A\u00f1o 04.1998 &#8211; 04.2002, 1905 ccm, 68 cv 1.9 TD, A\u00f1o 04.1998 &#8211; 04.2002, 1905 ccm, 90 cv FIAT Ulysse I (220) 1.9 TD, A\u00f1o 02.1995 &#8211; 08.2002, 1905 ccm, 90 cv FIAT Scudo I Familiar (220) 1.9 TD, A\u00f1o [&hellip;]<\/p>\n","protected":false},"featured_media":95537,"template":"","meta":{"_seopress_robots_primary_cat":"","_seopress_titles_title":"","_seopress_titles_desc":"","_seopress_robots_index":""},"product_cat":[189,155,23,88,188,156,20,137,138,24,104,113],"product_tag":[],"class_list":{"0":"post-95533","1":"product","2":"type-product","3":"status-publish","4":"has-post-thumbnail","6":"product_cat-recambios-peugeot-806","7":"product_cat-recambios-peugeot-boxer","8":"product_cat-recambios-citroen","9":"product_cat-recambios-fiat-ducato","10":"product_cat-recambios-citroen-evasion","11":"product_cat-recambios-peugeot-expert","12":"product_cat-recambios-fiat","13":"product_cat-recambios-citroen-jumper","14":"product_cat-recambios-citroen-jumpy","15":"product_cat-recambios-peugeot","16":"product_cat-recambios-fiat-scudo","17":"product_cat-recambios-fiat-ulysse","19":"first","20":"instock","21":"taxable","22":"shipping-taxable","23":"purchasable","24":"product-type-simple"},"_links":{"self":[{"href":"https:\/\/galicianparts.com\/shop\/wp-json\/wp\/v2\/product\/95533"}],"collection":[{"href":"https:\/\/galicianparts.com\/shop\/wp-json\/wp\/v2\/product"}],"about":[{"href":"https:\/\/galicianparts.com\/shop\/wp-json\/wp\/v2\/types\/product"}],"wp:featuredmedia":[{"embeddable":true,"href":"https:\/\/galicianparts.com\/shop\/wp-json\/wp\/v2\/media\/95537"}],"wp:attachment":[{"href":"https:\/\/galicianparts.com\/shop\/wp-json\/wp\/v2\/media?parent=95533"}],"wp:term":[{"taxonomy":"product_cat","embeddable":true,"href":"https:\/\/galicianparts.com\/shop\/wp-json\/wp\/v2\/product_cat?post=95533"},{"taxonomy":"product_tag","embeddable":true,"href":"https:\/\/galicianparts.com\/shop\/wp-json\/wp\/v2\/product_tag?post=95533"}],"curies":[{"name":"wp","href":"https:\/\/api.w.org\/{rel}","templated":true}]}}