{"id":95736,"date":"2025-04-04T11:24:33","date_gmt":"2025-04-04T09:24:33","guid":{"rendered":"https:\/\/galicianparts.com\/shop\/producto\/46527856-valvula-escape-motor-1-9d-fiat-punto-doblo-palio-strada-nueva-original\/"},"modified":"2025-04-04T11:30:01","modified_gmt":"2025-04-04T09:30:01","slug":"46527856-valvula-escape-motor-1-9d-fiat-punto-doblo-palio-strada-nueva-original","status":"publish","type":"product","link":"https:\/\/galicianparts.com\/shop\/producto\/46527856-valvula-escape-motor-1-9d-fiat-punto-doblo-palio-strada-nueva-original\/","title":{"rendered":"46527856 V\u00e1lvula escape motor 1.9D Fiat Punto \/Doblo \/Palio \/Strada NUEVA ORIGINAL"},"content":{"rendered":"<p>V\u00e1lvula de escape del motor de:<br \/>\nDi\u00e1metro plato v\u00e1lvula: 31mm<br \/>\nDi\u00e1metro v\u00e1stago v\u00e1lvula: 8mm<br \/>\nLongitud: 114.3mm<br \/>\n\u00c1ngulo asiento v\u00e1lvula: 45\u00ba<\/p>\n<p>FIAT &#8211; 2H PALIO 2V EXTRA EUROPA REST. 2002 (2002-2011) 1910 DS CF3 (IND)<br \/>\nFIAT &#8211; 2G PALIO WE EUROPA REST. (2002-2004) 1910 DS CF3<br \/>\nFIAT &#8211; 2K PALIO WE EXTRA EUROPA REST. 2002 (2002-2008) 1910 DS CF3 (IND<br \/>\nFIAT &#8211; PY PALIO\/WEEKEND EUROPA (1997-2002) 1.9 DS CF3<br \/>\nFIAT &#8211; 1P PUNTO DS (1999-2003) 1.9 DS<br \/>\nFIAT &#8211; 2L SIENA EXTRA EUROPA REST.(2002-2012) 1910 DS CF3<br \/>\nFIAT PROFESSIONAL &#8211; 1W DOBLO (2000-2004) 1.9 DS CF3<br \/>\nFIAT PROFESSIONAL &#8211; 2W DOBLO MY. 2004 (2004-2005) 1.9\u00a0DS\u00a0ASP\u00a0CF3<br \/>\nFIAT PROFESSIONAL &#8211; 1G STRADA (1999-2005) 1.9 DS CF3<\/p>\n<p>LA PIEZA ES NUEVA Y ORIGINAL.<\/p>\n","protected":false},"excerpt":{"rendered":"<p>V\u00e1lvula de escape del motor de: Di\u00e1metro plato v\u00e1lvula: 31mm Di\u00e1metro v\u00e1stago v\u00e1lvula: 8mm Longitud: 114.3mm \u00c1ngulo asiento v\u00e1lvula: 45\u00ba FIAT &#8211; 2H PALIO 2V EXTRA EUROPA REST. 2002 (2002-2011) 1910 DS CF3 (IND) FIAT &#8211; 2G PALIO WE EUROPA REST. (2002-2004) 1910 DS CF3 FIAT &#8211; 2K PALIO WE EXTRA EUROPA REST. 2002 (2002-2008) [&hellip;]<\/p>\n","protected":false},"featured_media":95739,"template":"","meta":{"_seopress_robots_primary_cat":"","_seopress_titles_title":"","_seopress_titles_desc":"","_seopress_robots_index":""},"product_cat":[87,20,98,101,107,109],"product_tag":[],"class_list":{"0":"post-95736","1":"product","2":"type-product","3":"status-publish","4":"has-post-thumbnail","6":"product_cat-recambios-fiat-doblo","7":"product_cat-recambios-fiat","8":"product_cat-recambios-fiat-palio","9":"product_cat-recambios-fiat-punto","10":"product_cat-recambios-fiat-siena","11":"product_cat-recambios-fiat-strada","13":"first","14":"instock","15":"taxable","16":"shipping-taxable","17":"purchasable","18":"product-type-simple"},"_links":{"self":[{"href":"https:\/\/galicianparts.com\/shop\/wp-json\/wp\/v2\/product\/95736"}],"collection":[{"href":"https:\/\/galicianparts.com\/shop\/wp-json\/wp\/v2\/product"}],"about":[{"href":"https:\/\/galicianparts.com\/shop\/wp-json\/wp\/v2\/types\/product"}],"wp:featuredmedia":[{"embeddable":true,"href":"https:\/\/galicianparts.com\/shop\/wp-json\/wp\/v2\/media\/95739"}],"wp:attachment":[{"href":"https:\/\/galicianparts.com\/shop\/wp-json\/wp\/v2\/media?parent=95736"}],"wp:term":[{"taxonomy":"product_cat","embeddable":true,"href":"https:\/\/galicianparts.com\/shop\/wp-json\/wp\/v2\/product_cat?post=95736"},{"taxonomy":"product_tag","embeddable":true,"href":"https:\/\/galicianparts.com\/shop\/wp-json\/wp\/v2\/product_tag?post=95736"}],"curies":[{"name":"wp","href":"https:\/\/api.w.org\/{rel}","templated":true}]}}