{"id":95748,"date":"2025-04-04T12:27:56","date_gmt":"2025-04-04T10:27:56","guid":{"rendered":"https:\/\/galicianparts.com\/shop\/producto\/7597080-valvula-escape-m-1-6-1-8-2-0-lancia-beta-delta-fiat-rirmo-croma-seat-original\/"},"modified":"2025-11-10T21:11:52","modified_gmt":"2025-11-10T19:11:52","slug":"7597080-valvula-escape-m-1-6-1-8-2-0-lancia-beta-delta-fiat-rirmo-croma-seat-original","status":"publish","type":"product","link":"https:\/\/galicianparts.com\/shop\/producto\/7597080-valvula-escape-m-1-6-1-8-2-0-lancia-beta-delta-fiat-rirmo-croma-seat-original\/","title":{"rendered":"7597080 V\u00e1lvula escape M 1.6-1.8-2.0 Lancia Beta \/Delta \/Fiat Rirmo \/Croma \/Seat ORIGINAL"},"content":{"rendered":"<p>V\u00e1lvula de escape del motor de:<br \/>\nDi\u00e1metro plato v\u00e1lvula: 36.2mm<br \/>\nDi\u00e1metro v\u00e1stago v\u00e1lvula: 8mm<br \/>\nLongitud: 106.2mm<br \/>\n\u00c1ngulo asiento v\u00e1lvula: 45\u00ba<\/p>\n<p>FIAT Regata Berlina (138)<br \/>\n1.6 Super 100, A\u00f1o 10.1983 &#8211; 12.1990, 1585 ccm, 101 cv<br \/>\nFIAT Regata Weekend (A\u00f1o 06.1983 &#8211; 08.1995)<br \/>\n100 1.6 (RF), A\u00f1o 09.1984 &#8211; 12.1990, 1585 ccm, 101 cv<br \/>\nFIAT Ritmo I Hatchback (138)<br \/>\n1.6, A\u00f1o 01.1983 &#8211; 12.1987, 1585 ccm, 100 cv<br \/>\nFIAT Croma I Hatchback (154)<br \/>\n2.0 CHT, A\u00f1o 12.1985 &#8211; 02.1989, 1995 ccm, 90 cv<br \/>\nFIAT Tempra Berlina (159)<br \/>\n1.8 i.e., A\u00f1o 03.1992 &#8211; 08.1996, 1756 ccm, 105 cv<br \/>\n1.8 i.e., A\u00f1o 03.1990 &#8211; 08.1996, 1756 ccm, 110 cv<br \/>\n2.0 i.e. (159.AP), A\u00f1o 10.1990 &#8211; 09.1996, 1995 ccm, 113 cv<br \/>\nFIAT Tempra S.W. (159)<br \/>\n1.8 i.e. (159.AM), A\u00f1o 03.1990 &#8211; 08.1996, 1756 ccm, 110 cv<br \/>\n1.8 i.e., A\u00f1o 03.1992 &#8211; 12.1993, 1756 ccm, 105 cv<br \/>\n2.0 i.e., A\u00f1o 01.1991 &#8211; 03.1995, 1995 ccm, 113 cv<br \/>\n2.0 i.e. 4&#215;4, A\u00f1o 03.1992 &#8211; 03.1995, 1995 ccm, 113 cv<br \/>\nFIAT Tipo Hatchback (160)<br \/>\n1.8 i.e., A\u00f1o 10.1990 &#8211; 06.1993, 1756 ccm, 110 cv<br \/>\n1.8 i.e., A\u00f1o 10.1990 &#8211; 06.1993, 1756 ccm, 105 cv<br \/>\n1.8 i.e., A\u00f1o 10.1994 &#8211; 10.1995, 1756 ccm, 101 cv<br \/>\n2.0, A\u00f1o 10.1990 &#8211; 10.1992, 1995 ccm, 116 cv<br \/>\n2.0 i.e., A\u00f1o 03.1990 &#8211; 04.1995, 1995 ccm, 113 cv<\/p>\n<p>LANCIA Dedra Berlina (835)<br \/>\n1.8 i.e., A\u00f1o 09.1989 &#8211; 06.1994, 1756 ccm, 109 cv<br \/>\n1.8 i.e., A\u00f1o 09.1989 &#8211; 07.1999, 1756 ccm, 105 cv<br \/>\n1.8 i.e., A\u00f1o 07.1994 &#8211; 07.1999, 1756 ccm, 101 cv<br \/>\n2.0 i.e., A\u00f1o 09.1989 &#8211; 07.1992, 1995 ccm, 117 cv<br \/>\n2.0 i.e., A\u00f1o 09.1989 &#8211; 07.1999, 1995 ccm, 113 cv<br \/>\nLANCIA Delta I (831)<br \/>\n1.6 GT (831AB.06), A\u00f1o 11.1982 &#8211; 04.1986, 1585 ccm, 105 cv<br \/>\nLANCIA Delta II (836)<br \/>\n1.8 i.e., A\u00f1o 06.1993 &#8211; 08.1999, 1756 ccm, 103 cv<br \/>\n1.8 i.e., A\u00f1o 07.1994 &#8211; 08.1999, 1756 ccm, 90 cv<br \/>\nLANCIA Beta H.P.E. (828)<br \/>\n1.6, A\u00f1o 08.1980 &#8211; 09.1984, 1585 ccm, 101 cv<br \/>\n2000 (828.BF), A\u00f1o 04.1979 &#8211; 09.1984, 1995 ccm, 116 cv<br \/>\n2000 (828.BF), A\u00f1o 05.1976 &#8211; 05.1978, 1995 ccm, 120 cv<br \/>\n2000 i.e. (828BF), A\u00f1o 05.1981 &#8211; 09.1984, 1995 ccm, 122 cv<br \/>\nLANCIA Trevi (828)<br \/>\n1.6, A\u00f1o 05.1980 &#8211; 01.1987, 1585 ccm, 100 cv<br \/>\n2000 i.e. (828DB13), A\u00f1o 05.1980 &#8211; 01.1987, 1995 ccm, 122 cv<br \/>\nLANCIA Prisma (831)<br \/>\n1.6 (831AB), A\u00f1o 01.1983 &#8211; 04.1986, 1585 ccm, 105 cv<br \/>\nLANCIA Beta Coup\u00e9 (828)<br \/>\n1.6, A\u00f1o 04.1976 &#8211; 12.1984, 1585 ccm, 101 cv<br \/>\n2000 (828.BC), A\u00f1o 04.1976 &#8211; 12.1984, 1995 ccm, 120 cv<br \/>\n2000 (828BC_), A\u00f1o 01.1981 &#8211; 12.1984, 1991 ccm, 116 cv<br \/>\nLANCIA Beta Spider (828)<br \/>\n1.6, A\u00f1o 05.1976 &#8211; 10.1986, 1585 ccm, 100 cv<br \/>\n2.0, A\u00f1o 04.1979 &#8211; 10.1986, 1995 ccm, 116 cv<br \/>\n2.0, A\u00f1o 05.1976 &#8211; 11.1979, 1995 ccm, 120 cv<br \/>\nLANCIA Dedra Familiar (835)<br \/>\n1.8 i.e., A\u00f1o 07.1994 &#8211; 07.1999, 1756 ccm, 101 cv<br \/>\nLANCIA Beta Hatchback (828)<br \/>\n1.6, A\u00f1o 08.1973 &#8211; 07.1982, 1585 ccm, 101 cv<br \/>\n2.0, A\u00f1o 07.1978 &#8211; 07.1982, 1995 ccm, 115 cv<br \/>\n2.0, A\u00f1o 04.1976 &#8211; 07.1978, 1995 ccm, 120 cv<br \/>\nLANCIA Thema Berlina (834)<br \/>\n2.0 i.e, A\u00f1o 09.1988 &#8211; 05.1992, 1995 ccm, 117 cv<br \/>\n2000 i.e. (834AB), A\u00f1o 03.1986 &#8211; 09.1988, 1995 ccm, 113 cv<br \/>\n2.0 i.e., A\u00f1o 11.1984 &#8211; 09.1988, 1995 ccm, 120 cv<br \/>\n2.0 i.e., A\u00f1o 09.1987 &#8211; 05.1992, 1995 ccm, 115 cv<\/p>\n<p>SEAT 131 Sed\u00e1n<br \/>\n2.0, A\u00f1o 06.1978 &#8211; 12.1985, 1994 ccm, 116 cv<\/p>\n<p>LA PIEZA ES NUEVA Y ORIGINAL.<\/p>\n","protected":false},"excerpt":{"rendered":"<p>V\u00e1lvula de escape del motor de: Di\u00e1metro plato v\u00e1lvula: 36.2mm Di\u00e1metro v\u00e1stago v\u00e1lvula: 8mm Longitud: 106.2mm \u00c1ngulo asiento v\u00e1lvula: 45\u00ba FIAT Regata Berlina (138) 1.6 Super 100, A\u00f1o 10.1983 &#8211; 12.1990, 1585 ccm, 101 cv FIAT Regata Weekend (A\u00f1o 06.1983 &#8211; 08.1995) 100 1.6 (RF), A\u00f1o 09.1984 &#8211; 12.1990, 1585 ccm, 101 cv FIAT Ritmo [&hellip;]<\/p>\n","protected":false},"featured_media":95749,"template":"","meta":{"_seopress_robots_primary_cat":"","_seopress_titles_title":"","_seopress_titles_desc":"","_seopress_robots_index":""},"product_cat":[199,116,86,117,118,20,21,123,102,103,26,111,124,112,225],"product_tag":[],"class_list":{"0":"post-95748","1":"product","2":"type-product","3":"status-publish","4":"has-post-thumbnail","6":"product_cat-recambios-seat-131","7":"product_cat-recambios-lancia-beta","8":"product_cat-recambios-fiat-croma","9":"product_cat-recambios-lancia-dedra","10":"product_cat-recambios-lancia-delta","11":"product_cat-recambios-fiat","12":"product_cat-recambios-lancia","13":"product_cat-recambios-lancia-prisma","14":"product_cat-recambios-fiat-regata","15":"product_cat-recambios-fiat-ritmo","16":"product_cat-recambios-seat","17":"product_cat-recambios-fiat-tempra","18":"product_cat-recambios-lancia-thema","19":"product_cat-recambios-fiat-tipo","20":"product_cat-recambios-lancia-trevi","22":"first","23":"outofstock","24":"taxable","25":"shipping-taxable","26":"purchasable","27":"product-type-simple"},"_links":{"self":[{"href":"https:\/\/galicianparts.com\/shop\/wp-json\/wp\/v2\/product\/95748"}],"collection":[{"href":"https:\/\/galicianparts.com\/shop\/wp-json\/wp\/v2\/product"}],"about":[{"href":"https:\/\/galicianparts.com\/shop\/wp-json\/wp\/v2\/types\/product"}],"wp:featuredmedia":[{"embeddable":true,"href":"https:\/\/galicianparts.com\/shop\/wp-json\/wp\/v2\/media\/95749"}],"wp:attachment":[{"href":"https:\/\/galicianparts.com\/shop\/wp-json\/wp\/v2\/media?parent=95748"}],"wp:term":[{"taxonomy":"product_cat","embeddable":true,"href":"https:\/\/galicianparts.com\/shop\/wp-json\/wp\/v2\/product_cat?post=95748"},{"taxonomy":"product_tag","embeddable":true,"href":"https:\/\/galicianparts.com\/shop\/wp-json\/wp\/v2\/product_tag?post=95748"}],"curies":[{"name":"wp","href":"https:\/\/api.w.org\/{rel}","templated":true}]}}