{"id":95777,"date":"2025-04-08T10:45:45","date_gmt":"2025-04-08T08:45:45","guid":{"rendered":"https:\/\/galicianparts.com\/shop\/producto\/60567792-taco-goma-apoyo-capo-alfa-romeo-145-146-nuevo-original\/"},"modified":"2025-08-18T11:06:28","modified_gmt":"2025-08-18T09:06:28","slug":"60567792-taco-goma-apoyo-capo-alfa-romeo-145-146-nuevo-original","status":"publish","type":"product","link":"https:\/\/galicianparts.com\/shop\/producto\/60567792-taco-goma-apoyo-capo-alfa-romeo-145-146-nuevo-original\/","title":{"rendered":"60567792 Taco goma apoyo cap\u00f3 Alfa Romeo 145 \/146 NUEVO ORIGINAL"},"content":{"rendered":"<p>Tope de goma de apoyo del cap\u00f3 delantero y del port\u00f3n trasero de:<br \/>\nM\u00e9trica: 10<br \/>\nDi\u00e1metro: 33mm<br \/>\nLargo total: 46mm<\/p>\n<p>ALFA ROMEO &#8211; U1 145 BZ\/DS (1994-1996)<br \/>\nALFA ROMEO &#8211; T5 145 GAMMA 97 (1997-1999)<br \/>\nALFA ROMEO &#8211; W3 145 M.Y. &#8217;99 (1999-2000)<br \/>\nALFA ROMEO &#8211; U2 146 BZ\/DS (1995-1996)<br \/>\nALFA ROMEO &#8211; T6 146 GAMMA 97 (1997-1999)<br \/>\nALFA ROMEO &#8211; W4 146 M.Y. &#8217;99 (1999-2000)<\/p>\n<p>LA PIEZA ES NUEVA Y ORIGINAL.<\/p>\n","protected":false},"excerpt":{"rendered":"<p>Tope de goma de apoyo del cap\u00f3 delantero y del port\u00f3n trasero de: M\u00e9trica: 10 Di\u00e1metro: 33mm Largo total: 46mm ALFA ROMEO &#8211; U1 145 BZ\/DS (1994-1996) ALFA ROMEO &#8211; T5 145 GAMMA 97 (1997-1999) ALFA ROMEO &#8211; W3 145 M.Y. &#8217;99 (1999-2000) ALFA ROMEO &#8211; U2 146 BZ\/DS (1995-1996) ALFA ROMEO &#8211; T6 146 [&hellip;]<\/p>\n","protected":false},"featured_media":95781,"template":"","meta":{"_seopress_robots_primary_cat":"","_seopress_titles_title":"","_seopress_titles_desc":"","_seopress_robots_index":""},"product_cat":[45,46,16],"product_tag":[],"class_list":{"0":"post-95777","1":"product","2":"type-product","3":"status-publish","4":"has-post-thumbnail","6":"product_cat-recambios-alfa-romeo-145","7":"product_cat-recambios-alfa-romeo-146","8":"product_cat-recambios-alfa-romeo","10":"first","11":"instock","12":"taxable","13":"shipping-taxable","14":"purchasable","15":"product-type-simple"},"_links":{"self":[{"href":"https:\/\/galicianparts.com\/shop\/wp-json\/wp\/v2\/product\/95777"}],"collection":[{"href":"https:\/\/galicianparts.com\/shop\/wp-json\/wp\/v2\/product"}],"about":[{"href":"https:\/\/galicianparts.com\/shop\/wp-json\/wp\/v2\/types\/product"}],"wp:featuredmedia":[{"embeddable":true,"href":"https:\/\/galicianparts.com\/shop\/wp-json\/wp\/v2\/media\/95781"}],"wp:attachment":[{"href":"https:\/\/galicianparts.com\/shop\/wp-json\/wp\/v2\/media?parent=95777"}],"wp:term":[{"taxonomy":"product_cat","embeddable":true,"href":"https:\/\/galicianparts.com\/shop\/wp-json\/wp\/v2\/product_cat?post=95777"},{"taxonomy":"product_tag","embeddable":true,"href":"https:\/\/galicianparts.com\/shop\/wp-json\/wp\/v2\/product_tag?post=95777"}],"curies":[{"name":"wp","href":"https:\/\/api.w.org\/{rel}","templated":true}]}}